{"id":5470,"date":"2022-05-02T22:02:47","date_gmt":"2022-05-02T20:02:47","guid":{"rendered":"https:\/\/www.maisonwabisabi.com\/?post_type=product&#038;p=5470"},"modified":"2026-03-02T17:50:09","modified_gmt":"2026-03-02T16:50:09","slug":"encens-takano-maki-230-batonnets-koyasan-daisido","status":"publish","type":"product","link":"https:\/\/www.maisonwabisabi.com\/en\/boutique\/encens-takano-maki-230-batonnets-koyasan-daisido\/","title":{"rendered":"230 b\u00e2tons d&rsquo;encens Takano Maki \/ Pin Parasol &#8211; Koyasan Daisido"},"content":{"rendered":"<p>Fabricant japonais d&rsquo;encens traditionnel : <a href=\"https:\/\/www.maisonwabisabi.com\/en\/encens-de-koyasan\/\" target=\"_blank\" rel=\"noopener\">Koyasan Daisido<\/a><\/p>\n<p>Localisation : K\u014dyasan &#8211; Pr\u00e9fecture de Wakayama<\/p>\n<p>Pays : Japon<\/p>\n<p>Les b\u00e2tons d&rsquo;encens d&rsquo;Okuno-in \u5965\u4e4b\u9662 \u00e0 K\u014dyasan sont fabriqu\u00e9s principalement \u00e0 base de c\u00e8dre. Ce n&rsquo;est pas un parfum d&rsquo;aujourd&rsquo;hui mais l&rsquo;ambiance des encens anciens qui font l&rsquo;histoire d&rsquo;Okuno-in depuis plus de 1200 ans. Principalement pr\u00e9par\u00e9 \u00e0 partir de parfums naturels chinois et anciens. En 2001, le c\u00e8dre d&rsquo;Okuno-in a \u00e9t\u00e9 s\u00e9lectionn\u00e9 par le minist\u00e8re de l&rsquo;Environnement, parmi les 100 plus beaux parfums du Japon. Br\u00fbler de l&rsquo;encens am\u00e9liore la tranquillit\u00e9 de l&rsquo;esprit, permet de se souvenir des anc\u00eatres et remercie la paix au quotidien.<\/p>\n<p>De l\u2019Encens pour l&rsquo;esprit et l&rsquo;ambiance. Il a \u00e9t\u00e9 apport\u00e9 au japon il y a plus de 1400 ans, avec la transmission du bouddhisme. Historiquement, l&rsquo;encens japonais a souvent \u00e9t\u00e9 ch\u00e9ri et utilis\u00e9 pour des occasions religieuses et bien plus encore. Pendant la p\u00e9riode Edo (1603-1867), l&rsquo;encens est devenu populaire parmi toutes les classes. Il a \u00e9t\u00e9 \u00e9tabli comme une tradition pour toute la culture japonaise. Des si\u00e8cles plus tard, le style de vie japonais a chang\u00e9. L&rsquo;appr\u00e9ciation et la fiert\u00e9 de l&rsquo;encens dans la culture japonaise restent les m\u00eames.<\/p>\n<p>Pour d\u00e9couvrir plus en d\u00e9tails l&rsquo;univers de l&rsquo;encens japonais, je vous invite \u00e0 cliquer ici =&gt; <a href=\"https:\/\/www.maisonwabisabi.com\/en\/shokunin\/encens-japonais\/\" target=\"_blank\" rel=\"noopener\">Japanese incense<\/a><\/p>","protected":false},"excerpt":{"rendered":"<p><span style=\"color: #000000;\"><strong>Nom du produit :<\/strong> B\u00e2tonnet d&rsquo;encens &#8211; Senk\u014d &#8211; \u7dda\u9999<\/span><\/p>\n<p><span style=\"color: #000000;\"><strong>Collection :<\/strong> Encens Takano Maki<\/span><\/p>\n<p><span style=\"color: #000000;\"><strong>Senteur :<\/strong> Pin parasol<\/span><\/p>\n<p><span style=\"color: #000000;\"><strong>Contenance :<\/strong> 230 B\u00e2tonnets<\/span><\/p>\n<p><span style=\"color: #000000;\">Ce coffret vous invite \u00e0 la d\u00e9couverte les senteurs de K\u014dyasan, l&rsquo;encens japonais de grande qualit\u00e9 des montagnes sacr\u00e9es. Depuis l&rsquo;Antiquit\u00e9, l&rsquo;encens a \u00e9t\u00e9 utilis\u00e9 dans les c\u00e9r\u00e9monies d&rsquo;invitation dans le but d&rsquo;exorciser les mauvais esprits et de purifier l&rsquo;esprit. Takano Maki ou Pin parasol est un conif\u00e8re pr\u00e9sent et utilis\u00e9 comme une fleur, en offrande pour bouddha, sur le mont Koya. Le b\u00e2tonnets d&rsquo;encens est pr\u00e9par\u00e9 \u00e0 partir de Pin frais pour reproduire son parfum unique et rafra\u00eechissant. Le bois de cet encens provient d&rsquo;un arbre \u00e0 feuilles persistantes appel\u00e9 Podocarpus Macrophyllus, originaire des r\u00e9gions au sud de l&rsquo;\u00e9quateur et de pays comme l&rsquo;Australie. On le trouve dans les p\u00e9pini\u00e8res d&rsquo;Am\u00e9rique du Nord et on l&rsquo;appelle souvent pin foug\u00e8re.<\/span><\/p>\n<p><span style=\"color: #0000ff;\"><strong>=&gt; \u00c0 PARTIR DE 120\u20ac D&rsquo;ACHAT, LIVRAISON OFFERTE en FRANCE M\u00c9TROPOLITAINE &amp; en EUROPE.<\/strong><\/span><\/p>\n<p><span style=\"color: #000000;\"><strong>Mondial Relay en Point Relais\u00ae ou Locker :<\/strong> <span style=\"color: #ff0000;\"><a style=\"color: #ff0000;\" href=\"https:\/\/www.maisonwabisabi.com\/en\/livraisons-retours\/\">Livraison<\/a><\/span> France sous 3 \u00e0 10 jours ouvr\u00e9s et Europe, incluant la remise du colis contre signature. <\/span><span style=\"color: #000000;\"><strong>La Poste Colissimo Domicile :<\/strong> <span style=\"color: #ff0000;\"><a style=\"color: #ff0000;\" href=\"https:\/\/www.maisonwabisabi.com\/en\/livraisons-retours\/\">Livraison<\/a><\/span> France, Europe et Internationale avec suivi et remise en main propre contre signature.<\/span><\/p>","protected":false},"featured_media":5452,"comment_status":"closed","ping_status":"closed","template":"","meta":{"site-sidebar-layout":"default","site-content-layout":"","ast-site-content-layout":"default","site-content-style":"default","site-sidebar-style":"default","ast-global-header-display":"","ast-banner-title-visibility":"","ast-main-header-display":"","ast-hfb-above-header-display":"","ast-hfb-below-header-display":"","ast-hfb-mobile-header-display":"","site-post-title":"","ast-breadcrumbs-content":"","ast-featured-img":"","footer-sml-layout":"","ast-disable-related-posts":"","theme-transparent-header-meta":"default","adv-header-id-meta":"","stick-header-meta":"","header-above-stick-meta":"","header-main-stick-meta":"","header-below-stick-meta":"","astra-migrate-meta-layouts":"set","ast-page-background-enabled":"default","ast-page-background-meta":{"desktop":{"background-color":"var(--ast-global-color-5)","background-image":"","background-repeat":"repeat","background-position":"center center","background-size":"auto","background-attachment":"scroll","background-type":"","background-media":"","overlay-type":"","overlay-color":"","overlay-opacity":"","overlay-gradient":""},"tablet":{"background-color":"","background-image":"","background-repeat":"repeat","background-position":"center center","background-size":"auto","background-attachment":"scroll","background-type":"","background-media":"","overlay-type":"","overlay-color":"","overlay-opacity":"","overlay-gradient":""},"mobile":{"background-color":"","background-image":"","background-repeat":"repeat","background-position":"center center","background-size":"auto","background-attachment":"scroll","background-type":"","background-media":"","overlay-type":"","overlay-color":"","overlay-opacity":"","overlay-gradient":""}},"ast-content-background-meta":{"desktop":{"background-color":"var(--ast-global-color-4)","background-image":"","background-repeat":"repeat","background-position":"center center","background-size":"auto","background-attachment":"scroll","background-type":"","background-media":"","overlay-type":"","overlay-color":"","overlay-opacity":"","overlay-gradient":""},"tablet":{"background-color":"var(--ast-global-color-4)","background-image":"","background-repeat":"repeat","background-position":"center center","background-size":"auto","background-attachment":"scroll","background-type":"","background-media":"","overlay-type":"","overlay-color":"","overlay-opacity":"","overlay-gradient":""},"mobile":{"background-color":"var(--ast-global-color-4)","background-image":"","background-repeat":"repeat","background-position":"center center","background-size":"auto","background-attachment":"scroll","background-type":"","background-media":"","overlay-type":"","overlay-color":"","overlay-opacity":"","overlay-gradient":""}}},"product_brand":[],"product_cat":[92],"product_tag":[],"class_list":{"0":"post-5470","1":"product","2":"type-product","3":"status-publish","4":"has-post-thumbnail","6":"product_cat-encens-koyasan-daisido","7":"product_shipping_class-encens","8":"desktop-align-left","9":"tablet-align-left","10":"mobile-align-left","12":"first","13":"instock","14":"shipping-taxable","15":"purchasable","16":"product-type-simple"},"yoast_head":"<!-- This site is optimized with the Yoast SEO plugin v27.5 - https:\/\/yoast.com\/product\/yoast-seo-wordpress\/ -->\n<title>230 b\u00e2tons d&#039;encens Takano Maki \/ Pin Parasol - Maison Wabi-Sabi - Boutique<\/title>\n<meta name=\"description\" content=\"230 b\u00e2tons d&#039;encens Takano Maki \/ Pin Parasol, Koyasan Daisido. Fabriqu\u00e9 \u00e0 partir de Pin frais, un parfum unique et rafra\u00eechissant. Encens japonais.\" \/>\n<meta name=\"robots\" content=\"index, follow, max-snippet:-1, max-image-preview:large, max-video-preview:-1\" \/>\n<link rel=\"canonical\" href=\"https:\/\/www.maisonwabisabi.com\/en\/boutique\/encens-takano-maki-230-batonnets-koyasan-daisido\/\" \/>\n<meta property=\"og:locale\" content=\"en_GB\" \/>\n<meta property=\"og:type\" content=\"article\" \/>\n<meta property=\"og:title\" content=\"230 b\u00e2tons d&#039;encens Takano Maki \/ Pin Parasol - Maison Wabi-Sabi - Boutique\" \/>\n<meta property=\"og:description\" content=\"230 b\u00e2tons d&#039;encens Takano Maki \/ Pin Parasol, Koyasan Daisido. Fabriqu\u00e9 \u00e0 partir de Pin frais, un parfum unique et rafra\u00eechissant. Encens japonais.\" \/>\n<meta property=\"og:url\" content=\"https:\/\/www.maisonwabisabi.com\/en\/boutique\/encens-takano-maki-230-batonnets-koyasan-daisido\/\" \/>\n<meta property=\"og:site_name\" content=\"Maison Wabi-Sabi\" \/>\n<meta property=\"article:publisher\" content=\"https:\/\/www.facebook.com\/MaisonWabiSabi\" \/>\n<meta property=\"article:modified_time\" content=\"2026-03-02T16:50:09+00:00\" \/>\n<meta property=\"og:image\" content=\"https:\/\/www.maisonwabisabi.com\/wp-content\/uploads\/2022\/05\/Koyasan-Daisido-Pin-parasol-Takano-Maki-230-Sticks-39910.jpg\" \/>\n\t<meta property=\"og:image:width\" content=\"1024\" \/>\n\t<meta property=\"og:image:height\" content=\"1024\" \/>\n\t<meta property=\"og:image:type\" content=\"image\/jpeg\" \/>\n<meta name=\"twitter:card\" content=\"summary_large_image\" \/>\n<meta name=\"twitter:label1\" content=\"Estimated reading time\" \/>\n\t<meta name=\"twitter:data1\" content=\"2 minutes\" \/>\n<script type=\"application\/ld+json\" class=\"yoast-schema-graph\">{\"@context\":\"https:\\\/\\\/schema.org\",\"@graph\":[{\"@type\":\"WebPage\",\"@id\":\"https:\\\/\\\/www.maisonwabisabi.com\\\/boutique\\\/encens-takano-maki-230-batonnets-koyasan-daisido\\\/\",\"url\":\"https:\\\/\\\/www.maisonwabisabi.com\\\/boutique\\\/encens-takano-maki-230-batonnets-koyasan-daisido\\\/\",\"name\":\"230 b\u00e2tons d'encens Takano Maki \\\/ Pin Parasol - Maison Wabi-Sabi - Boutique\",\"isPartOf\":{\"@id\":\"https:\\\/\\\/www.maisonwabisabi.com\\\/#website\"},\"primaryImageOfPage\":{\"@id\":\"https:\\\/\\\/www.maisonwabisabi.com\\\/boutique\\\/encens-takano-maki-230-batonnets-koyasan-daisido\\\/#primaryimage\"},\"image\":{\"@id\":\"https:\\\/\\\/www.maisonwabisabi.com\\\/boutique\\\/encens-takano-maki-230-batonnets-koyasan-daisido\\\/#primaryimage\"},\"thumbnailUrl\":\"https:\\\/\\\/www.maisonwabisabi.com\\\/wp-content\\\/uploads\\\/2022\\\/05\\\/Koyasan-Daisido-Pin-parasol-Takano-Maki-230-Sticks-39910.jpg\",\"datePublished\":\"2022-05-02T20:02:47+00:00\",\"dateModified\":\"2026-03-02T16:50:09+00:00\",\"description\":\"230 b\u00e2tons d'encens Takano Maki \\\/ Pin Parasol, Koyasan Daisido. Fabriqu\u00e9 \u00e0 partir de Pin frais, un parfum unique et rafra\u00eechissant. Encens japonais.\",\"breadcrumb\":{\"@id\":\"https:\\\/\\\/www.maisonwabisabi.com\\\/boutique\\\/encens-takano-maki-230-batonnets-koyasan-daisido\\\/#breadcrumb\"},\"inLanguage\":\"en-GB\",\"potentialAction\":[{\"@type\":\"ReadAction\",\"target\":[\"https:\\\/\\\/www.maisonwabisabi.com\\\/boutique\\\/encens-takano-maki-230-batonnets-koyasan-daisido\\\/\"]}]},{\"@type\":\"ImageObject\",\"inLanguage\":\"en-GB\",\"@id\":\"https:\\\/\\\/www.maisonwabisabi.com\\\/boutique\\\/encens-takano-maki-230-batonnets-koyasan-daisido\\\/#primaryimage\",\"url\":\"https:\\\/\\\/www.maisonwabisabi.com\\\/wp-content\\\/uploads\\\/2022\\\/05\\\/Koyasan-Daisido-Pin-parasol-Takano-Maki-230-Sticks-39910.jpg\",\"contentUrl\":\"https:\\\/\\\/www.maisonwabisabi.com\\\/wp-content\\\/uploads\\\/2022\\\/05\\\/Koyasan-Daisido-Pin-parasol-Takano-Maki-230-Sticks-39910.jpg\",\"width\":1024,\"height\":1024,\"caption\":\"Koyasan Daisido - Pin parasol Takano Maki - 230 Sticks - 39910\"},{\"@type\":\"BreadcrumbList\",\"@id\":\"https:\\\/\\\/www.maisonwabisabi.com\\\/boutique\\\/encens-takano-maki-230-batonnets-koyasan-daisido\\\/#breadcrumb\",\"itemListElement\":[{\"@type\":\"ListItem\",\"position\":1,\"name\":\"Bienvenue\",\"item\":\"https:\\\/\\\/www.maisonwabisabi.com\\\/\"},{\"@type\":\"ListItem\",\"position\":2,\"name\":\"E-shop \\\/ Boutique\",\"item\":\"https:\\\/\\\/www.maisonwabisabi.com\\\/boutique\\\/\"},{\"@type\":\"ListItem\",\"position\":3,\"name\":\"230 b\u00e2tons d&rsquo;encens Takano Maki \\\/ Pin Parasol &#8211; Koyasan Daisido\"}]},{\"@type\":\"WebSite\",\"@id\":\"https:\\\/\\\/www.maisonwabisabi.com\\\/#website\",\"url\":\"https:\\\/\\\/www.maisonwabisabi.com\\\/\",\"name\":\"Maison Wabi-Sabi\",\"description\":\"\",\"publisher\":{\"@id\":\"https:\\\/\\\/www.maisonwabisabi.com\\\/#organization\"},\"potentialAction\":[{\"@type\":\"SearchAction\",\"target\":{\"@type\":\"EntryPoint\",\"urlTemplate\":\"https:\\\/\\\/www.maisonwabisabi.com\\\/?s={search_term_string}\"},\"query-input\":{\"@type\":\"PropertyValueSpecification\",\"valueRequired\":true,\"valueName\":\"search_term_string\"}}],\"inLanguage\":\"en-GB\"},{\"@type\":\"Organization\",\"@id\":\"https:\\\/\\\/www.maisonwabisabi.com\\\/#organization\",\"name\":\"Maison Wabi-Sabi\",\"url\":\"https:\\\/\\\/www.maisonwabisabi.com\\\/\",\"logo\":{\"@type\":\"ImageObject\",\"inLanguage\":\"en-GB\",\"@id\":\"https:\\\/\\\/www.maisonwabisabi.com\\\/#\\\/schema\\\/logo\\\/image\\\/\",\"url\":\"https:\\\/\\\/www.maisonwabisabi.com\\\/wp-content\\\/uploads\\\/2021\\\/11\\\/Logo-de-maison-Wabi-Sabi.jpg\",\"contentUrl\":\"https:\\\/\\\/www.maisonwabisabi.com\\\/wp-content\\\/uploads\\\/2021\\\/11\\\/Logo-de-maison-Wabi-Sabi.jpg\",\"width\":1024,\"height\":1024,\"caption\":\"Maison Wabi-Sabi\"},\"image\":{\"@id\":\"https:\\\/\\\/www.maisonwabisabi.com\\\/#\\\/schema\\\/logo\\\/image\\\/\"},\"sameAs\":[\"https:\\\/\\\/www.facebook.com\\\/MaisonWabiSabi\",\"https:\\\/\\\/www.instagram.com\\\/maison.wabi.sabi\\\/?hl=fr\",\"https:\\\/\\\/www.linkedin.com\\\/company\\\/69088467\"]}]}<\/script>\n<!-- \/ Yoast SEO plugin. -->","yoast_head_json":{"title":"230 b\u00e2tons d'encens Takano Maki \/ Pin Parasol - Maison Wabi-Sabi - Boutique","description":"230 b\u00e2tons d'encens Takano Maki \/ Pin Parasol, Koyasan Daisido. Fabriqu\u00e9 \u00e0 partir de Pin frais, un parfum unique et rafra\u00eechissant. Encens japonais.","robots":{"index":"index","follow":"follow","max-snippet":"max-snippet:-1","max-image-preview":"max-image-preview:large","max-video-preview":"max-video-preview:-1"},"canonical":"https:\/\/www.maisonwabisabi.com\/en\/boutique\/encens-takano-maki-230-batonnets-koyasan-daisido\/","og_locale":"en_GB","og_type":"article","og_title":"230 b\u00e2tons d'encens Takano Maki \/ Pin Parasol - Maison Wabi-Sabi - Boutique","og_description":"230 b\u00e2tons d'encens Takano Maki \/ Pin Parasol, Koyasan Daisido. Fabriqu\u00e9 \u00e0 partir de Pin frais, un parfum unique et rafra\u00eechissant. Encens japonais.","og_url":"https:\/\/www.maisonwabisabi.com\/en\/boutique\/encens-takano-maki-230-batonnets-koyasan-daisido\/","og_site_name":"Maison Wabi-Sabi","article_publisher":"https:\/\/www.facebook.com\/MaisonWabiSabi","article_modified_time":"2026-03-02T16:50:09+00:00","og_image":[{"width":1024,"height":1024,"url":"https:\/\/www.maisonwabisabi.com\/wp-content\/uploads\/2022\/05\/Koyasan-Daisido-Pin-parasol-Takano-Maki-230-Sticks-39910.jpg","type":"image\/jpeg"}],"twitter_card":"summary_large_image","twitter_misc":{"Estimated reading time":"2 minutes"},"schema":{"@context":"https:\/\/schema.org","@graph":[{"@type":"WebPage","@id":"https:\/\/www.maisonwabisabi.com\/boutique\/encens-takano-maki-230-batonnets-koyasan-daisido\/","url":"https:\/\/www.maisonwabisabi.com\/boutique\/encens-takano-maki-230-batonnets-koyasan-daisido\/","name":"230 b\u00e2tons d'encens Takano Maki \/ Pin Parasol - Maison Wabi-Sabi - Boutique","isPartOf":{"@id":"https:\/\/www.maisonwabisabi.com\/#website"},"primaryImageOfPage":{"@id":"https:\/\/www.maisonwabisabi.com\/boutique\/encens-takano-maki-230-batonnets-koyasan-daisido\/#primaryimage"},"image":{"@id":"https:\/\/www.maisonwabisabi.com\/boutique\/encens-takano-maki-230-batonnets-koyasan-daisido\/#primaryimage"},"thumbnailUrl":"https:\/\/www.maisonwabisabi.com\/wp-content\/uploads\/2022\/05\/Koyasan-Daisido-Pin-parasol-Takano-Maki-230-Sticks-39910.jpg","datePublished":"2022-05-02T20:02:47+00:00","dateModified":"2026-03-02T16:50:09+00:00","description":"230 b\u00e2tons d'encens Takano Maki \/ Pin Parasol, Koyasan Daisido. Fabriqu\u00e9 \u00e0 partir de Pin frais, un parfum unique et rafra\u00eechissant. Encens japonais.","breadcrumb":{"@id":"https:\/\/www.maisonwabisabi.com\/boutique\/encens-takano-maki-230-batonnets-koyasan-daisido\/#breadcrumb"},"inLanguage":"en-GB","potentialAction":[{"@type":"ReadAction","target":["https:\/\/www.maisonwabisabi.com\/boutique\/encens-takano-maki-230-batonnets-koyasan-daisido\/"]}]},{"@type":"ImageObject","inLanguage":"en-GB","@id":"https:\/\/www.maisonwabisabi.com\/boutique\/encens-takano-maki-230-batonnets-koyasan-daisido\/#primaryimage","url":"https:\/\/www.maisonwabisabi.com\/wp-content\/uploads\/2022\/05\/Koyasan-Daisido-Pin-parasol-Takano-Maki-230-Sticks-39910.jpg","contentUrl":"https:\/\/www.maisonwabisabi.com\/wp-content\/uploads\/2022\/05\/Koyasan-Daisido-Pin-parasol-Takano-Maki-230-Sticks-39910.jpg","width":1024,"height":1024,"caption":"Koyasan Daisido - Pin parasol Takano Maki - 230 Sticks - 39910"},{"@type":"BreadcrumbList","@id":"https:\/\/www.maisonwabisabi.com\/boutique\/encens-takano-maki-230-batonnets-koyasan-daisido\/#breadcrumb","itemListElement":[{"@type":"ListItem","position":1,"name":"Bienvenue","item":"https:\/\/www.maisonwabisabi.com\/"},{"@type":"ListItem","position":2,"name":"E-shop \/ Boutique","item":"https:\/\/www.maisonwabisabi.com\/boutique\/"},{"@type":"ListItem","position":3,"name":"230 b\u00e2tons d&rsquo;encens Takano Maki \/ Pin Parasol &#8211; Koyasan Daisido"}]},{"@type":"WebSite","@id":"https:\/\/www.maisonwabisabi.com\/#website","url":"https:\/\/www.maisonwabisabi.com\/","name":"Maison Wabi-Sabi","description":"","publisher":{"@id":"https:\/\/www.maisonwabisabi.com\/#organization"},"potentialAction":[{"@type":"SearchAction","target":{"@type":"EntryPoint","urlTemplate":"https:\/\/www.maisonwabisabi.com\/?s={search_term_string}"},"query-input":{"@type":"PropertyValueSpecification","valueRequired":true,"valueName":"search_term_string"}}],"inLanguage":"en-GB"},{"@type":"Organization","@id":"https:\/\/www.maisonwabisabi.com\/#organization","name":"Maison Wabi-Sabi","url":"https:\/\/www.maisonwabisabi.com\/","logo":{"@type":"ImageObject","inLanguage":"en-GB","@id":"https:\/\/www.maisonwabisabi.com\/#\/schema\/logo\/image\/","url":"https:\/\/www.maisonwabisabi.com\/wp-content\/uploads\/2021\/11\/Logo-de-maison-Wabi-Sabi.jpg","contentUrl":"https:\/\/www.maisonwabisabi.com\/wp-content\/uploads\/2021\/11\/Logo-de-maison-Wabi-Sabi.jpg","width":1024,"height":1024,"caption":"Maison Wabi-Sabi"},"image":{"@id":"https:\/\/www.maisonwabisabi.com\/#\/schema\/logo\/image\/"},"sameAs":["https:\/\/www.facebook.com\/MaisonWabiSabi","https:\/\/www.instagram.com\/maison.wabi.sabi\/?hl=fr","https:\/\/www.linkedin.com\/company\/69088467"]}]}},"_links":{"self":[{"href":"https:\/\/www.maisonwabisabi.com\/en\/wp-json\/wp\/v2\/product\/5470","targetHints":{"allow":["GET"]}}],"collection":[{"href":"https:\/\/www.maisonwabisabi.com\/en\/wp-json\/wp\/v2\/product"}],"about":[{"href":"https:\/\/www.maisonwabisabi.com\/en\/wp-json\/wp\/v2\/types\/product"}],"replies":[{"embeddable":true,"href":"https:\/\/www.maisonwabisabi.com\/en\/wp-json\/wp\/v2\/comments?post=5470"}],"wp:featuredmedia":[{"embeddable":true,"href":"https:\/\/www.maisonwabisabi.com\/en\/wp-json\/wp\/v2\/media\/5452"}],"wp:attachment":[{"href":"https:\/\/www.maisonwabisabi.com\/en\/wp-json\/wp\/v2\/media?parent=5470"}],"wp:term":[{"taxonomy":"product_brand","embeddable":true,"href":"https:\/\/www.maisonwabisabi.com\/en\/wp-json\/wp\/v2\/product_brand?post=5470"},{"taxonomy":"product_cat","embeddable":true,"href":"https:\/\/www.maisonwabisabi.com\/en\/wp-json\/wp\/v2\/product_cat?post=5470"},{"taxonomy":"product_tag","embeddable":true,"href":"https:\/\/www.maisonwabisabi.com\/en\/wp-json\/wp\/v2\/product_tag?post=5470"}],"curies":[{"name":"wp","href":"https:\/\/api.w.org\/{rel}","templated":true}]}}