{"id":4813,"date":"2022-04-25T22:47:36","date_gmt":"2022-04-25T20:47:36","guid":{"rendered":"https:\/\/www.maisonwabisabi.com\/?post_type=product&#038;p=4813"},"modified":"2026-03-22T21:47:29","modified_gmt":"2026-03-22T20:47:29","slug":"20-encens-genji-hahakigi","status":"publish","type":"product","link":"https:\/\/www.maisonwabisabi.com\/en\/boutique\/20-encens-genji-hahakigi\/","title":{"rendered":"20 b\u00e2tons d&rsquo;encens GENJI Hahakigi &#8211; Shoyeido"},"content":{"rendered":"<p>Fabricant japonais d&rsquo;encens traditionnel : <a href=\"https:\/\/www.maisonwabisabi.com\/en\/encens-shoyeido\/\" target=\"_blank\" rel=\"noopener\">Shoyeido Incense Co.<\/a><\/p>\n<p>Localisation : Ky\u014dto &#8211; Pr\u00e9fecture de Ky\u014dto<\/p>\n<p>Pays : Japon<\/p>\n<p>Da cr\u00e9ation date du d\u00e9but du 18<sup>\u00e8me<\/sup> si\u00e8cle. Shoyeido a travaill\u00e9 avec diligence pour perfectionner l&rsquo;art de la fabrication de l&rsquo;encens japonais. Il est connu sous le nom de \u00a0\u00bbKoh\u00a0\u00bb. Il offre une grande vari\u00e9t\u00e9 de parfums uniques et fabriqu\u00e9s \u00e0 la main, pour chaque occasion. Son slogan, \u00ab\u00a0Life with Fragrance\u00a0\u00bb (La vie avec le parfum) est destin\u00e9 \u00e0 accompagner les activit\u00e9s de la vie quotidienne. Les encens sont fabriqu\u00e9s \u00e0 partir d&rsquo;ingr\u00e9dients naturels. Il est de la responsabilit\u00e9 de chacun d&rsquo;appr\u00e9cier et de prot\u00e9ger ces g\u00e9n\u00e9reux cadeaux de la nature. Il faut aussi pr\u00e9server les traditions des m\u00e9langes d&rsquo;encens qui ont \u00e9t\u00e9 transmises de g\u00e9n\u00e9ration en g\u00e9n\u00e9ration.<\/p>\n<p>De l\u2019Encens pour l&rsquo;esprit et l&rsquo;ambiance. Il a \u00e9t\u00e9 apport\u00e9 au japon il y a plus de 1400 ans, avec la transmission du bouddhisme. Historiquement, l&rsquo;encens japonais a souvent \u00e9t\u00e9 ch\u00e9ri et utilis\u00e9 pour des occasions religieuses et bien plus encore. Pendant la p\u00e9riode Edo (1603-1867), l&rsquo;encens est devenu populaire parmi toutes les classes. Il a \u00e9t\u00e9 \u00e9tabli comme une tradition pour toute la culture japonaise. Des si\u00e8cles plus tard, le style de vie japonais a chang\u00e9. L&rsquo;appr\u00e9ciation et la fiert\u00e9 de l&rsquo;encens dans la culture japonaise restent les m\u00eames.<\/p>\n<p>Pour d\u00e9couvrir plus en d\u00e9tails l&rsquo;univers de l&rsquo;encens japonais, je vous invite \u00e0 cliquer ici =&gt; <a href=\"https:\/\/www.maisonwabisabi.com\/en\/shokunin\/encens-japonais\/\" target=\"_blank\" rel=\"noopener\">Japanese incense<\/a><\/p>","protected":false},"excerpt":{"rendered":"<p><span style=\"color: #000000;\"><strong>Nom du produit :<\/strong> B\u00e2tonnet d&rsquo;encens &#8211; Senk\u014d &#8211; \u7dda\u9999<\/span><\/p>\n<p><span style=\"color: #000000;\"><strong>Collection :<\/strong> GENJI Series &#8211; Hahakigi \/ La Beaut\u00e9<\/span><\/p>\n<p><span style=\"color: #000000;\"><strong>Th\u00e8me de ce coffret :<\/strong>\u00a0<\/span><span style=\"color: #000000;\">Notes parfum\u00e9es de Genji : Le 2\u00e8me chapitre des 54 que compte le roman : \u00ab\u00a0La Beaut\u00e9\u00a0\u00bb<\/span><\/p>\n<p><span style=\"color: #000000;\"><em>\u00ab\u00a0Ne comprenant pas l&rsquo;esprit de l&rsquo;Arbre,<\/em><\/span><br \/>\n<span style=\"color: #000000;\"><em>Je me suis \u00e9gar\u00e9 sans but sur cette plaine.\u00a0\u00bb<\/em><\/span><\/p>\n<p><span style=\"color: #000000;\">Inspir\u00e9 de la sc\u00e8ne \u00ab\u00a0L&rsquo;\u00c9valuation durant la nuit pluvieuse\u00a0\u00bb, o\u00f9 Hikaru Genji, le Commandant de la garde imp\u00e9riale, le Capitaine des \u00e9curies et le Ma\u00eetre des c\u00e9r\u00e9monies discutent de la beaut\u00e9 f\u00e9minine et de leurs perspectives sur l&rsquo;amour.<\/span><\/p>\n<p><span style=\"color: #000000;\"><strong>Senteur :<\/strong> Bois d&rsquo;agar, Bois de Santal, Clou de girofle, Patchouli, Benjoin, Curcuma<\/span><\/p>\n<p><span style=\"color: #000000;\"><strong>Contenance :<\/strong> 4 x 5 B\u00e2tonnets + 1 Porte-encens biod\u00e9gradable<\/span><\/p>\n<p><span style=\"color: #000000;\">Ce coffret de la collection GENJI vous invite \u00e0 la d\u00e9couverte des senteurs des encens japonais de grande qualit\u00e9. Genji Monogatari \u6e90\u6c0f\u7269\u8a9e, premier roman au monde, de la romanci\u00e8re Murasaki SHIKIBU \u7d2b\u5f0f\u90e8. \u0152uvre majeure de la litt\u00e9rature japonaise du d\u00e9but du 11<sup>\u00e8me<\/sup> si\u00e8cle \u00e9crite pour divertir l\u2019imp\u00e9ratrice Akiko. Ce long roman ne comprend pas moins de 54 livres et quelques 300 personnages, dont une trentaine de premier plan. Ce roman est une fen\u00eatre sur un monde r\u00e9volu, offrant un aper\u00e7u du Japon d&rsquo;il y a un mill\u00e9naire.<\/span><\/p>\n<p><span style=\"color: #0000ff;\"><strong>=&gt; \u00c0 PARTIR DE 120\u20ac D&rsquo;ACHAT, LIVRAISON OFFERTE en FRANCE M\u00c9TROPOLITAINE &amp; en EUROPE.<\/strong><\/span><\/p>\n<p><span style=\"color: #000000;\"><strong>Mondial Relay en Point Relais\u00ae ou Locker :<\/strong> <span style=\"color: #ff0000;\"><a style=\"color: #ff0000;\" href=\"https:\/\/www.maisonwabisabi.com\/en\/livraisons-retours\/\">Livraison<\/a><\/span> France sous 3 \u00e0 10 jours ouvr\u00e9s et Europe, incluant la remise du colis contre signature. <\/span><span style=\"color: #000000;\"><strong>La Poste Colissimo Domicile :<\/strong> <span style=\"color: #ff0000;\"><a style=\"color: #ff0000;\" href=\"https:\/\/www.maisonwabisabi.com\/en\/livraisons-retours\/\">Livraison<\/a><\/span> France, Europe et Internationale avec suivi et remise en main propre contre signature.<\/span><\/p>","protected":false},"featured_media":4814,"comment_status":"closed","ping_status":"closed","template":"","meta":{"site-sidebar-layout":"default","site-content-layout":"","ast-site-content-layout":"default","site-content-style":"default","site-sidebar-style":"default","ast-global-header-display":"","ast-banner-title-visibility":"","ast-main-header-display":"","ast-hfb-above-header-display":"","ast-hfb-below-header-display":"","ast-hfb-mobile-header-display":"","site-post-title":"","ast-breadcrumbs-content":"","ast-featured-img":"","footer-sml-layout":"","ast-disable-related-posts":"","theme-transparent-header-meta":"default","adv-header-id-meta":"","stick-header-meta":"","header-above-stick-meta":"","header-main-stick-meta":"","header-below-stick-meta":"","astra-migrate-meta-layouts":"set","ast-page-background-enabled":"default","ast-page-background-meta":{"desktop":{"background-color":"var(--ast-global-color-5)","background-image":"","background-repeat":"repeat","background-position":"center center","background-size":"auto","background-attachment":"scroll","background-type":"","background-media":"","overlay-type":"","overlay-color":"","overlay-opacity":"","overlay-gradient":""},"tablet":{"background-color":"","background-image":"","background-repeat":"repeat","background-position":"center center","background-size":"auto","background-attachment":"scroll","background-type":"","background-media":"","overlay-type":"","overlay-color":"","overlay-opacity":"","overlay-gradient":""},"mobile":{"background-color":"","background-image":"","background-repeat":"repeat","background-position":"center center","background-size":"auto","background-attachment":"scroll","background-type":"","background-media":"","overlay-type":"","overlay-color":"","overlay-opacity":"","overlay-gradient":""}},"ast-content-background-meta":{"desktop":{"background-color":"var(--ast-global-color-4)","background-image":"","background-repeat":"repeat","background-position":"center center","background-size":"auto","background-attachment":"scroll","background-type":"","background-media":"","overlay-type":"","overlay-color":"","overlay-opacity":"","overlay-gradient":""},"tablet":{"background-color":"var(--ast-global-color-4)","background-image":"","background-repeat":"repeat","background-position":"center center","background-size":"auto","background-attachment":"scroll","background-type":"","background-media":"","overlay-type":"","overlay-color":"","overlay-opacity":"","overlay-gradient":""},"mobile":{"background-color":"var(--ast-global-color-4)","background-image":"","background-repeat":"repeat","background-position":"center center","background-size":"auto","background-attachment":"scroll","background-type":"","background-media":"","overlay-type":"","overlay-color":"","overlay-opacity":"","overlay-gradient":""}}},"product_brand":[],"product_cat":[91],"product_tag":[],"class_list":{"0":"post-4813","1":"product","2":"type-product","3":"status-publish","4":"has-post-thumbnail","6":"product_cat-encens-shoyeido-incense-co","7":"product_shipping_class-encens","8":"desktop-align-left","9":"tablet-align-left","10":"mobile-align-left","12":"first","13":"instock","14":"shipping-taxable","15":"purchasable","16":"product-type-simple"},"yoast_head":"<!-- This site is optimized with the Yoast SEO plugin v27.5 - https:\/\/yoast.com\/product\/yoast-seo-wordpress\/ -->\n<title>20 b\u00e2tons d&#039;encens GENJI Hahakigi - Maison Wabi-Sabi - Boutique<\/title>\n<meta name=\"description\" content=\"20 b\u00e2tons d&#039;encens GENJI Hahakigi + 1 Porte-encens biod\u00e9gradable de Shoyeido Incense Co \u00e0 Ky\u014dto. 4 parfums issus d&#039;ingr\u00e9dients naturels. Encens japonais.\" \/>\n<meta name=\"robots\" content=\"index, follow, max-snippet:-1, max-image-preview:large, max-video-preview:-1\" \/>\n<link rel=\"canonical\" href=\"https:\/\/www.maisonwabisabi.com\/en\/boutique\/20-encens-genji-hahakigi\/\" \/>\n<meta property=\"og:locale\" content=\"en_GB\" \/>\n<meta property=\"og:type\" content=\"article\" \/>\n<meta property=\"og:title\" content=\"20 b\u00e2tons d&#039;encens GENJI Hahakigi - Maison Wabi-Sabi - Boutique\" \/>\n<meta property=\"og:description\" content=\"20 b\u00e2tons d&#039;encens GENJI Hahakigi + 1 Porte-encens biod\u00e9gradable de Shoyeido Incense Co \u00e0 Ky\u014dto. 4 parfums issus d&#039;ingr\u00e9dients naturels. Encens japonais.\" \/>\n<meta property=\"og:url\" content=\"https:\/\/www.maisonwabisabi.com\/en\/boutique\/20-encens-genji-hahakigi\/\" \/>\n<meta property=\"og:site_name\" content=\"Maison Wabi-Sabi\" \/>\n<meta property=\"article:publisher\" content=\"https:\/\/www.facebook.com\/MaisonWabiSabi\" \/>\n<meta property=\"article:modified_time\" content=\"2026-03-22T20:47:29+00:00\" \/>\n<meta property=\"og:image\" content=\"https:\/\/www.maisonwabisabi.com\/wp-content\/uploads\/2022\/04\/Shoyeido-GENJI-Hahakigi-20-Sticks-621720.jpg\" \/>\n\t<meta property=\"og:image:width\" content=\"1024\" \/>\n\t<meta property=\"og:image:height\" content=\"1024\" \/>\n\t<meta property=\"og:image:type\" content=\"image\/jpeg\" \/>\n<meta name=\"twitter:card\" content=\"summary_large_image\" \/>\n<meta name=\"twitter:label1\" content=\"Estimated reading time\" \/>\n\t<meta name=\"twitter:data1\" content=\"2 minutes\" \/>\n<script type=\"application\/ld+json\" class=\"yoast-schema-graph\">{\"@context\":\"https:\\\/\\\/schema.org\",\"@graph\":[{\"@type\":\"WebPage\",\"@id\":\"https:\\\/\\\/www.maisonwabisabi.com\\\/boutique\\\/20-encens-genji-hahakigi\\\/\",\"url\":\"https:\\\/\\\/www.maisonwabisabi.com\\\/boutique\\\/20-encens-genji-hahakigi\\\/\",\"name\":\"20 b\u00e2tons d'encens GENJI Hahakigi - Maison Wabi-Sabi - Boutique\",\"isPartOf\":{\"@id\":\"https:\\\/\\\/www.maisonwabisabi.com\\\/#website\"},\"primaryImageOfPage\":{\"@id\":\"https:\\\/\\\/www.maisonwabisabi.com\\\/boutique\\\/20-encens-genji-hahakigi\\\/#primaryimage\"},\"image\":{\"@id\":\"https:\\\/\\\/www.maisonwabisabi.com\\\/boutique\\\/20-encens-genji-hahakigi\\\/#primaryimage\"},\"thumbnailUrl\":\"https:\\\/\\\/www.maisonwabisabi.com\\\/wp-content\\\/uploads\\\/2022\\\/04\\\/Shoyeido-GENJI-Hahakigi-20-Sticks-621720.jpg\",\"datePublished\":\"2022-04-25T20:47:36+00:00\",\"dateModified\":\"2026-03-22T20:47:29+00:00\",\"description\":\"20 b\u00e2tons d'encens GENJI Hahakigi + 1 Porte-encens biod\u00e9gradable de Shoyeido Incense Co \u00e0 Ky\u014dto. 4 parfums issus d'ingr\u00e9dients naturels. Encens japonais.\",\"breadcrumb\":{\"@id\":\"https:\\\/\\\/www.maisonwabisabi.com\\\/boutique\\\/20-encens-genji-hahakigi\\\/#breadcrumb\"},\"inLanguage\":\"en-GB\",\"potentialAction\":[{\"@type\":\"ReadAction\",\"target\":[\"https:\\\/\\\/www.maisonwabisabi.com\\\/boutique\\\/20-encens-genji-hahakigi\\\/\"]}]},{\"@type\":\"ImageObject\",\"inLanguage\":\"en-GB\",\"@id\":\"https:\\\/\\\/www.maisonwabisabi.com\\\/boutique\\\/20-encens-genji-hahakigi\\\/#primaryimage\",\"url\":\"https:\\\/\\\/www.maisonwabisabi.com\\\/wp-content\\\/uploads\\\/2022\\\/04\\\/Shoyeido-GENJI-Hahakigi-20-Sticks-621720.jpg\",\"contentUrl\":\"https:\\\/\\\/www.maisonwabisabi.com\\\/wp-content\\\/uploads\\\/2022\\\/04\\\/Shoyeido-GENJI-Hahakigi-20-Sticks-621720.jpg\",\"width\":1024,\"height\":1024,\"caption\":\"Shoyeido - GENJI Hahakigi - 20 Sticks - 621720\"},{\"@type\":\"BreadcrumbList\",\"@id\":\"https:\\\/\\\/www.maisonwabisabi.com\\\/boutique\\\/20-encens-genji-hahakigi\\\/#breadcrumb\",\"itemListElement\":[{\"@type\":\"ListItem\",\"position\":1,\"name\":\"Bienvenue\",\"item\":\"https:\\\/\\\/www.maisonwabisabi.com\\\/\"},{\"@type\":\"ListItem\",\"position\":2,\"name\":\"E-shop \\\/ Boutique\",\"item\":\"https:\\\/\\\/www.maisonwabisabi.com\\\/boutique\\\/\"},{\"@type\":\"ListItem\",\"position\":3,\"name\":\"20 b\u00e2tons d&rsquo;encens GENJI Hahakigi &#8211; Shoyeido\"}]},{\"@type\":\"WebSite\",\"@id\":\"https:\\\/\\\/www.maisonwabisabi.com\\\/#website\",\"url\":\"https:\\\/\\\/www.maisonwabisabi.com\\\/\",\"name\":\"Maison Wabi-Sabi\",\"description\":\"\",\"publisher\":{\"@id\":\"https:\\\/\\\/www.maisonwabisabi.com\\\/#organization\"},\"potentialAction\":[{\"@type\":\"SearchAction\",\"target\":{\"@type\":\"EntryPoint\",\"urlTemplate\":\"https:\\\/\\\/www.maisonwabisabi.com\\\/?s={search_term_string}\"},\"query-input\":{\"@type\":\"PropertyValueSpecification\",\"valueRequired\":true,\"valueName\":\"search_term_string\"}}],\"inLanguage\":\"en-GB\"},{\"@type\":\"Organization\",\"@id\":\"https:\\\/\\\/www.maisonwabisabi.com\\\/#organization\",\"name\":\"Maison Wabi-Sabi\",\"url\":\"https:\\\/\\\/www.maisonwabisabi.com\\\/\",\"logo\":{\"@type\":\"ImageObject\",\"inLanguage\":\"en-GB\",\"@id\":\"https:\\\/\\\/www.maisonwabisabi.com\\\/#\\\/schema\\\/logo\\\/image\\\/\",\"url\":\"https:\\\/\\\/www.maisonwabisabi.com\\\/wp-content\\\/uploads\\\/2021\\\/11\\\/Logo-de-maison-Wabi-Sabi.jpg\",\"contentUrl\":\"https:\\\/\\\/www.maisonwabisabi.com\\\/wp-content\\\/uploads\\\/2021\\\/11\\\/Logo-de-maison-Wabi-Sabi.jpg\",\"width\":1024,\"height\":1024,\"caption\":\"Maison Wabi-Sabi\"},\"image\":{\"@id\":\"https:\\\/\\\/www.maisonwabisabi.com\\\/#\\\/schema\\\/logo\\\/image\\\/\"},\"sameAs\":[\"https:\\\/\\\/www.facebook.com\\\/MaisonWabiSabi\",\"https:\\\/\\\/www.instagram.com\\\/maison.wabi.sabi\\\/?hl=fr\",\"https:\\\/\\\/www.linkedin.com\\\/company\\\/69088467\"]}]}<\/script>\n<!-- \/ Yoast SEO plugin. -->","yoast_head_json":{"title":"20 b\u00e2tons d'encens GENJI Hahakigi - Maison Wabi-Sabi - Boutique","description":"20 b\u00e2tons d'encens GENJI Hahakigi + 1 Porte-encens biod\u00e9gradable de Shoyeido Incense Co \u00e0 Ky\u014dto. 4 parfums issus d'ingr\u00e9dients naturels. Encens japonais.","robots":{"index":"index","follow":"follow","max-snippet":"max-snippet:-1","max-image-preview":"max-image-preview:large","max-video-preview":"max-video-preview:-1"},"canonical":"https:\/\/www.maisonwabisabi.com\/en\/boutique\/20-encens-genji-hahakigi\/","og_locale":"en_GB","og_type":"article","og_title":"20 b\u00e2tons d'encens GENJI Hahakigi - Maison Wabi-Sabi - Boutique","og_description":"20 b\u00e2tons d'encens GENJI Hahakigi + 1 Porte-encens biod\u00e9gradable de Shoyeido Incense Co \u00e0 Ky\u014dto. 4 parfums issus d'ingr\u00e9dients naturels. Encens japonais.","og_url":"https:\/\/www.maisonwabisabi.com\/en\/boutique\/20-encens-genji-hahakigi\/","og_site_name":"Maison Wabi-Sabi","article_publisher":"https:\/\/www.facebook.com\/MaisonWabiSabi","article_modified_time":"2026-03-22T20:47:29+00:00","og_image":[{"width":1024,"height":1024,"url":"https:\/\/www.maisonwabisabi.com\/wp-content\/uploads\/2022\/04\/Shoyeido-GENJI-Hahakigi-20-Sticks-621720.jpg","type":"image\/jpeg"}],"twitter_card":"summary_large_image","twitter_misc":{"Estimated reading time":"2 minutes"},"schema":{"@context":"https:\/\/schema.org","@graph":[{"@type":"WebPage","@id":"https:\/\/www.maisonwabisabi.com\/boutique\/20-encens-genji-hahakigi\/","url":"https:\/\/www.maisonwabisabi.com\/boutique\/20-encens-genji-hahakigi\/","name":"20 b\u00e2tons d'encens GENJI Hahakigi - Maison Wabi-Sabi - Boutique","isPartOf":{"@id":"https:\/\/www.maisonwabisabi.com\/#website"},"primaryImageOfPage":{"@id":"https:\/\/www.maisonwabisabi.com\/boutique\/20-encens-genji-hahakigi\/#primaryimage"},"image":{"@id":"https:\/\/www.maisonwabisabi.com\/boutique\/20-encens-genji-hahakigi\/#primaryimage"},"thumbnailUrl":"https:\/\/www.maisonwabisabi.com\/wp-content\/uploads\/2022\/04\/Shoyeido-GENJI-Hahakigi-20-Sticks-621720.jpg","datePublished":"2022-04-25T20:47:36+00:00","dateModified":"2026-03-22T20:47:29+00:00","description":"20 b\u00e2tons d'encens GENJI Hahakigi + 1 Porte-encens biod\u00e9gradable de Shoyeido Incense Co \u00e0 Ky\u014dto. 4 parfums issus d'ingr\u00e9dients naturels. Encens japonais.","breadcrumb":{"@id":"https:\/\/www.maisonwabisabi.com\/boutique\/20-encens-genji-hahakigi\/#breadcrumb"},"inLanguage":"en-GB","potentialAction":[{"@type":"ReadAction","target":["https:\/\/www.maisonwabisabi.com\/boutique\/20-encens-genji-hahakigi\/"]}]},{"@type":"ImageObject","inLanguage":"en-GB","@id":"https:\/\/www.maisonwabisabi.com\/boutique\/20-encens-genji-hahakigi\/#primaryimage","url":"https:\/\/www.maisonwabisabi.com\/wp-content\/uploads\/2022\/04\/Shoyeido-GENJI-Hahakigi-20-Sticks-621720.jpg","contentUrl":"https:\/\/www.maisonwabisabi.com\/wp-content\/uploads\/2022\/04\/Shoyeido-GENJI-Hahakigi-20-Sticks-621720.jpg","width":1024,"height":1024,"caption":"Shoyeido - GENJI Hahakigi - 20 Sticks - 621720"},{"@type":"BreadcrumbList","@id":"https:\/\/www.maisonwabisabi.com\/boutique\/20-encens-genji-hahakigi\/#breadcrumb","itemListElement":[{"@type":"ListItem","position":1,"name":"Bienvenue","item":"https:\/\/www.maisonwabisabi.com\/"},{"@type":"ListItem","position":2,"name":"E-shop \/ Boutique","item":"https:\/\/www.maisonwabisabi.com\/boutique\/"},{"@type":"ListItem","position":3,"name":"20 b\u00e2tons d&rsquo;encens GENJI Hahakigi &#8211; Shoyeido"}]},{"@type":"WebSite","@id":"https:\/\/www.maisonwabisabi.com\/#website","url":"https:\/\/www.maisonwabisabi.com\/","name":"Maison Wabi-Sabi","description":"","publisher":{"@id":"https:\/\/www.maisonwabisabi.com\/#organization"},"potentialAction":[{"@type":"SearchAction","target":{"@type":"EntryPoint","urlTemplate":"https:\/\/www.maisonwabisabi.com\/?s={search_term_string}"},"query-input":{"@type":"PropertyValueSpecification","valueRequired":true,"valueName":"search_term_string"}}],"inLanguage":"en-GB"},{"@type":"Organization","@id":"https:\/\/www.maisonwabisabi.com\/#organization","name":"Maison Wabi-Sabi","url":"https:\/\/www.maisonwabisabi.com\/","logo":{"@type":"ImageObject","inLanguage":"en-GB","@id":"https:\/\/www.maisonwabisabi.com\/#\/schema\/logo\/image\/","url":"https:\/\/www.maisonwabisabi.com\/wp-content\/uploads\/2021\/11\/Logo-de-maison-Wabi-Sabi.jpg","contentUrl":"https:\/\/www.maisonwabisabi.com\/wp-content\/uploads\/2021\/11\/Logo-de-maison-Wabi-Sabi.jpg","width":1024,"height":1024,"caption":"Maison Wabi-Sabi"},"image":{"@id":"https:\/\/www.maisonwabisabi.com\/#\/schema\/logo\/image\/"},"sameAs":["https:\/\/www.facebook.com\/MaisonWabiSabi","https:\/\/www.instagram.com\/maison.wabi.sabi\/?hl=fr","https:\/\/www.linkedin.com\/company\/69088467"]}]}},"_links":{"self":[{"href":"https:\/\/www.maisonwabisabi.com\/en\/wp-json\/wp\/v2\/product\/4813","targetHints":{"allow":["GET"]}}],"collection":[{"href":"https:\/\/www.maisonwabisabi.com\/en\/wp-json\/wp\/v2\/product"}],"about":[{"href":"https:\/\/www.maisonwabisabi.com\/en\/wp-json\/wp\/v2\/types\/product"}],"replies":[{"embeddable":true,"href":"https:\/\/www.maisonwabisabi.com\/en\/wp-json\/wp\/v2\/comments?post=4813"}],"wp:featuredmedia":[{"embeddable":true,"href":"https:\/\/www.maisonwabisabi.com\/en\/wp-json\/wp\/v2\/media\/4814"}],"wp:attachment":[{"href":"https:\/\/www.maisonwabisabi.com\/en\/wp-json\/wp\/v2\/media?parent=4813"}],"wp:term":[{"taxonomy":"product_brand","embeddable":true,"href":"https:\/\/www.maisonwabisabi.com\/en\/wp-json\/wp\/v2\/product_brand?post=4813"},{"taxonomy":"product_cat","embeddable":true,"href":"https:\/\/www.maisonwabisabi.com\/en\/wp-json\/wp\/v2\/product_cat?post=4813"},{"taxonomy":"product_tag","embeddable":true,"href":"https:\/\/www.maisonwabisabi.com\/en\/wp-json\/wp\/v2\/product_tag?post=4813"}],"curies":[{"name":"wp","href":"https:\/\/api.w.org\/{rel}","templated":true}]}}