{"id":37584,"date":"2025-10-05T11:15:48","date_gmt":"2025-10-05T09:15:48","guid":{"rendered":"https:\/\/www.maisonwabisabi.com\/?post_type=product&#038;p=37584"},"modified":"2026-03-08T17:08:49","modified_gmt":"2026-03-08T16:08:49","slug":"theiere-1-masaki-tachi","status":"publish","type":"product","link":"https:\/\/www.maisonwabisabi.com\/en\/boutique\/theiere-1-masaki-tachi\/","title":{"rendered":"Th\u00e9i\u00e8re Banko-yaki 140ml &#8211; Masaki TACHI"},"content":{"rendered":"<p>C\u00e9ramiste : Masaki TACHI \u8218\u6b63\u898f<\/p>\n<p>Localisation : Ville de Yokkaichi &#8211; Pr\u00e9fecture de Mie &#8211; R\u00e9gion du Kansai &#8211; \u00cele de Honsh\u016b<\/p>\n<p>Pays : Japon<\/p>\n<p>C\u00e9ramiste reconnu de Yokkaichi, dans la pr\u00e9fecture de Mie, sp\u00e9cialis\u00e9 dans le Banko-yaki \u842c\u53e4\u713c. Titulaire du titre de Dent\u014d K\u014dgeishi (artisan d\u2019art traditionnel). Il perp\u00e9tue la tradition des th\u00e9i\u00e8res japonaises (Ky\u016bsu) en argile violette (Shidei \u7d2b\u6ce5), typiques de cette r\u00e9gion. Son travail se distingue par une recherche d\u2019\u00e9quilibre entre fonctionnalit\u00e9 et beaut\u00e9. Chaque pi\u00e8ce est con\u00e7ue pour offrir une exp\u00e9rience sensorielle harmonieuse, du toucher \u00e0 la verse du th\u00e9. Il ma\u00eetrise la cuisson en atmosph\u00e8re r\u00e9ductrice, qui r\u00e9v\u00e8le les nuances profondes de l\u2019argile riche en fer. Il emploie des techniques d\u00e9coratives comme le Tochiri ou le Biri. R\u00e9compens\u00e9 tr\u00e8s jeune par un prix minist\u00e9riel, ses \u0153uvres ont \u00e9t\u00e9 offertes au couple imp\u00e9rial. Fid\u00e8le \u00e0 l\u2019esprit du Banko-yaki : \u201c\u00e9ternit\u00e9 et constance\u201d. Masaki TACHI incarne la continuit\u00e9 vivante d\u2019un artisanat o\u00f9 rigueur, sobri\u00e9t\u00e9 et chaleur humaine se rencontrent.<\/p>\n<p>Une caract\u00e9ristique cl\u00e9 de <a href=\"https:\/\/www.maisonwabisabi.com\/en\/banko-yaki\/\" target=\"_blank\" rel=\"noreferrer noopener\">Banko-yaki<\/a> est la cuisson en forte r\u00e9duction. Il \u00e9limine l&rsquo;oxyg\u00e8ne de l&rsquo;argile et se traduit par une plus grande duret\u00e9 et porosit\u00e9. Il est \u00e9galement responsable de la c\u00e9l\u00e8bre couleur violette avec un \u00e9clat sp\u00e9cial, presque m\u00e9tallique. propri\u00e9t\u00e9s en termes de go\u00fbt et d&rsquo;effet sur le th\u00e9 vert japonais. L&rsquo;argile d&rsquo;origine \u00e9tait exclusivement jaune (la m\u00eame qu&rsquo;\u00e0 Yixing) et devenait violette \u00e0 la cuisson, en raison d&rsquo;une teneur en fer particuli\u00e8rement \u00e9lev\u00e9e d&rsquo;environ 6-7 %, et pouvait \u00eatre cuite \u00e0 des temp\u00e9ratures plus \u00e9lev\u00e9es, autour de 1200\u00b0C. Avec l&rsquo;ass\u00e8chement de l&rsquo;argile Banko d&rsquo;origine depuis les ann\u00e9es 1990 environ, les potiers m\u00e9langent principalement de l&rsquo;argile rouge avec de l&rsquo;argile jaune, qui provient d&rsquo;ateliers de diff\u00e9rentes r\u00e9gions. Seuls les Ky\u016bsu vintage ont de l&rsquo;argile 100% originale de Yokkaichi.<\/p>","protected":false},"excerpt":{"rendered":"<p><span style=\"color: #000000;\"><strong>Dimensions :<\/strong> Longueur 11,4 cm x Largeur 8,7 cm x Hauteur 8 cm<\/span><\/p>\n<p><strong><span style=\"color: #000000;\">Cat\u00e9gorie du produit :<\/span><\/strong> <span style=\"color: #ff0000;\"><a style=\"color: #ff0000;\" href=\"https:\/\/www.maisonwabisabi.com\/en\/theiere\/\">Th\u00e9i\u00e8re &#8211; Ky\u016bsu &#8211; \u6025\u9808<\/a><\/span><\/p>\n<p><strong><span style=\"color: #000000;\">Gamme du produit :<\/span><\/strong><a href=\"https:\/\/www.maisonwabisabi.com\/en\/utsuwa\/the-et-cafe\/\" target=\"_blank\" rel=\"noopener\"><span style=\"color: #ff0000;\"> Tea and Coffee<\/span><\/a><\/p>\n<p><span style=\"color: #000000;\"><strong>Message de Yann san :<\/strong> Un <span style=\"color: #ff0000;\"><a style=\"color: #ff0000;\" href=\"https:\/\/www.maisonwabisabi.com\/en\/utsuwa\/\" target=\"_blank\" rel=\"noopener\">Utsuwa<\/a><\/span> est un r\u00e9cipient d&rsquo;utilisation quotidienne. Chez <span style=\"color: #ff0000;\"><a style=\"color: #ff0000;\" href=\"https:\/\/www.maisonwabisabi.com\/en\/notre-histoire\/\" target=\"_blank\" rel=\"noopener\">Maison Wabi-Sabi<\/a><\/span>, nous vous proposons des pi\u00e8ces uniques fabriqu\u00e9es artisanalement. Et qui dit unique et artisanale signifie Wabi-Sabi et <span style=\"color: #ff0000;\"><a style=\"color: #ff0000;\" href=\"https:\/\/www.maisonwabisabi.com\/en\/utsuwa\/imperfection-artisanale\/\" target=\"_blank\" rel=\"noopener\">imperfection artisanale<\/a><\/span>. La taille, la couleur et la forme peuvent diff\u00e9rer l\u00e9g\u00e8rement selon la photo ou une autre c\u00e9ramique du m\u00eame artiste. Le travail manuel et les caract\u00e9ristiques de cette c\u00e9ramique en font une oeuvre d&rsquo;art d&rsquo;une grande qualit\u00e9. Plus d&rsquo;infos sur Maison Wabi-Sabi : c&rsquo;est par <span style=\"color: #ff0000;\"><a style=\"color: #ff0000;\" href=\"https:\/\/linktr.ee\/Maison.Wabi.Sabi\" target=\"_blank\" rel=\"noopener\">ici<\/a><\/span><\/span><\/p>\n<p><span style=\"color: #000000;\"><strong>Prendre soin :<\/strong> Nettoyer avec une \u00e9ponge douce, sans d\u00e9tergent abrasif. Ne passe pas au micro-ondes et au lave-vaisselle. Plus d&rsquo;informations : <span style=\"color: #ff0000;\"><a style=\"color: #ff0000;\" href=\"https:\/\/www.maisonwabisabi.com\/en\/utsuwa\/soin-et-manipulation-des-poteries\/\" target=\"_blank\" rel=\"noopener\">Care and handling of pottery<\/a><\/span><\/span><\/p>\n<p><span style=\"color: #000000;\"><strong>Utilisations :<\/strong> Convient pour toutes les <span style=\"color: #ff0000;\"><a style=\"color: #ff0000;\" href=\"https:\/\/www.maisonwabisabi.com\/en\/principales-categories\/\">recettes<\/a><\/span>. \u00c0 vous de vous l&rsquo;approprier et de l&rsquo;utiliser \u00e0 votre convenance.<\/span><\/p>\n<p><span style=\"color: #0000ff;\"><strong>=&gt; \u00c0 PARTIR DE 120\u20ac D&rsquo;ACHAT, LIVRAISON OFFERTE en FRANCE M\u00c9TROPOLITAINE &amp; en EUROPE.<\/strong><\/span><\/p>\n<p><span style=\"color: #000000;\"><strong>Mondial Relay en Point Relais\u00ae ou Locker :<\/strong> <span style=\"color: #ff0000;\"><a style=\"color: #ff0000;\" href=\"https:\/\/www.maisonwabisabi.com\/en\/livraisons-retours\/\">Livraison<\/a><\/span> France sous 3 \u00e0 10 jours ouvr\u00e9s et Europe, incluant la remise du colis contre signature. <\/span><span style=\"color: #000000;\"><strong>La Poste Colissimo Domicile :<\/strong> <span style=\"color: #ff0000;\"><a style=\"color: #ff0000;\" href=\"https:\/\/www.maisonwabisabi.com\/en\/livraisons-retours\/\">Livraison<\/a><\/span> France, Europe et Internationale avec suivi et remise en main propre contre signature.<\/span><\/p>","protected":false},"featured_media":0,"comment_status":"closed","ping_status":"closed","template":"","meta":{"site-sidebar-layout":"default","site-content-layout":"","ast-site-content-layout":"default","site-content-style":"default","site-sidebar-style":"default","ast-global-header-display":"","ast-banner-title-visibility":"","ast-main-header-display":"","ast-hfb-above-header-display":"","ast-hfb-below-header-display":"","ast-hfb-mobile-header-display":"","site-post-title":"","ast-breadcrumbs-content":"","ast-featured-img":"","footer-sml-layout":"","ast-disable-related-posts":"","theme-transparent-header-meta":"default","adv-header-id-meta":"","stick-header-meta":"","header-above-stick-meta":"","header-main-stick-meta":"","header-below-stick-meta":"","astra-migrate-meta-layouts":"set","ast-page-background-enabled":"default","ast-page-background-meta":{"desktop":{"background-color":"var(--ast-global-color-5)","background-image":"","background-repeat":"repeat","background-position":"center center","background-size":"auto","background-attachment":"scroll","background-type":"","background-media":"","overlay-type":"","overlay-color":"","overlay-opacity":"","overlay-gradient":""},"tablet":{"background-color":"","background-image":"","background-repeat":"repeat","background-position":"center center","background-size":"auto","background-attachment":"scroll","background-type":"","background-media":"","overlay-type":"","overlay-color":"","overlay-opacity":"","overlay-gradient":""},"mobile":{"background-color":"","background-image":"","background-repeat":"repeat","background-position":"center center","background-size":"auto","background-attachment":"scroll","background-type":"","background-media":"","overlay-type":"","overlay-color":"","overlay-opacity":"","overlay-gradient":""}},"ast-content-background-meta":{"desktop":{"background-color":"var(--ast-global-color-4)","background-image":"","background-repeat":"repeat","background-position":"center center","background-size":"auto","background-attachment":"scroll","background-type":"","background-media":"","overlay-type":"","overlay-color":"","overlay-opacity":"","overlay-gradient":""},"tablet":{"background-color":"var(--ast-global-color-4)","background-image":"","background-repeat":"repeat","background-position":"center center","background-size":"auto","background-attachment":"scroll","background-type":"","background-media":"","overlay-type":"","overlay-color":"","overlay-opacity":"","overlay-gradient":""},"mobile":{"background-color":"var(--ast-global-color-4)","background-image":"","background-repeat":"repeat","background-position":"center center","background-size":"auto","background-attachment":"scroll","background-type":"","background-media":"","overlay-type":"","overlay-color":"","overlay-opacity":"","overlay-gradient":""}}},"product_brand":[],"product_cat":[193,285,95,106],"product_tag":[],"class_list":{"0":"post-37584","1":"product","2":"type-product","3":"status-publish","5":"product_cat-ceramistes-du-japon","6":"product_cat-collections-2025","7":"product_cat-gamme-pour-le-the-et-le-cafe","8":"product_cat-theieres","9":"product_shipping_class-moins-de-1-kilo","10":"desktop-align-left","11":"tablet-align-left","12":"mobile-align-left","14":"first","15":"outofstock","16":"sold-individually","17":"shipping-taxable","18":"purchasable","19":"product-type-simple"},"yoast_head":"<!-- This site is optimized with the Yoast SEO plugin v27.5 - https:\/\/yoast.com\/product\/yoast-seo-wordpress\/ -->\n<title>Th\u00e9i\u00e8re #1 Masaki TACHI - Maison Wabi-Sabi - Boutique<\/title>\n<meta name=\"description\" content=\"Th\u00e9i\u00e8re #1 Masaki TACHI \u8218\u6b63\u898f. Situ\u00e9 \u00e0 Yokkaichi, pr\u00e9fecture de Mie, r\u00e9gion du Ch\u016bbu, Japon. Cuisson sur four \u00e0 gaz. C\u00e9ramique japonaise.\" \/>\n<meta name=\"robots\" content=\"index, follow, max-snippet:-1, max-image-preview:large, max-video-preview:-1\" \/>\n<link rel=\"canonical\" href=\"https:\/\/www.maisonwabisabi.com\/en\/boutique\/theiere-1-masaki-tachi\/\" \/>\n<meta property=\"og:locale\" content=\"en_GB\" \/>\n<meta property=\"og:type\" content=\"article\" \/>\n<meta property=\"og:title\" content=\"Th\u00e9i\u00e8re #1 Masaki TACHI - Maison Wabi-Sabi - Boutique\" \/>\n<meta property=\"og:description\" content=\"Th\u00e9i\u00e8re #1 Masaki TACHI \u8218\u6b63\u898f. Situ\u00e9 \u00e0 Yokkaichi, pr\u00e9fecture de Mie, r\u00e9gion du Ch\u016bbu, Japon. Cuisson sur four \u00e0 gaz. C\u00e9ramique japonaise.\" \/>\n<meta property=\"og:url\" content=\"https:\/\/www.maisonwabisabi.com\/en\/boutique\/theiere-1-masaki-tachi\/\" \/>\n<meta property=\"og:site_name\" content=\"Maison Wabi-Sabi\" \/>\n<meta property=\"article:publisher\" content=\"https:\/\/www.facebook.com\/MaisonWabiSabi\" \/>\n<meta property=\"article:modified_time\" content=\"2026-03-08T16:08:49+00:00\" \/>\n<meta property=\"og:image\" content=\"https:\/\/www.maisonwabisabi.com\/wp-content\/uploads\/2025\/10\/A25MasTACHJPNKYU1-Face1.jpg\" \/>\n\t<meta property=\"og:image:width\" content=\"1024\" \/>\n\t<meta property=\"og:image:height\" content=\"1024\" \/>\n\t<meta property=\"og:image:type\" content=\"image\/jpeg\" \/>\n<meta name=\"twitter:card\" content=\"summary_large_image\" \/>\n<meta name=\"twitter:label1\" content=\"Estimated reading time\" \/>\n\t<meta name=\"twitter:data1\" content=\"2 minutes\" \/>\n<script type=\"application\/ld+json\" class=\"yoast-schema-graph\">{\"@context\":\"https:\\\/\\\/schema.org\",\"@graph\":[{\"@type\":\"WebPage\",\"@id\":\"https:\\\/\\\/www.maisonwabisabi.com\\\/boutique\\\/theiere-1-masaki-tachi\\\/\",\"url\":\"https:\\\/\\\/www.maisonwabisabi.com\\\/boutique\\\/theiere-1-masaki-tachi\\\/\",\"name\":\"Th\u00e9i\u00e8re #1 Masaki TACHI - Maison Wabi-Sabi - Boutique\",\"isPartOf\":{\"@id\":\"https:\\\/\\\/www.maisonwabisabi.com\\\/#website\"},\"datePublished\":\"2025-10-05T09:15:48+00:00\",\"dateModified\":\"2026-03-08T16:08:49+00:00\",\"description\":\"Th\u00e9i\u00e8re #1 Masaki TACHI \u8218\u6b63\u898f. Situ\u00e9 \u00e0 Yokkaichi, pr\u00e9fecture de Mie, r\u00e9gion du Ch\u016bbu, Japon. Cuisson sur four \u00e0 gaz. C\u00e9ramique japonaise.\",\"breadcrumb\":{\"@id\":\"https:\\\/\\\/www.maisonwabisabi.com\\\/boutique\\\/theiere-1-masaki-tachi\\\/#breadcrumb\"},\"inLanguage\":\"en-GB\",\"potentialAction\":[{\"@type\":\"ReadAction\",\"target\":[\"https:\\\/\\\/www.maisonwabisabi.com\\\/boutique\\\/theiere-1-masaki-tachi\\\/\"]}]},{\"@type\":\"BreadcrumbList\",\"@id\":\"https:\\\/\\\/www.maisonwabisabi.com\\\/boutique\\\/theiere-1-masaki-tachi\\\/#breadcrumb\",\"itemListElement\":[{\"@type\":\"ListItem\",\"position\":1,\"name\":\"Bienvenue\",\"item\":\"https:\\\/\\\/www.maisonwabisabi.com\\\/\"},{\"@type\":\"ListItem\",\"position\":2,\"name\":\"E-shop \\\/ Boutique\",\"item\":\"https:\\\/\\\/www.maisonwabisabi.com\\\/boutique\\\/\"},{\"@type\":\"ListItem\",\"position\":3,\"name\":\"Th\u00e9i\u00e8re Banko-yaki 140ml &#8211; Masaki TACHI\"}]},{\"@type\":\"WebSite\",\"@id\":\"https:\\\/\\\/www.maisonwabisabi.com\\\/#website\",\"url\":\"https:\\\/\\\/www.maisonwabisabi.com\\\/\",\"name\":\"Maison Wabi-Sabi\",\"description\":\"\",\"publisher\":{\"@id\":\"https:\\\/\\\/www.maisonwabisabi.com\\\/#organization\"},\"potentialAction\":[{\"@type\":\"SearchAction\",\"target\":{\"@type\":\"EntryPoint\",\"urlTemplate\":\"https:\\\/\\\/www.maisonwabisabi.com\\\/?s={search_term_string}\"},\"query-input\":{\"@type\":\"PropertyValueSpecification\",\"valueRequired\":true,\"valueName\":\"search_term_string\"}}],\"inLanguage\":\"en-GB\"},{\"@type\":\"Organization\",\"@id\":\"https:\\\/\\\/www.maisonwabisabi.com\\\/#organization\",\"name\":\"Maison Wabi-Sabi\",\"url\":\"https:\\\/\\\/www.maisonwabisabi.com\\\/\",\"logo\":{\"@type\":\"ImageObject\",\"inLanguage\":\"en-GB\",\"@id\":\"https:\\\/\\\/www.maisonwabisabi.com\\\/#\\\/schema\\\/logo\\\/image\\\/\",\"url\":\"https:\\\/\\\/www.maisonwabisabi.com\\\/wp-content\\\/uploads\\\/2021\\\/11\\\/Logo-de-maison-Wabi-Sabi.jpg\",\"contentUrl\":\"https:\\\/\\\/www.maisonwabisabi.com\\\/wp-content\\\/uploads\\\/2021\\\/11\\\/Logo-de-maison-Wabi-Sabi.jpg\",\"width\":1024,\"height\":1024,\"caption\":\"Maison Wabi-Sabi\"},\"image\":{\"@id\":\"https:\\\/\\\/www.maisonwabisabi.com\\\/#\\\/schema\\\/logo\\\/image\\\/\"},\"sameAs\":[\"https:\\\/\\\/www.facebook.com\\\/MaisonWabiSabi\",\"https:\\\/\\\/www.instagram.com\\\/maison.wabi.sabi\\\/?hl=fr\",\"https:\\\/\\\/www.linkedin.com\\\/company\\\/69088467\"]}]}<\/script>\n<!-- \/ Yoast SEO plugin. -->","yoast_head_json":{"title":"Th\u00e9i\u00e8re #1 Masaki TACHI - Maison Wabi-Sabi - Boutique","description":"Th\u00e9i\u00e8re #1 Masaki TACHI \u8218\u6b63\u898f. Situ\u00e9 \u00e0 Yokkaichi, pr\u00e9fecture de Mie, r\u00e9gion du Ch\u016bbu, Japon. Cuisson sur four \u00e0 gaz. C\u00e9ramique japonaise.","robots":{"index":"index","follow":"follow","max-snippet":"max-snippet:-1","max-image-preview":"max-image-preview:large","max-video-preview":"max-video-preview:-1"},"canonical":"https:\/\/www.maisonwabisabi.com\/en\/boutique\/theiere-1-masaki-tachi\/","og_locale":"en_GB","og_type":"article","og_title":"Th\u00e9i\u00e8re #1 Masaki TACHI - Maison Wabi-Sabi - Boutique","og_description":"Th\u00e9i\u00e8re #1 Masaki TACHI \u8218\u6b63\u898f. Situ\u00e9 \u00e0 Yokkaichi, pr\u00e9fecture de Mie, r\u00e9gion du Ch\u016bbu, Japon. Cuisson sur four \u00e0 gaz. C\u00e9ramique japonaise.","og_url":"https:\/\/www.maisonwabisabi.com\/en\/boutique\/theiere-1-masaki-tachi\/","og_site_name":"Maison Wabi-Sabi","article_publisher":"https:\/\/www.facebook.com\/MaisonWabiSabi","article_modified_time":"2026-03-08T16:08:49+00:00","og_image":[{"width":1024,"height":1024,"url":"https:\/\/www.maisonwabisabi.com\/wp-content\/uploads\/2025\/10\/A25MasTACHJPNKYU1-Face1.jpg","type":"image\/jpeg"}],"twitter_card":"summary_large_image","twitter_misc":{"Estimated reading time":"2 minutes"},"schema":{"@context":"https:\/\/schema.org","@graph":[{"@type":"WebPage","@id":"https:\/\/www.maisonwabisabi.com\/boutique\/theiere-1-masaki-tachi\/","url":"https:\/\/www.maisonwabisabi.com\/boutique\/theiere-1-masaki-tachi\/","name":"Th\u00e9i\u00e8re #1 Masaki TACHI - Maison Wabi-Sabi - Boutique","isPartOf":{"@id":"https:\/\/www.maisonwabisabi.com\/#website"},"datePublished":"2025-10-05T09:15:48+00:00","dateModified":"2026-03-08T16:08:49+00:00","description":"Th\u00e9i\u00e8re #1 Masaki TACHI \u8218\u6b63\u898f. Situ\u00e9 \u00e0 Yokkaichi, pr\u00e9fecture de Mie, r\u00e9gion du Ch\u016bbu, Japon. Cuisson sur four \u00e0 gaz. C\u00e9ramique japonaise.","breadcrumb":{"@id":"https:\/\/www.maisonwabisabi.com\/boutique\/theiere-1-masaki-tachi\/#breadcrumb"},"inLanguage":"en-GB","potentialAction":[{"@type":"ReadAction","target":["https:\/\/www.maisonwabisabi.com\/boutique\/theiere-1-masaki-tachi\/"]}]},{"@type":"BreadcrumbList","@id":"https:\/\/www.maisonwabisabi.com\/boutique\/theiere-1-masaki-tachi\/#breadcrumb","itemListElement":[{"@type":"ListItem","position":1,"name":"Bienvenue","item":"https:\/\/www.maisonwabisabi.com\/"},{"@type":"ListItem","position":2,"name":"E-shop \/ Boutique","item":"https:\/\/www.maisonwabisabi.com\/boutique\/"},{"@type":"ListItem","position":3,"name":"Th\u00e9i\u00e8re Banko-yaki 140ml &#8211; Masaki TACHI"}]},{"@type":"WebSite","@id":"https:\/\/www.maisonwabisabi.com\/#website","url":"https:\/\/www.maisonwabisabi.com\/","name":"Maison Wabi-Sabi","description":"","publisher":{"@id":"https:\/\/www.maisonwabisabi.com\/#organization"},"potentialAction":[{"@type":"SearchAction","target":{"@type":"EntryPoint","urlTemplate":"https:\/\/www.maisonwabisabi.com\/?s={search_term_string}"},"query-input":{"@type":"PropertyValueSpecification","valueRequired":true,"valueName":"search_term_string"}}],"inLanguage":"en-GB"},{"@type":"Organization","@id":"https:\/\/www.maisonwabisabi.com\/#organization","name":"Maison Wabi-Sabi","url":"https:\/\/www.maisonwabisabi.com\/","logo":{"@type":"ImageObject","inLanguage":"en-GB","@id":"https:\/\/www.maisonwabisabi.com\/#\/schema\/logo\/image\/","url":"https:\/\/www.maisonwabisabi.com\/wp-content\/uploads\/2021\/11\/Logo-de-maison-Wabi-Sabi.jpg","contentUrl":"https:\/\/www.maisonwabisabi.com\/wp-content\/uploads\/2021\/11\/Logo-de-maison-Wabi-Sabi.jpg","width":1024,"height":1024,"caption":"Maison Wabi-Sabi"},"image":{"@id":"https:\/\/www.maisonwabisabi.com\/#\/schema\/logo\/image\/"},"sameAs":["https:\/\/www.facebook.com\/MaisonWabiSabi","https:\/\/www.instagram.com\/maison.wabi.sabi\/?hl=fr","https:\/\/www.linkedin.com\/company\/69088467"]}]}},"_links":{"self":[{"href":"https:\/\/www.maisonwabisabi.com\/en\/wp-json\/wp\/v2\/product\/37584","targetHints":{"allow":["GET"]}}],"collection":[{"href":"https:\/\/www.maisonwabisabi.com\/en\/wp-json\/wp\/v2\/product"}],"about":[{"href":"https:\/\/www.maisonwabisabi.com\/en\/wp-json\/wp\/v2\/types\/product"}],"replies":[{"embeddable":true,"href":"https:\/\/www.maisonwabisabi.com\/en\/wp-json\/wp\/v2\/comments?post=37584"}],"wp:attachment":[{"href":"https:\/\/www.maisonwabisabi.com\/en\/wp-json\/wp\/v2\/media?parent=37584"}],"wp:term":[{"taxonomy":"product_brand","embeddable":true,"href":"https:\/\/www.maisonwabisabi.com\/en\/wp-json\/wp\/v2\/product_brand?post=37584"},{"taxonomy":"product_cat","embeddable":true,"href":"https:\/\/www.maisonwabisabi.com\/en\/wp-json\/wp\/v2\/product_cat?post=37584"},{"taxonomy":"product_tag","embeddable":true,"href":"https:\/\/www.maisonwabisabi.com\/en\/wp-json\/wp\/v2\/product_tag?post=37584"}],"curies":[{"name":"wp","href":"https:\/\/api.w.org\/{rel}","templated":true}]}}