{"id":35851,"date":"2025-07-07T10:29:16","date_gmt":"2025-07-07T08:29:16","guid":{"rendered":"https:\/\/www.maisonwabisabi.com\/?post_type=product&#038;p=35851"},"modified":"2026-02-07T22:52:32","modified_gmt":"2026-02-07T21:52:32","slug":"plateau-souple-carre-obi-vintage-upcycling-1","status":"publish","type":"product","link":"https:\/\/www.maisonwabisabi.com\/en\/boutique\/plateau-souple-carre-obi-vintage-upcycling-1\/","title":{"rendered":"Plateau souple \u00ab\u00a0Obi de Maiko\u00a0\u00bb 30x30cm &#8211; Vintage Upcycling"},"content":{"rendered":"<p>Achet\u00e9e au\u00a0March\u00e9 du <a href=\"https:\/\/www.discoverkyoto.com\/places-go\/kitano-tenmangu\/\" target=\"_blank\" rel=\"noopener\">Kitano Tenman-g\u016b<\/a><\/p>\n<p>Localisation : Ville de Ky\u014dto &#8211; Pr\u00e9fecture de Ky\u014dto &#8211; R\u00e9gion de Kansai &#8211; \u00cele de Honsh\u016b<\/p>\n<p>Pays : Japon<\/p>\n<p data-start=\"124\" data-end=\"500\">\u00ab\u00a0En 2012, lors d\u2019un voyage au Japon, je me suis rendu au <a href=\"https:\/\/kitanotenmangu.or.jp\/en\/\" target=\"_blank\" rel=\"noopener\">Sanctuaire Kitano Tenman-g\u016b<\/a> pour le visiter. Par hasard, je suis tomb\u00e9 sur l\u2019un des plus beaux march\u00e9s aux puces de Ky\u014dto. \u00c0 l\u2019\u00e9poque, ces march\u00e9s \u00e9taient exceptionnels : les objets propos\u00e9s provenaient directement de familles japonaises ou de marchands d\u2019antiquit\u00e9s r\u00e9put\u00e9s, et la qualit\u00e9 \u00e9tait toujours au rendez-vous. Ce jour-l\u00e0, j\u2019ai d\u00e9nich\u00e9 deux Obi \u2014 ces ceintures \u00e9paisses et richement brod\u00e9es port\u00e9es par les Geisha ou les Maiko \u2014 ainsi qu\u2019une ceinture de Yukata. Depuis, ces trois superbes pi\u00e8ces de tissu japonais \u00e9taient soigneusement conserv\u00e9es chez moi, sans usage particulier. R\u00e9cemment, j\u2019ai demand\u00e9 \u00e0 ma m\u00e8re, qui est dou\u00e9e en couture, de leur donner une seconde vie. Elle en a fait des plateaux textiles souples, parfaits pour mettre en valeur un vase, une sculpture, une th\u00e9i\u00e8re accompagn\u00e9e de sa tasse, etc. Avec la ceinture de Yukata, elle a aussi confectionn\u00e9 des sous-verres, pr\u00e9sentant un motif diff\u00e9rent de chaque c\u00f4t\u00e9. Ces belles pi\u00e8ces vintage ont d\u00e9sormais retrouv\u00e9 une utilit\u00e9, tout en conservant leur histoire.\u00a0\u00bb<\/p>\n<p data-start=\"124\" data-end=\"500\">Si vous souhaitez d\u00e9couvrir ce march\u00e9, sachez qu\u2019il se tient chaque 25 du mois, de 6h \u00e0 21h, dans les rues entourant le sanctuaire.<\/p>","protected":false},"excerpt":{"rendered":"<p><span style=\"color: #000000;\"><strong>Dimensions :<\/strong> Longueur 30 cm x Largeur 30 cm x Hauteur 1,5 cm<\/span><\/p>\n<p><span style=\"color: #000000;\"><strong>Prendre soin :<\/strong> Aspirez doucement avec l&rsquo;aspirateur ou secouez le pour retirer la poussi\u00e8re. Nettoyer avec un d\u00e9tachant \u00e0 sec pour textile d\u00e9licat, brosser avec une brosse tr\u00e8s souple pour \u00e9viter d&rsquo;arracher les broderies. Peut sentir un peu le renferm\u00e9. Si vous le laissez \u00e0 l&rsquo;air libre, l&rsquo;odeur disparaitra avec le temps. Plus d&rsquo;infos sur Maison Wabi-Sabi : c&rsquo;est par <span style=\"color: #ff0000;\"><a style=\"color: #ff0000;\" href=\"https:\/\/linktr.ee\/Maison.Wabi.Sabi\" target=\"_blank\" rel=\"noopener\">ici<\/a><\/span><\/span><\/p>\n<p><span style=\"color: #000000;\"><strong>Utilisations :<\/strong> Chaque pi\u00e8ce est unique et r\u00e9alis\u00e9e \u00e0 la main. \u00c0 vous de vous l&rsquo;approprier et de l&rsquo;utiliser \u00e0 votre convenance.<\/span><\/p>\n<p><span style=\"color: #0000ff;\"><strong>=&gt; \u00c0 PARTIR DE 120\u20ac D&rsquo;ACHAT, LIVRAISON OFFERTE en FRANCE M\u00c9TROPOLITAINE &amp; en EUROPE.<\/strong><\/span><\/p>\n<p><span style=\"color: #000000;\"><strong>Mondial Relay en Point Relais\u00ae ou Locker :<\/strong> <span style=\"color: #ff0000;\"><a style=\"color: #ff0000;\" href=\"https:\/\/www.maisonwabisabi.com\/en\/livraisons-retours\/\">Livraison<\/a><\/span> France sous 3 \u00e0 10 jours ouvr\u00e9s et Europe, incluant la remise du colis contre signature. <\/span><span style=\"color: #000000;\"><strong>La Poste Colissimo Domicile :<\/strong> <span style=\"color: #ff0000;\"><a style=\"color: #ff0000;\" href=\"https:\/\/www.maisonwabisabi.com\/en\/livraisons-retours\/\">Livraison<\/a><\/span> France, Europe et Internationale avec suivi et remise en main propre contre signature.<\/span><\/p>","protected":false},"featured_media":35843,"comment_status":"closed","ping_status":"closed","template":"","meta":{"site-sidebar-layout":"default","site-content-layout":"","ast-site-content-layout":"default","site-content-style":"default","site-sidebar-style":"default","ast-global-header-display":"","ast-banner-title-visibility":"","ast-main-header-display":"","ast-hfb-above-header-display":"","ast-hfb-below-header-display":"","ast-hfb-mobile-header-display":"","site-post-title":"","ast-breadcrumbs-content":"","ast-featured-img":"","footer-sml-layout":"","ast-disable-related-posts":"","theme-transparent-header-meta":"default","adv-header-id-meta":"","stick-header-meta":"","header-above-stick-meta":"","header-main-stick-meta":"","header-below-stick-meta":"","astra-migrate-meta-layouts":"set","ast-page-background-enabled":"default","ast-page-background-meta":{"desktop":{"background-color":"var(--ast-global-color-5)","background-image":"","background-repeat":"repeat","background-position":"center center","background-size":"auto","background-attachment":"scroll","background-type":"","background-media":"","overlay-type":"","overlay-color":"","overlay-opacity":"","overlay-gradient":""},"tablet":{"background-color":"","background-image":"","background-repeat":"repeat","background-position":"center center","background-size":"auto","background-attachment":"scroll","background-type":"","background-media":"","overlay-type":"","overlay-color":"","overlay-opacity":"","overlay-gradient":""},"mobile":{"background-color":"","background-image":"","background-repeat":"repeat","background-position":"center center","background-size":"auto","background-attachment":"scroll","background-type":"","background-media":"","overlay-type":"","overlay-color":"","overlay-opacity":"","overlay-gradient":""}},"ast-content-background-meta":{"desktop":{"background-color":"var(--ast-global-color-4)","background-image":"","background-repeat":"repeat","background-position":"center center","background-size":"auto","background-attachment":"scroll","background-type":"","background-media":"","overlay-type":"","overlay-color":"","overlay-opacity":"","overlay-gradient":""},"tablet":{"background-color":"var(--ast-global-color-4)","background-image":"","background-repeat":"repeat","background-position":"center center","background-size":"auto","background-attachment":"scroll","background-type":"","background-media":"","overlay-type":"","overlay-color":"","overlay-opacity":"","overlay-gradient":""},"mobile":{"background-color":"var(--ast-global-color-4)","background-image":"","background-repeat":"repeat","background-position":"center center","background-size":"auto","background-attachment":"scroll","background-type":"","background-media":"","overlay-type":"","overlay-color":"","overlay-opacity":"","overlay-gradient":""}}},"product_brand":[],"product_cat":[228,273],"product_tag":[],"class_list":{"0":"post-35851","1":"product","2":"type-product","3":"status-publish","4":"has-post-thumbnail","6":"product_cat-autres-artisanats","7":"product_cat-tissu-de-kyoto-upcycling","8":"product_shipping_class-moins-de-1-kilo","9":"desktop-align-left","10":"tablet-align-left","11":"mobile-align-left","13":"first","14":"instock","15":"sold-individually","16":"shipping-taxable","17":"purchasable","18":"product-type-simple"},"yoast_head":"<!-- This site is optimized with the Yoast SEO plugin v27.5 - https:\/\/yoast.com\/product\/yoast-seo-wordpress\/ -->\n<title>Plateau souple carr\u00e9 Obi Vintage Upcycling - Maison Wabi-Sabi - Boutique<\/title>\n<meta name=\"description\" content=\"Plateau souple carr\u00e9 Obi Vintage Upcycling. Achet\u00e9 \u00e0 Ky\u014dto. March\u00e9 du Kitano Tenman-g\u016b. R\u00e9alis\u00e9 \u00e0 la main par la maman de Yann san. C\u00e9ramique japonaise.\" \/>\n<meta name=\"robots\" content=\"index, follow, max-snippet:-1, max-image-preview:large, max-video-preview:-1\" \/>\n<link rel=\"canonical\" href=\"https:\/\/www.maisonwabisabi.com\/en\/boutique\/plateau-souple-carre-obi-vintage-upcycling-1\/\" \/>\n<meta property=\"og:locale\" content=\"en_GB\" \/>\n<meta property=\"og:type\" content=\"article\" \/>\n<meta property=\"og:title\" content=\"Plateau souple carr\u00e9 Obi Vintage Upcycling - Maison Wabi-Sabi - Boutique\" \/>\n<meta property=\"og:description\" content=\"Plateau souple carr\u00e9 Obi Vintage Upcycling. Achet\u00e9 \u00e0 Ky\u014dto. March\u00e9 du Kitano Tenman-g\u016b. R\u00e9alis\u00e9 \u00e0 la main par la maman de Yann san. C\u00e9ramique japonaise.\" \/>\n<meta property=\"og:url\" content=\"https:\/\/www.maisonwabisabi.com\/en\/boutique\/plateau-souple-carre-obi-vintage-upcycling-1\/\" \/>\n<meta property=\"og:site_name\" content=\"Maison Wabi-Sabi\" \/>\n<meta property=\"article:publisher\" content=\"https:\/\/www.facebook.com\/MaisonWabiSabi\" \/>\n<meta property=\"article:modified_time\" content=\"2026-02-07T21:52:32+00:00\" \/>\n<meta property=\"og:image\" content=\"https:\/\/www.maisonwabisabi.com\/wp-content\/uploads\/2025\/07\/ACCOBIKyotoFRCARRE1-Face1.jpg\" \/>\n\t<meta property=\"og:image:width\" content=\"1024\" \/>\n\t<meta property=\"og:image:height\" content=\"1024\" \/>\n\t<meta property=\"og:image:type\" content=\"image\/jpeg\" \/>\n<meta name=\"twitter:card\" content=\"summary_large_image\" \/>\n<meta name=\"twitter:label1\" content=\"Estimated reading time\" \/>\n\t<meta name=\"twitter:data1\" content=\"2 minutes\" \/>\n<script type=\"application\/ld+json\" class=\"yoast-schema-graph\">{\"@context\":\"https:\\\/\\\/schema.org\",\"@graph\":[{\"@type\":\"WebPage\",\"@id\":\"https:\\\/\\\/www.maisonwabisabi.com\\\/boutique\\\/plateau-souple-carre-obi-vintage-upcycling-1\\\/\",\"url\":\"https:\\\/\\\/www.maisonwabisabi.com\\\/boutique\\\/plateau-souple-carre-obi-vintage-upcycling-1\\\/\",\"name\":\"Plateau souple carr\u00e9 Obi Vintage Upcycling - Maison Wabi-Sabi - Boutique\",\"isPartOf\":{\"@id\":\"https:\\\/\\\/www.maisonwabisabi.com\\\/#website\"},\"primaryImageOfPage\":{\"@id\":\"https:\\\/\\\/www.maisonwabisabi.com\\\/boutique\\\/plateau-souple-carre-obi-vintage-upcycling-1\\\/#primaryimage\"},\"image\":{\"@id\":\"https:\\\/\\\/www.maisonwabisabi.com\\\/boutique\\\/plateau-souple-carre-obi-vintage-upcycling-1\\\/#primaryimage\"},\"thumbnailUrl\":\"https:\\\/\\\/www.maisonwabisabi.com\\\/wp-content\\\/uploads\\\/2025\\\/07\\\/ACCOBIKyotoFRCARRE1-Face1.jpg\",\"datePublished\":\"2025-07-07T08:29:16+00:00\",\"dateModified\":\"2026-02-07T21:52:32+00:00\",\"description\":\"Plateau souple carr\u00e9 Obi Vintage Upcycling. Achet\u00e9 \u00e0 Ky\u014dto. March\u00e9 du Kitano Tenman-g\u016b. R\u00e9alis\u00e9 \u00e0 la main par la maman de Yann san. C\u00e9ramique japonaise.\",\"breadcrumb\":{\"@id\":\"https:\\\/\\\/www.maisonwabisabi.com\\\/boutique\\\/plateau-souple-carre-obi-vintage-upcycling-1\\\/#breadcrumb\"},\"inLanguage\":\"en-GB\",\"potentialAction\":[{\"@type\":\"ReadAction\",\"target\":[\"https:\\\/\\\/www.maisonwabisabi.com\\\/boutique\\\/plateau-souple-carre-obi-vintage-upcycling-1\\\/\"]}]},{\"@type\":\"ImageObject\",\"inLanguage\":\"en-GB\",\"@id\":\"https:\\\/\\\/www.maisonwabisabi.com\\\/boutique\\\/plateau-souple-carre-obi-vintage-upcycling-1\\\/#primaryimage\",\"url\":\"https:\\\/\\\/www.maisonwabisabi.com\\\/wp-content\\\/uploads\\\/2025\\\/07\\\/ACCOBIKyotoFRCARRE1-Face1.jpg\",\"contentUrl\":\"https:\\\/\\\/www.maisonwabisabi.com\\\/wp-content\\\/uploads\\\/2025\\\/07\\\/ACCOBIKyotoFRCARRE1-Face1.jpg\",\"width\":1024,\"height\":1024,\"caption\":\"Obi de Kimono - Vintage Upcycling - Face1\"},{\"@type\":\"BreadcrumbList\",\"@id\":\"https:\\\/\\\/www.maisonwabisabi.com\\\/boutique\\\/plateau-souple-carre-obi-vintage-upcycling-1\\\/#breadcrumb\",\"itemListElement\":[{\"@type\":\"ListItem\",\"position\":1,\"name\":\"Bienvenue\",\"item\":\"https:\\\/\\\/www.maisonwabisabi.com\\\/\"},{\"@type\":\"ListItem\",\"position\":2,\"name\":\"E-shop \\\/ Boutique\",\"item\":\"https:\\\/\\\/www.maisonwabisabi.com\\\/boutique\\\/\"},{\"@type\":\"ListItem\",\"position\":3,\"name\":\"Plateau souple \u00ab\u00a0Obi de Maiko\u00a0\u00bb 30x30cm &#8211; Vintage Upcycling\"}]},{\"@type\":\"WebSite\",\"@id\":\"https:\\\/\\\/www.maisonwabisabi.com\\\/#website\",\"url\":\"https:\\\/\\\/www.maisonwabisabi.com\\\/\",\"name\":\"Maison Wabi-Sabi\",\"description\":\"\",\"publisher\":{\"@id\":\"https:\\\/\\\/www.maisonwabisabi.com\\\/#organization\"},\"potentialAction\":[{\"@type\":\"SearchAction\",\"target\":{\"@type\":\"EntryPoint\",\"urlTemplate\":\"https:\\\/\\\/www.maisonwabisabi.com\\\/?s={search_term_string}\"},\"query-input\":{\"@type\":\"PropertyValueSpecification\",\"valueRequired\":true,\"valueName\":\"search_term_string\"}}],\"inLanguage\":\"en-GB\"},{\"@type\":\"Organization\",\"@id\":\"https:\\\/\\\/www.maisonwabisabi.com\\\/#organization\",\"name\":\"Maison Wabi-Sabi\",\"url\":\"https:\\\/\\\/www.maisonwabisabi.com\\\/\",\"logo\":{\"@type\":\"ImageObject\",\"inLanguage\":\"en-GB\",\"@id\":\"https:\\\/\\\/www.maisonwabisabi.com\\\/#\\\/schema\\\/logo\\\/image\\\/\",\"url\":\"https:\\\/\\\/www.maisonwabisabi.com\\\/wp-content\\\/uploads\\\/2021\\\/11\\\/Logo-de-maison-Wabi-Sabi.jpg\",\"contentUrl\":\"https:\\\/\\\/www.maisonwabisabi.com\\\/wp-content\\\/uploads\\\/2021\\\/11\\\/Logo-de-maison-Wabi-Sabi.jpg\",\"width\":1024,\"height\":1024,\"caption\":\"Maison Wabi-Sabi\"},\"image\":{\"@id\":\"https:\\\/\\\/www.maisonwabisabi.com\\\/#\\\/schema\\\/logo\\\/image\\\/\"},\"sameAs\":[\"https:\\\/\\\/www.facebook.com\\\/MaisonWabiSabi\",\"https:\\\/\\\/www.instagram.com\\\/maison.wabi.sabi\\\/?hl=fr\",\"https:\\\/\\\/www.linkedin.com\\\/company\\\/69088467\"]}]}<\/script>\n<!-- \/ Yoast SEO plugin. -->","yoast_head_json":{"title":"Plateau souple carr\u00e9 Obi Vintage Upcycling - Maison Wabi-Sabi - Boutique","description":"Plateau souple carr\u00e9 Obi Vintage Upcycling. Achet\u00e9 \u00e0 Ky\u014dto. March\u00e9 du Kitano Tenman-g\u016b. R\u00e9alis\u00e9 \u00e0 la main par la maman de Yann san. C\u00e9ramique japonaise.","robots":{"index":"index","follow":"follow","max-snippet":"max-snippet:-1","max-image-preview":"max-image-preview:large","max-video-preview":"max-video-preview:-1"},"canonical":"https:\/\/www.maisonwabisabi.com\/en\/boutique\/plateau-souple-carre-obi-vintage-upcycling-1\/","og_locale":"en_GB","og_type":"article","og_title":"Plateau souple carr\u00e9 Obi Vintage Upcycling - Maison Wabi-Sabi - Boutique","og_description":"Plateau souple carr\u00e9 Obi Vintage Upcycling. Achet\u00e9 \u00e0 Ky\u014dto. March\u00e9 du Kitano Tenman-g\u016b. R\u00e9alis\u00e9 \u00e0 la main par la maman de Yann san. C\u00e9ramique japonaise.","og_url":"https:\/\/www.maisonwabisabi.com\/en\/boutique\/plateau-souple-carre-obi-vintage-upcycling-1\/","og_site_name":"Maison Wabi-Sabi","article_publisher":"https:\/\/www.facebook.com\/MaisonWabiSabi","article_modified_time":"2026-02-07T21:52:32+00:00","og_image":[{"width":1024,"height":1024,"url":"https:\/\/www.maisonwabisabi.com\/wp-content\/uploads\/2025\/07\/ACCOBIKyotoFRCARRE1-Face1.jpg","type":"image\/jpeg"}],"twitter_card":"summary_large_image","twitter_misc":{"Estimated reading time":"2 minutes"},"schema":{"@context":"https:\/\/schema.org","@graph":[{"@type":"WebPage","@id":"https:\/\/www.maisonwabisabi.com\/boutique\/plateau-souple-carre-obi-vintage-upcycling-1\/","url":"https:\/\/www.maisonwabisabi.com\/boutique\/plateau-souple-carre-obi-vintage-upcycling-1\/","name":"Plateau souple carr\u00e9 Obi Vintage Upcycling - Maison Wabi-Sabi - Boutique","isPartOf":{"@id":"https:\/\/www.maisonwabisabi.com\/#website"},"primaryImageOfPage":{"@id":"https:\/\/www.maisonwabisabi.com\/boutique\/plateau-souple-carre-obi-vintage-upcycling-1\/#primaryimage"},"image":{"@id":"https:\/\/www.maisonwabisabi.com\/boutique\/plateau-souple-carre-obi-vintage-upcycling-1\/#primaryimage"},"thumbnailUrl":"https:\/\/www.maisonwabisabi.com\/wp-content\/uploads\/2025\/07\/ACCOBIKyotoFRCARRE1-Face1.jpg","datePublished":"2025-07-07T08:29:16+00:00","dateModified":"2026-02-07T21:52:32+00:00","description":"Plateau souple carr\u00e9 Obi Vintage Upcycling. Achet\u00e9 \u00e0 Ky\u014dto. March\u00e9 du Kitano Tenman-g\u016b. R\u00e9alis\u00e9 \u00e0 la main par la maman de Yann san. C\u00e9ramique japonaise.","breadcrumb":{"@id":"https:\/\/www.maisonwabisabi.com\/boutique\/plateau-souple-carre-obi-vintage-upcycling-1\/#breadcrumb"},"inLanguage":"en-GB","potentialAction":[{"@type":"ReadAction","target":["https:\/\/www.maisonwabisabi.com\/boutique\/plateau-souple-carre-obi-vintage-upcycling-1\/"]}]},{"@type":"ImageObject","inLanguage":"en-GB","@id":"https:\/\/www.maisonwabisabi.com\/boutique\/plateau-souple-carre-obi-vintage-upcycling-1\/#primaryimage","url":"https:\/\/www.maisonwabisabi.com\/wp-content\/uploads\/2025\/07\/ACCOBIKyotoFRCARRE1-Face1.jpg","contentUrl":"https:\/\/www.maisonwabisabi.com\/wp-content\/uploads\/2025\/07\/ACCOBIKyotoFRCARRE1-Face1.jpg","width":1024,"height":1024,"caption":"Obi de Kimono - Vintage Upcycling - Face1"},{"@type":"BreadcrumbList","@id":"https:\/\/www.maisonwabisabi.com\/boutique\/plateau-souple-carre-obi-vintage-upcycling-1\/#breadcrumb","itemListElement":[{"@type":"ListItem","position":1,"name":"Bienvenue","item":"https:\/\/www.maisonwabisabi.com\/"},{"@type":"ListItem","position":2,"name":"E-shop \/ Boutique","item":"https:\/\/www.maisonwabisabi.com\/boutique\/"},{"@type":"ListItem","position":3,"name":"Plateau souple \u00ab\u00a0Obi de Maiko\u00a0\u00bb 30x30cm &#8211; Vintage Upcycling"}]},{"@type":"WebSite","@id":"https:\/\/www.maisonwabisabi.com\/#website","url":"https:\/\/www.maisonwabisabi.com\/","name":"Maison Wabi-Sabi","description":"","publisher":{"@id":"https:\/\/www.maisonwabisabi.com\/#organization"},"potentialAction":[{"@type":"SearchAction","target":{"@type":"EntryPoint","urlTemplate":"https:\/\/www.maisonwabisabi.com\/?s={search_term_string}"},"query-input":{"@type":"PropertyValueSpecification","valueRequired":true,"valueName":"search_term_string"}}],"inLanguage":"en-GB"},{"@type":"Organization","@id":"https:\/\/www.maisonwabisabi.com\/#organization","name":"Maison Wabi-Sabi","url":"https:\/\/www.maisonwabisabi.com\/","logo":{"@type":"ImageObject","inLanguage":"en-GB","@id":"https:\/\/www.maisonwabisabi.com\/#\/schema\/logo\/image\/","url":"https:\/\/www.maisonwabisabi.com\/wp-content\/uploads\/2021\/11\/Logo-de-maison-Wabi-Sabi.jpg","contentUrl":"https:\/\/www.maisonwabisabi.com\/wp-content\/uploads\/2021\/11\/Logo-de-maison-Wabi-Sabi.jpg","width":1024,"height":1024,"caption":"Maison Wabi-Sabi"},"image":{"@id":"https:\/\/www.maisonwabisabi.com\/#\/schema\/logo\/image\/"},"sameAs":["https:\/\/www.facebook.com\/MaisonWabiSabi","https:\/\/www.instagram.com\/maison.wabi.sabi\/?hl=fr","https:\/\/www.linkedin.com\/company\/69088467"]}]}},"_links":{"self":[{"href":"https:\/\/www.maisonwabisabi.com\/en\/wp-json\/wp\/v2\/product\/35851","targetHints":{"allow":["GET"]}}],"collection":[{"href":"https:\/\/www.maisonwabisabi.com\/en\/wp-json\/wp\/v2\/product"}],"about":[{"href":"https:\/\/www.maisonwabisabi.com\/en\/wp-json\/wp\/v2\/types\/product"}],"replies":[{"embeddable":true,"href":"https:\/\/www.maisonwabisabi.com\/en\/wp-json\/wp\/v2\/comments?post=35851"}],"wp:featuredmedia":[{"embeddable":true,"href":"https:\/\/www.maisonwabisabi.com\/en\/wp-json\/wp\/v2\/media\/35843"}],"wp:attachment":[{"href":"https:\/\/www.maisonwabisabi.com\/en\/wp-json\/wp\/v2\/media?parent=35851"}],"wp:term":[{"taxonomy":"product_brand","embeddable":true,"href":"https:\/\/www.maisonwabisabi.com\/en\/wp-json\/wp\/v2\/product_brand?post=35851"},{"taxonomy":"product_cat","embeddable":true,"href":"https:\/\/www.maisonwabisabi.com\/en\/wp-json\/wp\/v2\/product_cat?post=35851"},{"taxonomy":"product_tag","embeddable":true,"href":"https:\/\/www.maisonwabisabi.com\/en\/wp-json\/wp\/v2\/product_tag?post=35851"}],"curies":[{"name":"wp","href":"https:\/\/api.w.org\/{rel}","templated":true}]}}