{"id":31369,"date":"2024-10-13T18:36:33","date_gmt":"2024-10-13T16:36:33","guid":{"rendered":"https:\/\/www.maisonwabisabi.com\/?post_type=product&#038;p=31369"},"modified":"2026-02-08T13:29:59","modified_gmt":"2026-02-08T12:29:59","slug":"bouteille-a-sake-13-guillaume-parison","status":"publish","type":"product","link":"https:\/\/www.maisonwabisabi.com\/en\/boutique\/bouteille-a-sake-13-guillaume-parison\/","title":{"rendered":"Bouteille \u00e0 Sake 390ml &#8211; Guillaume PARISON"},"content":{"rendered":"<p>C\u00e9ramiste : Guillaume PARISON<\/p>\n<p>Localisation : Ville de Favi\u00e8res &#8211; R\u00e9gion Grand Est &#8211;\u00a0 D\u00e9partement de Meurthe-et-Moselle<\/p>\n<p>Pays : France<\/p>\n<p>\u201cJe m\u2019inspire tr\u00e8s directement des formes, des usages et des techniques c\u00e9ramiques issus des traditions poti\u00e8res japonaises et cor\u00e9ennes. La c\u00e9ramique de bizen (Bizen-yaki) est l\u2019une de mes sources d\u2019inspiration majeure tant pour le d\u00e9cors Hidasuki que pour les cuissons bois, que ce soit d\u2019un point de vue technique ou esth\u00e9tique. La c\u00e9ramique du sud-ouest du Japon (Karatsu-yaki), tr\u00e8s marqu\u00e9e par les traditions cor\u00e9ennes est l\u2019une de mes autres sources d\u2019inspiration, notamment au travers des styles Mishima et Kohiki, avec des techniques\/d\u00e9cors li\u00e9s aux engobes de porcelaine. Je r\u00e9alise toujours les m\u00eames types de pi\u00e8ces, les formes et les volumes peuvent varier, de m\u00eame que les m\u00e9langes de terre et les d\u00e9cors\/traitements de surface. Tout comme l\u2019horticulture mais d\u2019une fa\u00e7on diff\u00e9rente, la c\u00e9ramique m\u2019apporte un rapport \u00e0 la mati\u00e8re, \u00e0 la base, au sol, \u00e0 l\u2019\u00eatre, aux \u00e9l\u00e9ments. Le cycle c\u00e9ramique en lui m\u00eame, fait d\u2019attention et de patience, renvoie directement aux cycles naturels des v\u00e9g\u00e9taux.\u00a0\u00bb<\/p>\n<p>Pour d\u00e9couvrir plus en d\u00e9tails son univers, son m\u00e9tier et sa relation avec la c\u00e9ramique, je vous invite \u00e0 cliquer ici =&gt; <a href=\"https:\/\/www.maisonwabisabi.com\/en\/guillaume-parison\/\">Guillaume PARISON<\/a><\/p>","protected":false},"excerpt":{"rendered":"<p><span style=\"color: #000000;\"><strong>Dimensions :<\/strong> Longueur 9,2 cm x Largeur 9,2 cm x Hauteur 13 cm<\/span><\/p>\n<p><strong><span style=\"color: #000000;\">Cat\u00e9gorie du produit :<\/span><\/strong> <span style=\"color: #ff0000;\"><a style=\"color: #ff0000;\" href=\"https:\/\/www.maisonwabisabi.com\/en\/bouteille-sake\/\" target=\"_blank\" rel=\"noopener\">Bouteille \u00e0 sake &#8211; Tokkuri &#8211; \u5fb3\u5229<\/a><\/span><\/p>\n<p><strong><span style=\"color: #000000;\">Gamme du produit :<\/span><\/strong> <span style=\"color: #ff0000;\"><a style=\"color: #ff0000;\" href=\"https:\/\/www.maisonwabisabi.com\/en\/utsuwa\/les-alcools\/\" target=\"_blank\" rel=\"noopener\">The Alcools<\/a><\/span><\/p>\n<p><span style=\"color: #000000;\"><strong>Message de Yann san :<\/strong> Un <span style=\"color: #ff0000;\"><a style=\"color: #ff0000;\" href=\"https:\/\/www.maisonwabisabi.com\/en\/utsuwa\/\" target=\"_blank\" rel=\"noopener\">Utsuwa<\/a><\/span> est un r\u00e9cipient d&rsquo;utilisation quotidienne. Chez <span style=\"color: #ff0000;\"><a style=\"color: #ff0000;\" href=\"https:\/\/www.maisonwabisabi.com\/en\/notre-histoire\/\" target=\"_blank\" rel=\"noopener\">Maison Wabi-Sabi<\/a><\/span>, nous vous proposons des pi\u00e8ces uniques fabriqu\u00e9es artisanalement. Et qui dit unique et artisanale signifie Wabi-Sabi et <span style=\"color: #ff0000;\"><a style=\"color: #ff0000;\" href=\"https:\/\/www.maisonwabisabi.com\/en\/utsuwa\/imperfection-artisanale\/\" target=\"_blank\" rel=\"noopener\">imperfection artisanale<\/a><\/span>. La taille, la couleur et la forme peuvent diff\u00e9rer l\u00e9g\u00e8rement selon la photo ou une autre c\u00e9ramique du m\u00eame artiste. Le travail manuel et les caract\u00e9ristiques de cette c\u00e9ramique en font une oeuvre d&rsquo;art d&rsquo;une grande qualit\u00e9. Plus d&rsquo;infos sur Maison Wabi-Sabi : c&rsquo;est par <span style=\"color: #ff0000;\"><a style=\"color: #ff0000;\" href=\"https:\/\/linktr.ee\/Maison.Wabi.Sabi\" target=\"_blank\" rel=\"noopener\">ici<\/a><\/span><\/span><\/p>\n<p><span style=\"color: #000000;\"><strong>Prendre soin :<\/strong> Nettoyer avec une \u00e9ponge douce, sans d\u00e9tergent abrasif. Ne passe pas au micro-ondes et au lave-vaisselle. Plus d&rsquo;informations : <span style=\"color: #ff0000;\"><a style=\"color: #ff0000;\" href=\"https:\/\/www.maisonwabisabi.com\/en\/utsuwa\/soin-et-manipulation-des-poteries\/\" target=\"_blank\" rel=\"noopener\">Care and handling of pottery<\/a><\/span><\/span><\/p>\n<p><span style=\"color: #000000;\"><strong>Utilisations :<\/strong> Convient pour toutes les <span style=\"color: #ff0000;\"><a style=\"color: #ff0000;\" href=\"https:\/\/www.maisonwabisabi.com\/en\/principales-categories\/\">recettes<\/a><\/span>. \u00c0 vous de vous l&rsquo;approprier et de l&rsquo;utiliser \u00e0 votre convenance.<\/span><\/p>\n<p><span style=\"color: #0000ff;\"><strong>=&gt; \u00c0 PARTIR DE 120\u20ac D&rsquo;ACHAT, LIVRAISON OFFERTE en FRANCE M\u00c9TROPOLITAINE &amp; en EUROPE.<\/strong><\/span><\/p>\n<p><span style=\"color: #000000;\"><strong>Mondial Relay en Point Relais\u00ae ou Locker :<\/strong> <span style=\"color: #ff0000;\"><a style=\"color: #ff0000;\" href=\"https:\/\/www.maisonwabisabi.com\/en\/livraisons-retours\/\">Livraison<\/a><\/span> France sous 3 \u00e0 10 jours ouvr\u00e9s et Europe, incluant la remise du colis contre signature. <\/span><span style=\"color: #000000;\"><strong>La Poste Colissimo Domicile :<\/strong> <span style=\"color: #ff0000;\"><a style=\"color: #ff0000;\" href=\"https:\/\/www.maisonwabisabi.com\/en\/livraisons-retours\/\">Livraison<\/a><\/span> France, Europe et Internationale avec suivi et remise en main propre contre signature.<\/span><\/p>","protected":false},"featured_media":31362,"comment_status":"closed","ping_status":"closed","template":"","meta":{"site-sidebar-layout":"default","site-content-layout":"","ast-site-content-layout":"default","site-content-style":"default","site-sidebar-style":"default","ast-global-header-display":"","ast-banner-title-visibility":"","ast-main-header-display":"","ast-hfb-above-header-display":"","ast-hfb-below-header-display":"","ast-hfb-mobile-header-display":"","site-post-title":"","ast-breadcrumbs-content":"","ast-featured-img":"","footer-sml-layout":"","ast-disable-related-posts":"","theme-transparent-header-meta":"default","adv-header-id-meta":"","stick-header-meta":"","header-above-stick-meta":"","header-main-stick-meta":"","header-below-stick-meta":"","astra-migrate-meta-layouts":"set","ast-page-background-enabled":"default","ast-page-background-meta":{"desktop":{"background-color":"var(--ast-global-color-5)","background-image":"","background-repeat":"repeat","background-position":"center center","background-size":"auto","background-attachment":"scroll","background-type":"","background-media":"","overlay-type":"","overlay-color":"","overlay-opacity":"","overlay-gradient":""},"tablet":{"background-color":"","background-image":"","background-repeat":"repeat","background-position":"center center","background-size":"auto","background-attachment":"scroll","background-type":"","background-media":"","overlay-type":"","overlay-color":"","overlay-opacity":"","overlay-gradient":""},"mobile":{"background-color":"","background-image":"","background-repeat":"repeat","background-position":"center center","background-size":"auto","background-attachment":"scroll","background-type":"","background-media":"","overlay-type":"","overlay-color":"","overlay-opacity":"","overlay-gradient":""}},"ast-content-background-meta":{"desktop":{"background-color":"var(--ast-global-color-4)","background-image":"","background-repeat":"repeat","background-position":"center center","background-size":"auto","background-attachment":"scroll","background-type":"","background-media":"","overlay-type":"","overlay-color":"","overlay-opacity":"","overlay-gradient":""},"tablet":{"background-color":"var(--ast-global-color-4)","background-image":"","background-repeat":"repeat","background-position":"center center","background-size":"auto","background-attachment":"scroll","background-type":"","background-media":"","overlay-type":"","overlay-color":"","overlay-opacity":"","overlay-gradient":""},"mobile":{"background-color":"var(--ast-global-color-4)","background-image":"","background-repeat":"repeat","background-position":"center center","background-size":"auto","background-attachment":"scroll","background-type":"","background-media":"","overlay-type":"","overlay-color":"","overlay-opacity":"","overlay-gradient":""}}},"product_brand":[],"product_cat":[110,194,285,205,96],"product_tag":[],"class_list":{"0":"post-31369","1":"product","2":"type-product","3":"status-publish","4":"has-post-thumbnail","6":"product_cat-bouteilles-a-sake","7":"product_cat-ceramistes-de-france","8":"product_cat-collections-2025","9":"product_cat-ceramiste-guillaume-parison","10":"product_cat-gamme-pour-les-alcools","11":"product_shipping_class-moins-de-1-kilo","12":"desktop-align-left","13":"tablet-align-left","14":"mobile-align-left","16":"first","17":"instock","18":"sold-individually","19":"shipping-taxable","20":"purchasable","21":"product-type-simple"},"yoast_head":"<!-- This site is optimized with the Yoast SEO plugin v27.5 - https:\/\/yoast.com\/product\/yoast-seo-wordpress\/ -->\n<title>Bouteille \u00e0 Sake #13 Guillaume PARISON - Maison Wabi-Sabi - Boutique<\/title>\n<meta name=\"description\" content=\"Bouteille \u00e0 Sake #13 Guillaume PARISON. Il est situ\u00e9 \u00e0 Favi\u00e8res, r\u00e9gion Grand Est, d\u00e9partement de Meurthe-et-Moselle. Cuisson au gaz. C\u00e9ramique japonaise.\" \/>\n<meta name=\"robots\" content=\"index, follow, max-snippet:-1, max-image-preview:large, max-video-preview:-1\" \/>\n<link rel=\"canonical\" href=\"https:\/\/www.maisonwabisabi.com\/en\/boutique\/bouteille-a-sake-13-guillaume-parison\/\" \/>\n<meta property=\"og:locale\" content=\"en_GB\" \/>\n<meta property=\"og:type\" content=\"article\" \/>\n<meta property=\"og:title\" content=\"Bouteille \u00e0 Sake #13 Guillaume PARISON - Maison Wabi-Sabi - Boutique\" \/>\n<meta property=\"og:description\" content=\"Bouteille \u00e0 Sake #13 Guillaume PARISON. Il est situ\u00e9 \u00e0 Favi\u00e8res, r\u00e9gion Grand Est, d\u00e9partement de Meurthe-et-Moselle. Cuisson au gaz. C\u00e9ramique japonaise.\" \/>\n<meta property=\"og:url\" content=\"https:\/\/www.maisonwabisabi.com\/en\/boutique\/bouteille-a-sake-13-guillaume-parison\/\" \/>\n<meta property=\"og:site_name\" content=\"Maison Wabi-Sabi\" \/>\n<meta property=\"article:publisher\" content=\"https:\/\/www.facebook.com\/MaisonWabiSabi\" \/>\n<meta property=\"article:modified_time\" content=\"2026-02-08T12:29:59+00:00\" \/>\n<meta property=\"og:image\" content=\"https:\/\/www.maisonwabisabi.com\/wp-content\/uploads\/2024\/10\/A24GuiPARIFRTOK13-Face1.jpg\" \/>\n\t<meta property=\"og:image:width\" content=\"1024\" \/>\n\t<meta property=\"og:image:height\" content=\"1024\" \/>\n\t<meta property=\"og:image:type\" content=\"image\/jpeg\" \/>\n<meta name=\"twitter:card\" content=\"summary_large_image\" \/>\n<meta name=\"twitter:label1\" content=\"Estimated reading time\" \/>\n\t<meta name=\"twitter:data1\" content=\"2 minutes\" \/>\n<script type=\"application\/ld+json\" class=\"yoast-schema-graph\">{\"@context\":\"https:\\\/\\\/schema.org\",\"@graph\":[{\"@type\":\"WebPage\",\"@id\":\"https:\\\/\\\/www.maisonwabisabi.com\\\/boutique\\\/bouteille-a-sake-13-guillaume-parison\\\/\",\"url\":\"https:\\\/\\\/www.maisonwabisabi.com\\\/boutique\\\/bouteille-a-sake-13-guillaume-parison\\\/\",\"name\":\"Bouteille \u00e0 Sake #13 Guillaume PARISON - Maison Wabi-Sabi - Boutique\",\"isPartOf\":{\"@id\":\"https:\\\/\\\/www.maisonwabisabi.com\\\/#website\"},\"primaryImageOfPage\":{\"@id\":\"https:\\\/\\\/www.maisonwabisabi.com\\\/boutique\\\/bouteille-a-sake-13-guillaume-parison\\\/#primaryimage\"},\"image\":{\"@id\":\"https:\\\/\\\/www.maisonwabisabi.com\\\/boutique\\\/bouteille-a-sake-13-guillaume-parison\\\/#primaryimage\"},\"thumbnailUrl\":\"https:\\\/\\\/www.maisonwabisabi.com\\\/wp-content\\\/uploads\\\/2024\\\/10\\\/A24GuiPARIFRTOK13-Face1.jpg\",\"datePublished\":\"2024-10-13T16:36:33+00:00\",\"dateModified\":\"2026-02-08T12:29:59+00:00\",\"description\":\"Bouteille \u00e0 Sake #13 Guillaume PARISON. Il est situ\u00e9 \u00e0 Favi\u00e8res, r\u00e9gion Grand Est, d\u00e9partement de Meurthe-et-Moselle. Cuisson au gaz. C\u00e9ramique japonaise.\",\"breadcrumb\":{\"@id\":\"https:\\\/\\\/www.maisonwabisabi.com\\\/boutique\\\/bouteille-a-sake-13-guillaume-parison\\\/#breadcrumb\"},\"inLanguage\":\"en-GB\",\"potentialAction\":[{\"@type\":\"ReadAction\",\"target\":[\"https:\\\/\\\/www.maisonwabisabi.com\\\/boutique\\\/bouteille-a-sake-13-guillaume-parison\\\/\"]}]},{\"@type\":\"ImageObject\",\"inLanguage\":\"en-GB\",\"@id\":\"https:\\\/\\\/www.maisonwabisabi.com\\\/boutique\\\/bouteille-a-sake-13-guillaume-parison\\\/#primaryimage\",\"url\":\"https:\\\/\\\/www.maisonwabisabi.com\\\/wp-content\\\/uploads\\\/2024\\\/10\\\/A24GuiPARIFRTOK13-Face1.jpg\",\"contentUrl\":\"https:\\\/\\\/www.maisonwabisabi.com\\\/wp-content\\\/uploads\\\/2024\\\/10\\\/A24GuiPARIFRTOK13-Face1.jpg\",\"width\":1024,\"height\":1024,\"caption\":\"Bouteille \u00e0 Sake - Guillaume PARISON - Face1\"},{\"@type\":\"BreadcrumbList\",\"@id\":\"https:\\\/\\\/www.maisonwabisabi.com\\\/boutique\\\/bouteille-a-sake-13-guillaume-parison\\\/#breadcrumb\",\"itemListElement\":[{\"@type\":\"ListItem\",\"position\":1,\"name\":\"Bienvenue\",\"item\":\"https:\\\/\\\/www.maisonwabisabi.com\\\/\"},{\"@type\":\"ListItem\",\"position\":2,\"name\":\"E-shop \\\/ Boutique\",\"item\":\"https:\\\/\\\/www.maisonwabisabi.com\\\/boutique\\\/\"},{\"@type\":\"ListItem\",\"position\":3,\"name\":\"Bouteille \u00e0 Sake 390ml &#8211; Guillaume PARISON\"}]},{\"@type\":\"WebSite\",\"@id\":\"https:\\\/\\\/www.maisonwabisabi.com\\\/#website\",\"url\":\"https:\\\/\\\/www.maisonwabisabi.com\\\/\",\"name\":\"Maison Wabi-Sabi\",\"description\":\"\",\"publisher\":{\"@id\":\"https:\\\/\\\/www.maisonwabisabi.com\\\/#organization\"},\"potentialAction\":[{\"@type\":\"SearchAction\",\"target\":{\"@type\":\"EntryPoint\",\"urlTemplate\":\"https:\\\/\\\/www.maisonwabisabi.com\\\/?s={search_term_string}\"},\"query-input\":{\"@type\":\"PropertyValueSpecification\",\"valueRequired\":true,\"valueName\":\"search_term_string\"}}],\"inLanguage\":\"en-GB\"},{\"@type\":\"Organization\",\"@id\":\"https:\\\/\\\/www.maisonwabisabi.com\\\/#organization\",\"name\":\"Maison Wabi-Sabi\",\"url\":\"https:\\\/\\\/www.maisonwabisabi.com\\\/\",\"logo\":{\"@type\":\"ImageObject\",\"inLanguage\":\"en-GB\",\"@id\":\"https:\\\/\\\/www.maisonwabisabi.com\\\/#\\\/schema\\\/logo\\\/image\\\/\",\"url\":\"https:\\\/\\\/www.maisonwabisabi.com\\\/wp-content\\\/uploads\\\/2021\\\/11\\\/Logo-de-maison-Wabi-Sabi.jpg\",\"contentUrl\":\"https:\\\/\\\/www.maisonwabisabi.com\\\/wp-content\\\/uploads\\\/2021\\\/11\\\/Logo-de-maison-Wabi-Sabi.jpg\",\"width\":1024,\"height\":1024,\"caption\":\"Maison Wabi-Sabi\"},\"image\":{\"@id\":\"https:\\\/\\\/www.maisonwabisabi.com\\\/#\\\/schema\\\/logo\\\/image\\\/\"},\"sameAs\":[\"https:\\\/\\\/www.facebook.com\\\/MaisonWabiSabi\",\"https:\\\/\\\/www.instagram.com\\\/maison.wabi.sabi\\\/?hl=fr\",\"https:\\\/\\\/www.linkedin.com\\\/company\\\/69088467\"]}]}<\/script>\n<!-- \/ Yoast SEO plugin. -->","yoast_head_json":{"title":"Bouteille \u00e0 Sake #13 Guillaume PARISON - Maison Wabi-Sabi - Boutique","description":"Bouteille \u00e0 Sake #13 Guillaume PARISON. Il est situ\u00e9 \u00e0 Favi\u00e8res, r\u00e9gion Grand Est, d\u00e9partement de Meurthe-et-Moselle. Cuisson au gaz. C\u00e9ramique japonaise.","robots":{"index":"index","follow":"follow","max-snippet":"max-snippet:-1","max-image-preview":"max-image-preview:large","max-video-preview":"max-video-preview:-1"},"canonical":"https:\/\/www.maisonwabisabi.com\/en\/boutique\/bouteille-a-sake-13-guillaume-parison\/","og_locale":"en_GB","og_type":"article","og_title":"Bouteille \u00e0 Sake #13 Guillaume PARISON - Maison Wabi-Sabi - Boutique","og_description":"Bouteille \u00e0 Sake #13 Guillaume PARISON. Il est situ\u00e9 \u00e0 Favi\u00e8res, r\u00e9gion Grand Est, d\u00e9partement de Meurthe-et-Moselle. Cuisson au gaz. C\u00e9ramique japonaise.","og_url":"https:\/\/www.maisonwabisabi.com\/en\/boutique\/bouteille-a-sake-13-guillaume-parison\/","og_site_name":"Maison Wabi-Sabi","article_publisher":"https:\/\/www.facebook.com\/MaisonWabiSabi","article_modified_time":"2026-02-08T12:29:59+00:00","og_image":[{"width":1024,"height":1024,"url":"https:\/\/www.maisonwabisabi.com\/wp-content\/uploads\/2024\/10\/A24GuiPARIFRTOK13-Face1.jpg","type":"image\/jpeg"}],"twitter_card":"summary_large_image","twitter_misc":{"Estimated reading time":"2 minutes"},"schema":{"@context":"https:\/\/schema.org","@graph":[{"@type":"WebPage","@id":"https:\/\/www.maisonwabisabi.com\/boutique\/bouteille-a-sake-13-guillaume-parison\/","url":"https:\/\/www.maisonwabisabi.com\/boutique\/bouteille-a-sake-13-guillaume-parison\/","name":"Bouteille \u00e0 Sake #13 Guillaume PARISON - Maison Wabi-Sabi - Boutique","isPartOf":{"@id":"https:\/\/www.maisonwabisabi.com\/#website"},"primaryImageOfPage":{"@id":"https:\/\/www.maisonwabisabi.com\/boutique\/bouteille-a-sake-13-guillaume-parison\/#primaryimage"},"image":{"@id":"https:\/\/www.maisonwabisabi.com\/boutique\/bouteille-a-sake-13-guillaume-parison\/#primaryimage"},"thumbnailUrl":"https:\/\/www.maisonwabisabi.com\/wp-content\/uploads\/2024\/10\/A24GuiPARIFRTOK13-Face1.jpg","datePublished":"2024-10-13T16:36:33+00:00","dateModified":"2026-02-08T12:29:59+00:00","description":"Bouteille \u00e0 Sake #13 Guillaume PARISON. Il est situ\u00e9 \u00e0 Favi\u00e8res, r\u00e9gion Grand Est, d\u00e9partement de Meurthe-et-Moselle. Cuisson au gaz. C\u00e9ramique japonaise.","breadcrumb":{"@id":"https:\/\/www.maisonwabisabi.com\/boutique\/bouteille-a-sake-13-guillaume-parison\/#breadcrumb"},"inLanguage":"en-GB","potentialAction":[{"@type":"ReadAction","target":["https:\/\/www.maisonwabisabi.com\/boutique\/bouteille-a-sake-13-guillaume-parison\/"]}]},{"@type":"ImageObject","inLanguage":"en-GB","@id":"https:\/\/www.maisonwabisabi.com\/boutique\/bouteille-a-sake-13-guillaume-parison\/#primaryimage","url":"https:\/\/www.maisonwabisabi.com\/wp-content\/uploads\/2024\/10\/A24GuiPARIFRTOK13-Face1.jpg","contentUrl":"https:\/\/www.maisonwabisabi.com\/wp-content\/uploads\/2024\/10\/A24GuiPARIFRTOK13-Face1.jpg","width":1024,"height":1024,"caption":"Bouteille \u00e0 Sake - Guillaume PARISON - Face1"},{"@type":"BreadcrumbList","@id":"https:\/\/www.maisonwabisabi.com\/boutique\/bouteille-a-sake-13-guillaume-parison\/#breadcrumb","itemListElement":[{"@type":"ListItem","position":1,"name":"Bienvenue","item":"https:\/\/www.maisonwabisabi.com\/"},{"@type":"ListItem","position":2,"name":"E-shop \/ Boutique","item":"https:\/\/www.maisonwabisabi.com\/boutique\/"},{"@type":"ListItem","position":3,"name":"Bouteille \u00e0 Sake 390ml &#8211; Guillaume PARISON"}]},{"@type":"WebSite","@id":"https:\/\/www.maisonwabisabi.com\/#website","url":"https:\/\/www.maisonwabisabi.com\/","name":"Maison Wabi-Sabi","description":"","publisher":{"@id":"https:\/\/www.maisonwabisabi.com\/#organization"},"potentialAction":[{"@type":"SearchAction","target":{"@type":"EntryPoint","urlTemplate":"https:\/\/www.maisonwabisabi.com\/?s={search_term_string}"},"query-input":{"@type":"PropertyValueSpecification","valueRequired":true,"valueName":"search_term_string"}}],"inLanguage":"en-GB"},{"@type":"Organization","@id":"https:\/\/www.maisonwabisabi.com\/#organization","name":"Maison Wabi-Sabi","url":"https:\/\/www.maisonwabisabi.com\/","logo":{"@type":"ImageObject","inLanguage":"en-GB","@id":"https:\/\/www.maisonwabisabi.com\/#\/schema\/logo\/image\/","url":"https:\/\/www.maisonwabisabi.com\/wp-content\/uploads\/2021\/11\/Logo-de-maison-Wabi-Sabi.jpg","contentUrl":"https:\/\/www.maisonwabisabi.com\/wp-content\/uploads\/2021\/11\/Logo-de-maison-Wabi-Sabi.jpg","width":1024,"height":1024,"caption":"Maison Wabi-Sabi"},"image":{"@id":"https:\/\/www.maisonwabisabi.com\/#\/schema\/logo\/image\/"},"sameAs":["https:\/\/www.facebook.com\/MaisonWabiSabi","https:\/\/www.instagram.com\/maison.wabi.sabi\/?hl=fr","https:\/\/www.linkedin.com\/company\/69088467"]}]}},"_links":{"self":[{"href":"https:\/\/www.maisonwabisabi.com\/en\/wp-json\/wp\/v2\/product\/31369","targetHints":{"allow":["GET"]}}],"collection":[{"href":"https:\/\/www.maisonwabisabi.com\/en\/wp-json\/wp\/v2\/product"}],"about":[{"href":"https:\/\/www.maisonwabisabi.com\/en\/wp-json\/wp\/v2\/types\/product"}],"replies":[{"embeddable":true,"href":"https:\/\/www.maisonwabisabi.com\/en\/wp-json\/wp\/v2\/comments?post=31369"}],"wp:featuredmedia":[{"embeddable":true,"href":"https:\/\/www.maisonwabisabi.com\/en\/wp-json\/wp\/v2\/media\/31362"}],"wp:attachment":[{"href":"https:\/\/www.maisonwabisabi.com\/en\/wp-json\/wp\/v2\/media?parent=31369"}],"wp:term":[{"taxonomy":"product_brand","embeddable":true,"href":"https:\/\/www.maisonwabisabi.com\/en\/wp-json\/wp\/v2\/product_brand?post=31369"},{"taxonomy":"product_cat","embeddable":true,"href":"https:\/\/www.maisonwabisabi.com\/en\/wp-json\/wp\/v2\/product_cat?post=31369"},{"taxonomy":"product_tag","embeddable":true,"href":"https:\/\/www.maisonwabisabi.com\/en\/wp-json\/wp\/v2\/product_tag?post=31369"}],"curies":[{"name":"wp","href":"https:\/\/api.w.org\/{rel}","templated":true}]}}