{"id":30774,"date":"2024-09-14T22:34:10","date_gmt":"2024-09-14T20:34:10","guid":{"rendered":"https:\/\/www.maisonwabisabi.com\/?post_type=product&#038;p=30774"},"modified":"2026-02-08T13:35:41","modified_gmt":"2026-02-08T12:35:41","slug":"tasse-a-sake-10-shuji-fujimura","status":"publish","type":"product","link":"https:\/\/www.maisonwabisabi.com\/en\/boutique\/tasse-a-sake-10-shuji-fujimura\/","title":{"rendered":"Tasse \u00e0 Sake 50ml &#8211; Shu\u0304ji FUJIMURA"},"content":{"rendered":"C\u00e9ramiste : Shu\u0304ji FUJIMURA \u85e4\u6751\u5dde\u4e8c\r\n\r\nLocalisation : Ville de Tsu &#8211; Pr\u00e9fecture de Mie &#8211; R\u00e9gion du Kansai &#8211; \u00cele de Honsh\u016b\r\n\r\nPays : Japon\r\n\r\nOriginaire de la ville de Fukuchi, district de Tagawa, pr\u00e9fecture de Fukuoka, au Japon. C\u00e9ramiste, il cr\u00e9e principalement des \u0153uvres artisanales, des objets utilisables, bas\u00e9s sur la \u201cbeaut\u00e9 de l\u2019utilit\u00e9\u201d. \u201cMa maison familiale est un four de poterie (Agano-yaki \u4e0a\u91ce\u713c). En 1989, j\u2019ai commenc\u00e9 mon apprentissage au four Hironaga-gama \u5ee3\u6c38\u7aaf, situ\u00e9 \u00e0 Tsu, dans la pr\u00e9fecture de Mie (aujourd\u2019hui connu sous le nom de Senkaku-gama \u73fe\u5728\u306e\u4ed9\u9db4\u7aaf). Mon ma\u00eetre \u00e9tait Dohei TSUBOSHIMA \u576a\u5cf6\u571f\u5e73 (1929-2013). Le four Senkaku-gama a \u00e9t\u00e9 fond\u00e9 par Handeishi KAWAKITA \u5ddd\u559c\u7530\u534a\u6ce5\u5b50 (1878-1963). Ce four se sp\u00e9cialise dans divers types de c\u00e9ramiques et porcelaines, principalement en fabriquant des th\u00e9i\u00e8res et des outils pour la c\u00e9r\u00e9monie du th\u00e9 selon des m\u00e9thodes traditionnelles. Ils cherchent \u00e0 ajouter une touche de cr\u00e9ativit\u00e9 nouvelle tout en pr\u00e9servant les qualit\u00e9s de la c\u00e9ramique japonaise traditionnelle, en mettant l\u2019accent sur l\u2019\u00e9l\u00e9gance et l\u2019accessibilit\u00e9. La texture rugueuse de l\u2019argile et la profondeur du tour sont des caract\u00e9ristiques distinctives des \u0153uvres.\r\n\r\n\r\n\r\nPour d\u00e9couvrir plus en d\u00e9tails son univers, son m\u00e9tier et sa relation avec la c\u00e9ramique, je vous invite \u00e0 cliquer ici =&gt; <a href=\"https:\/\/www.maisonwabisabi.com\/en\/shuji-fujimura\/\" target=\"_blank\" rel=\"noopener\">Shu\u0304ji FUJIMURA<\/a><!-- \/wp:post-content -->","protected":false},"excerpt":{"rendered":"<p><span style=\"color: #000000;\"><strong>Dimensions :<\/strong> Longueur 5,4 cm x Largeur 5,4 cm x Hauteur 4,3 cm<\/span><\/p>\n<p><span style=\"color: #000000;\"><strong>Nom exact\u00a0 :<\/strong> \u3050\u3044\u5451\u8d64\u7d75\u67d8\u69b4\u6587 &#8211; Guinomi Akae Zakuromon<\/span><\/p>\n<p><strong><span style=\"color: #000000;\">Cat\u00e9gorie du produit :<\/span><\/strong> <a href=\"https:\/\/www.maisonwabisabi.com\/en\/tasse-sake\/\" target=\"_blank\" rel=\"noopener\"><span style=\"color: #ff0000;\">Tasse \u00e0 sake &#8211; Guinomi &#8211; \u3050\u3044\u5451\u307f<\/span><\/a><\/p>\n<p><strong><span style=\"color: #000000;\">Gamme du produit :<\/span><\/strong> <a href=\"https:\/\/www.maisonwabisabi.com\/en\/utsuwa\/les-alcools\/\" target=\"_blank\" rel=\"noopener\"><span style=\"color: #ff0000;\">The Alcools<\/span><\/a><\/p>\n<p><span style=\"color: #000000;\"><strong>Message de Yann san :<\/strong> Un <span style=\"color: #ff0000;\"><a style=\"color: #ff0000;\" href=\"https:\/\/www.maisonwabisabi.com\/en\/utsuwa\/\" target=\"_blank\" rel=\"noopener\">Utsuwa<\/a><\/span> est un r\u00e9cipient d&rsquo;utilisation quotidienne. Chez <span style=\"color: #ff0000;\"><a style=\"color: #ff0000;\" href=\"https:\/\/www.maisonwabisabi.com\/en\/notre-histoire\/\" target=\"_blank\" rel=\"noopener\">Maison Wabi-Sabi<\/a><\/span>, nous vous proposons des pi\u00e8ces uniques fabriqu\u00e9es artisanalement. Et qui dit unique et artisanale signifie Wabi-Sabi et <span style=\"color: #ff0000;\"><a style=\"color: #ff0000;\" href=\"https:\/\/www.maisonwabisabi.com\/en\/utsuwa\/imperfection-artisanale\/\" target=\"_blank\" rel=\"noopener\">imperfection artisanale<\/a><\/span>. La taille, la couleur et la forme peuvent diff\u00e9rer l\u00e9g\u00e8rement selon la photo ou une autre c\u00e9ramique du m\u00eame artiste. Le travail manuel et les caract\u00e9ristiques de cette c\u00e9ramique en font une oeuvre d&rsquo;art d&rsquo;une grande qualit\u00e9. Plus d&rsquo;infos sur Maison Wabi-Sabi : c&rsquo;est par <span style=\"color: #ff0000;\"><a style=\"color: #ff0000;\" href=\"https:\/\/linktr.ee\/Maison.Wabi.Sabi\" target=\"_blank\" rel=\"noopener\">ici<\/a><\/span><\/span><\/p>\n<p><span style=\"color: #000000;\"><strong>Prendre soin :<\/strong> Nettoyer avec une \u00e9ponge douce, sans d\u00e9tergent abrasif. Ne passe pas au micro-ondes et au lave-vaisselle. Plus d&rsquo;informations : <span style=\"color: #ff0000;\"><a style=\"color: #ff0000;\" href=\"https:\/\/www.maisonwabisabi.com\/en\/utsuwa\/soin-et-manipulation-des-poteries\/\" target=\"_blank\" rel=\"noopener\">Care and handling of pottery<\/a><\/span><\/span><\/p>\n<p><span style=\"color: #000000;\"><strong>Utilisations :<\/strong> Convient pour toutes les <span style=\"color: #ff0000;\"><a style=\"color: #ff0000;\" href=\"https:\/\/www.maisonwabisabi.com\/en\/principales-categories\/\">recettes<\/a><\/span>. \u00c0 vous de vous l&rsquo;approprier et de l&rsquo;utiliser \u00e0 votre convenance.<\/span><\/p>\n<p><span style=\"color: #0000ff;\"><strong>=&gt; \u00c0 PARTIR DE 120\u20ac D&rsquo;ACHAT, LIVRAISON OFFERTE en FRANCE M\u00c9TROPOLITAINE &amp; en EUROPE.<\/strong><\/span><\/p>\n<p><span style=\"color: #000000;\"><strong>Mondial Relay en Point Relais\u00ae ou Locker :<\/strong> <span style=\"color: #ff0000;\"><a style=\"color: #ff0000;\" href=\"https:\/\/www.maisonwabisabi.com\/en\/livraisons-retours\/\">Livraison<\/a><\/span> France sous 3 \u00e0 10 jours ouvr\u00e9s et Europe, incluant la remise du colis contre signature. <\/span><span style=\"color: #000000;\"><strong>La Poste Colissimo Domicile :<\/strong> <span style=\"color: #ff0000;\"><a style=\"color: #ff0000;\" href=\"https:\/\/www.maisonwabisabi.com\/en\/livraisons-retours\/\">Livraison<\/a><\/span> France, Europe et Internationale avec suivi et remise en main propre contre signature.<\/span><\/p>","protected":false},"featured_media":30995,"comment_status":"closed","ping_status":"closed","template":"","meta":{"site-sidebar-layout":"default","site-content-layout":"","ast-site-content-layout":"default","site-content-style":"default","site-sidebar-style":"default","ast-global-header-display":"","ast-banner-title-visibility":"","ast-main-header-display":"","ast-hfb-above-header-display":"","ast-hfb-below-header-display":"","ast-hfb-mobile-header-display":"","site-post-title":"","ast-breadcrumbs-content":"","ast-featured-img":"","footer-sml-layout":"","ast-disable-related-posts":"","theme-transparent-header-meta":"default","adv-header-id-meta":"","stick-header-meta":"","header-above-stick-meta":"","header-main-stick-meta":"","header-below-stick-meta":"","astra-migrate-meta-layouts":"set","ast-page-background-enabled":"default","ast-page-background-meta":{"desktop":{"background-color":"var(--ast-global-color-5)","background-image":"","background-repeat":"repeat","background-position":"center center","background-size":"auto","background-attachment":"scroll","background-type":"","background-media":"","overlay-type":"","overlay-color":"","overlay-opacity":"","overlay-gradient":""},"tablet":{"background-color":"","background-image":"","background-repeat":"repeat","background-position":"center center","background-size":"auto","background-attachment":"scroll","background-type":"","background-media":"","overlay-type":"","overlay-color":"","overlay-opacity":"","overlay-gradient":""},"mobile":{"background-color":"","background-image":"","background-repeat":"repeat","background-position":"center center","background-size":"auto","background-attachment":"scroll","background-type":"","background-media":"","overlay-type":"","overlay-color":"","overlay-opacity":"","overlay-gradient":""}},"ast-content-background-meta":{"desktop":{"background-color":"var(--ast-global-color-4)","background-image":"","background-repeat":"repeat","background-position":"center center","background-size":"auto","background-attachment":"scroll","background-type":"","background-media":"","overlay-type":"","overlay-color":"","overlay-opacity":"","overlay-gradient":""},"tablet":{"background-color":"var(--ast-global-color-4)","background-image":"","background-repeat":"repeat","background-position":"center center","background-size":"auto","background-attachment":"scroll","background-type":"","background-media":"","overlay-type":"","overlay-color":"","overlay-opacity":"","overlay-gradient":""},"mobile":{"background-color":"var(--ast-global-color-4)","background-image":"","background-repeat":"repeat","background-position":"center center","background-size":"auto","background-attachment":"scroll","background-type":"","background-media":"","overlay-type":"","overlay-color":"","overlay-opacity":"","overlay-gradient":""}}},"product_brand":[],"product_cat":[193,242,96,246,112],"product_tag":[],"class_list":{"0":"post-30774","1":"product","2":"type-product","3":"status-publish","4":"has-post-thumbnail","6":"product_cat-ceramistes-du-japon","7":"product_cat-collections-2024","8":"product_cat-gamme-pour-les-alcools","9":"product_cat-ceramiste-shuji-fujimura","10":"product_cat-tasses-a-sake","11":"product_shipping_class-moins-de-1-kilo","12":"desktop-align-left","13":"tablet-align-left","14":"mobile-align-left","16":"first","17":"instock","18":"sold-individually","19":"shipping-taxable","20":"purchasable","21":"product-type-simple"},"yoast_head":"<!-- This site is optimized with the Yoast SEO plugin v27.5 - https:\/\/yoast.com\/product\/yoast-seo-wordpress\/ -->\n<title>Tasse \u00e0 Sake #10 Shu\u0304ji FUJIMURA - Maison Wabi-Sabi - Boutique<\/title>\n<meta name=\"description\" content=\"Tasse \u00e0 Sake #10 Shu\u0304ji FUJIMURA. Situ\u00e9 \u00e0 Tsu, pr\u00e9fecture de Mie, Kansai, au Japon. Cuisson au four \u00e0 gaz. C\u00e9l\u00e8bre Senkaku-gama. C\u00e9ramique japonaise.\" \/>\n<meta name=\"robots\" content=\"index, follow, max-snippet:-1, max-image-preview:large, max-video-preview:-1\" \/>\n<link rel=\"canonical\" href=\"https:\/\/www.maisonwabisabi.com\/en\/boutique\/tasse-a-sake-10-shuji-fujimura\/\" \/>\n<meta property=\"og:locale\" content=\"en_GB\" \/>\n<meta property=\"og:type\" content=\"article\" \/>\n<meta property=\"og:title\" content=\"Tasse \u00e0 Sake #10 Shu\u0304ji FUJIMURA - Maison Wabi-Sabi - Boutique\" \/>\n<meta property=\"og:description\" content=\"Tasse \u00e0 Sake #10 Shu\u0304ji FUJIMURA. Situ\u00e9 \u00e0 Tsu, pr\u00e9fecture de Mie, Kansai, au Japon. Cuisson au four \u00e0 gaz. C\u00e9l\u00e8bre Senkaku-gama. C\u00e9ramique japonaise.\" \/>\n<meta property=\"og:url\" content=\"https:\/\/www.maisonwabisabi.com\/en\/boutique\/tasse-a-sake-10-shuji-fujimura\/\" \/>\n<meta property=\"og:site_name\" content=\"Maison Wabi-Sabi\" \/>\n<meta property=\"article:publisher\" content=\"https:\/\/www.facebook.com\/MaisonWabiSabi\" \/>\n<meta property=\"article:modified_time\" content=\"2026-02-08T12:35:41+00:00\" \/>\n<meta property=\"og:image\" content=\"https:\/\/www.maisonwabisabi.com\/wp-content\/uploads\/2024\/09\/A24ShuFUJIJPNGUI10-Face1.jpg\" \/>\n\t<meta property=\"og:image:width\" content=\"1024\" \/>\n\t<meta property=\"og:image:height\" content=\"1024\" \/>\n\t<meta property=\"og:image:type\" content=\"image\/jpeg\" \/>\n<meta name=\"twitter:card\" content=\"summary_large_image\" \/>\n<meta name=\"twitter:label1\" content=\"Estimated reading time\" \/>\n\t<meta name=\"twitter:data1\" content=\"2 minutes\" \/>\n<script type=\"application\/ld+json\" class=\"yoast-schema-graph\">{\"@context\":\"https:\\\/\\\/schema.org\",\"@graph\":[{\"@type\":\"WebPage\",\"@id\":\"https:\\\/\\\/www.maisonwabisabi.com\\\/boutique\\\/tasse-a-sake-10-shuji-fujimura\\\/\",\"url\":\"https:\\\/\\\/www.maisonwabisabi.com\\\/boutique\\\/tasse-a-sake-10-shuji-fujimura\\\/\",\"name\":\"Tasse \u00e0 Sake #10 Shu\u0304ji FUJIMURA - Maison Wabi-Sabi - Boutique\",\"isPartOf\":{\"@id\":\"https:\\\/\\\/www.maisonwabisabi.com\\\/#website\"},\"primaryImageOfPage\":{\"@id\":\"https:\\\/\\\/www.maisonwabisabi.com\\\/boutique\\\/tasse-a-sake-10-shuji-fujimura\\\/#primaryimage\"},\"image\":{\"@id\":\"https:\\\/\\\/www.maisonwabisabi.com\\\/boutique\\\/tasse-a-sake-10-shuji-fujimura\\\/#primaryimage\"},\"thumbnailUrl\":\"https:\\\/\\\/www.maisonwabisabi.com\\\/wp-content\\\/uploads\\\/2024\\\/09\\\/A24ShuFUJIJPNGUI10-Face1.jpg\",\"datePublished\":\"2024-09-14T20:34:10+00:00\",\"dateModified\":\"2026-02-08T12:35:41+00:00\",\"description\":\"Tasse \u00e0 Sake #10 Shu\u0304ji FUJIMURA. Situ\u00e9 \u00e0 Tsu, pr\u00e9fecture de Mie, Kansai, au Japon. Cuisson au four \u00e0 gaz. C\u00e9l\u00e8bre Senkaku-gama. C\u00e9ramique japonaise.\",\"breadcrumb\":{\"@id\":\"https:\\\/\\\/www.maisonwabisabi.com\\\/boutique\\\/tasse-a-sake-10-shuji-fujimura\\\/#breadcrumb\"},\"inLanguage\":\"en-GB\",\"potentialAction\":[{\"@type\":\"ReadAction\",\"target\":[\"https:\\\/\\\/www.maisonwabisabi.com\\\/boutique\\\/tasse-a-sake-10-shuji-fujimura\\\/\"]}]},{\"@type\":\"ImageObject\",\"inLanguage\":\"en-GB\",\"@id\":\"https:\\\/\\\/www.maisonwabisabi.com\\\/boutique\\\/tasse-a-sake-10-shuji-fujimura\\\/#primaryimage\",\"url\":\"https:\\\/\\\/www.maisonwabisabi.com\\\/wp-content\\\/uploads\\\/2024\\\/09\\\/A24ShuFUJIJPNGUI10-Face1.jpg\",\"contentUrl\":\"https:\\\/\\\/www.maisonwabisabi.com\\\/wp-content\\\/uploads\\\/2024\\\/09\\\/A24ShuFUJIJPNGUI10-Face1.jpg\",\"width\":1024,\"height\":1024,\"caption\":\"Tasse \u00e0 Sake - Sh\u016bji FUJIMURA - Face1\"},{\"@type\":\"BreadcrumbList\",\"@id\":\"https:\\\/\\\/www.maisonwabisabi.com\\\/boutique\\\/tasse-a-sake-10-shuji-fujimura\\\/#breadcrumb\",\"itemListElement\":[{\"@type\":\"ListItem\",\"position\":1,\"name\":\"Bienvenue\",\"item\":\"https:\\\/\\\/www.maisonwabisabi.com\\\/\"},{\"@type\":\"ListItem\",\"position\":2,\"name\":\"E-shop \\\/ Boutique\",\"item\":\"https:\\\/\\\/www.maisonwabisabi.com\\\/boutique\\\/\"},{\"@type\":\"ListItem\",\"position\":3,\"name\":\"Tasse \u00e0 Sake 50ml &#8211; Shu\u0304ji FUJIMURA\"}]},{\"@type\":\"WebSite\",\"@id\":\"https:\\\/\\\/www.maisonwabisabi.com\\\/#website\",\"url\":\"https:\\\/\\\/www.maisonwabisabi.com\\\/\",\"name\":\"Maison Wabi-Sabi\",\"description\":\"\",\"publisher\":{\"@id\":\"https:\\\/\\\/www.maisonwabisabi.com\\\/#organization\"},\"potentialAction\":[{\"@type\":\"SearchAction\",\"target\":{\"@type\":\"EntryPoint\",\"urlTemplate\":\"https:\\\/\\\/www.maisonwabisabi.com\\\/?s={search_term_string}\"},\"query-input\":{\"@type\":\"PropertyValueSpecification\",\"valueRequired\":true,\"valueName\":\"search_term_string\"}}],\"inLanguage\":\"en-GB\"},{\"@type\":\"Organization\",\"@id\":\"https:\\\/\\\/www.maisonwabisabi.com\\\/#organization\",\"name\":\"Maison Wabi-Sabi\",\"url\":\"https:\\\/\\\/www.maisonwabisabi.com\\\/\",\"logo\":{\"@type\":\"ImageObject\",\"inLanguage\":\"en-GB\",\"@id\":\"https:\\\/\\\/www.maisonwabisabi.com\\\/#\\\/schema\\\/logo\\\/image\\\/\",\"url\":\"https:\\\/\\\/www.maisonwabisabi.com\\\/wp-content\\\/uploads\\\/2021\\\/11\\\/Logo-de-maison-Wabi-Sabi.jpg\",\"contentUrl\":\"https:\\\/\\\/www.maisonwabisabi.com\\\/wp-content\\\/uploads\\\/2021\\\/11\\\/Logo-de-maison-Wabi-Sabi.jpg\",\"width\":1024,\"height\":1024,\"caption\":\"Maison Wabi-Sabi\"},\"image\":{\"@id\":\"https:\\\/\\\/www.maisonwabisabi.com\\\/#\\\/schema\\\/logo\\\/image\\\/\"},\"sameAs\":[\"https:\\\/\\\/www.facebook.com\\\/MaisonWabiSabi\",\"https:\\\/\\\/www.instagram.com\\\/maison.wabi.sabi\\\/?hl=fr\",\"https:\\\/\\\/www.linkedin.com\\\/company\\\/69088467\"]}]}<\/script>\n<!-- \/ Yoast SEO plugin. -->","yoast_head_json":{"title":"Tasse \u00e0 Sake #10 Shu\u0304ji FUJIMURA - Maison Wabi-Sabi - Boutique","description":"Tasse \u00e0 Sake #10 Shu\u0304ji FUJIMURA. Situ\u00e9 \u00e0 Tsu, pr\u00e9fecture de Mie, Kansai, au Japon. Cuisson au four \u00e0 gaz. C\u00e9l\u00e8bre Senkaku-gama. C\u00e9ramique japonaise.","robots":{"index":"index","follow":"follow","max-snippet":"max-snippet:-1","max-image-preview":"max-image-preview:large","max-video-preview":"max-video-preview:-1"},"canonical":"https:\/\/www.maisonwabisabi.com\/en\/boutique\/tasse-a-sake-10-shuji-fujimura\/","og_locale":"en_GB","og_type":"article","og_title":"Tasse \u00e0 Sake #10 Shu\u0304ji FUJIMURA - Maison Wabi-Sabi - Boutique","og_description":"Tasse \u00e0 Sake #10 Shu\u0304ji FUJIMURA. Situ\u00e9 \u00e0 Tsu, pr\u00e9fecture de Mie, Kansai, au Japon. Cuisson au four \u00e0 gaz. C\u00e9l\u00e8bre Senkaku-gama. C\u00e9ramique japonaise.","og_url":"https:\/\/www.maisonwabisabi.com\/en\/boutique\/tasse-a-sake-10-shuji-fujimura\/","og_site_name":"Maison Wabi-Sabi","article_publisher":"https:\/\/www.facebook.com\/MaisonWabiSabi","article_modified_time":"2026-02-08T12:35:41+00:00","og_image":[{"width":1024,"height":1024,"url":"https:\/\/www.maisonwabisabi.com\/wp-content\/uploads\/2024\/09\/A24ShuFUJIJPNGUI10-Face1.jpg","type":"image\/jpeg"}],"twitter_card":"summary_large_image","twitter_misc":{"Estimated reading time":"2 minutes"},"schema":{"@context":"https:\/\/schema.org","@graph":[{"@type":"WebPage","@id":"https:\/\/www.maisonwabisabi.com\/boutique\/tasse-a-sake-10-shuji-fujimura\/","url":"https:\/\/www.maisonwabisabi.com\/boutique\/tasse-a-sake-10-shuji-fujimura\/","name":"Tasse \u00e0 Sake #10 Shu\u0304ji FUJIMURA - Maison Wabi-Sabi - Boutique","isPartOf":{"@id":"https:\/\/www.maisonwabisabi.com\/#website"},"primaryImageOfPage":{"@id":"https:\/\/www.maisonwabisabi.com\/boutique\/tasse-a-sake-10-shuji-fujimura\/#primaryimage"},"image":{"@id":"https:\/\/www.maisonwabisabi.com\/boutique\/tasse-a-sake-10-shuji-fujimura\/#primaryimage"},"thumbnailUrl":"https:\/\/www.maisonwabisabi.com\/wp-content\/uploads\/2024\/09\/A24ShuFUJIJPNGUI10-Face1.jpg","datePublished":"2024-09-14T20:34:10+00:00","dateModified":"2026-02-08T12:35:41+00:00","description":"Tasse \u00e0 Sake #10 Shu\u0304ji FUJIMURA. Situ\u00e9 \u00e0 Tsu, pr\u00e9fecture de Mie, Kansai, au Japon. Cuisson au four \u00e0 gaz. C\u00e9l\u00e8bre Senkaku-gama. C\u00e9ramique japonaise.","breadcrumb":{"@id":"https:\/\/www.maisonwabisabi.com\/boutique\/tasse-a-sake-10-shuji-fujimura\/#breadcrumb"},"inLanguage":"en-GB","potentialAction":[{"@type":"ReadAction","target":["https:\/\/www.maisonwabisabi.com\/boutique\/tasse-a-sake-10-shuji-fujimura\/"]}]},{"@type":"ImageObject","inLanguage":"en-GB","@id":"https:\/\/www.maisonwabisabi.com\/boutique\/tasse-a-sake-10-shuji-fujimura\/#primaryimage","url":"https:\/\/www.maisonwabisabi.com\/wp-content\/uploads\/2024\/09\/A24ShuFUJIJPNGUI10-Face1.jpg","contentUrl":"https:\/\/www.maisonwabisabi.com\/wp-content\/uploads\/2024\/09\/A24ShuFUJIJPNGUI10-Face1.jpg","width":1024,"height":1024,"caption":"Tasse \u00e0 Sake - Sh\u016bji FUJIMURA - Face1"},{"@type":"BreadcrumbList","@id":"https:\/\/www.maisonwabisabi.com\/boutique\/tasse-a-sake-10-shuji-fujimura\/#breadcrumb","itemListElement":[{"@type":"ListItem","position":1,"name":"Bienvenue","item":"https:\/\/www.maisonwabisabi.com\/"},{"@type":"ListItem","position":2,"name":"E-shop \/ Boutique","item":"https:\/\/www.maisonwabisabi.com\/boutique\/"},{"@type":"ListItem","position":3,"name":"Tasse \u00e0 Sake 50ml &#8211; Shu\u0304ji FUJIMURA"}]},{"@type":"WebSite","@id":"https:\/\/www.maisonwabisabi.com\/#website","url":"https:\/\/www.maisonwabisabi.com\/","name":"Maison Wabi-Sabi","description":"","publisher":{"@id":"https:\/\/www.maisonwabisabi.com\/#organization"},"potentialAction":[{"@type":"SearchAction","target":{"@type":"EntryPoint","urlTemplate":"https:\/\/www.maisonwabisabi.com\/?s={search_term_string}"},"query-input":{"@type":"PropertyValueSpecification","valueRequired":true,"valueName":"search_term_string"}}],"inLanguage":"en-GB"},{"@type":"Organization","@id":"https:\/\/www.maisonwabisabi.com\/#organization","name":"Maison Wabi-Sabi","url":"https:\/\/www.maisonwabisabi.com\/","logo":{"@type":"ImageObject","inLanguage":"en-GB","@id":"https:\/\/www.maisonwabisabi.com\/#\/schema\/logo\/image\/","url":"https:\/\/www.maisonwabisabi.com\/wp-content\/uploads\/2021\/11\/Logo-de-maison-Wabi-Sabi.jpg","contentUrl":"https:\/\/www.maisonwabisabi.com\/wp-content\/uploads\/2021\/11\/Logo-de-maison-Wabi-Sabi.jpg","width":1024,"height":1024,"caption":"Maison Wabi-Sabi"},"image":{"@id":"https:\/\/www.maisonwabisabi.com\/#\/schema\/logo\/image\/"},"sameAs":["https:\/\/www.facebook.com\/MaisonWabiSabi","https:\/\/www.instagram.com\/maison.wabi.sabi\/?hl=fr","https:\/\/www.linkedin.com\/company\/69088467"]}]}},"_links":{"self":[{"href":"https:\/\/www.maisonwabisabi.com\/en\/wp-json\/wp\/v2\/product\/30774","targetHints":{"allow":["GET"]}}],"collection":[{"href":"https:\/\/www.maisonwabisabi.com\/en\/wp-json\/wp\/v2\/product"}],"about":[{"href":"https:\/\/www.maisonwabisabi.com\/en\/wp-json\/wp\/v2\/types\/product"}],"replies":[{"embeddable":true,"href":"https:\/\/www.maisonwabisabi.com\/en\/wp-json\/wp\/v2\/comments?post=30774"}],"wp:featuredmedia":[{"embeddable":true,"href":"https:\/\/www.maisonwabisabi.com\/en\/wp-json\/wp\/v2\/media\/30995"}],"wp:attachment":[{"href":"https:\/\/www.maisonwabisabi.com\/en\/wp-json\/wp\/v2\/media?parent=30774"}],"wp:term":[{"taxonomy":"product_brand","embeddable":true,"href":"https:\/\/www.maisonwabisabi.com\/en\/wp-json\/wp\/v2\/product_brand?post=30774"},{"taxonomy":"product_cat","embeddable":true,"href":"https:\/\/www.maisonwabisabi.com\/en\/wp-json\/wp\/v2\/product_cat?post=30774"},{"taxonomy":"product_tag","embeddable":true,"href":"https:\/\/www.maisonwabisabi.com\/en\/wp-json\/wp\/v2\/product_tag?post=30774"}],"curies":[{"name":"wp","href":"https:\/\/api.w.org\/{rel}","templated":true}]}}