{"id":28966,"date":"2024-06-21T00:15:23","date_gmt":"2024-06-20T22:15:23","guid":{"rendered":"https:\/\/www.maisonwabisabi.com\/?post_type=product&#038;p=28966"},"modified":"2026-04-18T13:04:17","modified_gmt":"2026-04-18T11:04:17","slug":"mini-assiette-2-amane-murakami","status":"publish","type":"product","link":"https:\/\/www.maisonwabisabi.com\/en\/boutique\/mini-assiette-2-amane-murakami\/","title":{"rendered":"Mini assiette 10,7cm &#8211; Amane MURAKAMI"},"content":{"rendered":"<p>C\u00e9ramique : Arita-yaki, design par AMABRO, ligne de produits con\u00e7ue par l&rsquo;artiste contemporain : Amane MURAKAMI \u6751\u4e0a\u5468<\/p>\n<p>Localisation : Ville de Nakameguro &#8211; District de Meguro &#8211; R\u00e9gion du Kant\u014d &#8211; \u00cele de Honsh\u016b<\/p>\n<p>Pays : Japon<\/p>\n<p>La collection Incompl\u00e8te d&rsquo;AMABRO est une s\u00e9rie de nouvelles porcelaines, la porcelaine japonaise la plus traditionnelle produite depuis le 16\u00e8me si\u00e8cle, dans la pr\u00e9fecture de Saga, au Japon. Les Mamezara en porcelaine d\u2019Arita au design moderne sont inspir\u00e9es de vieux plats en porcelaine d\u2019Arita inachev\u00e9s. Les Mamezara l\u00e9g\u00e8rement plus grandes sont de tailles parfaites pour les ap\u00e9ritifs, les friandises et les accompagnements.<\/p>\n<p>Dans le pass\u00e9, la porcelaine Arita-yaki \u00e9tait largement connue pour ses grands vases, ses pots et ses plats de grande taille. Cependant, les temps ont chang\u00e9 et la demande de grands plats, symbole des r\u00e9unions de famille dans la culture japonaise, a diminu\u00e9. Ensuite, un grand nombre de grands plats qui avaient \u00e9t\u00e9 arr\u00eat\u00e9s au stade de la peinture sous gla\u00e7ure (Gosu) pendant la production ont \u00e9t\u00e9 laiss\u00e9s au rebut.<\/p>\n<p>Leur conception graphique imparfaite \u00e9tait fascinante. En 2009, AMABRO a lanc\u00e9 le projet \u00ab\u00a0KOTTO COLLECTION\u00a0\u00bb, une s\u00e9rie d&rsquo;impressions d&rsquo;art comme nouvelle couche de design pour transformer ces changements sociaux sur une assiette. Pour rappeler la tradition de la porcelaine d&rsquo;Arita \u00e0 travers une c\u00e9ramique appel\u00e9e MAME, la \u00ab collection incompl\u00e8te \u00bb est con\u00e7ue pour transmettre le design des assiettes d\u2019Arita \u00e0 la prochaine g\u00e9n\u00e9ration. Un travail collaboratif entre l&rsquo;artisanat traditionnel japonais et AMABRO avec l&rsquo;\u00e9l\u00e9gance traditionnelle historique et la qualit\u00e9, toutes les assiettes sont fabriqu\u00e9es \u00e0 la main par des artisans.<\/p>","protected":false},"excerpt":{"rendered":"<p><span style=\"color: #000000;\">Dimensions : Longueur 10,7 cm x Largeur 10,7 cm x Hauteur 1,7 cm<\/span><\/p>\n<p><span style=\"color: #000000;\">Cat\u00e9gorie du produit :<\/span> <span style=\"color: #ff0000;\"><a style=\"color: #ff0000;\" href=\"https:\/\/www.maisonwabisabi.com\/en\/mini-assiette\/\">Mini assiette &#8211; Mamezara &#8211; \u8c46\u76bf<\/a><\/span><\/p>\n<p><span style=\"color: #000000;\">Gamme du produit : <span style=\"color: #ff0000;\"><a style=\"color: #ff0000;\" href=\"https:\/\/www.maisonwabisabi.com\/en\/utsuwa\/les-assiettes\/\" target=\"_blank\" rel=\"noopener\">The Plates<\/a><\/span><\/span><\/p>\n<p><span style=\"color: #000000;\">Cette Mini assiette est un <span style=\"color: #ff0000;\"><a style=\"color: #ff0000;\" href=\"https:\/\/www.maisonwabisabi.com\/en\/utsuwa\/\" target=\"_blank\" rel=\"noopener\">Utsuwa<\/a><\/span> ainsi qu&rsquo;une pi\u00e8ce unique fabriqu\u00e9e artisanalement. Et qui dit unique et artisanale signifie <span style=\"color: #ff0000;\"><a style=\"color: #ff0000;\" href=\"https:\/\/www.maisonwabisabi.com\/en\/notre-histoire\/wabi-sabi\/\" target=\"_blank\" rel=\"noopener\">Wabi-Sabi<\/a><\/span> et <span style=\"color: #ff0000;\"><a style=\"color: #ff0000;\" href=\"https:\/\/www.maisonwabisabi.com\/en\/utsuwa\/imperfection-artisanale\/\" target=\"_blank\" rel=\"noopener\">Imperfect craftsmanship<\/a><\/span>. La taille, la couleur et la forme peuvent diff\u00e9rer l\u00e9g\u00e8rement selon la photo ou une autre c\u00e9ramique. Le travail manuel et les caract\u00e9ristiques de l\u2019\u00e9mail en font un objet unique. C\u2019est un design r\u00e9alis\u00e9 \u00e0 la main.<\/span><\/p>\n<p><span style=\"color: #000000;\"><strong>Prendre soin :<\/strong> \u00c0 nettoyer avec une \u00e9ponge douce mais ne pas utiliser de d\u00e9tergent abrasif. Ne passe pas au micro-ondes. Passe au lave-vaisselle. Si vous souhaitez plus d&rsquo;informations sur le Soin et la Manipulation des poteries, c&rsquo;est par <span style=\"color: #ff0000;\"><a style=\"color: #ff0000;\" href=\"https:\/\/www.maisonwabisabi.com\/en\/utsuwa\/soin-et-manipulation-des-poteries\/\" target=\"_blank\" rel=\"noopener\">ici<\/a><\/span>.<\/span><\/p>\n<p><span style=\"color: #000000;\"><strong>Utilisations :<\/strong> Convient pour toutes les recettes chaudes ou froides. \u00c0 vous de vous l&rsquo;approprier et de l&rsquo;utiliser \u00e0 votre convenance. <\/span><span style=\"color: #000000;\">On a des recettes \u00e0 vous proposer en suivant ce <span style=\"color: #ff0000;\"><a style=\"color: #ff0000;\" href=\"https:\/\/www.maisonwabisabi.com\/en\/principales-categories\/\" target=\"_blank\" rel=\"noopener\">lien<\/a><\/span>.<\/span><\/p>\n<p><span style=\"color: #000000;\"><strong>La Poste Colissimo Domicile :<\/strong> Livraison France, Europe et Internationale avec suivi et remise en main propre contre signature. Pour les d\u00e9tails c&rsquo;est <span style=\"color: #ff0000;\"><a style=\"color: #ff0000;\" href=\"https:\/\/www.maisonwabisabi.com\/en\/livraisons-retours\/\" target=\"_blank\" rel=\"noopener\">ici<\/a>.<\/span><\/span><\/p>\n<p><span style=\"color: #000000;\"><strong>Mondial Relay en Point Relais\u00ae :<\/strong> Livraison France sous 3 jours ouvr\u00e9s et Europe, incluant la remise du colis contre signature. Pour les d\u00e9tails c&rsquo;est <span style=\"color: #ff0000;\"><a style=\"color: #ff0000;\" href=\"https:\/\/www.maisonwabisabi.com\/en\/livraisons-retours\/\" target=\"_blank\" rel=\"noopener\">ici<\/a><\/span>.<\/span><\/p>","protected":false},"featured_media":28958,"comment_status":"closed","ping_status":"closed","template":"","meta":{"site-sidebar-layout":"default","site-content-layout":"","ast-site-content-layout":"default","site-content-style":"default","site-sidebar-style":"default","ast-global-header-display":"","ast-banner-title-visibility":"","ast-main-header-display":"","ast-hfb-above-header-display":"","ast-hfb-below-header-display":"","ast-hfb-mobile-header-display":"","site-post-title":"","ast-breadcrumbs-content":"","ast-featured-img":"","footer-sml-layout":"","ast-disable-related-posts":"","theme-transparent-header-meta":"default","adv-header-id-meta":"","stick-header-meta":"","header-above-stick-meta":"","header-main-stick-meta":"","header-below-stick-meta":"","astra-migrate-meta-layouts":"set","ast-page-background-enabled":"default","ast-page-background-meta":{"desktop":{"background-color":"var(--ast-global-color-5)","background-image":"","background-repeat":"repeat","background-position":"center center","background-size":"auto","background-attachment":"scroll","background-type":"","background-media":"","overlay-type":"","overlay-color":"","overlay-opacity":"","overlay-gradient":""},"tablet":{"background-color":"","background-image":"","background-repeat":"repeat","background-position":"center center","background-size":"auto","background-attachment":"scroll","background-type":"","background-media":"","overlay-type":"","overlay-color":"","overlay-opacity":"","overlay-gradient":""},"mobile":{"background-color":"","background-image":"","background-repeat":"repeat","background-position":"center center","background-size":"auto","background-attachment":"scroll","background-type":"","background-media":"","overlay-type":"","overlay-color":"","overlay-opacity":"","overlay-gradient":""}},"ast-content-background-meta":{"desktop":{"background-color":"var(--ast-global-color-4)","background-image":"","background-repeat":"repeat","background-position":"center center","background-size":"auto","background-attachment":"scroll","background-type":"","background-media":"","overlay-type":"","overlay-color":"","overlay-opacity":"","overlay-gradient":""},"tablet":{"background-color":"var(--ast-global-color-4)","background-image":"","background-repeat":"repeat","background-position":"center center","background-size":"auto","background-attachment":"scroll","background-type":"","background-media":"","overlay-type":"","overlay-color":"","overlay-opacity":"","overlay-gradient":""},"mobile":{"background-color":"var(--ast-global-color-4)","background-image":"","background-repeat":"repeat","background-position":"center center","background-size":"auto","background-attachment":"scroll","background-type":"","background-media":"","overlay-type":"","overlay-color":"","overlay-opacity":"","overlay-gradient":""}}},"product_brand":[],"product_cat":[225,193,242,94,186],"product_tag":[],"class_list":{"0":"post-28966","1":"product","2":"type-product","3":"status-publish","4":"has-post-thumbnail","6":"product_cat-ceramiste-amane-murakami","7":"product_cat-ceramistes-du-japon","8":"product_cat-collections-2024","9":"product_cat-gamme-des-assiettes","10":"product_cat-mini-assiettes","11":"product_shipping_class-moins-de-1-kilo","12":"desktop-align-left","13":"tablet-align-left","14":"mobile-align-left","16":"first","17":"instock","18":"sold-individually","19":"shipping-taxable","20":"purchasable","21":"product-type-simple"},"yoast_head":"<!-- This site is optimized with the Yoast SEO plugin v27.5 - https:\/\/yoast.com\/product\/yoast-seo-wordpress\/ -->\n<title>Mini assiette #2 Amane MURAKAMI - Maison Wabi-Sabi - Boutique<\/title>\n<meta name=\"description\" content=\"Mini assiette #2 Amane MURAKAMI \u6751\u4e0a\u5468. Il est situ\u00e9 \u00e0 Nakameguro, district de Meguro, r\u00e9gion du Kant\u014d, Japon. Cuisson haute temp\u00e9rature. C\u00e9ramique japonaise.\" \/>\n<meta name=\"robots\" content=\"index, follow, max-snippet:-1, max-image-preview:large, max-video-preview:-1\" \/>\n<link rel=\"canonical\" href=\"https:\/\/www.maisonwabisabi.com\/en\/boutique\/mini-assiette-2-amane-murakami\/\" \/>\n<meta property=\"og:locale\" content=\"en_GB\" \/>\n<meta property=\"og:type\" content=\"article\" \/>\n<meta property=\"og:title\" content=\"Mini assiette #2 Amane MURAKAMI - Maison Wabi-Sabi - Boutique\" \/>\n<meta property=\"og:description\" content=\"Mini assiette #2 Amane MURAKAMI \u6751\u4e0a\u5468. Il est situ\u00e9 \u00e0 Nakameguro, district de Meguro, r\u00e9gion du Kant\u014d, Japon. Cuisson haute temp\u00e9rature. C\u00e9ramique japonaise.\" \/>\n<meta property=\"og:url\" content=\"https:\/\/www.maisonwabisabi.com\/en\/boutique\/mini-assiette-2-amane-murakami\/\" \/>\n<meta property=\"og:site_name\" content=\"Maison Wabi-Sabi\" \/>\n<meta property=\"article:publisher\" content=\"https:\/\/www.facebook.com\/MaisonWabiSabi\" \/>\n<meta property=\"article:modified_time\" content=\"2026-04-18T11:04:17+00:00\" \/>\n<meta property=\"og:image\" content=\"https:\/\/www.maisonwabisabi.com\/wp-content\/uploads\/2024\/06\/N24AMABROJPNMAM4-Face1.jpg\" \/>\n\t<meta property=\"og:image:width\" content=\"1024\" \/>\n\t<meta property=\"og:image:height\" content=\"1024\" \/>\n\t<meta property=\"og:image:type\" content=\"image\/jpeg\" \/>\n<meta name=\"twitter:card\" content=\"summary_large_image\" \/>\n<meta name=\"twitter:label1\" content=\"Estimated reading time\" \/>\n\t<meta name=\"twitter:data1\" content=\"2 minutes\" \/>\n<script type=\"application\/ld+json\" class=\"yoast-schema-graph\">{\"@context\":\"https:\\\/\\\/schema.org\",\"@graph\":[{\"@type\":\"WebPage\",\"@id\":\"https:\\\/\\\/www.maisonwabisabi.com\\\/boutique\\\/mini-assiette-2-amane-murakami\\\/\",\"url\":\"https:\\\/\\\/www.maisonwabisabi.com\\\/boutique\\\/mini-assiette-2-amane-murakami\\\/\",\"name\":\"Mini assiette #2 Amane MURAKAMI - Maison Wabi-Sabi - Boutique\",\"isPartOf\":{\"@id\":\"https:\\\/\\\/www.maisonwabisabi.com\\\/#website\"},\"primaryImageOfPage\":{\"@id\":\"https:\\\/\\\/www.maisonwabisabi.com\\\/boutique\\\/mini-assiette-2-amane-murakami\\\/#primaryimage\"},\"image\":{\"@id\":\"https:\\\/\\\/www.maisonwabisabi.com\\\/boutique\\\/mini-assiette-2-amane-murakami\\\/#primaryimage\"},\"thumbnailUrl\":\"https:\\\/\\\/www.maisonwabisabi.com\\\/wp-content\\\/uploads\\\/2024\\\/06\\\/N24AMABROJPNMAM4-Face1.jpg\",\"datePublished\":\"2024-06-20T22:15:23+00:00\",\"dateModified\":\"2026-04-18T11:04:17+00:00\",\"description\":\"Mini assiette #2 Amane MURAKAMI \u6751\u4e0a\u5468. Il est situ\u00e9 \u00e0 Nakameguro, district de Meguro, r\u00e9gion du Kant\u014d, Japon. Cuisson haute temp\u00e9rature. C\u00e9ramique japonaise.\",\"breadcrumb\":{\"@id\":\"https:\\\/\\\/www.maisonwabisabi.com\\\/boutique\\\/mini-assiette-2-amane-murakami\\\/#breadcrumb\"},\"inLanguage\":\"en-GB\",\"potentialAction\":[{\"@type\":\"ReadAction\",\"target\":[\"https:\\\/\\\/www.maisonwabisabi.com\\\/boutique\\\/mini-assiette-2-amane-murakami\\\/\"]}]},{\"@type\":\"ImageObject\",\"inLanguage\":\"en-GB\",\"@id\":\"https:\\\/\\\/www.maisonwabisabi.com\\\/boutique\\\/mini-assiette-2-amane-murakami\\\/#primaryimage\",\"url\":\"https:\\\/\\\/www.maisonwabisabi.com\\\/wp-content\\\/uploads\\\/2024\\\/06\\\/N24AMABROJPNMAM4-Face1.jpg\",\"contentUrl\":\"https:\\\/\\\/www.maisonwabisabi.com\\\/wp-content\\\/uploads\\\/2024\\\/06\\\/N24AMABROJPNMAM4-Face1.jpg\",\"width\":1024,\"height\":1024,\"caption\":\"Mame Incomplete\"},{\"@type\":\"BreadcrumbList\",\"@id\":\"https:\\\/\\\/www.maisonwabisabi.com\\\/boutique\\\/mini-assiette-2-amane-murakami\\\/#breadcrumb\",\"itemListElement\":[{\"@type\":\"ListItem\",\"position\":1,\"name\":\"Bienvenue\",\"item\":\"https:\\\/\\\/www.maisonwabisabi.com\\\/\"},{\"@type\":\"ListItem\",\"position\":2,\"name\":\"E-shop \\\/ Boutique\",\"item\":\"https:\\\/\\\/www.maisonwabisabi.com\\\/boutique\\\/\"},{\"@type\":\"ListItem\",\"position\":3,\"name\":\"Mini assiette 10,7cm &#8211; Amane MURAKAMI\"}]},{\"@type\":\"WebSite\",\"@id\":\"https:\\\/\\\/www.maisonwabisabi.com\\\/#website\",\"url\":\"https:\\\/\\\/www.maisonwabisabi.com\\\/\",\"name\":\"Maison Wabi-Sabi\",\"description\":\"\",\"publisher\":{\"@id\":\"https:\\\/\\\/www.maisonwabisabi.com\\\/#organization\"},\"potentialAction\":[{\"@type\":\"SearchAction\",\"target\":{\"@type\":\"EntryPoint\",\"urlTemplate\":\"https:\\\/\\\/www.maisonwabisabi.com\\\/?s={search_term_string}\"},\"query-input\":{\"@type\":\"PropertyValueSpecification\",\"valueRequired\":true,\"valueName\":\"search_term_string\"}}],\"inLanguage\":\"en-GB\"},{\"@type\":\"Organization\",\"@id\":\"https:\\\/\\\/www.maisonwabisabi.com\\\/#organization\",\"name\":\"Maison Wabi-Sabi\",\"url\":\"https:\\\/\\\/www.maisonwabisabi.com\\\/\",\"logo\":{\"@type\":\"ImageObject\",\"inLanguage\":\"en-GB\",\"@id\":\"https:\\\/\\\/www.maisonwabisabi.com\\\/#\\\/schema\\\/logo\\\/image\\\/\",\"url\":\"https:\\\/\\\/www.maisonwabisabi.com\\\/wp-content\\\/uploads\\\/2021\\\/11\\\/Logo-de-maison-Wabi-Sabi.jpg\",\"contentUrl\":\"https:\\\/\\\/www.maisonwabisabi.com\\\/wp-content\\\/uploads\\\/2021\\\/11\\\/Logo-de-maison-Wabi-Sabi.jpg\",\"width\":1024,\"height\":1024,\"caption\":\"Maison Wabi-Sabi\"},\"image\":{\"@id\":\"https:\\\/\\\/www.maisonwabisabi.com\\\/#\\\/schema\\\/logo\\\/image\\\/\"},\"sameAs\":[\"https:\\\/\\\/www.facebook.com\\\/MaisonWabiSabi\",\"https:\\\/\\\/www.instagram.com\\\/maison.wabi.sabi\\\/?hl=fr\",\"https:\\\/\\\/www.linkedin.com\\\/company\\\/69088467\"]}]}<\/script>\n<!-- \/ Yoast SEO plugin. -->","yoast_head_json":{"title":"Mini assiette #2 Amane MURAKAMI - Maison Wabi-Sabi - Boutique","description":"Mini assiette #2 Amane MURAKAMI \u6751\u4e0a\u5468. Il est situ\u00e9 \u00e0 Nakameguro, district de Meguro, r\u00e9gion du Kant\u014d, Japon. Cuisson haute temp\u00e9rature. C\u00e9ramique japonaise.","robots":{"index":"index","follow":"follow","max-snippet":"max-snippet:-1","max-image-preview":"max-image-preview:large","max-video-preview":"max-video-preview:-1"},"canonical":"https:\/\/www.maisonwabisabi.com\/en\/boutique\/mini-assiette-2-amane-murakami\/","og_locale":"en_GB","og_type":"article","og_title":"Mini assiette #2 Amane MURAKAMI - Maison Wabi-Sabi - Boutique","og_description":"Mini assiette #2 Amane MURAKAMI \u6751\u4e0a\u5468. Il est situ\u00e9 \u00e0 Nakameguro, district de Meguro, r\u00e9gion du Kant\u014d, Japon. Cuisson haute temp\u00e9rature. C\u00e9ramique japonaise.","og_url":"https:\/\/www.maisonwabisabi.com\/en\/boutique\/mini-assiette-2-amane-murakami\/","og_site_name":"Maison Wabi-Sabi","article_publisher":"https:\/\/www.facebook.com\/MaisonWabiSabi","article_modified_time":"2026-04-18T11:04:17+00:00","og_image":[{"width":1024,"height":1024,"url":"https:\/\/www.maisonwabisabi.com\/wp-content\/uploads\/2024\/06\/N24AMABROJPNMAM4-Face1.jpg","type":"image\/jpeg"}],"twitter_card":"summary_large_image","twitter_misc":{"Estimated reading time":"2 minutes"},"schema":{"@context":"https:\/\/schema.org","@graph":[{"@type":"WebPage","@id":"https:\/\/www.maisonwabisabi.com\/boutique\/mini-assiette-2-amane-murakami\/","url":"https:\/\/www.maisonwabisabi.com\/boutique\/mini-assiette-2-amane-murakami\/","name":"Mini assiette #2 Amane MURAKAMI - Maison Wabi-Sabi - Boutique","isPartOf":{"@id":"https:\/\/www.maisonwabisabi.com\/#website"},"primaryImageOfPage":{"@id":"https:\/\/www.maisonwabisabi.com\/boutique\/mini-assiette-2-amane-murakami\/#primaryimage"},"image":{"@id":"https:\/\/www.maisonwabisabi.com\/boutique\/mini-assiette-2-amane-murakami\/#primaryimage"},"thumbnailUrl":"https:\/\/www.maisonwabisabi.com\/wp-content\/uploads\/2024\/06\/N24AMABROJPNMAM4-Face1.jpg","datePublished":"2024-06-20T22:15:23+00:00","dateModified":"2026-04-18T11:04:17+00:00","description":"Mini assiette #2 Amane MURAKAMI \u6751\u4e0a\u5468. Il est situ\u00e9 \u00e0 Nakameguro, district de Meguro, r\u00e9gion du Kant\u014d, Japon. Cuisson haute temp\u00e9rature. C\u00e9ramique japonaise.","breadcrumb":{"@id":"https:\/\/www.maisonwabisabi.com\/boutique\/mini-assiette-2-amane-murakami\/#breadcrumb"},"inLanguage":"en-GB","potentialAction":[{"@type":"ReadAction","target":["https:\/\/www.maisonwabisabi.com\/boutique\/mini-assiette-2-amane-murakami\/"]}]},{"@type":"ImageObject","inLanguage":"en-GB","@id":"https:\/\/www.maisonwabisabi.com\/boutique\/mini-assiette-2-amane-murakami\/#primaryimage","url":"https:\/\/www.maisonwabisabi.com\/wp-content\/uploads\/2024\/06\/N24AMABROJPNMAM4-Face1.jpg","contentUrl":"https:\/\/www.maisonwabisabi.com\/wp-content\/uploads\/2024\/06\/N24AMABROJPNMAM4-Face1.jpg","width":1024,"height":1024,"caption":"Mame Incomplete"},{"@type":"BreadcrumbList","@id":"https:\/\/www.maisonwabisabi.com\/boutique\/mini-assiette-2-amane-murakami\/#breadcrumb","itemListElement":[{"@type":"ListItem","position":1,"name":"Bienvenue","item":"https:\/\/www.maisonwabisabi.com\/"},{"@type":"ListItem","position":2,"name":"E-shop \/ Boutique","item":"https:\/\/www.maisonwabisabi.com\/boutique\/"},{"@type":"ListItem","position":3,"name":"Mini assiette 10,7cm &#8211; Amane MURAKAMI"}]},{"@type":"WebSite","@id":"https:\/\/www.maisonwabisabi.com\/#website","url":"https:\/\/www.maisonwabisabi.com\/","name":"Maison Wabi-Sabi","description":"","publisher":{"@id":"https:\/\/www.maisonwabisabi.com\/#organization"},"potentialAction":[{"@type":"SearchAction","target":{"@type":"EntryPoint","urlTemplate":"https:\/\/www.maisonwabisabi.com\/?s={search_term_string}"},"query-input":{"@type":"PropertyValueSpecification","valueRequired":true,"valueName":"search_term_string"}}],"inLanguage":"en-GB"},{"@type":"Organization","@id":"https:\/\/www.maisonwabisabi.com\/#organization","name":"Maison Wabi-Sabi","url":"https:\/\/www.maisonwabisabi.com\/","logo":{"@type":"ImageObject","inLanguage":"en-GB","@id":"https:\/\/www.maisonwabisabi.com\/#\/schema\/logo\/image\/","url":"https:\/\/www.maisonwabisabi.com\/wp-content\/uploads\/2021\/11\/Logo-de-maison-Wabi-Sabi.jpg","contentUrl":"https:\/\/www.maisonwabisabi.com\/wp-content\/uploads\/2021\/11\/Logo-de-maison-Wabi-Sabi.jpg","width":1024,"height":1024,"caption":"Maison Wabi-Sabi"},"image":{"@id":"https:\/\/www.maisonwabisabi.com\/#\/schema\/logo\/image\/"},"sameAs":["https:\/\/www.facebook.com\/MaisonWabiSabi","https:\/\/www.instagram.com\/maison.wabi.sabi\/?hl=fr","https:\/\/www.linkedin.com\/company\/69088467"]}]}},"_links":{"self":[{"href":"https:\/\/www.maisonwabisabi.com\/en\/wp-json\/wp\/v2\/product\/28966","targetHints":{"allow":["GET"]}}],"collection":[{"href":"https:\/\/www.maisonwabisabi.com\/en\/wp-json\/wp\/v2\/product"}],"about":[{"href":"https:\/\/www.maisonwabisabi.com\/en\/wp-json\/wp\/v2\/types\/product"}],"replies":[{"embeddable":true,"href":"https:\/\/www.maisonwabisabi.com\/en\/wp-json\/wp\/v2\/comments?post=28966"}],"wp:featuredmedia":[{"embeddable":true,"href":"https:\/\/www.maisonwabisabi.com\/en\/wp-json\/wp\/v2\/media\/28958"}],"wp:attachment":[{"href":"https:\/\/www.maisonwabisabi.com\/en\/wp-json\/wp\/v2\/media?parent=28966"}],"wp:term":[{"taxonomy":"product_brand","embeddable":true,"href":"https:\/\/www.maisonwabisabi.com\/en\/wp-json\/wp\/v2\/product_brand?post=28966"},{"taxonomy":"product_cat","embeddable":true,"href":"https:\/\/www.maisonwabisabi.com\/en\/wp-json\/wp\/v2\/product_cat?post=28966"},{"taxonomy":"product_tag","embeddable":true,"href":"https:\/\/www.maisonwabisabi.com\/en\/wp-json\/wp\/v2\/product_tag?post=28966"}],"curies":[{"name":"wp","href":"https:\/\/api.w.org\/{rel}","templated":true}]}}