{"id":27035,"date":"2024-03-27T21:52:31","date_gmt":"2024-03-27T20:52:31","guid":{"rendered":"https:\/\/www.maisonwabisabi.com\/?post_type=product&#038;p=27035"},"modified":"2026-04-23T17:14:46","modified_gmt":"2026-04-23T15:14:46","slug":"tasse-a-sake-1-teppei-terada","status":"publish","type":"product","link":"https:\/\/www.maisonwabisabi.com\/en\/boutique\/tasse-a-sake-1-teppei-terada\/","title":{"rendered":"Tasse \u00e0 Sake 105ml et Bo\u00eete Tomobako sign\u00e9e &#8211; Teppei TERADA"},"content":{"rendered":"<p><span style=\"color: #000000;\">C\u00e9ramiste : Teppei TERADA \u5bfa\u7530\u9244\u5e73<\/span><\/p>\n<p><span style=\"color: #000000;\">Localisation : Ville de Seto &#8211; Pr\u00e9fecture d&rsquo;Aichi &#8211; R\u00e9gion du Ch\u016bbu &#8211; \u00cele de Honsh\u016b<\/span><\/p>\n<p><span style=\"color: #000000;\">Pays : Japon<\/span><\/p>\n<p><span style=\"color: #000000;\">Originaire de Seto, dans la pr\u00e9fecture d\u2019Aichi. Teppei TERADA est Artiste C\u00e9ramiste \u9676\u82b8\u5bb6 : \u201cJe pense que ma poterie a \u00e0 la fois un savoir-faire et un talent artistique, et je pense que le mot \u00ab artiste c\u00e9ramiste \u00bb inclut les deux c\u00f4t\u00e9s\u201d. Teppei est la 5\u00e8me g\u00e9n\u00e9ration du four Bizan T\u014d B\u014d \u7f8e\u5c71\u9676\u623f et a expos\u00e9 ses \u0153uvres \u00e0 plusieurs reprises dans des galeries et des grands magasins \u00e0 travers le Japon et \u00e0 l\u2019\u00e9tranger. Son style actuel a \u00e9t\u00e9 cr\u00e9\u00e9 en \u00e9tudiant la poterie classique \u00e0 sa mani\u00e8re et il s\u2019inspire souvent des chefs-d\u2019\u0153uvre de la p\u00e9riode Momoyama. Il utilise bien-s\u00fbr l\u2019Oribe \u7e54\u90e8, la gla\u00e7ure \u00e0 la cendre \u7070\u91c9, la gla\u00e7ure \u00e0 base de fer \u9244\u91c9, la gla\u00e7ure noire \u9ed2\u91c9, la gla\u00e7ure noire profonde \u5f15\u304d\u51fa\u3057\u9ed2, la gla\u00e7ure feldspath \u9577\u77f3\u91c9, la gla\u00e7ure lapis-lazuli \u7460\u7483\u91c9 et d\u2019autres gla\u00e7ures traditionnelles de Seto.<\/span><\/p>\n<p><span style=\"color: #000000;\">Pour d\u00e9couvrir plus en d\u00e9tails son univers, son m\u00e9tier et sa relation avec la c\u00e9ramique, je vous invite \u00e0 cliquer ici =&gt;<\/span> <a href=\"https:\/\/www.maisonwabisabi.com\/en\/teppei-terada\/\" target=\"_blank\" rel=\"noopener\">Teppei TERADA<\/a><\/p>","protected":false},"excerpt":{"rendered":"<p><span style=\"color: #000000;\"><strong>Dimensions :<\/strong> Longueur 8 cm x Largeur 7,2 cm x Hauteur 4,8 cm<\/span><\/p>\n<p><strong><span style=\"color: #000000;\">Cat\u00e9gorie du produit :<\/span><\/strong> <a href=\"https:\/\/www.maisonwabisabi.com\/en\/tasse-sake\/\" target=\"_blank\" rel=\"noopener\"><span style=\"color: #ff0000;\">Tasse \u00e0 sake &#8211; Guinomi &#8211; \u3050\u3044\u5451\u307f<\/span><\/a><\/p>\n<p><strong><span style=\"color: #000000;\">Gamme du produit :<\/span><\/strong> <a href=\"https:\/\/www.maisonwabisabi.com\/en\/utsuwa\/les-alcools\/\" target=\"_blank\" rel=\"noopener\"><span style=\"color: #ff0000;\">For spirits<\/span><\/a><\/p>\n<p><span style=\"color: #000000;\"><strong>Message de Yann san :<\/strong> Un <span style=\"color: #ff0000;\"><a style=\"color: #ff0000;\" href=\"https:\/\/www.maisonwabisabi.com\/en\/utsuwa\/\" target=\"_blank\" rel=\"noopener\">Utsuwa<\/a><\/span> est un r\u00e9cipient d&rsquo;utilisation quotidienne. Chez <span style=\"color: #ff0000;\"><a style=\"color: #ff0000;\" href=\"https:\/\/www.maisonwabisabi.com\/en\/notre-histoire\/\" target=\"_blank\" rel=\"noopener\">Maison Wabi-Sabi<\/a><\/span>, nous vous proposons des pi\u00e8ces uniques fabriqu\u00e9es artisanalement. Et qui dit unique et artisanale signifie Wabi-Sabi et <span style=\"color: #ff0000;\"><a style=\"color: #ff0000;\" href=\"https:\/\/www.maisonwabisabi.com\/en\/utsuwa\/imperfection-artisanale\/\" target=\"_blank\" rel=\"noopener\">imperfection artisanale<\/a><\/span>. La taille, la couleur et la forme peuvent diff\u00e9rer l\u00e9g\u00e8rement selon la photo ou une autre c\u00e9ramique du m\u00eame artiste. Le travail manuel et les caract\u00e9ristiques de cette c\u00e9ramique en font une oeuvre d&rsquo;art d&rsquo;une grande qualit\u00e9. Plus d&rsquo;infos sur Maison Wabi-Sabi : c&rsquo;est par <span style=\"color: #ff0000;\"><a style=\"color: #ff0000;\" href=\"https:\/\/linktr.ee\/Maison.Wabi.Sabi\" target=\"_blank\" rel=\"noopener\">ici<\/a><\/span><\/span><\/p>\n<p><span style=\"color: #000000;\"><strong>Prendre soin :<\/strong> Nettoyer avec une \u00e9ponge douce, sans d\u00e9tergent abrasif. Ne passe pas au micro-ondes et au lave-vaisselle. Plus d&rsquo;informations : <span style=\"color: #ff0000;\"><a style=\"color: #ff0000;\" href=\"https:\/\/www.maisonwabisabi.com\/en\/utsuwa\/soin-et-manipulation-des-poteries\/\" target=\"_blank\" rel=\"noopener\">Care and handling of pottery<\/a><\/span><\/span><\/p>\n<p><span style=\"color: #000000;\"><strong>Utilisations :<\/strong> Convient pour toutes les <span style=\"color: #ff0000;\"><a style=\"color: #ff0000;\" href=\"https:\/\/www.maisonwabisabi.com\/en\/principales-categories\/\">recettes<\/a><\/span>. \u00c0 vous de vous l&rsquo;approprier et de l&rsquo;utiliser \u00e0 votre convenance.<\/span><\/p>\n<p><span style=\"color: #0000ff;\"><strong>=&gt; \u00c0 PARTIR DE 120\u20ac D&rsquo;ACHAT, LIVRAISON OFFERTE en FRANCE M\u00c9TROPOLITAINE &amp; en EUROPE.<\/strong><\/span><\/p>\n<p><span style=\"color: #000000;\"><strong>Mondial Relay en Point Relais\u00ae ou Locker :<\/strong> <span style=\"color: #ff0000;\"><a style=\"color: #ff0000;\" href=\"https:\/\/www.maisonwabisabi.com\/en\/livraisons-retours\/\">Livraison<\/a><\/span> France sous 3 \u00e0 10 jours ouvr\u00e9s et Europe, incluant la remise du colis contre signature. <\/span><span style=\"color: #000000;\"><strong>La Poste Colissimo Domicile :<\/strong> <span style=\"color: #ff0000;\"><a style=\"color: #ff0000;\" href=\"https:\/\/www.maisonwabisabi.com\/en\/livraisons-retours\/\">Livraison<\/a><\/span> France, Europe et Internationale avec suivi et remise en main propre contre signature.<\/span><\/p>","protected":false},"featured_media":27075,"comment_status":"closed","ping_status":"closed","template":"","meta":{"site-sidebar-layout":"default","site-content-layout":"","ast-site-content-layout":"default","site-content-style":"default","site-sidebar-style":"default","ast-global-header-display":"","ast-banner-title-visibility":"","ast-main-header-display":"","ast-hfb-above-header-display":"","ast-hfb-below-header-display":"","ast-hfb-mobile-header-display":"","site-post-title":"","ast-breadcrumbs-content":"","ast-featured-img":"","footer-sml-layout":"","ast-disable-related-posts":"","theme-transparent-header-meta":"default","adv-header-id-meta":"","stick-header-meta":"","header-above-stick-meta":"","header-main-stick-meta":"","header-below-stick-meta":"","astra-migrate-meta-layouts":"set","ast-page-background-enabled":"default","ast-page-background-meta":{"desktop":{"background-color":"var(--ast-global-color-5)","background-image":"","background-repeat":"repeat","background-position":"center center","background-size":"auto","background-attachment":"scroll","background-type":"","background-media":"","overlay-type":"","overlay-color":"","overlay-opacity":"","overlay-gradient":""},"tablet":{"background-color":"","background-image":"","background-repeat":"repeat","background-position":"center center","background-size":"auto","background-attachment":"scroll","background-type":"","background-media":"","overlay-type":"","overlay-color":"","overlay-opacity":"","overlay-gradient":""},"mobile":{"background-color":"","background-image":"","background-repeat":"repeat","background-position":"center center","background-size":"auto","background-attachment":"scroll","background-type":"","background-media":"","overlay-type":"","overlay-color":"","overlay-opacity":"","overlay-gradient":""}},"ast-content-background-meta":{"desktop":{"background-color":"var(--ast-global-color-4)","background-image":"","background-repeat":"repeat","background-position":"center center","background-size":"auto","background-attachment":"scroll","background-type":"","background-media":"","overlay-type":"","overlay-color":"","overlay-opacity":"","overlay-gradient":""},"tablet":{"background-color":"var(--ast-global-color-4)","background-image":"","background-repeat":"repeat","background-position":"center center","background-size":"auto","background-attachment":"scroll","background-type":"","background-media":"","overlay-type":"","overlay-color":"","overlay-opacity":"","overlay-gradient":""},"mobile":{"background-color":"var(--ast-global-color-4)","background-image":"","background-repeat":"repeat","background-position":"center center","background-size":"auto","background-attachment":"scroll","background-type":"","background-media":"","overlay-type":"","overlay-color":"","overlay-opacity":"","overlay-gradient":""}}},"product_brand":[],"product_cat":[193,242,96,112,197],"product_tag":[],"class_list":{"0":"post-27035","1":"product","2":"type-product","3":"status-publish","4":"has-post-thumbnail","6":"product_cat-ceramistes-du-japon","7":"product_cat-collections-2024","8":"product_cat-gamme-pour-les-alcools","9":"product_cat-tasses-a-sake","10":"product_cat-ceramiste-teppei-terada","11":"product_shipping_class-moins-de-1-kilo","12":"desktop-align-left","13":"tablet-align-left","14":"mobile-align-left","16":"first","17":"instock","18":"sold-individually","19":"shipping-taxable","20":"purchasable","21":"product-type-simple"},"yoast_head":"<!-- This site is optimized with the Yoast SEO plugin v27.5 - https:\/\/yoast.com\/product\/yoast-seo-wordpress\/ -->\n<title>Tasse \u00e0 Sake #1 Teppei TERADA - Maison Wabi-Sabi - Boutique<\/title>\n<meta name=\"description\" content=\"Tasse \u00e0 Sake #1 Teppei TERADA \u5bfa\u7530\u9244\u5e73. Il est situ\u00e9 \u00e0 Seto, pr\u00e9fecture d&#039;Aichi, r\u00e9gion du Ch\u016bbu, au Japon. Cuisson sur four Noborigama.\" \/>\n<meta name=\"robots\" content=\"index, follow, max-snippet:-1, max-image-preview:large, max-video-preview:-1\" \/>\n<link rel=\"canonical\" href=\"https:\/\/www.maisonwabisabi.com\/en\/boutique\/tasse-a-sake-1-teppei-terada\/\" \/>\n<meta property=\"og:locale\" content=\"en_GB\" \/>\n<meta property=\"og:type\" content=\"article\" \/>\n<meta property=\"og:title\" content=\"Tasse \u00e0 Sake #1 Teppei TERADA - Maison Wabi-Sabi - Boutique\" \/>\n<meta property=\"og:description\" content=\"Tasse \u00e0 Sake #1 Teppei TERADA \u5bfa\u7530\u9244\u5e73. Il est situ\u00e9 \u00e0 Seto, pr\u00e9fecture d&#039;Aichi, r\u00e9gion du Ch\u016bbu, au Japon. Cuisson sur four Noborigama.\" \/>\n<meta property=\"og:url\" content=\"https:\/\/www.maisonwabisabi.com\/en\/boutique\/tasse-a-sake-1-teppei-terada\/\" \/>\n<meta property=\"og:site_name\" content=\"Maison Wabi-Sabi\" \/>\n<meta property=\"article:publisher\" content=\"https:\/\/www.facebook.com\/MaisonWabiSabi\" \/>\n<meta property=\"article:modified_time\" content=\"2026-04-23T15:14:46+00:00\" \/>\n<meta property=\"og:image\" content=\"https:\/\/www.maisonwabisabi.com\/wp-content\/uploads\/2024\/03\/H24TepTERAJPNGUI1-Face1.jpg\" \/>\n\t<meta property=\"og:image:width\" content=\"1024\" \/>\n\t<meta property=\"og:image:height\" content=\"1024\" \/>\n\t<meta property=\"og:image:type\" content=\"image\/jpeg\" \/>\n<meta name=\"twitter:card\" content=\"summary_large_image\" \/>\n<meta name=\"twitter:label1\" content=\"Estimated reading time\" \/>\n\t<meta name=\"twitter:data1\" content=\"1 minute\" \/>\n<script type=\"application\/ld+json\" class=\"yoast-schema-graph\">{\"@context\":\"https:\\\/\\\/schema.org\",\"@graph\":[{\"@type\":\"WebPage\",\"@id\":\"https:\\\/\\\/www.maisonwabisabi.com\\\/boutique\\\/tasse-a-sake-1-teppei-terada\\\/\",\"url\":\"https:\\\/\\\/www.maisonwabisabi.com\\\/boutique\\\/tasse-a-sake-1-teppei-terada\\\/\",\"name\":\"Tasse \u00e0 Sake #1 Teppei TERADA - Maison Wabi-Sabi - Boutique\",\"isPartOf\":{\"@id\":\"https:\\\/\\\/www.maisonwabisabi.com\\\/#website\"},\"primaryImageOfPage\":{\"@id\":\"https:\\\/\\\/www.maisonwabisabi.com\\\/boutique\\\/tasse-a-sake-1-teppei-terada\\\/#primaryimage\"},\"image\":{\"@id\":\"https:\\\/\\\/www.maisonwabisabi.com\\\/boutique\\\/tasse-a-sake-1-teppei-terada\\\/#primaryimage\"},\"thumbnailUrl\":\"https:\\\/\\\/www.maisonwabisabi.com\\\/wp-content\\\/uploads\\\/2024\\\/03\\\/H24TepTERAJPNGUI1-Face1.jpg\",\"datePublished\":\"2024-03-27T20:52:31+00:00\",\"dateModified\":\"2026-04-23T15:14:46+00:00\",\"description\":\"Tasse \u00e0 Sake #1 Teppei TERADA \u5bfa\u7530\u9244\u5e73. Il est situ\u00e9 \u00e0 Seto, pr\u00e9fecture d'Aichi, r\u00e9gion du Ch\u016bbu, au Japon. Cuisson sur four Noborigama.\",\"breadcrumb\":{\"@id\":\"https:\\\/\\\/www.maisonwabisabi.com\\\/boutique\\\/tasse-a-sake-1-teppei-terada\\\/#breadcrumb\"},\"inLanguage\":\"en-GB\",\"potentialAction\":[{\"@type\":\"ReadAction\",\"target\":[\"https:\\\/\\\/www.maisonwabisabi.com\\\/boutique\\\/tasse-a-sake-1-teppei-terada\\\/\"]}]},{\"@type\":\"ImageObject\",\"inLanguage\":\"en-GB\",\"@id\":\"https:\\\/\\\/www.maisonwabisabi.com\\\/boutique\\\/tasse-a-sake-1-teppei-terada\\\/#primaryimage\",\"url\":\"https:\\\/\\\/www.maisonwabisabi.com\\\/wp-content\\\/uploads\\\/2024\\\/03\\\/H24TepTERAJPNGUI1-Face1.jpg\",\"contentUrl\":\"https:\\\/\\\/www.maisonwabisabi.com\\\/wp-content\\\/uploads\\\/2024\\\/03\\\/H24TepTERAJPNGUI1-Face1.jpg\",\"width\":1024,\"height\":1024,\"caption\":\"Tasse \u00e0 Sake - Teppei TERADA - Face1\"},{\"@type\":\"BreadcrumbList\",\"@id\":\"https:\\\/\\\/www.maisonwabisabi.com\\\/boutique\\\/tasse-a-sake-1-teppei-terada\\\/#breadcrumb\",\"itemListElement\":[{\"@type\":\"ListItem\",\"position\":1,\"name\":\"Bienvenue\",\"item\":\"https:\\\/\\\/www.maisonwabisabi.com\\\/\"},{\"@type\":\"ListItem\",\"position\":2,\"name\":\"E-shop \\\/ Boutique\",\"item\":\"https:\\\/\\\/www.maisonwabisabi.com\\\/boutique\\\/\"},{\"@type\":\"ListItem\",\"position\":3,\"name\":\"Tasse \u00e0 Sake 105ml et Bo\u00eete Tomobako sign\u00e9e &#8211; Teppei TERADA\"}]},{\"@type\":\"WebSite\",\"@id\":\"https:\\\/\\\/www.maisonwabisabi.com\\\/#website\",\"url\":\"https:\\\/\\\/www.maisonwabisabi.com\\\/\",\"name\":\"Maison Wabi-Sabi\",\"description\":\"\",\"publisher\":{\"@id\":\"https:\\\/\\\/www.maisonwabisabi.com\\\/#organization\"},\"potentialAction\":[{\"@type\":\"SearchAction\",\"target\":{\"@type\":\"EntryPoint\",\"urlTemplate\":\"https:\\\/\\\/www.maisonwabisabi.com\\\/?s={search_term_string}\"},\"query-input\":{\"@type\":\"PropertyValueSpecification\",\"valueRequired\":true,\"valueName\":\"search_term_string\"}}],\"inLanguage\":\"en-GB\"},{\"@type\":\"Organization\",\"@id\":\"https:\\\/\\\/www.maisonwabisabi.com\\\/#organization\",\"name\":\"Maison Wabi-Sabi\",\"url\":\"https:\\\/\\\/www.maisonwabisabi.com\\\/\",\"logo\":{\"@type\":\"ImageObject\",\"inLanguage\":\"en-GB\",\"@id\":\"https:\\\/\\\/www.maisonwabisabi.com\\\/#\\\/schema\\\/logo\\\/image\\\/\",\"url\":\"https:\\\/\\\/www.maisonwabisabi.com\\\/wp-content\\\/uploads\\\/2021\\\/11\\\/Logo-de-maison-Wabi-Sabi.jpg\",\"contentUrl\":\"https:\\\/\\\/www.maisonwabisabi.com\\\/wp-content\\\/uploads\\\/2021\\\/11\\\/Logo-de-maison-Wabi-Sabi.jpg\",\"width\":1024,\"height\":1024,\"caption\":\"Maison Wabi-Sabi\"},\"image\":{\"@id\":\"https:\\\/\\\/www.maisonwabisabi.com\\\/#\\\/schema\\\/logo\\\/image\\\/\"},\"sameAs\":[\"https:\\\/\\\/www.facebook.com\\\/MaisonWabiSabi\",\"https:\\\/\\\/www.instagram.com\\\/maison.wabi.sabi\\\/?hl=fr\",\"https:\\\/\\\/www.linkedin.com\\\/company\\\/69088467\"]}]}<\/script>\n<!-- \/ Yoast SEO plugin. -->","yoast_head_json":{"title":"Tasse \u00e0 Sake #1 Teppei TERADA - Maison Wabi-Sabi - Boutique","description":"Tasse \u00e0 Sake #1 Teppei TERADA \u5bfa\u7530\u9244\u5e73. Il est situ\u00e9 \u00e0 Seto, pr\u00e9fecture d'Aichi, r\u00e9gion du Ch\u016bbu, au Japon. Cuisson sur four Noborigama.","robots":{"index":"index","follow":"follow","max-snippet":"max-snippet:-1","max-image-preview":"max-image-preview:large","max-video-preview":"max-video-preview:-1"},"canonical":"https:\/\/www.maisonwabisabi.com\/en\/boutique\/tasse-a-sake-1-teppei-terada\/","og_locale":"en_GB","og_type":"article","og_title":"Tasse \u00e0 Sake #1 Teppei TERADA - Maison Wabi-Sabi - Boutique","og_description":"Tasse \u00e0 Sake #1 Teppei TERADA \u5bfa\u7530\u9244\u5e73. Il est situ\u00e9 \u00e0 Seto, pr\u00e9fecture d'Aichi, r\u00e9gion du Ch\u016bbu, au Japon. Cuisson sur four Noborigama.","og_url":"https:\/\/www.maisonwabisabi.com\/en\/boutique\/tasse-a-sake-1-teppei-terada\/","og_site_name":"Maison Wabi-Sabi","article_publisher":"https:\/\/www.facebook.com\/MaisonWabiSabi","article_modified_time":"2026-04-23T15:14:46+00:00","og_image":[{"width":1024,"height":1024,"url":"https:\/\/www.maisonwabisabi.com\/wp-content\/uploads\/2024\/03\/H24TepTERAJPNGUI1-Face1.jpg","type":"image\/jpeg"}],"twitter_card":"summary_large_image","twitter_misc":{"Estimated reading time":"1 minute"},"schema":{"@context":"https:\/\/schema.org","@graph":[{"@type":"WebPage","@id":"https:\/\/www.maisonwabisabi.com\/boutique\/tasse-a-sake-1-teppei-terada\/","url":"https:\/\/www.maisonwabisabi.com\/boutique\/tasse-a-sake-1-teppei-terada\/","name":"Tasse \u00e0 Sake #1 Teppei TERADA - Maison Wabi-Sabi - Boutique","isPartOf":{"@id":"https:\/\/www.maisonwabisabi.com\/#website"},"primaryImageOfPage":{"@id":"https:\/\/www.maisonwabisabi.com\/boutique\/tasse-a-sake-1-teppei-terada\/#primaryimage"},"image":{"@id":"https:\/\/www.maisonwabisabi.com\/boutique\/tasse-a-sake-1-teppei-terada\/#primaryimage"},"thumbnailUrl":"https:\/\/www.maisonwabisabi.com\/wp-content\/uploads\/2024\/03\/H24TepTERAJPNGUI1-Face1.jpg","datePublished":"2024-03-27T20:52:31+00:00","dateModified":"2026-04-23T15:14:46+00:00","description":"Tasse \u00e0 Sake #1 Teppei TERADA \u5bfa\u7530\u9244\u5e73. Il est situ\u00e9 \u00e0 Seto, pr\u00e9fecture d'Aichi, r\u00e9gion du Ch\u016bbu, au Japon. Cuisson sur four Noborigama.","breadcrumb":{"@id":"https:\/\/www.maisonwabisabi.com\/boutique\/tasse-a-sake-1-teppei-terada\/#breadcrumb"},"inLanguage":"en-GB","potentialAction":[{"@type":"ReadAction","target":["https:\/\/www.maisonwabisabi.com\/boutique\/tasse-a-sake-1-teppei-terada\/"]}]},{"@type":"ImageObject","inLanguage":"en-GB","@id":"https:\/\/www.maisonwabisabi.com\/boutique\/tasse-a-sake-1-teppei-terada\/#primaryimage","url":"https:\/\/www.maisonwabisabi.com\/wp-content\/uploads\/2024\/03\/H24TepTERAJPNGUI1-Face1.jpg","contentUrl":"https:\/\/www.maisonwabisabi.com\/wp-content\/uploads\/2024\/03\/H24TepTERAJPNGUI1-Face1.jpg","width":1024,"height":1024,"caption":"Tasse \u00e0 Sake - Teppei TERADA - Face1"},{"@type":"BreadcrumbList","@id":"https:\/\/www.maisonwabisabi.com\/boutique\/tasse-a-sake-1-teppei-terada\/#breadcrumb","itemListElement":[{"@type":"ListItem","position":1,"name":"Bienvenue","item":"https:\/\/www.maisonwabisabi.com\/"},{"@type":"ListItem","position":2,"name":"E-shop \/ Boutique","item":"https:\/\/www.maisonwabisabi.com\/boutique\/"},{"@type":"ListItem","position":3,"name":"Tasse \u00e0 Sake 105ml et Bo\u00eete Tomobako sign\u00e9e &#8211; Teppei TERADA"}]},{"@type":"WebSite","@id":"https:\/\/www.maisonwabisabi.com\/#website","url":"https:\/\/www.maisonwabisabi.com\/","name":"Maison Wabi-Sabi","description":"","publisher":{"@id":"https:\/\/www.maisonwabisabi.com\/#organization"},"potentialAction":[{"@type":"SearchAction","target":{"@type":"EntryPoint","urlTemplate":"https:\/\/www.maisonwabisabi.com\/?s={search_term_string}"},"query-input":{"@type":"PropertyValueSpecification","valueRequired":true,"valueName":"search_term_string"}}],"inLanguage":"en-GB"},{"@type":"Organization","@id":"https:\/\/www.maisonwabisabi.com\/#organization","name":"Maison Wabi-Sabi","url":"https:\/\/www.maisonwabisabi.com\/","logo":{"@type":"ImageObject","inLanguage":"en-GB","@id":"https:\/\/www.maisonwabisabi.com\/#\/schema\/logo\/image\/","url":"https:\/\/www.maisonwabisabi.com\/wp-content\/uploads\/2021\/11\/Logo-de-maison-Wabi-Sabi.jpg","contentUrl":"https:\/\/www.maisonwabisabi.com\/wp-content\/uploads\/2021\/11\/Logo-de-maison-Wabi-Sabi.jpg","width":1024,"height":1024,"caption":"Maison Wabi-Sabi"},"image":{"@id":"https:\/\/www.maisonwabisabi.com\/#\/schema\/logo\/image\/"},"sameAs":["https:\/\/www.facebook.com\/MaisonWabiSabi","https:\/\/www.instagram.com\/maison.wabi.sabi\/?hl=fr","https:\/\/www.linkedin.com\/company\/69088467"]}]}},"_links":{"self":[{"href":"https:\/\/www.maisonwabisabi.com\/en\/wp-json\/wp\/v2\/product\/27035","targetHints":{"allow":["GET"]}}],"collection":[{"href":"https:\/\/www.maisonwabisabi.com\/en\/wp-json\/wp\/v2\/product"}],"about":[{"href":"https:\/\/www.maisonwabisabi.com\/en\/wp-json\/wp\/v2\/types\/product"}],"replies":[{"embeddable":true,"href":"https:\/\/www.maisonwabisabi.com\/en\/wp-json\/wp\/v2\/comments?post=27035"}],"wp:featuredmedia":[{"embeddable":true,"href":"https:\/\/www.maisonwabisabi.com\/en\/wp-json\/wp\/v2\/media\/27075"}],"wp:attachment":[{"href":"https:\/\/www.maisonwabisabi.com\/en\/wp-json\/wp\/v2\/media?parent=27035"}],"wp:term":[{"taxonomy":"product_brand","embeddable":true,"href":"https:\/\/www.maisonwabisabi.com\/en\/wp-json\/wp\/v2\/product_brand?post=27035"},{"taxonomy":"product_cat","embeddable":true,"href":"https:\/\/www.maisonwabisabi.com\/en\/wp-json\/wp\/v2\/product_cat?post=27035"},{"taxonomy":"product_tag","embeddable":true,"href":"https:\/\/www.maisonwabisabi.com\/en\/wp-json\/wp\/v2\/product_tag?post=27035"}],"curies":[{"name":"wp","href":"https:\/\/api.w.org\/{rel}","templated":true}]}}