{"id":26034,"date":"2024-02-25T17:58:44","date_gmt":"2024-02-25T16:58:44","guid":{"rendered":"https:\/\/www.maisonwabisabi.com\/?post_type=product&#038;p=26034"},"modified":"2026-04-23T16:28:03","modified_gmt":"2026-04-23T14:28:03","slug":"bol-a-the-1-sean-silva","status":"publish","type":"product","link":"https:\/\/www.maisonwabisabi.com\/en\/boutique\/bol-a-the-1-sean-silva\/","title":{"rendered":"Chawan 620ml &#8211; Sean SILVA"},"content":{"rendered":"<p>C\u00e9ramiste : Sean SILVA<\/p>\n<p>Localisation : Caldas da Rainha &#8211; District de Leiria &#8211; Nord de Lisbonne<\/p>\n<p>Pays : Portugal<\/p>\n<p>N\u00e9 \u00e0 Toronto, au Canada, il est arriv\u00e9 au Portugal tr\u00e8s jeune. \u201cJe ne me suis jamais senti oblig\u00e9 d\u2019\u00eatre d\u00e9fini ou ressenti le besoin d\u2019\u00eatre appel\u00e9 par un nom sp\u00e9cifique. Mais peut-\u00eatre que je me sens plus \u00e0 l\u2019aise d\u2019\u00eatre d\u00e9fini comme un potier car mon travail s\u2019est concentr\u00e9 sur les articles fonctionnels. J\u2019ai l\u2019impression que mon travail est une cons\u00e9quence de mon attirance pour la poterie japonaise et cor\u00e9enne. J\u2019ai trouv\u00e9 beaucoup d\u2019inspiration dans la poterie traditionnelle fabriqu\u00e9e par des potiers ici au Portugal, en particulier le c\u00f4t\u00e9 brut des pi\u00e8ces. Je ne sais pas s\u2019il existe une d\u00e9finition du style de poterie que je fais. C\u2019est l\u2019amalgame de mon observation et de mon exp\u00e9rience, une recherche constante d\u2019expression.\u201d<\/p>\n<p>Pour d\u00e9couvrir plus en d\u00e9tails son univers, son m\u00e9tier et sa relation avec la c\u00e9ramique, je vous invite \u00e0 cliquer ici =&gt; <a href=\"https:\/\/www.maisonwabisabi.com\/en\/sean-silva\/\" target=\"_blank\" rel=\"noopener\">Sean SILVA<\/a><\/p>","protected":false},"excerpt":{"rendered":"<p><span style=\"color: #000000;\"><strong>Dimensions :<\/strong> Longueur 12 cm x Largeur 12 cm x Hauteur 8,4 cm<\/span><\/p>\n<p><strong><span style=\"color: #000000;\">Cat\u00e9gorie du produit :<\/span><\/strong> <span style=\"color: #ff0000;\"><a style=\"color: #ff0000;\" href=\"https:\/\/www.maisonwabisabi.com\/en\/bol-the\/\" target=\"_blank\" rel=\"noopener\">Bol \u00e0 th\u00e9 &#8211; Chawan &#8211; \u8336\u7897<\/a><\/span><\/p>\n<p><strong><span style=\"color: #000000;\">Gamme du produit :<\/span> <\/strong><span style=\"color: #ff0000;\"><a style=\"color: #ff0000;\" href=\"https:\/\/www.maisonwabisabi.com\/en\/utsuwa\/the-et-cafe\/\" target=\"_blank\" rel=\"noopener\">Tea and Coffee<\/a><\/span><\/p>\n<p><span style=\"color: #000000;\"><strong>Message de Yann san :<\/strong> Un <span style=\"color: #ff0000;\"><a style=\"color: #ff0000;\" href=\"https:\/\/www.maisonwabisabi.com\/en\/utsuwa\/\" target=\"_blank\" rel=\"noopener\">Utsuwa<\/a><\/span> est un r\u00e9cipient d&rsquo;utilisation quotidienne. Chez <span style=\"color: #ff0000;\"><a style=\"color: #ff0000;\" href=\"https:\/\/www.maisonwabisabi.com\/en\/notre-histoire\/\" target=\"_blank\" rel=\"noopener\">Maison Wabi-Sabi<\/a><\/span>, nous vous proposons des pi\u00e8ces uniques fabriqu\u00e9es artisanalement. Et qui dit unique et artisanale signifie Wabi-Sabi et <span style=\"color: #ff0000;\"><a style=\"color: #ff0000;\" href=\"https:\/\/www.maisonwabisabi.com\/en\/utsuwa\/imperfection-artisanale\/\" target=\"_blank\" rel=\"noopener\">imperfection artisanale<\/a><\/span>. La taille, la couleur et la forme peuvent diff\u00e9rer l\u00e9g\u00e8rement selon la photo ou une autre c\u00e9ramique du m\u00eame artiste. Le travail manuel et les caract\u00e9ristiques de cette c\u00e9ramique en font une oeuvre d&rsquo;art d&rsquo;une grande qualit\u00e9. Plus d&rsquo;infos sur Maison Wabi-Sabi : c&rsquo;est par <span style=\"color: #ff0000;\"><a style=\"color: #ff0000;\" href=\"https:\/\/linktr.ee\/Maison.Wabi.Sabi\" target=\"_blank\" rel=\"noopener\">ici<\/a><\/span><\/span><\/p>\n<p><span style=\"color: #000000;\"><strong>Prendre soin :<\/strong> Nettoyer avec une \u00e9ponge douce, sans d\u00e9tergent abrasif. Ne passe pas au micro-ondes et au lave-vaisselle. Plus d&rsquo;informations : <span style=\"color: #ff0000;\"><a style=\"color: #ff0000;\" href=\"https:\/\/www.maisonwabisabi.com\/en\/utsuwa\/soin-et-manipulation-des-poteries\/\" target=\"_blank\" rel=\"noopener\">Care and handling of pottery<\/a><\/span><\/span><\/p>\n<p><span style=\"color: #000000;\"><strong>Utilisations :<\/strong> Convient pour toutes les <span style=\"color: #ff0000;\"><a style=\"color: #ff0000;\" href=\"https:\/\/www.maisonwabisabi.com\/en\/principales-categories\/\">recettes<\/a><\/span>. \u00c0 vous de vous l&rsquo;approprier et de l&rsquo;utiliser \u00e0 votre convenance.<\/span><\/p>\n<p><span style=\"color: #0000ff;\"><strong>=&gt; \u00c0 PARTIR DE 120\u20ac D&rsquo;ACHAT, LIVRAISON OFFERTE en FRANCE M\u00c9TROPOLITAINE &amp; en EUROPE.<\/strong><\/span><\/p>\n<p><span style=\"color: #000000;\"><strong>Mondial Relay en Point Relais\u00ae ou Locker :<\/strong> <span style=\"color: #ff0000;\"><a style=\"color: #ff0000;\" href=\"https:\/\/www.maisonwabisabi.com\/en\/livraisons-retours\/\">Livraison<\/a><\/span> France sous 3 \u00e0 10 jours ouvr\u00e9s et Europe, incluant la remise du colis contre signature. <\/span><span style=\"color: #000000;\"><strong>La Poste Colissimo Domicile :<\/strong> <span style=\"color: #ff0000;\"><a style=\"color: #ff0000;\" href=\"https:\/\/www.maisonwabisabi.com\/en\/livraisons-retours\/\">Livraison<\/a><\/span> France, Europe et Internationale avec suivi et remise en main propre contre signature.<\/span><\/p>","protected":false},"featured_media":26037,"comment_status":"closed","ping_status":"closed","template":"","meta":{"site-sidebar-layout":"default","site-content-layout":"","ast-site-content-layout":"default","site-content-style":"default","site-sidebar-style":"default","ast-global-header-display":"","ast-banner-title-visibility":"","ast-main-header-display":"","ast-hfb-above-header-display":"","ast-hfb-below-header-display":"","ast-hfb-mobile-header-display":"","site-post-title":"","ast-breadcrumbs-content":"","ast-featured-img":"","footer-sml-layout":"","ast-disable-related-posts":"","theme-transparent-header-meta":"default","adv-header-id-meta":"","stick-header-meta":"","header-above-stick-meta":"","header-main-stick-meta":"","header-below-stick-meta":"","astra-migrate-meta-layouts":"set","ast-page-background-enabled":"default","ast-page-background-meta":{"desktop":{"background-color":"var(--ast-global-color-5)","background-image":"","background-repeat":"repeat","background-position":"center center","background-size":"auto","background-attachment":"scroll","background-type":"","background-media":"","overlay-type":"","overlay-color":"","overlay-opacity":"","overlay-gradient":""},"tablet":{"background-color":"","background-image":"","background-repeat":"repeat","background-position":"center center","background-size":"auto","background-attachment":"scroll","background-type":"","background-media":"","overlay-type":"","overlay-color":"","overlay-opacity":"","overlay-gradient":""},"mobile":{"background-color":"","background-image":"","background-repeat":"repeat","background-position":"center center","background-size":"auto","background-attachment":"scroll","background-type":"","background-media":"","overlay-type":"","overlay-color":"","overlay-opacity":"","overlay-gradient":""}},"ast-content-background-meta":{"desktop":{"background-color":"var(--ast-global-color-4)","background-image":"","background-repeat":"repeat","background-position":"center center","background-size":"auto","background-attachment":"scroll","background-type":"","background-media":"","overlay-type":"","overlay-color":"","overlay-opacity":"","overlay-gradient":""},"tablet":{"background-color":"var(--ast-global-color-4)","background-image":"","background-repeat":"repeat","background-position":"center center","background-size":"auto","background-attachment":"scroll","background-type":"","background-media":"","overlay-type":"","overlay-color":"","overlay-opacity":"","overlay-gradient":""},"mobile":{"background-color":"var(--ast-global-color-4)","background-image":"","background-repeat":"repeat","background-position":"center center","background-size":"auto","background-attachment":"scroll","background-type":"","background-media":"","overlay-type":"","overlay-color":"","overlay-opacity":"","overlay-gradient":""}}},"product_brand":[],"product_cat":[105,195,285,95,147],"product_tag":[],"class_list":{"0":"post-26034","1":"product","2":"type-product","3":"status-publish","4":"has-post-thumbnail","6":"product_cat-bols-a-the","7":"product_cat-ceramistes-europe","8":"product_cat-collections-2025","9":"product_cat-gamme-pour-le-the-et-le-cafe","10":"product_cat-ceramiste-sean-silva","11":"product_shipping_class-moins-de-1-kilo","12":"desktop-align-left","13":"tablet-align-left","14":"mobile-align-left","16":"first","17":"instock","18":"sold-individually","19":"shipping-taxable","20":"purchasable","21":"product-type-simple"},"yoast_head":"<!-- This site is optimized with the Yoast SEO plugin v27.5 - https:\/\/yoast.com\/product\/yoast-seo-wordpress\/ -->\n<title>Bol \u00e0 th\u00e9 #1 Sean SILVA - Maison Wabi-Sabi - Boutique<\/title>\n<meta name=\"description\" content=\"Bol \u00e0 th\u00e9 #1 Sean SILVA. Cuisson au four \u00e0 gaz en r\u00e9duction. Situ\u00e9 \u00e0 Caldas da Rainha, District de Leiria, Nord de Lisbonne, Portugal. C\u00e9ramique japonaise.\" \/>\n<meta name=\"robots\" content=\"index, follow, max-snippet:-1, max-image-preview:large, max-video-preview:-1\" \/>\n<link rel=\"canonical\" href=\"https:\/\/www.maisonwabisabi.com\/en\/boutique\/bol-a-the-1-sean-silva\/\" \/>\n<meta property=\"og:locale\" content=\"en_GB\" \/>\n<meta property=\"og:type\" content=\"article\" \/>\n<meta property=\"og:title\" content=\"Bol \u00e0 th\u00e9 #1 Sean SILVA - Maison Wabi-Sabi - Boutique\" \/>\n<meta property=\"og:description\" content=\"Bol \u00e0 th\u00e9 #1 Sean SILVA. Cuisson au four \u00e0 gaz en r\u00e9duction. Situ\u00e9 \u00e0 Caldas da Rainha, District de Leiria, Nord de Lisbonne, Portugal. C\u00e9ramique japonaise.\" \/>\n<meta property=\"og:url\" content=\"https:\/\/www.maisonwabisabi.com\/en\/boutique\/bol-a-the-1-sean-silva\/\" \/>\n<meta property=\"og:site_name\" content=\"Maison Wabi-Sabi\" \/>\n<meta property=\"article:publisher\" content=\"https:\/\/www.facebook.com\/MaisonWabiSabi\" \/>\n<meta property=\"article:modified_time\" content=\"2026-04-23T14:28:03+00:00\" \/>\n<meta property=\"og:image\" content=\"https:\/\/www.maisonwabisabi.com\/wp-content\/uploads\/2024\/02\/CLSeaSILVPTCHA1-Face1.jpg\" \/>\n\t<meta property=\"og:image:width\" content=\"1024\" \/>\n\t<meta property=\"og:image:height\" content=\"1024\" \/>\n\t<meta property=\"og:image:type\" content=\"image\/jpeg\" \/>\n<meta name=\"twitter:card\" content=\"summary_large_image\" \/>\n<meta name=\"twitter:label1\" content=\"Estimated reading time\" \/>\n\t<meta name=\"twitter:data1\" content=\"2 minutes\" \/>\n<script type=\"application\/ld+json\" class=\"yoast-schema-graph\">{\"@context\":\"https:\\\/\\\/schema.org\",\"@graph\":[{\"@type\":\"WebPage\",\"@id\":\"https:\\\/\\\/www.maisonwabisabi.com\\\/boutique\\\/bol-a-the-1-sean-silva\\\/\",\"url\":\"https:\\\/\\\/www.maisonwabisabi.com\\\/boutique\\\/bol-a-the-1-sean-silva\\\/\",\"name\":\"Bol \u00e0 th\u00e9 #1 Sean SILVA - Maison Wabi-Sabi - Boutique\",\"isPartOf\":{\"@id\":\"https:\\\/\\\/www.maisonwabisabi.com\\\/#website\"},\"primaryImageOfPage\":{\"@id\":\"https:\\\/\\\/www.maisonwabisabi.com\\\/boutique\\\/bol-a-the-1-sean-silva\\\/#primaryimage\"},\"image\":{\"@id\":\"https:\\\/\\\/www.maisonwabisabi.com\\\/boutique\\\/bol-a-the-1-sean-silva\\\/#primaryimage\"},\"thumbnailUrl\":\"https:\\\/\\\/www.maisonwabisabi.com\\\/wp-content\\\/uploads\\\/2024\\\/02\\\/CLSeaSILVPTCHA1-Face1.jpg\",\"datePublished\":\"2024-02-25T16:58:44+00:00\",\"dateModified\":\"2026-04-23T14:28:03+00:00\",\"description\":\"Bol \u00e0 th\u00e9 #1 Sean SILVA. Cuisson au four \u00e0 gaz en r\u00e9duction. Situ\u00e9 \u00e0 Caldas da Rainha, District de Leiria, Nord de Lisbonne, Portugal. C\u00e9ramique japonaise.\",\"breadcrumb\":{\"@id\":\"https:\\\/\\\/www.maisonwabisabi.com\\\/boutique\\\/bol-a-the-1-sean-silva\\\/#breadcrumb\"},\"inLanguage\":\"en-GB\",\"potentialAction\":[{\"@type\":\"ReadAction\",\"target\":[\"https:\\\/\\\/www.maisonwabisabi.com\\\/boutique\\\/bol-a-the-1-sean-silva\\\/\"]}]},{\"@type\":\"ImageObject\",\"inLanguage\":\"en-GB\",\"@id\":\"https:\\\/\\\/www.maisonwabisabi.com\\\/boutique\\\/bol-a-the-1-sean-silva\\\/#primaryimage\",\"url\":\"https:\\\/\\\/www.maisonwabisabi.com\\\/wp-content\\\/uploads\\\/2024\\\/02\\\/CLSeaSILVPTCHA1-Face1.jpg\",\"contentUrl\":\"https:\\\/\\\/www.maisonwabisabi.com\\\/wp-content\\\/uploads\\\/2024\\\/02\\\/CLSeaSILVPTCHA1-Face1.jpg\",\"width\":1024,\"height\":1024,\"caption\":\"Bol \u00e0 th\u00e9 - Sean SILVA - Face1\"},{\"@type\":\"BreadcrumbList\",\"@id\":\"https:\\\/\\\/www.maisonwabisabi.com\\\/boutique\\\/bol-a-the-1-sean-silva\\\/#breadcrumb\",\"itemListElement\":[{\"@type\":\"ListItem\",\"position\":1,\"name\":\"Bienvenue\",\"item\":\"https:\\\/\\\/www.maisonwabisabi.com\\\/\"},{\"@type\":\"ListItem\",\"position\":2,\"name\":\"E-shop \\\/ Boutique\",\"item\":\"https:\\\/\\\/www.maisonwabisabi.com\\\/boutique\\\/\"},{\"@type\":\"ListItem\",\"position\":3,\"name\":\"Chawan 620ml &#8211; Sean SILVA\"}]},{\"@type\":\"WebSite\",\"@id\":\"https:\\\/\\\/www.maisonwabisabi.com\\\/#website\",\"url\":\"https:\\\/\\\/www.maisonwabisabi.com\\\/\",\"name\":\"Maison Wabi-Sabi\",\"description\":\"\",\"publisher\":{\"@id\":\"https:\\\/\\\/www.maisonwabisabi.com\\\/#organization\"},\"potentialAction\":[{\"@type\":\"SearchAction\",\"target\":{\"@type\":\"EntryPoint\",\"urlTemplate\":\"https:\\\/\\\/www.maisonwabisabi.com\\\/?s={search_term_string}\"},\"query-input\":{\"@type\":\"PropertyValueSpecification\",\"valueRequired\":true,\"valueName\":\"search_term_string\"}}],\"inLanguage\":\"en-GB\"},{\"@type\":\"Organization\",\"@id\":\"https:\\\/\\\/www.maisonwabisabi.com\\\/#organization\",\"name\":\"Maison Wabi-Sabi\",\"url\":\"https:\\\/\\\/www.maisonwabisabi.com\\\/\",\"logo\":{\"@type\":\"ImageObject\",\"inLanguage\":\"en-GB\",\"@id\":\"https:\\\/\\\/www.maisonwabisabi.com\\\/#\\\/schema\\\/logo\\\/image\\\/\",\"url\":\"https:\\\/\\\/www.maisonwabisabi.com\\\/wp-content\\\/uploads\\\/2021\\\/11\\\/Logo-de-maison-Wabi-Sabi.jpg\",\"contentUrl\":\"https:\\\/\\\/www.maisonwabisabi.com\\\/wp-content\\\/uploads\\\/2021\\\/11\\\/Logo-de-maison-Wabi-Sabi.jpg\",\"width\":1024,\"height\":1024,\"caption\":\"Maison Wabi-Sabi\"},\"image\":{\"@id\":\"https:\\\/\\\/www.maisonwabisabi.com\\\/#\\\/schema\\\/logo\\\/image\\\/\"},\"sameAs\":[\"https:\\\/\\\/www.facebook.com\\\/MaisonWabiSabi\",\"https:\\\/\\\/www.instagram.com\\\/maison.wabi.sabi\\\/?hl=fr\",\"https:\\\/\\\/www.linkedin.com\\\/company\\\/69088467\"]}]}<\/script>\n<!-- \/ Yoast SEO plugin. -->","yoast_head_json":{"title":"Bol \u00e0 th\u00e9 #1 Sean SILVA - Maison Wabi-Sabi - Boutique","description":"Bol \u00e0 th\u00e9 #1 Sean SILVA. Cuisson au four \u00e0 gaz en r\u00e9duction. Situ\u00e9 \u00e0 Caldas da Rainha, District de Leiria, Nord de Lisbonne, Portugal. C\u00e9ramique japonaise.","robots":{"index":"index","follow":"follow","max-snippet":"max-snippet:-1","max-image-preview":"max-image-preview:large","max-video-preview":"max-video-preview:-1"},"canonical":"https:\/\/www.maisonwabisabi.com\/en\/boutique\/bol-a-the-1-sean-silva\/","og_locale":"en_GB","og_type":"article","og_title":"Bol \u00e0 th\u00e9 #1 Sean SILVA - Maison Wabi-Sabi - Boutique","og_description":"Bol \u00e0 th\u00e9 #1 Sean SILVA. Cuisson au four \u00e0 gaz en r\u00e9duction. Situ\u00e9 \u00e0 Caldas da Rainha, District de Leiria, Nord de Lisbonne, Portugal. C\u00e9ramique japonaise.","og_url":"https:\/\/www.maisonwabisabi.com\/en\/boutique\/bol-a-the-1-sean-silva\/","og_site_name":"Maison Wabi-Sabi","article_publisher":"https:\/\/www.facebook.com\/MaisonWabiSabi","article_modified_time":"2026-04-23T14:28:03+00:00","og_image":[{"width":1024,"height":1024,"url":"https:\/\/www.maisonwabisabi.com\/wp-content\/uploads\/2024\/02\/CLSeaSILVPTCHA1-Face1.jpg","type":"image\/jpeg"}],"twitter_card":"summary_large_image","twitter_misc":{"Estimated reading time":"2 minutes"},"schema":{"@context":"https:\/\/schema.org","@graph":[{"@type":"WebPage","@id":"https:\/\/www.maisonwabisabi.com\/boutique\/bol-a-the-1-sean-silva\/","url":"https:\/\/www.maisonwabisabi.com\/boutique\/bol-a-the-1-sean-silva\/","name":"Bol \u00e0 th\u00e9 #1 Sean SILVA - Maison Wabi-Sabi - Boutique","isPartOf":{"@id":"https:\/\/www.maisonwabisabi.com\/#website"},"primaryImageOfPage":{"@id":"https:\/\/www.maisonwabisabi.com\/boutique\/bol-a-the-1-sean-silva\/#primaryimage"},"image":{"@id":"https:\/\/www.maisonwabisabi.com\/boutique\/bol-a-the-1-sean-silva\/#primaryimage"},"thumbnailUrl":"https:\/\/www.maisonwabisabi.com\/wp-content\/uploads\/2024\/02\/CLSeaSILVPTCHA1-Face1.jpg","datePublished":"2024-02-25T16:58:44+00:00","dateModified":"2026-04-23T14:28:03+00:00","description":"Bol \u00e0 th\u00e9 #1 Sean SILVA. Cuisson au four \u00e0 gaz en r\u00e9duction. Situ\u00e9 \u00e0 Caldas da Rainha, District de Leiria, Nord de Lisbonne, Portugal. C\u00e9ramique japonaise.","breadcrumb":{"@id":"https:\/\/www.maisonwabisabi.com\/boutique\/bol-a-the-1-sean-silva\/#breadcrumb"},"inLanguage":"en-GB","potentialAction":[{"@type":"ReadAction","target":["https:\/\/www.maisonwabisabi.com\/boutique\/bol-a-the-1-sean-silva\/"]}]},{"@type":"ImageObject","inLanguage":"en-GB","@id":"https:\/\/www.maisonwabisabi.com\/boutique\/bol-a-the-1-sean-silva\/#primaryimage","url":"https:\/\/www.maisonwabisabi.com\/wp-content\/uploads\/2024\/02\/CLSeaSILVPTCHA1-Face1.jpg","contentUrl":"https:\/\/www.maisonwabisabi.com\/wp-content\/uploads\/2024\/02\/CLSeaSILVPTCHA1-Face1.jpg","width":1024,"height":1024,"caption":"Bol \u00e0 th\u00e9 - Sean SILVA - Face1"},{"@type":"BreadcrumbList","@id":"https:\/\/www.maisonwabisabi.com\/boutique\/bol-a-the-1-sean-silva\/#breadcrumb","itemListElement":[{"@type":"ListItem","position":1,"name":"Bienvenue","item":"https:\/\/www.maisonwabisabi.com\/"},{"@type":"ListItem","position":2,"name":"E-shop \/ Boutique","item":"https:\/\/www.maisonwabisabi.com\/boutique\/"},{"@type":"ListItem","position":3,"name":"Chawan 620ml &#8211; Sean SILVA"}]},{"@type":"WebSite","@id":"https:\/\/www.maisonwabisabi.com\/#website","url":"https:\/\/www.maisonwabisabi.com\/","name":"Maison Wabi-Sabi","description":"","publisher":{"@id":"https:\/\/www.maisonwabisabi.com\/#organization"},"potentialAction":[{"@type":"SearchAction","target":{"@type":"EntryPoint","urlTemplate":"https:\/\/www.maisonwabisabi.com\/?s={search_term_string}"},"query-input":{"@type":"PropertyValueSpecification","valueRequired":true,"valueName":"search_term_string"}}],"inLanguage":"en-GB"},{"@type":"Organization","@id":"https:\/\/www.maisonwabisabi.com\/#organization","name":"Maison Wabi-Sabi","url":"https:\/\/www.maisonwabisabi.com\/","logo":{"@type":"ImageObject","inLanguage":"en-GB","@id":"https:\/\/www.maisonwabisabi.com\/#\/schema\/logo\/image\/","url":"https:\/\/www.maisonwabisabi.com\/wp-content\/uploads\/2021\/11\/Logo-de-maison-Wabi-Sabi.jpg","contentUrl":"https:\/\/www.maisonwabisabi.com\/wp-content\/uploads\/2021\/11\/Logo-de-maison-Wabi-Sabi.jpg","width":1024,"height":1024,"caption":"Maison Wabi-Sabi"},"image":{"@id":"https:\/\/www.maisonwabisabi.com\/#\/schema\/logo\/image\/"},"sameAs":["https:\/\/www.facebook.com\/MaisonWabiSabi","https:\/\/www.instagram.com\/maison.wabi.sabi\/?hl=fr","https:\/\/www.linkedin.com\/company\/69088467"]}]}},"_links":{"self":[{"href":"https:\/\/www.maisonwabisabi.com\/en\/wp-json\/wp\/v2\/product\/26034","targetHints":{"allow":["GET"]}}],"collection":[{"href":"https:\/\/www.maisonwabisabi.com\/en\/wp-json\/wp\/v2\/product"}],"about":[{"href":"https:\/\/www.maisonwabisabi.com\/en\/wp-json\/wp\/v2\/types\/product"}],"replies":[{"embeddable":true,"href":"https:\/\/www.maisonwabisabi.com\/en\/wp-json\/wp\/v2\/comments?post=26034"}],"wp:featuredmedia":[{"embeddable":true,"href":"https:\/\/www.maisonwabisabi.com\/en\/wp-json\/wp\/v2\/media\/26037"}],"wp:attachment":[{"href":"https:\/\/www.maisonwabisabi.com\/en\/wp-json\/wp\/v2\/media?parent=26034"}],"wp:term":[{"taxonomy":"product_brand","embeddable":true,"href":"https:\/\/www.maisonwabisabi.com\/en\/wp-json\/wp\/v2\/product_brand?post=26034"},{"taxonomy":"product_cat","embeddable":true,"href":"https:\/\/www.maisonwabisabi.com\/en\/wp-json\/wp\/v2\/product_cat?post=26034"},{"taxonomy":"product_tag","embeddable":true,"href":"https:\/\/www.maisonwabisabi.com\/en\/wp-json\/wp\/v2\/product_tag?post=26034"}],"curies":[{"name":"wp","href":"https:\/\/api.w.org\/{rel}","templated":true}]}}