{"id":36,"date":"2021-06-22T20:38:22","date_gmt":"2021-06-22T18:38:22","guid":{"rendered":"https:\/\/www.maisonwabisabi.com\/?page_id=36"},"modified":"2025-07-03T23:22:13","modified_gmt":"2025-07-03T21:22:13","slug":"shiru-wakaru","status":"publish","type":"page","link":"https:\/\/www.maisonwabisabi.com\/en\/shiru-wakaru\/","title":{"rendered":"Savoir &#038; Connaissance"},"content":{"rendered":"<div style=\"height:20px\" aria-hidden=\"true\" class=\"wp-block-spacer\"><\/div>\n\n\n\n<h1 class=\"wp-block-heading has-text-align-center has-black-color has-text-color has-background has-link-color wp-elements-4e2adce55cfc1baa8efed84884165b0d\" style=\"background-color:#8d9a83;font-size:21px\"><strong>Shiru &amp; Wakaru<\/strong><\/h1>\n\n\n\n<div style=\"height:20px\" aria-hidden=\"true\" class=\"wp-block-spacer\"><\/div>\n\n\n\n<p class=\"has-black-color has-text-color\" style=\"font-size:17px\">Au premier abord,&nbsp;Savoir&nbsp;et&nbsp;Connaissance&nbsp;semblent synonymes. Ces termes renvoient \u00e0 deux mani\u00e8res d\u2019apprendre bien diff\u00e9rentes. Le Savoir est une somme d\u2019informations accumul\u00e9es, il peut s\u2019acqu\u00e9rir et se transmettre par un enseignement ou par des livres. La&nbsp;Connaissance&nbsp;est la tentative d\u2019acc\u00e9der \u00e0 la v\u00e9rit\u00e9 ultime. C\u2019est une qu\u00eate de r\u00e9ponses aux grandes questions existentielles que l\u2019Homme se pose.<\/p>\n\n\n\n<p class=\"has-black-color has-text-color\" style=\"font-size:17px\">Dans tous les cas, le but est d&rsquo;apprendre et de comprendre ce qu&rsquo;est la c\u00e9ramique japonaise. Pour vous expliquer les 2 termes : Shiru &amp; wakaru. Ce sont 2 mots qui signifient \u00ab\u00a0savoir\u00a0\u00bb, exactement comme le verbe. <strong><mark style=\"background-color:rgba(0, 0, 0, 0);color:#7d4e2d\" class=\"has-inline-color\">Shiru \u77e5\u308b<\/mark><\/strong> est utilis\u00e9 lorsque vous \u00ab\u00a0obtenez\u00a0\u00bb de nouvelles informations ou de nouvelles connaissances. <strong><mark style=\"background-color:rgba(0, 0, 0, 0);color:#7d4e2d\" class=\"has-inline-color\">Wakaru \u5206\u304b\u308b<\/mark><\/strong> est utilis\u00e9 lorsque vous \u00ab\u00a0comprenez\u00a0\u00bb ou \u00ab\u00a0saisissez\u00a0\u00bb le sens de quelque chose. Il est \u00e9galement utilis\u00e9 lorsque vous \u00ab\u00a0d\u00e9couvrez\u00a0\u00bb quelque chose.<\/p>\n\n\n\n<div style=\"height:20px\" aria-hidden=\"true\" class=\"wp-block-spacer\"><\/div>\n\n\n\n<figure class=\"wp-block-gallery has-nested-images columns-4 is-cropped wp-block-gallery-1 is-layout-flex wp-block-gallery-is-layout-flex\">\n<figure class=\"wp-block-image size-full\"><a href=\"https:\/\/www.maisonwabisabi.com\/en\/shiru-wakaru\/librairie\/\" target=\"_blank\" rel=\"noreferrer noopener\"><img loading=\"lazy\" decoding=\"async\" width=\"1009\" height=\"1009\" data-id=\"25483\" src=\"https:\/\/www.maisonwabisabi.com\/wp-content\/uploads\/2024\/02\/01-Librairie-de-Yann-san.jpg\" alt=\"Librairie de Yann san\" class=\"wp-image-25483\" srcset=\"https:\/\/www.maisonwabisabi.com\/wp-content\/uploads\/2024\/02\/01-Librairie-de-Yann-san.jpg 1009w, https:\/\/www.maisonwabisabi.com\/wp-content\/uploads\/2024\/02\/01-Librairie-de-Yann-san-300x300.jpg 300w, https:\/\/www.maisonwabisabi.com\/wp-content\/uploads\/2024\/02\/01-Librairie-de-Yann-san-150x150.jpg 150w, https:\/\/www.maisonwabisabi.com\/wp-content\/uploads\/2024\/02\/01-Librairie-de-Yann-san-768x768.jpg 768w, https:\/\/www.maisonwabisabi.com\/wp-content\/uploads\/2024\/02\/01-Librairie-de-Yann-san-600x600.jpg 600w, https:\/\/www.maisonwabisabi.com\/wp-content\/uploads\/2024\/02\/01-Librairie-de-Yann-san-100x100.jpg 100w\" sizes=\"auto, (max-width: 1009px) 100vw, 1009px\" \/><\/a><\/figure>\n\n\n\n<figure class=\"wp-block-image size-full\"><a href=\"https:\/\/www.maisonwabisabi.com\/en\/shiru-wakaru\/histoire-ceramique-japonaise\/\" target=\"_blank\" rel=\"noreferrer noopener\"><img loading=\"lazy\" decoding=\"async\" width=\"1024\" height=\"1024\" data-id=\"25484\" src=\"https:\/\/www.maisonwabisabi.com\/wp-content\/uploads\/2024\/02\/02-Histoire-de-la-Ceramique-Japonaise.jpg\" alt=\"Histoire de la Ce\u0301ramique Japonaise\" class=\"wp-image-25484\" srcset=\"https:\/\/www.maisonwabisabi.com\/wp-content\/uploads\/2024\/02\/02-Histoire-de-la-Ceramique-Japonaise.jpg 1024w, https:\/\/www.maisonwabisabi.com\/wp-content\/uploads\/2024\/02\/02-Histoire-de-la-Ceramique-Japonaise-300x300.jpg 300w, https:\/\/www.maisonwabisabi.com\/wp-content\/uploads\/2024\/02\/02-Histoire-de-la-Ceramique-Japonaise-150x150.jpg 150w, https:\/\/www.maisonwabisabi.com\/wp-content\/uploads\/2024\/02\/02-Histoire-de-la-Ceramique-Japonaise-768x768.jpg 768w, https:\/\/www.maisonwabisabi.com\/wp-content\/uploads\/2024\/02\/02-Histoire-de-la-Ceramique-Japonaise-600x600.jpg 600w, https:\/\/www.maisonwabisabi.com\/wp-content\/uploads\/2024\/02\/02-Histoire-de-la-Ceramique-Japonaise-100x100.jpg 100w\" sizes=\"auto, (max-width: 1024px) 100vw, 1024px\" \/><\/a><\/figure>\n\n\n\n<figure class=\"wp-block-image size-full\"><a href=\"https:\/\/www.maisonwabisabi.com\/en\/shiru-wakaru\/gastronomie-japonaise\/\" target=\"_blank\" rel=\"noreferrer noopener\"><img loading=\"lazy\" decoding=\"async\" width=\"1024\" height=\"1024\" data-id=\"25485\" src=\"https:\/\/www.maisonwabisabi.com\/wp-content\/uploads\/2024\/02\/03-Gastronomie-Japonaise.jpg\" alt=\"Gastronomie Japonaise\" class=\"wp-image-25485\" srcset=\"https:\/\/www.maisonwabisabi.com\/wp-content\/uploads\/2024\/02\/03-Gastronomie-Japonaise.jpg 1024w, https:\/\/www.maisonwabisabi.com\/wp-content\/uploads\/2024\/02\/03-Gastronomie-Japonaise-300x300.jpg 300w, https:\/\/www.maisonwabisabi.com\/wp-content\/uploads\/2024\/02\/03-Gastronomie-Japonaise-150x150.jpg 150w, https:\/\/www.maisonwabisabi.com\/wp-content\/uploads\/2024\/02\/03-Gastronomie-Japonaise-768x768.jpg 768w, https:\/\/www.maisonwabisabi.com\/wp-content\/uploads\/2024\/02\/03-Gastronomie-Japonaise-600x600.jpg 600w, https:\/\/www.maisonwabisabi.com\/wp-content\/uploads\/2024\/02\/03-Gastronomie-Japonaise-100x100.jpg 100w\" sizes=\"auto, (max-width: 1024px) 100vw, 1024px\" \/><\/a><\/figure>\n\n\n\n<figure class=\"wp-block-image size-full\"><a href=\"https:\/\/www.maisonwabisabi.com\/en\/shiru-wakaru\/6-anciens-fours\/\" target=\"_blank\" rel=\"noreferrer noopener\"><img loading=\"lazy\" decoding=\"async\" width=\"1024\" height=\"1024\" data-id=\"25486\" src=\"https:\/\/www.maisonwabisabi.com\/wp-content\/uploads\/2024\/02\/04-Six-anciens-Fours-Japonais.jpg\" alt=\"Six Anciens Fours Japonais\" class=\"wp-image-25486\" srcset=\"https:\/\/www.maisonwabisabi.com\/wp-content\/uploads\/2024\/02\/04-Six-anciens-Fours-Japonais.jpg 1024w, https:\/\/www.maisonwabisabi.com\/wp-content\/uploads\/2024\/02\/04-Six-anciens-Fours-Japonais-300x300.jpg 300w, https:\/\/www.maisonwabisabi.com\/wp-content\/uploads\/2024\/02\/04-Six-anciens-Fours-Japonais-150x150.jpg 150w, https:\/\/www.maisonwabisabi.com\/wp-content\/uploads\/2024\/02\/04-Six-anciens-Fours-Japonais-768x768.jpg 768w, https:\/\/www.maisonwabisabi.com\/wp-content\/uploads\/2024\/02\/04-Six-anciens-Fours-Japonais-600x600.jpg 600w, https:\/\/www.maisonwabisabi.com\/wp-content\/uploads\/2024\/02\/04-Six-anciens-Fours-Japonais-100x100.jpg 100w\" sizes=\"auto, (max-width: 1024px) 100vw, 1024px\" \/><\/a><\/figure>\n\n\n\n<figure class=\"wp-block-image size-full\"><a href=\"https:\/\/www.maisonwabisabi.com\/en\/shiru-wakaru\/100-fours-japonais\/\" target=\"_blank\" rel=\"noreferrer noopener\"><img loading=\"lazy\" decoding=\"async\" width=\"1024\" height=\"1024\" data-id=\"25487\" src=\"https:\/\/www.maisonwabisabi.com\/wp-content\/uploads\/2024\/02\/05-Carte-des-100-fours-japonais.jpg\" alt=\"Carte des 100 Fours japonais\" class=\"wp-image-25487\" srcset=\"https:\/\/www.maisonwabisabi.com\/wp-content\/uploads\/2024\/02\/05-Carte-des-100-fours-japonais.jpg 1024w, https:\/\/www.maisonwabisabi.com\/wp-content\/uploads\/2024\/02\/05-Carte-des-100-fours-japonais-300x300.jpg 300w, https:\/\/www.maisonwabisabi.com\/wp-content\/uploads\/2024\/02\/05-Carte-des-100-fours-japonais-150x150.jpg 150w, https:\/\/www.maisonwabisabi.com\/wp-content\/uploads\/2024\/02\/05-Carte-des-100-fours-japonais-768x768.jpg 768w, https:\/\/www.maisonwabisabi.com\/wp-content\/uploads\/2024\/02\/05-Carte-des-100-fours-japonais-600x600.jpg 600w, https:\/\/www.maisonwabisabi.com\/wp-content\/uploads\/2024\/02\/05-Carte-des-100-fours-japonais-100x100.jpg 100w\" sizes=\"auto, (max-width: 1024px) 100vw, 1024px\" \/><\/a><\/figure>\n\n\n\n<figure class=\"wp-block-image size-full\"><a href=\"https:\/\/www.maisonwabisabi.com\/en\/shiru-wakaru\/kogei\/\" target=\"_blank\" rel=\"noreferrer noopener\"><img loading=\"lazy\" decoding=\"async\" width=\"1024\" height=\"1024\" data-id=\"25488\" src=\"https:\/\/www.maisonwabisabi.com\/wp-content\/uploads\/2024\/02\/06-Kogei-Artisanat-Traditionnel-Japonais.jpg\" alt=\"Ko\u0304gei Artisanat Traditionnel Japonais\" class=\"wp-image-25488\" srcset=\"https:\/\/www.maisonwabisabi.com\/wp-content\/uploads\/2024\/02\/06-Kogei-Artisanat-Traditionnel-Japonais.jpg 1024w, https:\/\/www.maisonwabisabi.com\/wp-content\/uploads\/2024\/02\/06-Kogei-Artisanat-Traditionnel-Japonais-300x300.jpg 300w, https:\/\/www.maisonwabisabi.com\/wp-content\/uploads\/2024\/02\/06-Kogei-Artisanat-Traditionnel-Japonais-150x150.jpg 150w, https:\/\/www.maisonwabisabi.com\/wp-content\/uploads\/2024\/02\/06-Kogei-Artisanat-Traditionnel-Japonais-768x768.jpg 768w, https:\/\/www.maisonwabisabi.com\/wp-content\/uploads\/2024\/02\/06-Kogei-Artisanat-Traditionnel-Japonais-600x600.jpg 600w, https:\/\/www.maisonwabisabi.com\/wp-content\/uploads\/2024\/02\/06-Kogei-Artisanat-Traditionnel-Japonais-100x100.jpg 100w\" sizes=\"auto, (max-width: 1024px) 100vw, 1024px\" \/><\/a><\/figure>\n\n\n\n<figure class=\"wp-block-image size-full\"><a href=\"https:\/\/www.maisonwabisabi.com\/en\/shiru-wakaru\/villes-ceramique\/\" target=\"_blank\" rel=\"noreferrer noopener\"><img loading=\"lazy\" decoding=\"async\" width=\"1024\" height=\"1024\" data-id=\"25489\" src=\"https:\/\/www.maisonwabisabi.com\/wp-content\/uploads\/2024\/02\/07-Villes-de-la-Ceramique.jpg\" alt=\"Villes de la Ce\u0301ramique\" class=\"wp-image-25489\" srcset=\"https:\/\/www.maisonwabisabi.com\/wp-content\/uploads\/2024\/02\/07-Villes-de-la-Ceramique.jpg 1024w, https:\/\/www.maisonwabisabi.com\/wp-content\/uploads\/2024\/02\/07-Villes-de-la-Ceramique-300x300.jpg 300w, https:\/\/www.maisonwabisabi.com\/wp-content\/uploads\/2024\/02\/07-Villes-de-la-Ceramique-150x150.jpg 150w, https:\/\/www.maisonwabisabi.com\/wp-content\/uploads\/2024\/02\/07-Villes-de-la-Ceramique-768x768.jpg 768w, https:\/\/www.maisonwabisabi.com\/wp-content\/uploads\/2024\/02\/07-Villes-de-la-Ceramique-600x600.jpg 600w, https:\/\/www.maisonwabisabi.com\/wp-content\/uploads\/2024\/02\/07-Villes-de-la-Ceramique-100x100.jpg 100w\" sizes=\"auto, (max-width: 1024px) 100vw, 1024px\" \/><\/a><\/figure>\n<\/figure>\n\n\n\n<div style=\"height:100px\" aria-hidden=\"true\" class=\"wp-block-spacer\"><\/div>","protected":false},"excerpt":{"rendered":"<p>Shiru &amp; Wakaru Au premier abord,&nbsp;Savoir&nbsp;et&nbsp;Connaissance&nbsp;semblent synonymes. Ces termes renvoient \u00e0 deux mani\u00e8res d\u2019apprendre bien diff\u00e9rentes. Le Savoir est une [&hellip;]<\/p>\n","protected":false},"author":1,"featured_media":0,"parent":0,"menu_order":0,"comment_status":"closed","ping_status":"closed","template":"","meta":{"site-sidebar-layout":"default","site-content-layout":"","ast-site-content-layout":"default","site-content-style":"default","site-sidebar-style":"default","ast-global-header-display":"","ast-banner-title-visibility":"","ast-main-header-display":"","ast-hfb-above-header-display":"","ast-hfb-below-header-display":"","ast-hfb-mobile-header-display":"","site-post-title":"disabled","ast-breadcrumbs-content":"","ast-featured-img":"","footer-sml-layout":"","ast-disable-related-posts":"","theme-transparent-header-meta":"","adv-header-id-meta":"","stick-header-meta":"","header-above-stick-meta":"","header-main-stick-meta":"","header-below-stick-meta":"","astra-migrate-meta-layouts":"default","ast-page-background-enabled":"default","ast-page-background-meta":{"desktop":{"background-color":"var(--ast-global-color-5)","background-image":"","background-repeat":"repeat","background-position":"center center","background-size":"auto","background-attachment":"scroll","background-type":"","background-media":"","overlay-type":"","overlay-color":"","overlay-opacity":"","overlay-gradient":""},"tablet":{"background-color":"","background-image":"","background-repeat":"repeat","background-position":"center center","background-size":"auto","background-attachment":"scroll","background-type":"","background-media":"","overlay-type":"","overlay-color":"","overlay-opacity":"","overlay-gradient":""},"mobile":{"background-color":"","background-image":"","background-repeat":"repeat","background-position":"center center","background-size":"auto","background-attachment":"scroll","background-type":"","background-media":"","overlay-type":"","overlay-color":"","overlay-opacity":"","overlay-gradient":""}},"ast-content-background-meta":{"desktop":{"background-color":"var(--ast-global-color-4)","background-image":"","background-repeat":"repeat","background-position":"center center","background-size":"auto","background-attachment":"scroll","background-type":"","background-media":"","overlay-type":"","overlay-color":"","overlay-opacity":"","overlay-gradient":""},"tablet":{"background-color":"var(--ast-global-color-4)","background-image":"","background-repeat":"repeat","background-position":"center center","background-size":"auto","background-attachment":"scroll","background-type":"","background-media":"","overlay-type":"","overlay-color":"","overlay-opacity":"","overlay-gradient":""},"mobile":{"background-color":"var(--ast-global-color-4)","background-image":"","background-repeat":"repeat","background-position":"center center","background-size":"auto","background-attachment":"scroll","background-type":"","background-media":"","overlay-type":"","overlay-color":"","overlay-opacity":"","overlay-gradient":""}},"footnotes":""},"class_list":["post-36","page","type-page","status-publish","hentry"],"yoast_head":"<!-- This site is optimized with the Yoast SEO plugin v27.4 - https:\/\/yoast.com\/product\/yoast-seo-wordpress\/ -->\n<title>Savoir &amp; Connaissance - Maison Wabi-Sabi - C\u00e9ramique d&#039;art du quotidien<\/title>\n<meta name=\"description\" content=\"Savoir &amp; Connaissance (Shiru &amp; Wakaru). Le but est de vous aider \u00e0 comprendre ce qu\u2019est la c\u00e9ramique japonaise par plein de chemins.\" \/>\n<meta name=\"robots\" content=\"index, follow, max-snippet:-1, max-image-preview:large, max-video-preview:-1\" \/>\n<link rel=\"canonical\" href=\"https:\/\/www.maisonwabisabi.com\/en\/shiru-wakaru\/\" \/>\n<meta property=\"og:locale\" content=\"en_GB\" \/>\n<meta property=\"og:type\" content=\"article\" \/>\n<meta property=\"og:title\" content=\"Savoir &amp; Connaissance - Maison Wabi-Sabi - C\u00e9ramique d&#039;art du quotidien\" \/>\n<meta property=\"og:description\" content=\"Savoir &amp; Connaissance (Shiru &amp; Wakaru). Le but est de vous aider \u00e0 comprendre ce qu\u2019est la c\u00e9ramique japonaise par plein de chemins.\" \/>\n<meta property=\"og:url\" content=\"https:\/\/www.maisonwabisabi.com\/en\/shiru-wakaru\/\" \/>\n<meta property=\"og:site_name\" content=\"Maison Wabi-Sabi\" \/>\n<meta property=\"article:publisher\" content=\"https:\/\/www.facebook.com\/MaisonWabiSabi\" \/>\n<meta property=\"article:modified_time\" content=\"2025-07-03T21:22:13+00:00\" \/>\n<meta property=\"og:image\" content=\"https:\/\/www.maisonwabisabi.com\/wp-content\/uploads\/2024\/02\/01-Librairie-de-Yann-san.jpg\" \/>\n\t<meta property=\"og:image:width\" content=\"1009\" \/>\n\t<meta property=\"og:image:height\" content=\"1009\" \/>\n\t<meta property=\"og:image:type\" content=\"image\/jpeg\" \/>\n<meta name=\"twitter:card\" content=\"summary_large_image\" \/>\n<meta name=\"twitter:label1\" content=\"Estimated reading time\" \/>\n\t<meta name=\"twitter:data1\" content=\"3 minutes\" \/>\n<script type=\"application\/ld+json\" class=\"yoast-schema-graph\">{\"@context\":\"https:\\\/\\\/schema.org\",\"@graph\":[{\"@type\":\"WebPage\",\"@id\":\"https:\\\/\\\/www.maisonwabisabi.com\\\/shiru-wakaru\\\/\",\"url\":\"https:\\\/\\\/www.maisonwabisabi.com\\\/shiru-wakaru\\\/\",\"name\":\"Savoir & Connaissance - Maison Wabi-Sabi - C\u00e9ramique d'art du quotidien\",\"isPartOf\":{\"@id\":\"https:\\\/\\\/www.maisonwabisabi.com\\\/#website\"},\"primaryImageOfPage\":{\"@id\":\"https:\\\/\\\/www.maisonwabisabi.com\\\/shiru-wakaru\\\/#primaryimage\"},\"image\":{\"@id\":\"https:\\\/\\\/www.maisonwabisabi.com\\\/shiru-wakaru\\\/#primaryimage\"},\"thumbnailUrl\":\"https:\\\/\\\/www.maisonwabisabi.com\\\/wp-content\\\/uploads\\\/2024\\\/02\\\/01-Librairie-de-Yann-san.jpg\",\"datePublished\":\"2021-06-22T18:38:22+00:00\",\"dateModified\":\"2025-07-03T21:22:13+00:00\",\"description\":\"Savoir & Connaissance (Shiru & Wakaru). Le but est de vous aider \u00e0 comprendre ce qu\u2019est la c\u00e9ramique japonaise par plein de chemins.\",\"breadcrumb\":{\"@id\":\"https:\\\/\\\/www.maisonwabisabi.com\\\/shiru-wakaru\\\/#breadcrumb\"},\"inLanguage\":\"en-GB\",\"potentialAction\":[{\"@type\":\"ReadAction\",\"target\":[\"https:\\\/\\\/www.maisonwabisabi.com\\\/shiru-wakaru\\\/\"]}]},{\"@type\":\"ImageObject\",\"inLanguage\":\"en-GB\",\"@id\":\"https:\\\/\\\/www.maisonwabisabi.com\\\/shiru-wakaru\\\/#primaryimage\",\"url\":\"https:\\\/\\\/www.maisonwabisabi.com\\\/wp-content\\\/uploads\\\/2024\\\/02\\\/01-Librairie-de-Yann-san.jpg\",\"contentUrl\":\"https:\\\/\\\/www.maisonwabisabi.com\\\/wp-content\\\/uploads\\\/2024\\\/02\\\/01-Librairie-de-Yann-san.jpg\"},{\"@type\":\"BreadcrumbList\",\"@id\":\"https:\\\/\\\/www.maisonwabisabi.com\\\/shiru-wakaru\\\/#breadcrumb\",\"itemListElement\":[{\"@type\":\"ListItem\",\"position\":1,\"name\":\"Bienvenue\",\"item\":\"https:\\\/\\\/www.maisonwabisabi.com\\\/\"},{\"@type\":\"ListItem\",\"position\":2,\"name\":\"Savoir &#038; Connaissance\"}]},{\"@type\":\"WebSite\",\"@id\":\"https:\\\/\\\/www.maisonwabisabi.com\\\/#website\",\"url\":\"https:\\\/\\\/www.maisonwabisabi.com\\\/\",\"name\":\"Maison Wabi-Sabi\",\"description\":\"\",\"publisher\":{\"@id\":\"https:\\\/\\\/www.maisonwabisabi.com\\\/#organization\"},\"potentialAction\":[{\"@type\":\"SearchAction\",\"target\":{\"@type\":\"EntryPoint\",\"urlTemplate\":\"https:\\\/\\\/www.maisonwabisabi.com\\\/?s={search_term_string}\"},\"query-input\":{\"@type\":\"PropertyValueSpecification\",\"valueRequired\":true,\"valueName\":\"search_term_string\"}}],\"inLanguage\":\"en-GB\"},{\"@type\":\"Organization\",\"@id\":\"https:\\\/\\\/www.maisonwabisabi.com\\\/#organization\",\"name\":\"Maison Wabi-Sabi\",\"url\":\"https:\\\/\\\/www.maisonwabisabi.com\\\/\",\"logo\":{\"@type\":\"ImageObject\",\"inLanguage\":\"en-GB\",\"@id\":\"https:\\\/\\\/www.maisonwabisabi.com\\\/#\\\/schema\\\/logo\\\/image\\\/\",\"url\":\"https:\\\/\\\/www.maisonwabisabi.com\\\/wp-content\\\/uploads\\\/2021\\\/11\\\/Logo-de-maison-Wabi-Sabi.jpg\",\"contentUrl\":\"https:\\\/\\\/www.maisonwabisabi.com\\\/wp-content\\\/uploads\\\/2021\\\/11\\\/Logo-de-maison-Wabi-Sabi.jpg\",\"width\":1024,\"height\":1024,\"caption\":\"Maison Wabi-Sabi\"},\"image\":{\"@id\":\"https:\\\/\\\/www.maisonwabisabi.com\\\/#\\\/schema\\\/logo\\\/image\\\/\"},\"sameAs\":[\"https:\\\/\\\/www.facebook.com\\\/MaisonWabiSabi\",\"https:\\\/\\\/www.instagram.com\\\/maison.wabi.sabi\\\/?hl=fr\",\"https:\\\/\\\/www.linkedin.com\\\/company\\\/69088467\"]}]}<\/script>\n<!-- \/ Yoast SEO plugin. -->","yoast_head_json":{"title":"Savoir & Connaissance - Maison Wabi-Sabi - C\u00e9ramique d'art du quotidien","description":"Savoir & Connaissance (Shiru & Wakaru). Le but est de vous aider \u00e0 comprendre ce qu\u2019est la c\u00e9ramique japonaise par plein de chemins.","robots":{"index":"index","follow":"follow","max-snippet":"max-snippet:-1","max-image-preview":"max-image-preview:large","max-video-preview":"max-video-preview:-1"},"canonical":"https:\/\/www.maisonwabisabi.com\/en\/shiru-wakaru\/","og_locale":"en_GB","og_type":"article","og_title":"Savoir & Connaissance - Maison Wabi-Sabi - C\u00e9ramique d'art du quotidien","og_description":"Savoir & Connaissance (Shiru & Wakaru). Le but est de vous aider \u00e0 comprendre ce qu\u2019est la c\u00e9ramique japonaise par plein de chemins.","og_url":"https:\/\/www.maisonwabisabi.com\/en\/shiru-wakaru\/","og_site_name":"Maison Wabi-Sabi","article_publisher":"https:\/\/www.facebook.com\/MaisonWabiSabi","article_modified_time":"2025-07-03T21:22:13+00:00","og_image":[{"width":1009,"height":1009,"url":"https:\/\/www.maisonwabisabi.com\/wp-content\/uploads\/2024\/02\/01-Librairie-de-Yann-san.jpg","type":"image\/jpeg"}],"twitter_card":"summary_large_image","twitter_misc":{"Estimated reading time":"3 minutes"},"schema":{"@context":"https:\/\/schema.org","@graph":[{"@type":"WebPage","@id":"https:\/\/www.maisonwabisabi.com\/shiru-wakaru\/","url":"https:\/\/www.maisonwabisabi.com\/shiru-wakaru\/","name":"Savoir & Connaissance - Maison Wabi-Sabi - C\u00e9ramique d'art du quotidien","isPartOf":{"@id":"https:\/\/www.maisonwabisabi.com\/#website"},"primaryImageOfPage":{"@id":"https:\/\/www.maisonwabisabi.com\/shiru-wakaru\/#primaryimage"},"image":{"@id":"https:\/\/www.maisonwabisabi.com\/shiru-wakaru\/#primaryimage"},"thumbnailUrl":"https:\/\/www.maisonwabisabi.com\/wp-content\/uploads\/2024\/02\/01-Librairie-de-Yann-san.jpg","datePublished":"2021-06-22T18:38:22+00:00","dateModified":"2025-07-03T21:22:13+00:00","description":"Savoir & Connaissance (Shiru & Wakaru). Le but est de vous aider \u00e0 comprendre ce qu\u2019est la c\u00e9ramique japonaise par plein de chemins.","breadcrumb":{"@id":"https:\/\/www.maisonwabisabi.com\/shiru-wakaru\/#breadcrumb"},"inLanguage":"en-GB","potentialAction":[{"@type":"ReadAction","target":["https:\/\/www.maisonwabisabi.com\/shiru-wakaru\/"]}]},{"@type":"ImageObject","inLanguage":"en-GB","@id":"https:\/\/www.maisonwabisabi.com\/shiru-wakaru\/#primaryimage","url":"https:\/\/www.maisonwabisabi.com\/wp-content\/uploads\/2024\/02\/01-Librairie-de-Yann-san.jpg","contentUrl":"https:\/\/www.maisonwabisabi.com\/wp-content\/uploads\/2024\/02\/01-Librairie-de-Yann-san.jpg"},{"@type":"BreadcrumbList","@id":"https:\/\/www.maisonwabisabi.com\/shiru-wakaru\/#breadcrumb","itemListElement":[{"@type":"ListItem","position":1,"name":"Bienvenue","item":"https:\/\/www.maisonwabisabi.com\/"},{"@type":"ListItem","position":2,"name":"Savoir &#038; Connaissance"}]},{"@type":"WebSite","@id":"https:\/\/www.maisonwabisabi.com\/#website","url":"https:\/\/www.maisonwabisabi.com\/","name":"Maison Wabi-Sabi","description":"","publisher":{"@id":"https:\/\/www.maisonwabisabi.com\/#organization"},"potentialAction":[{"@type":"SearchAction","target":{"@type":"EntryPoint","urlTemplate":"https:\/\/www.maisonwabisabi.com\/?s={search_term_string}"},"query-input":{"@type":"PropertyValueSpecification","valueRequired":true,"valueName":"search_term_string"}}],"inLanguage":"en-GB"},{"@type":"Organization","@id":"https:\/\/www.maisonwabisabi.com\/#organization","name":"Maison Wabi-Sabi","url":"https:\/\/www.maisonwabisabi.com\/","logo":{"@type":"ImageObject","inLanguage":"en-GB","@id":"https:\/\/www.maisonwabisabi.com\/#\/schema\/logo\/image\/","url":"https:\/\/www.maisonwabisabi.com\/wp-content\/uploads\/2021\/11\/Logo-de-maison-Wabi-Sabi.jpg","contentUrl":"https:\/\/www.maisonwabisabi.com\/wp-content\/uploads\/2021\/11\/Logo-de-maison-Wabi-Sabi.jpg","width":1024,"height":1024,"caption":"Maison Wabi-Sabi"},"image":{"@id":"https:\/\/www.maisonwabisabi.com\/#\/schema\/logo\/image\/"},"sameAs":["https:\/\/www.facebook.com\/MaisonWabiSabi","https:\/\/www.instagram.com\/maison.wabi.sabi\/?hl=fr","https:\/\/www.linkedin.com\/company\/69088467"]}]}},"_links":{"self":[{"href":"https:\/\/www.maisonwabisabi.com\/en\/wp-json\/wp\/v2\/pages\/36","targetHints":{"allow":["GET"]}}],"collection":[{"href":"https:\/\/www.maisonwabisabi.com\/en\/wp-json\/wp\/v2\/pages"}],"about":[{"href":"https:\/\/www.maisonwabisabi.com\/en\/wp-json\/wp\/v2\/types\/page"}],"author":[{"embeddable":true,"href":"https:\/\/www.maisonwabisabi.com\/en\/wp-json\/wp\/v2\/users\/1"}],"replies":[{"embeddable":true,"href":"https:\/\/www.maisonwabisabi.com\/en\/wp-json\/wp\/v2\/comments?post=36"}],"version-history":[{"count":2,"href":"https:\/\/www.maisonwabisabi.com\/en\/wp-json\/wp\/v2\/pages\/36\/revisions"}],"predecessor-version":[{"id":35737,"href":"https:\/\/www.maisonwabisabi.com\/en\/wp-json\/wp\/v2\/pages\/36\/revisions\/35737"}],"wp:attachment":[{"href":"https:\/\/www.maisonwabisabi.com\/en\/wp-json\/wp\/v2\/media?parent=36"}],"curies":[{"name":"wp","href":"https:\/\/api.w.org\/{rel}","templated":true}]}}