{"id":34,"date":"2021-06-22T20:38:22","date_gmt":"2021-06-22T18:38:22","guid":{"rendered":"https:\/\/www.maisonwabisabi.com\/?page_id=34"},"modified":"2025-07-04T16:33:07","modified_gmt":"2025-07-04T14:33:07","slug":"utsuwa","status":"publish","type":"page","link":"https:\/\/www.maisonwabisabi.com\/en\/utsuwa\/","title":{"rendered":"Utsuwa"},"content":{"rendered":"<div style=\"height:20px\" aria-hidden=\"true\" class=\"wp-block-spacer\"><\/div>\n\n\n\n<h1 class=\"wp-block-heading has-text-align-center has-black-color has-text-color has-background has-link-color wp-elements-9cde7edd66a047ba5063ec023291a0a5\" style=\"background-color:#8d9a83;font-size:21px\"><strong>Contenant ou r\u00e9cipient d&rsquo;utilisation quotidien<\/strong><\/h1>\n\n\n\n<div style=\"height:20px\" aria-hidden=\"true\" class=\"wp-block-spacer\"><\/div>\n\n\n\n<p class=\"has-black-color has-text-color\" style=\"font-size:17px\">Leurs formes sont fabriqu\u00e9es dans les propres paumes des potiers et m\u00fbrissent dans leurs propres mains. Un aspect important de la fabrication d&rsquo;un Utsuwa est qu&rsquo;il s&rsquo;agit d&rsquo;une chose con\u00e7ue pour un usage humain. Pour \u00eatre tenue entre nos mains et \u00eatre des objets d&rsquo;une belle simplicit\u00e9 et majoritairement sans ornement. Ce mot japonais Utsuwa signifie litt\u00e9ralement \u00ab\u00a0r\u00e9cipient\u00a0\u00bb ou \u00ab\u00a0contenant\u00a0\u00bb. Il se r\u00e9f\u00e8re \u00e0 tout type de tasse, assiette, bol ou bouteille. Ce mot semble d\u00e9crire de la douceur et de la rondeur lorsqu&rsquo;il est prononc\u00e9, imitant les formes des objets qu&rsquo;il signifie.<\/p>\n\n\n\n<p class=\"has-black-color has-text-color\" style=\"font-size:17px\">Ces formes l\u00e9g\u00e8rement incurv\u00e9es sont si d\u00e9licates qu&rsquo;elles semblent parfois flotter sur le sol. Un sentiment de s\u00e9curit\u00e9 et de confort, comme la sensation d&rsquo;\u00eatre recouvert d&rsquo;une couverture douce. Un mot qui est utilis\u00e9 pour d\u00e9signer, au sens figur\u00e9, un sentiment d&rsquo;humilit\u00e9 et de gratitude. Contrairement \u00e0 la vaisselle produite en s\u00e9rie, du moulage \u00e0 la cuisson, tout est \u00e9troitement contr\u00f4l\u00e9. Une pi\u00e8ce de poterie individuelle d\u00e9pend d&rsquo;un \u00e9quilibre distinct entre diff\u00e9rents facteurs.<\/p>\n\n\n\n<p class=\"has-black-color has-text-color\" style=\"font-size:17px\">La forme qui est spontan\u00e9e, momentan\u00e9e et \u00e9ph\u00e9m\u00e8re. L&rsquo;argile ou la mati\u00e8re premi\u00e8re utilis\u00e9e. L&rsquo;\u00e9paisseur et l&rsquo;\u00e9coulement de la gla\u00e7ure ainsi que l&rsquo;\u00e9tat du four. Aucune pi\u00e8ce n&rsquo;est identique \u00e0 une autre. Chaque rencontre avec un Utsuwa est consid\u00e9r\u00e9e comme une exp\u00e9rience unique. Les Utsuwa utilis\u00e9s au quotidien doivent vous remplir d&rsquo;une sensation de chaleur et de plaisir esth\u00e9tique, \u00e0 chaque utilisation.<\/p>\n\n\n\n<figure class=\"wp-block-gallery has-nested-images columns-4 is-cropped wp-block-gallery-1 is-layout-flex wp-block-gallery-is-layout-flex\">\n<figure class=\"wp-block-image size-full\"><a href=\"https:\/\/www.maisonwabisabi.com\/en\/yusuke-mizuno-hanjiro-8th\/\" target=\"_blank\" rel=\"noreferrer noopener\"><img loading=\"lazy\" decoding=\"async\" width=\"1024\" height=\"1024\" data-id=\"19366\" src=\"https:\/\/www.maisonwabisabi.com\/wp-content\/uploads\/2023\/07\/Utsuwa-Les-Bols.jpg\" alt=\"Utsuwa - Les Bols\" class=\"wp-image-19366\" srcset=\"https:\/\/www.maisonwabisabi.com\/wp-content\/uploads\/2023\/07\/Utsuwa-Les-Bols.jpg 1024w, https:\/\/www.maisonwabisabi.com\/wp-content\/uploads\/2023\/07\/Utsuwa-Les-Bols-300x300.jpg 300w, https:\/\/www.maisonwabisabi.com\/wp-content\/uploads\/2023\/07\/Utsuwa-Les-Bols-150x150.jpg 150w, https:\/\/www.maisonwabisabi.com\/wp-content\/uploads\/2023\/07\/Utsuwa-Les-Bols-768x768.jpg 768w, https:\/\/www.maisonwabisabi.com\/wp-content\/uploads\/2023\/07\/Utsuwa-Les-Bols-600x600.jpg 600w, https:\/\/www.maisonwabisabi.com\/wp-content\/uploads\/2023\/07\/Utsuwa-Les-Bols-100x100.jpg 100w\" sizes=\"auto, (max-width: 1024px) 100vw, 1024px\" \/><\/a><figcaption class=\"wp-element-caption\"><strong>Des formes de bols<\/strong><\/figcaption><\/figure>\n\n\n\n<figure class=\"wp-block-image size-full\"><a href=\"https:\/\/www.maisonwabisabi.com\/en\/masahiko-ando\/\" target=\"_blank\" rel=\"noreferrer noopener\"><img loading=\"lazy\" decoding=\"async\" width=\"1024\" height=\"1024\" data-id=\"19365\" src=\"https:\/\/www.maisonwabisabi.com\/wp-content\/uploads\/2023\/07\/Utsuwa-Les-Assiettes.jpg\" alt=\"Utsuwa - Les Assiettes\" class=\"wp-image-19365\" srcset=\"https:\/\/www.maisonwabisabi.com\/wp-content\/uploads\/2023\/07\/Utsuwa-Les-Assiettes.jpg 1024w, https:\/\/www.maisonwabisabi.com\/wp-content\/uploads\/2023\/07\/Utsuwa-Les-Assiettes-300x300.jpg 300w, https:\/\/www.maisonwabisabi.com\/wp-content\/uploads\/2023\/07\/Utsuwa-Les-Assiettes-150x150.jpg 150w, https:\/\/www.maisonwabisabi.com\/wp-content\/uploads\/2023\/07\/Utsuwa-Les-Assiettes-768x768.jpg 768w, https:\/\/www.maisonwabisabi.com\/wp-content\/uploads\/2023\/07\/Utsuwa-Les-Assiettes-600x600.jpg 600w, https:\/\/www.maisonwabisabi.com\/wp-content\/uploads\/2023\/07\/Utsuwa-Les-Assiettes-100x100.jpg 100w\" sizes=\"auto, (max-width: 1024px) 100vw, 1024px\" \/><\/a><figcaption class=\"wp-element-caption\"><strong>Des assiettes vari\u00e9es<\/strong><\/figcaption><\/figure>\n\n\n\n<figure class=\"wp-block-image size-full\"><a href=\"https:\/\/www.maisonwabisabi.com\/en\/toshiharu-watanabe\/\" target=\"_blank\" rel=\"noreferrer noopener\"><img loading=\"lazy\" decoding=\"async\" width=\"1024\" height=\"1024\" data-id=\"19368\" src=\"https:\/\/www.maisonwabisabi.com\/wp-content\/uploads\/2023\/07\/Utsuwa-Pour-le-the.jpg\" alt=\"Utsuwa - Pour le th\u00e9 et le caf\u00e9\" class=\"wp-image-19368\" srcset=\"https:\/\/www.maisonwabisabi.com\/wp-content\/uploads\/2023\/07\/Utsuwa-Pour-le-the.jpg 1024w, https:\/\/www.maisonwabisabi.com\/wp-content\/uploads\/2023\/07\/Utsuwa-Pour-le-the-300x300.jpg 300w, https:\/\/www.maisonwabisabi.com\/wp-content\/uploads\/2023\/07\/Utsuwa-Pour-le-the-150x150.jpg 150w, https:\/\/www.maisonwabisabi.com\/wp-content\/uploads\/2023\/07\/Utsuwa-Pour-le-the-768x768.jpg 768w, https:\/\/www.maisonwabisabi.com\/wp-content\/uploads\/2023\/07\/Utsuwa-Pour-le-the-600x600.jpg 600w, https:\/\/www.maisonwabisabi.com\/wp-content\/uploads\/2023\/07\/Utsuwa-Pour-le-the-100x100.jpg 100w\" sizes=\"auto, (max-width: 1024px) 100vw, 1024px\" \/><\/a><figcaption class=\"wp-element-caption\"><strong>Des tasses pour le th\u00e9 ou le caf\u00e9<\/strong><\/figcaption><\/figure>\n\n\n\n<figure class=\"wp-block-image size-full\"><a href=\"https:\/\/www.maisonwabisabi.com\/en\/toshiaki-shibuta\/\" target=\"_blank\" rel=\"noreferrer noopener\"><img loading=\"lazy\" decoding=\"async\" width=\"1024\" height=\"1024\" data-id=\"19369\" src=\"https:\/\/www.maisonwabisabi.com\/wp-content\/uploads\/2023\/07\/Utsuwa-Pour-les-Alcools.jpg\" alt=\"Utsuwa - Pour les alcools\" class=\"wp-image-19369\" srcset=\"https:\/\/www.maisonwabisabi.com\/wp-content\/uploads\/2023\/07\/Utsuwa-Pour-les-Alcools.jpg 1024w, https:\/\/www.maisonwabisabi.com\/wp-content\/uploads\/2023\/07\/Utsuwa-Pour-les-Alcools-300x300.jpg 300w, https:\/\/www.maisonwabisabi.com\/wp-content\/uploads\/2023\/07\/Utsuwa-Pour-les-Alcools-150x150.jpg 150w, https:\/\/www.maisonwabisabi.com\/wp-content\/uploads\/2023\/07\/Utsuwa-Pour-les-Alcools-768x768.jpg 768w, https:\/\/www.maisonwabisabi.com\/wp-content\/uploads\/2023\/07\/Utsuwa-Pour-les-Alcools-600x600.jpg 600w, https:\/\/www.maisonwabisabi.com\/wp-content\/uploads\/2023\/07\/Utsuwa-Pour-les-Alcools-100x100.jpg 100w\" sizes=\"auto, (max-width: 1024px) 100vw, 1024px\" \/><\/a><figcaption class=\"wp-element-caption\"><strong>Des ustensiles pour le Sake<\/strong><\/figcaption><\/figure>\n<\/figure>\n\n\n\n<p class=\"has-text-align-center\" style=\"font-size:15px\">Source des photos : Yann san de Maison Wabi-Sabi<\/p>\n\n\n\n<div style=\"height:50px\" aria-hidden=\"true\" class=\"wp-block-spacer\"><\/div>\n\n\n\n<h1 class=\"wp-block-heading has-text-align-center has-black-color has-text-color has-background\" style=\"background-color:#8d9a83;font-size:21px\"><strong><strong><strong><strong><strong><strong>Les 4 Gammes de Maison Wabi-Sabi<\/strong><\/strong><\/strong><\/strong><\/strong><\/strong><\/h1>\n\n\n\n<div style=\"height:20px\" aria-hidden=\"true\" class=\"wp-block-spacer\"><\/div>\n\n\n\n<p class=\"has-black-color has-text-color\" style=\"font-size:17px\">Les c\u00e9ramistes r\u00e9fl\u00e9chissent constamment aux formes. Ils pensent avec leurs mains et transforment leur inspiration en objets physiques. Si vous r\u00e9unissez vos mains en forme de coupe, comme si vous ramassiez l&rsquo;eau d&rsquo;une rivi\u00e8re ou d&rsquo;un bassin. Vous cr\u00e9ez la forme de base d&rsquo;un Utsuwa.<\/p>\n\n\n\n<p class=\"has-black-color has-text-color\" style=\"font-size:17px\">Chaque gamme r\u00e9pond \u00e0 une utilisation au quotidien. Le petit d\u00e9jeuner, le d\u00e9jeuner, le d\u00eener, un caf\u00e9 apr\u00e8s le repas, un th\u00e9 en amoureux, un encas en plein milieu de la nuit, un cadeau \u00e0 offrir ou tout simplement pour agrandir sa collection personnelle.<\/p>\n\n\n\n<figure class=\"wp-block-gallery has-nested-images columns-4 wp-block-gallery-2 is-layout-flex wp-block-gallery-is-layout-flex\">\n<figure class=\"wp-block-image size-full\"><a href=\"https:\/\/www.maisonwabisabi.com\/en\/utsuwa\/les-bols\/\" target=\"_blank\" rel=\"noopener\"><img loading=\"lazy\" decoding=\"async\" width=\"1024\" height=\"1024\" data-id=\"2602\" src=\"https:\/\/www.maisonwabisabi.com\/wp-content\/uploads\/2022\/02\/Les-Bols.jpg\" alt=\"Gamme des Bols\" class=\"wp-image-2602\" srcset=\"https:\/\/www.maisonwabisabi.com\/wp-content\/uploads\/2022\/02\/Les-Bols.jpg 1024w, https:\/\/www.maisonwabisabi.com\/wp-content\/uploads\/2022\/02\/Les-Bols-300x300.jpg 300w, https:\/\/www.maisonwabisabi.com\/wp-content\/uploads\/2022\/02\/Les-Bols-100x100.jpg 100w, https:\/\/www.maisonwabisabi.com\/wp-content\/uploads\/2022\/02\/Les-Bols-600x600.jpg 600w, https:\/\/www.maisonwabisabi.com\/wp-content\/uploads\/2022\/02\/Les-Bols-150x150.jpg 150w, https:\/\/www.maisonwabisabi.com\/wp-content\/uploads\/2022\/02\/Les-Bols-768x768.jpg 768w\" sizes=\"auto, (max-width: 1024px) 100vw, 1024px\" \/><\/a><\/figure>\n\n\n\n<figure class=\"wp-block-image size-full\"><a href=\"https:\/\/www.maisonwabisabi.com\/en\/utsuwa\/les-assiettes\/\" target=\"_blank\" rel=\"noopener\"><img loading=\"lazy\" decoding=\"async\" width=\"1024\" height=\"1024\" data-id=\"2601\" src=\"https:\/\/www.maisonwabisabi.com\/wp-content\/uploads\/2022\/02\/Les-Assiettes.jpg\" alt=\"Gamme des Assiettes\" class=\"wp-image-2601\" srcset=\"https:\/\/www.maisonwabisabi.com\/wp-content\/uploads\/2022\/02\/Les-Assiettes.jpg 1024w, https:\/\/www.maisonwabisabi.com\/wp-content\/uploads\/2022\/02\/Les-Assiettes-300x300.jpg 300w, https:\/\/www.maisonwabisabi.com\/wp-content\/uploads\/2022\/02\/Les-Assiettes-100x100.jpg 100w, https:\/\/www.maisonwabisabi.com\/wp-content\/uploads\/2022\/02\/Les-Assiettes-600x600.jpg 600w, https:\/\/www.maisonwabisabi.com\/wp-content\/uploads\/2022\/02\/Les-Assiettes-150x150.jpg 150w, https:\/\/www.maisonwabisabi.com\/wp-content\/uploads\/2022\/02\/Les-Assiettes-768x768.jpg 768w\" sizes=\"auto, (max-width: 1024px) 100vw, 1024px\" \/><\/a><\/figure>\n\n\n\n<figure class=\"wp-block-image size-full\"><a href=\"https:\/\/www.maisonwabisabi.com\/en\/utsuwa\/the-et-cafe\/\" target=\"_blank\" rel=\"noopener\"><img loading=\"lazy\" decoding=\"async\" width=\"1024\" height=\"1024\" data-id=\"2599\" src=\"https:\/\/www.maisonwabisabi.com\/wp-content\/uploads\/2022\/02\/Le-The\u0301-ou-le-cafe\u0301.jpg\" alt=\"Gamme pour le Th\u00e9 et le Caf\u00e9\" class=\"wp-image-2599\" srcset=\"https:\/\/www.maisonwabisabi.com\/wp-content\/uploads\/2022\/02\/Le-The\u0301-ou-le-cafe\u0301.jpg 1024w, https:\/\/www.maisonwabisabi.com\/wp-content\/uploads\/2022\/02\/Le-The\u0301-ou-le-cafe\u0301-300x300.jpg 300w, https:\/\/www.maisonwabisabi.com\/wp-content\/uploads\/2022\/02\/Le-The\u0301-ou-le-cafe\u0301-100x100.jpg 100w, https:\/\/www.maisonwabisabi.com\/wp-content\/uploads\/2022\/02\/Le-The\u0301-ou-le-cafe\u0301-600x600.jpg 600w, https:\/\/www.maisonwabisabi.com\/wp-content\/uploads\/2022\/02\/Le-The\u0301-ou-le-cafe\u0301-150x150.jpg 150w, https:\/\/www.maisonwabisabi.com\/wp-content\/uploads\/2022\/02\/Le-The\u0301-ou-le-cafe\u0301-768x768.jpg 768w\" sizes=\"auto, (max-width: 1024px) 100vw, 1024px\" \/><\/a><\/figure>\n\n\n\n<figure class=\"wp-block-image size-full\"><a href=\"https:\/\/www.maisonwabisabi.com\/en\/utsuwa\/les-alcools\/\" target=\"_blank\" rel=\"noopener\"><img loading=\"lazy\" decoding=\"async\" width=\"1024\" height=\"1024\" data-id=\"3043\" src=\"https:\/\/www.maisonwabisabi.com\/wp-content\/uploads\/2022\/03\/Les-Alcools.jpg\" alt=\"Gamme pour les Alcools\" class=\"wp-image-3043\" srcset=\"https:\/\/www.maisonwabisabi.com\/wp-content\/uploads\/2022\/03\/Les-Alcools.jpg 1024w, https:\/\/www.maisonwabisabi.com\/wp-content\/uploads\/2022\/03\/Les-Alcools-300x300.jpg 300w, https:\/\/www.maisonwabisabi.com\/wp-content\/uploads\/2022\/03\/Les-Alcools-100x100.jpg 100w, https:\/\/www.maisonwabisabi.com\/wp-content\/uploads\/2022\/03\/Les-Alcools-600x600.jpg 600w, https:\/\/www.maisonwabisabi.com\/wp-content\/uploads\/2022\/03\/Les-Alcools-150x150.jpg 150w, https:\/\/www.maisonwabisabi.com\/wp-content\/uploads\/2022\/03\/Les-Alcools-768x768.jpg 768w\" sizes=\"auto, (max-width: 1024px) 100vw, 1024px\" \/><\/a><\/figure>\n<\/figure>\n\n\n\n<div style=\"height:100px\" aria-hidden=\"true\" class=\"wp-block-spacer\"><\/div>","protected":false},"excerpt":{"rendered":"<p>Contenant ou r\u00e9cipient d&rsquo;utilisation quotidien Leurs formes sont fabriqu\u00e9es dans les propres paumes des potiers et m\u00fbrissent dans leurs propres [&hellip;]<\/p>\n","protected":false},"author":1,"featured_media":0,"parent":0,"menu_order":0,"comment_status":"closed","ping_status":"closed","template":"","meta":{"site-sidebar-layout":"default","site-content-layout":"","ast-site-content-layout":"default","site-content-style":"default","site-sidebar-style":"default","ast-global-header-display":"","ast-banner-title-visibility":"","ast-main-header-display":"","ast-hfb-above-header-display":"","ast-hfb-below-header-display":"","ast-hfb-mobile-header-display":"","site-post-title":"disabled","ast-breadcrumbs-content":"","ast-featured-img":"","footer-sml-layout":"","ast-disable-related-posts":"","theme-transparent-header-meta":"","adv-header-id-meta":"","stick-header-meta":"","header-above-stick-meta":"","header-main-stick-meta":"","header-below-stick-meta":"","astra-migrate-meta-layouts":"default","ast-page-background-enabled":"default","ast-page-background-meta":{"desktop":{"background-color":"var(--ast-global-color-5)","background-image":"","background-repeat":"repeat","background-position":"center center","background-size":"auto","background-attachment":"scroll","background-type":"","background-media":"","overlay-type":"","overlay-color":"","overlay-opacity":"","overlay-gradient":""},"tablet":{"background-color":"","background-image":"","background-repeat":"repeat","background-position":"center center","background-size":"auto","background-attachment":"scroll","background-type":"","background-media":"","overlay-type":"","overlay-color":"","overlay-opacity":"","overlay-gradient":""},"mobile":{"background-color":"","background-image":"","background-repeat":"repeat","background-position":"center center","background-size":"auto","background-attachment":"scroll","background-type":"","background-media":"","overlay-type":"","overlay-color":"","overlay-opacity":"","overlay-gradient":""}},"ast-content-background-meta":{"desktop":{"background-color":"var(--ast-global-color-4)","background-image":"","background-repeat":"repeat","background-position":"center center","background-size":"auto","background-attachment":"scroll","background-type":"","background-media":"","overlay-type":"","overlay-color":"","overlay-opacity":"","overlay-gradient":""},"tablet":{"background-color":"var(--ast-global-color-4)","background-image":"","background-repeat":"repeat","background-position":"center center","background-size":"auto","background-attachment":"scroll","background-type":"","background-media":"","overlay-type":"","overlay-color":"","overlay-opacity":"","overlay-gradient":""},"mobile":{"background-color":"var(--ast-global-color-4)","background-image":"","background-repeat":"repeat","background-position":"center center","background-size":"auto","background-attachment":"scroll","background-type":"","background-media":"","overlay-type":"","overlay-color":"","overlay-opacity":"","overlay-gradient":""}},"footnotes":""},"class_list":["post-34","page","type-page","status-publish","hentry"],"yoast_head":"<!-- This site is optimized with the Yoast SEO plugin v27.4 - https:\/\/yoast.com\/product\/yoast-seo-wordpress\/ -->\n<title>Utsuwa - Maison Wabi-Sabi - C\u00e9ramique d&#039;art du quotidien<\/title>\n<meta name=\"description\" content=\"Utsuwa. Les formes des r\u00e9cipients du quotidien sont fabriqu\u00e9es dans les propres paumes des potiers et m\u00fbrissent dans leurs propres mains.\" \/>\n<meta name=\"robots\" content=\"index, follow, max-snippet:-1, max-image-preview:large, max-video-preview:-1\" \/>\n<link rel=\"canonical\" href=\"https:\/\/www.maisonwabisabi.com\/en\/utsuwa\/\" \/>\n<meta property=\"og:locale\" content=\"en_GB\" \/>\n<meta property=\"og:type\" content=\"article\" \/>\n<meta property=\"og:title\" content=\"Utsuwa - Maison Wabi-Sabi - C\u00e9ramique d&#039;art du quotidien\" \/>\n<meta property=\"og:description\" content=\"Utsuwa. Les formes des r\u00e9cipients du quotidien sont fabriqu\u00e9es dans les propres paumes des potiers et m\u00fbrissent dans leurs propres mains.\" \/>\n<meta property=\"og:url\" content=\"https:\/\/www.maisonwabisabi.com\/en\/utsuwa\/\" \/>\n<meta property=\"og:site_name\" content=\"Maison Wabi-Sabi\" \/>\n<meta property=\"article:publisher\" content=\"https:\/\/www.facebook.com\/MaisonWabiSabi\" \/>\n<meta property=\"article:modified_time\" content=\"2025-07-04T14:33:07+00:00\" \/>\n<meta property=\"og:image\" content=\"https:\/\/www.maisonwabisabi.com\/wp-content\/uploads\/2023\/07\/Utsuwa-Les-Bols.jpg\" \/>\n\t<meta property=\"og:image:width\" content=\"1024\" \/>\n\t<meta property=\"og:image:height\" content=\"1024\" \/>\n\t<meta property=\"og:image:type\" content=\"image\/jpeg\" \/>\n<meta name=\"twitter:card\" content=\"summary_large_image\" \/>\n<meta name=\"twitter:label1\" content=\"Estimated reading time\" \/>\n\t<meta name=\"twitter:data1\" content=\"4 minutes\" \/>\n<script type=\"application\/ld+json\" class=\"yoast-schema-graph\">{\"@context\":\"https:\\\/\\\/schema.org\",\"@graph\":[{\"@type\":\"WebPage\",\"@id\":\"https:\\\/\\\/www.maisonwabisabi.com\\\/utsuwa\\\/\",\"url\":\"https:\\\/\\\/www.maisonwabisabi.com\\\/utsuwa\\\/\",\"name\":\"Utsuwa - Maison Wabi-Sabi - C\u00e9ramique d'art du quotidien\",\"isPartOf\":{\"@id\":\"https:\\\/\\\/www.maisonwabisabi.com\\\/#website\"},\"primaryImageOfPage\":{\"@id\":\"https:\\\/\\\/www.maisonwabisabi.com\\\/utsuwa\\\/#primaryimage\"},\"image\":{\"@id\":\"https:\\\/\\\/www.maisonwabisabi.com\\\/utsuwa\\\/#primaryimage\"},\"thumbnailUrl\":\"https:\\\/\\\/www.maisonwabisabi.com\\\/wp-content\\\/uploads\\\/2023\\\/07\\\/Utsuwa-Les-Bols.jpg\",\"datePublished\":\"2021-06-22T18:38:22+00:00\",\"dateModified\":\"2025-07-04T14:33:07+00:00\",\"description\":\"Utsuwa. Les formes des r\u00e9cipients du quotidien sont fabriqu\u00e9es dans les propres paumes des potiers et m\u00fbrissent dans leurs propres mains.\",\"breadcrumb\":{\"@id\":\"https:\\\/\\\/www.maisonwabisabi.com\\\/utsuwa\\\/#breadcrumb\"},\"inLanguage\":\"en-GB\",\"potentialAction\":[{\"@type\":\"ReadAction\",\"target\":[\"https:\\\/\\\/www.maisonwabisabi.com\\\/utsuwa\\\/\"]}]},{\"@type\":\"ImageObject\",\"inLanguage\":\"en-GB\",\"@id\":\"https:\\\/\\\/www.maisonwabisabi.com\\\/utsuwa\\\/#primaryimage\",\"url\":\"https:\\\/\\\/www.maisonwabisabi.com\\\/wp-content\\\/uploads\\\/2023\\\/07\\\/Utsuwa-Les-Bols.jpg\",\"contentUrl\":\"https:\\\/\\\/www.maisonwabisabi.com\\\/wp-content\\\/uploads\\\/2023\\\/07\\\/Utsuwa-Les-Bols.jpg\"},{\"@type\":\"BreadcrumbList\",\"@id\":\"https:\\\/\\\/www.maisonwabisabi.com\\\/utsuwa\\\/#breadcrumb\",\"itemListElement\":[{\"@type\":\"ListItem\",\"position\":1,\"name\":\"Bienvenue\",\"item\":\"https:\\\/\\\/www.maisonwabisabi.com\\\/\"},{\"@type\":\"ListItem\",\"position\":2,\"name\":\"Utsuwa\"}]},{\"@type\":\"WebSite\",\"@id\":\"https:\\\/\\\/www.maisonwabisabi.com\\\/#website\",\"url\":\"https:\\\/\\\/www.maisonwabisabi.com\\\/\",\"name\":\"Maison Wabi-Sabi\",\"description\":\"\",\"publisher\":{\"@id\":\"https:\\\/\\\/www.maisonwabisabi.com\\\/#organization\"},\"potentialAction\":[{\"@type\":\"SearchAction\",\"target\":{\"@type\":\"EntryPoint\",\"urlTemplate\":\"https:\\\/\\\/www.maisonwabisabi.com\\\/?s={search_term_string}\"},\"query-input\":{\"@type\":\"PropertyValueSpecification\",\"valueRequired\":true,\"valueName\":\"search_term_string\"}}],\"inLanguage\":\"en-GB\"},{\"@type\":\"Organization\",\"@id\":\"https:\\\/\\\/www.maisonwabisabi.com\\\/#organization\",\"name\":\"Maison Wabi-Sabi\",\"url\":\"https:\\\/\\\/www.maisonwabisabi.com\\\/\",\"logo\":{\"@type\":\"ImageObject\",\"inLanguage\":\"en-GB\",\"@id\":\"https:\\\/\\\/www.maisonwabisabi.com\\\/#\\\/schema\\\/logo\\\/image\\\/\",\"url\":\"https:\\\/\\\/www.maisonwabisabi.com\\\/wp-content\\\/uploads\\\/2021\\\/11\\\/Logo-de-maison-Wabi-Sabi.jpg\",\"contentUrl\":\"https:\\\/\\\/www.maisonwabisabi.com\\\/wp-content\\\/uploads\\\/2021\\\/11\\\/Logo-de-maison-Wabi-Sabi.jpg\",\"width\":1024,\"height\":1024,\"caption\":\"Maison Wabi-Sabi\"},\"image\":{\"@id\":\"https:\\\/\\\/www.maisonwabisabi.com\\\/#\\\/schema\\\/logo\\\/image\\\/\"},\"sameAs\":[\"https:\\\/\\\/www.facebook.com\\\/MaisonWabiSabi\",\"https:\\\/\\\/www.instagram.com\\\/maison.wabi.sabi\\\/?hl=fr\",\"https:\\\/\\\/www.linkedin.com\\\/company\\\/69088467\"]}]}<\/script>\n<!-- \/ Yoast SEO plugin. -->","yoast_head_json":{"title":"Utsuwa - Maison Wabi-Sabi - C\u00e9ramique d'art du quotidien","description":"Utsuwa. Les formes des r\u00e9cipients du quotidien sont fabriqu\u00e9es dans les propres paumes des potiers et m\u00fbrissent dans leurs propres mains.","robots":{"index":"index","follow":"follow","max-snippet":"max-snippet:-1","max-image-preview":"max-image-preview:large","max-video-preview":"max-video-preview:-1"},"canonical":"https:\/\/www.maisonwabisabi.com\/en\/utsuwa\/","og_locale":"en_GB","og_type":"article","og_title":"Utsuwa - Maison Wabi-Sabi - C\u00e9ramique d'art du quotidien","og_description":"Utsuwa. Les formes des r\u00e9cipients du quotidien sont fabriqu\u00e9es dans les propres paumes des potiers et m\u00fbrissent dans leurs propres mains.","og_url":"https:\/\/www.maisonwabisabi.com\/en\/utsuwa\/","og_site_name":"Maison Wabi-Sabi","article_publisher":"https:\/\/www.facebook.com\/MaisonWabiSabi","article_modified_time":"2025-07-04T14:33:07+00:00","og_image":[{"width":1024,"height":1024,"url":"https:\/\/www.maisonwabisabi.com\/wp-content\/uploads\/2023\/07\/Utsuwa-Les-Bols.jpg","type":"image\/jpeg"}],"twitter_card":"summary_large_image","twitter_misc":{"Estimated reading time":"4 minutes"},"schema":{"@context":"https:\/\/schema.org","@graph":[{"@type":"WebPage","@id":"https:\/\/www.maisonwabisabi.com\/utsuwa\/","url":"https:\/\/www.maisonwabisabi.com\/utsuwa\/","name":"Utsuwa - Maison Wabi-Sabi - C\u00e9ramique d'art du quotidien","isPartOf":{"@id":"https:\/\/www.maisonwabisabi.com\/#website"},"primaryImageOfPage":{"@id":"https:\/\/www.maisonwabisabi.com\/utsuwa\/#primaryimage"},"image":{"@id":"https:\/\/www.maisonwabisabi.com\/utsuwa\/#primaryimage"},"thumbnailUrl":"https:\/\/www.maisonwabisabi.com\/wp-content\/uploads\/2023\/07\/Utsuwa-Les-Bols.jpg","datePublished":"2021-06-22T18:38:22+00:00","dateModified":"2025-07-04T14:33:07+00:00","description":"Utsuwa. Les formes des r\u00e9cipients du quotidien sont fabriqu\u00e9es dans les propres paumes des potiers et m\u00fbrissent dans leurs propres mains.","breadcrumb":{"@id":"https:\/\/www.maisonwabisabi.com\/utsuwa\/#breadcrumb"},"inLanguage":"en-GB","potentialAction":[{"@type":"ReadAction","target":["https:\/\/www.maisonwabisabi.com\/utsuwa\/"]}]},{"@type":"ImageObject","inLanguage":"en-GB","@id":"https:\/\/www.maisonwabisabi.com\/utsuwa\/#primaryimage","url":"https:\/\/www.maisonwabisabi.com\/wp-content\/uploads\/2023\/07\/Utsuwa-Les-Bols.jpg","contentUrl":"https:\/\/www.maisonwabisabi.com\/wp-content\/uploads\/2023\/07\/Utsuwa-Les-Bols.jpg"},{"@type":"BreadcrumbList","@id":"https:\/\/www.maisonwabisabi.com\/utsuwa\/#breadcrumb","itemListElement":[{"@type":"ListItem","position":1,"name":"Bienvenue","item":"https:\/\/www.maisonwabisabi.com\/"},{"@type":"ListItem","position":2,"name":"Utsuwa"}]},{"@type":"WebSite","@id":"https:\/\/www.maisonwabisabi.com\/#website","url":"https:\/\/www.maisonwabisabi.com\/","name":"Maison Wabi-Sabi","description":"","publisher":{"@id":"https:\/\/www.maisonwabisabi.com\/#organization"},"potentialAction":[{"@type":"SearchAction","target":{"@type":"EntryPoint","urlTemplate":"https:\/\/www.maisonwabisabi.com\/?s={search_term_string}"},"query-input":{"@type":"PropertyValueSpecification","valueRequired":true,"valueName":"search_term_string"}}],"inLanguage":"en-GB"},{"@type":"Organization","@id":"https:\/\/www.maisonwabisabi.com\/#organization","name":"Maison Wabi-Sabi","url":"https:\/\/www.maisonwabisabi.com\/","logo":{"@type":"ImageObject","inLanguage":"en-GB","@id":"https:\/\/www.maisonwabisabi.com\/#\/schema\/logo\/image\/","url":"https:\/\/www.maisonwabisabi.com\/wp-content\/uploads\/2021\/11\/Logo-de-maison-Wabi-Sabi.jpg","contentUrl":"https:\/\/www.maisonwabisabi.com\/wp-content\/uploads\/2021\/11\/Logo-de-maison-Wabi-Sabi.jpg","width":1024,"height":1024,"caption":"Maison Wabi-Sabi"},"image":{"@id":"https:\/\/www.maisonwabisabi.com\/#\/schema\/logo\/image\/"},"sameAs":["https:\/\/www.facebook.com\/MaisonWabiSabi","https:\/\/www.instagram.com\/maison.wabi.sabi\/?hl=fr","https:\/\/www.linkedin.com\/company\/69088467"]}]}},"_links":{"self":[{"href":"https:\/\/www.maisonwabisabi.com\/en\/wp-json\/wp\/v2\/pages\/34","targetHints":{"allow":["GET"]}}],"collection":[{"href":"https:\/\/www.maisonwabisabi.com\/en\/wp-json\/wp\/v2\/pages"}],"about":[{"href":"https:\/\/www.maisonwabisabi.com\/en\/wp-json\/wp\/v2\/types\/page"}],"author":[{"embeddable":true,"href":"https:\/\/www.maisonwabisabi.com\/en\/wp-json\/wp\/v2\/users\/1"}],"replies":[{"embeddable":true,"href":"https:\/\/www.maisonwabisabi.com\/en\/wp-json\/wp\/v2\/comments?post=34"}],"version-history":[{"count":2,"href":"https:\/\/www.maisonwabisabi.com\/en\/wp-json\/wp\/v2\/pages\/34\/revisions"}],"predecessor-version":[{"id":35779,"href":"https:\/\/www.maisonwabisabi.com\/en\/wp-json\/wp\/v2\/pages\/34\/revisions\/35779"}],"wp:attachment":[{"href":"https:\/\/www.maisonwabisabi.com\/en\/wp-json\/wp\/v2\/media?parent=34"}],"curies":[{"name":"wp","href":"https:\/\/api.w.org\/{rel}","templated":true}]}}