{"id":33,"date":"2021-06-22T20:38:22","date_gmt":"2021-06-22T18:38:22","guid":{"rendered":"https:\/\/www.maisonwabisabi.com\/?page_id=33"},"modified":"2026-02-26T19:01:18","modified_gmt":"2026-02-26T18:01:18","slug":"collection-personnelle","status":"publish","type":"page","link":"https:\/\/www.maisonwabisabi.com\/en\/collection-personnelle\/","title":{"rendered":"Personal Collection"},"content":{"rendered":"<div style=\"height:20px\" aria-hidden=\"true\" class=\"wp-block-spacer\"><\/div>\n\n\n\n<h1 class=\"wp-block-heading has-text-align-center has-black-color has-text-color has-background\" style=\"background-color:#8d9a83;font-size:21px\"><strong>Collection Personnelle de Yann san<\/strong><\/h1>\n\n\n\n<div style=\"height:20px\" aria-hidden=\"true\" class=\"wp-block-spacer\"><\/div>\n\n\n\n<p class=\"has-black-color has-text-color\" style=\"font-size:17px\">\u00ab\u00a0Depuis 2008, lors de mon tout premier voyage au Japon. J&rsquo;ai commenc\u00e9 une collection de c\u00e9ramiques de pi\u00e8ces uniques. Elles sont toutes des <a href=\"https:\/\/www.maisonwabisabi.com\/en\/utsuwa\/\" target=\"_blank\" rel=\"noreferrer noopener\"><mark style=\"background-color:rgba(0, 0, 0, 0);color:#8d9a83\" class=\"has-inline-color\">Utsuwa<\/mark><\/a> : des contenants d&rsquo;utilisation quotidienne. Au fil de mes recherches sur internet, sur des salons sp\u00e9cialis\u00e9s, sur des march\u00e9s europ\u00e9ens et japonais, dans des magasins sp\u00e9cialis\u00e9s et durant mes voyages, j&rsquo;ai acquis une collection int\u00e9ressante et \u00e9clectique. Du r\u00e9cent au vintage et du moderne au traditionnel.\u00a0\u00bb<\/p>\n\n\n\n<p class=\"has-black-color has-text-color\" style=\"font-size:17px\">Diff\u00e9rentes techniques, mat\u00e9riaux et gla\u00e7ures. Des cuissons au bois, au gaz ou \u00e0 l&rsquo;\u00e9lectrique qui donnent des r\u00e9sultats aussi \u00e9tonnants les uns que les autres. C&rsquo;est aussi un dialogue, un \u00e9change avec tous ces potiers rencontr\u00e9s en chair et en os ou via les r\u00e9seaux sociaux. Ressentir leur amour pour la c\u00e9ramique, pour leur m\u00e9tier, pour ce savoir-faire qui les touchent profond\u00e9ment. Des informations sur les styles et la photo de l&rsquo;artiste car une poterie n&rsquo;existe pas sans son potier.<\/p>\n\n\n\n<p class=\"has-text-align-left has-black-color has-text-color\" style=\"font-size:17px\">Pour d\u00e9couvrir la collection, vous cliquez sur l&rsquo;un des 3 logos. Vous d\u00e9couvrirez les photos de chaque c\u00e9ramique et les noms des c\u00e9ramistes. Pour les potiers inconnus, les recherches sont toujours en cours.\u00a0\u00bb<\/p>\n\n\n\n<div style=\"height:20px\" aria-hidden=\"true\" class=\"wp-block-spacer\"><\/div>\n\n\n\n<figure class=\"wp-block-gallery has-nested-images columns-5 is-cropped wp-block-gallery-1 is-layout-flex wp-block-gallery-is-layout-flex\">\n<figure class=\"wp-block-image size-full\"><a href=\"https:\/\/www.maisonwabisabi.com\/en\/collection-personnelle\/collection-potiers-japonais\/\" target=\"_blank\" rel=\" noreferrer noopener\"><img loading=\"lazy\" decoding=\"async\" width=\"1024\" height=\"1024\" data-id=\"27843\" src=\"https:\/\/www.maisonwabisabi.com\/wp-content\/uploads\/2024\/05\/Ceramistes-du-Japon.jpg\" alt=\"C\u00e9ramistes du Japon des collection saisonni\u00e8res\" class=\"wp-image-27843\" srcset=\"https:\/\/www.maisonwabisabi.com\/wp-content\/uploads\/2024\/05\/Ceramistes-du-Japon.jpg 1024w, https:\/\/www.maisonwabisabi.com\/wp-content\/uploads\/2024\/05\/Ceramistes-du-Japon-300x300.jpg 300w, https:\/\/www.maisonwabisabi.com\/wp-content\/uploads\/2024\/05\/Ceramistes-du-Japon-150x150.jpg 150w, https:\/\/www.maisonwabisabi.com\/wp-content\/uploads\/2024\/05\/Ceramistes-du-Japon-768x768.jpg 768w, https:\/\/www.maisonwabisabi.com\/wp-content\/uploads\/2024\/05\/Ceramistes-du-Japon-600x600.jpg 600w, https:\/\/www.maisonwabisabi.com\/wp-content\/uploads\/2024\/05\/Ceramistes-du-Japon-100x100.jpg 100w\" sizes=\"auto, (max-width: 1024px) 100vw, 1024px\" \/><\/a><\/figure>\n\n\n\n<figure class=\"wp-block-image size-full\"><a href=\"https:\/\/www.maisonwabisabi.com\/en\/collection-personnelle\/collection-potiers-ailleurs\/\" target=\"_blank\" rel=\" noreferrer noopener\"><img loading=\"lazy\" decoding=\"async\" width=\"1024\" height=\"1024\" data-id=\"27839\" src=\"https:\/\/www.maisonwabisabi.com\/wp-content\/uploads\/2024\/05\/Ceramistes-dailleurs.jpg\" alt=\"C\u00e9ramistes d'ailleurs des collection saisonni\u00e8res\" class=\"wp-image-27839\" srcset=\"https:\/\/www.maisonwabisabi.com\/wp-content\/uploads\/2024\/05\/Ceramistes-dailleurs.jpg 1024w, https:\/\/www.maisonwabisabi.com\/wp-content\/uploads\/2024\/05\/Ceramistes-dailleurs-300x300.jpg 300w, https:\/\/www.maisonwabisabi.com\/wp-content\/uploads\/2024\/05\/Ceramistes-dailleurs-150x150.jpg 150w, https:\/\/www.maisonwabisabi.com\/wp-content\/uploads\/2024\/05\/Ceramistes-dailleurs-768x768.jpg 768w, https:\/\/www.maisonwabisabi.com\/wp-content\/uploads\/2024\/05\/Ceramistes-dailleurs-600x600.jpg 600w, https:\/\/www.maisonwabisabi.com\/wp-content\/uploads\/2024\/05\/Ceramistes-dailleurs-100x100.jpg 100w\" sizes=\"auto, (max-width: 1024px) 100vw, 1024px\" \/><\/a><\/figure>\n\n\n\n<figure class=\"wp-block-image size-full\"><a href=\"https:\/\/www.maisonwabisabi.com\/en\/collection-personnelle\/collection-potiers-francais\/\" target=\"_blank\" rel=\" noreferrer noopener\"><img loading=\"lazy\" decoding=\"async\" width=\"1024\" height=\"1024\" data-id=\"27840\" src=\"https:\/\/www.maisonwabisabi.com\/wp-content\/uploads\/2024\/05\/Ceramistes-de-France.jpg\" alt=\"C\u00e9ramistes de France des collection saisonni\u00e8res\" class=\"wp-image-27840\" srcset=\"https:\/\/www.maisonwabisabi.com\/wp-content\/uploads\/2024\/05\/Ceramistes-de-France.jpg 1024w, https:\/\/www.maisonwabisabi.com\/wp-content\/uploads\/2024\/05\/Ceramistes-de-France-300x300.jpg 300w, https:\/\/www.maisonwabisabi.com\/wp-content\/uploads\/2024\/05\/Ceramistes-de-France-150x150.jpg 150w, https:\/\/www.maisonwabisabi.com\/wp-content\/uploads\/2024\/05\/Ceramistes-de-France-768x768.jpg 768w, https:\/\/www.maisonwabisabi.com\/wp-content\/uploads\/2024\/05\/Ceramistes-de-France-600x600.jpg 600w, https:\/\/www.maisonwabisabi.com\/wp-content\/uploads\/2024\/05\/Ceramistes-de-France-100x100.jpg 100w\" sizes=\"auto, (max-width: 1024px) 100vw, 1024px\" \/><\/a><\/figure>\n<\/figure>\n\n\n\n<div style=\"height:100px\" aria-hidden=\"true\" class=\"wp-block-spacer\"><\/div>","protected":false},"excerpt":{"rendered":"<p>Collection Personnelle de Yann san \u00ab\u00a0Depuis 2008, lors de mon tout premier voyage au Japon. J&rsquo;ai commenc\u00e9 une collection de [&hellip;]<\/p>\n","protected":false},"author":1,"featured_media":0,"parent":0,"menu_order":0,"comment_status":"closed","ping_status":"closed","template":"","meta":{"site-sidebar-layout":"default","site-content-layout":"","ast-site-content-layout":"default","site-content-style":"default","site-sidebar-style":"default","ast-global-header-display":"","ast-banner-title-visibility":"","ast-main-header-display":"","ast-hfb-above-header-display":"","ast-hfb-below-header-display":"","ast-hfb-mobile-header-display":"","site-post-title":"disabled","ast-breadcrumbs-content":"","ast-featured-img":"","footer-sml-layout":"","ast-disable-related-posts":"","theme-transparent-header-meta":"","adv-header-id-meta":"","stick-header-meta":"","header-above-stick-meta":"","header-main-stick-meta":"","header-below-stick-meta":"","astra-migrate-meta-layouts":"default","ast-page-background-enabled":"default","ast-page-background-meta":{"desktop":{"background-color":"var(--ast-global-color-5)","background-image":"","background-repeat":"repeat","background-position":"center center","background-size":"auto","background-attachment":"scroll","background-type":"","background-media":"","overlay-type":"","overlay-color":"","overlay-opacity":"","overlay-gradient":""},"tablet":{"background-color":"","background-image":"","background-repeat":"repeat","background-position":"center center","background-size":"auto","background-attachment":"scroll","background-type":"","background-media":"","overlay-type":"","overlay-color":"","overlay-opacity":"","overlay-gradient":""},"mobile":{"background-color":"","background-image":"","background-repeat":"repeat","background-position":"center center","background-size":"auto","background-attachment":"scroll","background-type":"","background-media":"","overlay-type":"","overlay-color":"","overlay-opacity":"","overlay-gradient":""}},"ast-content-background-meta":{"desktop":{"background-color":"var(--ast-global-color-4)","background-image":"","background-repeat":"repeat","background-position":"center center","background-size":"auto","background-attachment":"scroll","background-type":"","background-media":"","overlay-type":"","overlay-color":"","overlay-opacity":"","overlay-gradient":""},"tablet":{"background-color":"var(--ast-global-color-4)","background-image":"","background-repeat":"repeat","background-position":"center center","background-size":"auto","background-attachment":"scroll","background-type":"","background-media":"","overlay-type":"","overlay-color":"","overlay-opacity":"","overlay-gradient":""},"mobile":{"background-color":"var(--ast-global-color-4)","background-image":"","background-repeat":"repeat","background-position":"center center","background-size":"auto","background-attachment":"scroll","background-type":"","background-media":"","overlay-type":"","overlay-color":"","overlay-opacity":"","overlay-gradient":""}},"footnotes":""},"class_list":["post-33","page","type-page","status-publish","hentry"],"yoast_head":"<!-- This site is optimized with the Yoast SEO plugin v27.4 - https:\/\/yoast.com\/product\/yoast-seo-wordpress\/ -->\n<title>Collection Personnelle - Maison Wabi-Sabi - Utsuwa du quotidien<\/title>\n<meta name=\"description\" content=\"Collection Personnelle. Utsuwa ou C\u00e9ramiques d&#039;utilisation quotidienne. R\u00e9cent au vintage. Moderne au traditionnel. C\u00e9ramique japonaise.\" \/>\n<meta name=\"robots\" content=\"index, follow, max-snippet:-1, max-image-preview:large, max-video-preview:-1\" \/>\n<link rel=\"canonical\" href=\"https:\/\/www.maisonwabisabi.com\/en\/collection-personnelle\/\" \/>\n<meta property=\"og:locale\" content=\"en_GB\" \/>\n<meta property=\"og:type\" content=\"article\" \/>\n<meta property=\"og:title\" content=\"Collection Personnelle - Maison Wabi-Sabi - Utsuwa du quotidien\" \/>\n<meta property=\"og:description\" content=\"Collection Personnelle. Utsuwa ou C\u00e9ramiques d&#039;utilisation quotidienne. R\u00e9cent au vintage. Moderne au traditionnel. C\u00e9ramique japonaise.\" \/>\n<meta property=\"og:url\" content=\"https:\/\/www.maisonwabisabi.com\/en\/collection-personnelle\/\" \/>\n<meta property=\"og:site_name\" content=\"Maison Wabi-Sabi\" \/>\n<meta property=\"article:publisher\" content=\"https:\/\/www.facebook.com\/MaisonWabiSabi\" \/>\n<meta property=\"article:modified_time\" content=\"2026-02-26T18:01:18+00:00\" \/>\n<meta property=\"og:image\" content=\"https:\/\/www.maisonwabisabi.com\/wp-content\/uploads\/2024\/05\/Ceramistes-du-Japon.jpg\" \/>\n<meta name=\"twitter:card\" content=\"summary_large_image\" \/>\n<meta name=\"twitter:label1\" content=\"Estimated reading time\" \/>\n\t<meta name=\"twitter:data1\" content=\"2 minutes\" \/>\n<script type=\"application\/ld+json\" class=\"yoast-schema-graph\">{\"@context\":\"https:\\\/\\\/schema.org\",\"@graph\":[{\"@type\":\"WebPage\",\"@id\":\"https:\\\/\\\/www.maisonwabisabi.com\\\/collection-personnelle\\\/\",\"url\":\"https:\\\/\\\/www.maisonwabisabi.com\\\/collection-personnelle\\\/\",\"name\":\"Collection Personnelle - Maison Wabi-Sabi - Utsuwa du quotidien\",\"isPartOf\":{\"@id\":\"https:\\\/\\\/www.maisonwabisabi.com\\\/#website\"},\"primaryImageOfPage\":{\"@id\":\"https:\\\/\\\/www.maisonwabisabi.com\\\/collection-personnelle\\\/#primaryimage\"},\"image\":{\"@id\":\"https:\\\/\\\/www.maisonwabisabi.com\\\/collection-personnelle\\\/#primaryimage\"},\"thumbnailUrl\":\"https:\\\/\\\/www.maisonwabisabi.com\\\/wp-content\\\/uploads\\\/2024\\\/05\\\/Ceramistes-du-Japon.jpg\",\"datePublished\":\"2021-06-22T18:38:22+00:00\",\"dateModified\":\"2026-02-26T18:01:18+00:00\",\"description\":\"Collection Personnelle. Utsuwa ou C\u00e9ramiques d'utilisation quotidienne. R\u00e9cent au vintage. Moderne au traditionnel. C\u00e9ramique japonaise.\",\"breadcrumb\":{\"@id\":\"https:\\\/\\\/www.maisonwabisabi.com\\\/collection-personnelle\\\/#breadcrumb\"},\"inLanguage\":\"en-GB\",\"potentialAction\":[{\"@type\":\"ReadAction\",\"target\":[\"https:\\\/\\\/www.maisonwabisabi.com\\\/collection-personnelle\\\/\"]}]},{\"@type\":\"ImageObject\",\"inLanguage\":\"en-GB\",\"@id\":\"https:\\\/\\\/www.maisonwabisabi.com\\\/collection-personnelle\\\/#primaryimage\",\"url\":\"https:\\\/\\\/www.maisonwabisabi.com\\\/wp-content\\\/uploads\\\/2024\\\/05\\\/Ceramistes-du-Japon.jpg\",\"contentUrl\":\"https:\\\/\\\/www.maisonwabisabi.com\\\/wp-content\\\/uploads\\\/2024\\\/05\\\/Ceramistes-du-Japon.jpg\"},{\"@type\":\"BreadcrumbList\",\"@id\":\"https:\\\/\\\/www.maisonwabisabi.com\\\/collection-personnelle\\\/#breadcrumb\",\"itemListElement\":[{\"@type\":\"ListItem\",\"position\":1,\"name\":\"Bienvenue\",\"item\":\"https:\\\/\\\/www.maisonwabisabi.com\\\/\"},{\"@type\":\"ListItem\",\"position\":2,\"name\":\"Collection Personnelle\"}]},{\"@type\":\"WebSite\",\"@id\":\"https:\\\/\\\/www.maisonwabisabi.com\\\/#website\",\"url\":\"https:\\\/\\\/www.maisonwabisabi.com\\\/\",\"name\":\"Maison Wabi-Sabi\",\"description\":\"\",\"publisher\":{\"@id\":\"https:\\\/\\\/www.maisonwabisabi.com\\\/#organization\"},\"potentialAction\":[{\"@type\":\"SearchAction\",\"target\":{\"@type\":\"EntryPoint\",\"urlTemplate\":\"https:\\\/\\\/www.maisonwabisabi.com\\\/?s={search_term_string}\"},\"query-input\":{\"@type\":\"PropertyValueSpecification\",\"valueRequired\":true,\"valueName\":\"search_term_string\"}}],\"inLanguage\":\"en-GB\"},{\"@type\":\"Organization\",\"@id\":\"https:\\\/\\\/www.maisonwabisabi.com\\\/#organization\",\"name\":\"Maison Wabi-Sabi\",\"url\":\"https:\\\/\\\/www.maisonwabisabi.com\\\/\",\"logo\":{\"@type\":\"ImageObject\",\"inLanguage\":\"en-GB\",\"@id\":\"https:\\\/\\\/www.maisonwabisabi.com\\\/#\\\/schema\\\/logo\\\/image\\\/\",\"url\":\"https:\\\/\\\/www.maisonwabisabi.com\\\/wp-content\\\/uploads\\\/2021\\\/11\\\/Logo-de-maison-Wabi-Sabi.jpg\",\"contentUrl\":\"https:\\\/\\\/www.maisonwabisabi.com\\\/wp-content\\\/uploads\\\/2021\\\/11\\\/Logo-de-maison-Wabi-Sabi.jpg\",\"width\":1024,\"height\":1024,\"caption\":\"Maison Wabi-Sabi\"},\"image\":{\"@id\":\"https:\\\/\\\/www.maisonwabisabi.com\\\/#\\\/schema\\\/logo\\\/image\\\/\"},\"sameAs\":[\"https:\\\/\\\/www.facebook.com\\\/MaisonWabiSabi\",\"https:\\\/\\\/www.instagram.com\\\/maison.wabi.sabi\\\/?hl=fr\",\"https:\\\/\\\/www.linkedin.com\\\/company\\\/69088467\"]}]}<\/script>\n<!-- \/ Yoast SEO plugin. -->","yoast_head_json":{"title":"Collection Personnelle - Maison Wabi-Sabi - Utsuwa du quotidien","description":"Collection Personnelle. Utsuwa ou C\u00e9ramiques d'utilisation quotidienne. R\u00e9cent au vintage. Moderne au traditionnel. C\u00e9ramique japonaise.","robots":{"index":"index","follow":"follow","max-snippet":"max-snippet:-1","max-image-preview":"max-image-preview:large","max-video-preview":"max-video-preview:-1"},"canonical":"https:\/\/www.maisonwabisabi.com\/en\/collection-personnelle\/","og_locale":"en_GB","og_type":"article","og_title":"Collection Personnelle - Maison Wabi-Sabi - Utsuwa du quotidien","og_description":"Collection Personnelle. Utsuwa ou C\u00e9ramiques d'utilisation quotidienne. R\u00e9cent au vintage. Moderne au traditionnel. C\u00e9ramique japonaise.","og_url":"https:\/\/www.maisonwabisabi.com\/en\/collection-personnelle\/","og_site_name":"Maison Wabi-Sabi","article_publisher":"https:\/\/www.facebook.com\/MaisonWabiSabi","article_modified_time":"2026-02-26T18:01:18+00:00","og_image":[{"url":"https:\/\/www.maisonwabisabi.com\/wp-content\/uploads\/2024\/05\/Ceramistes-du-Japon.jpg","type":"","width":"","height":""}],"twitter_card":"summary_large_image","twitter_misc":{"Estimated reading time":"2 minutes"},"schema":{"@context":"https:\/\/schema.org","@graph":[{"@type":"WebPage","@id":"https:\/\/www.maisonwabisabi.com\/collection-personnelle\/","url":"https:\/\/www.maisonwabisabi.com\/collection-personnelle\/","name":"Collection Personnelle - Maison Wabi-Sabi - Utsuwa du quotidien","isPartOf":{"@id":"https:\/\/www.maisonwabisabi.com\/#website"},"primaryImageOfPage":{"@id":"https:\/\/www.maisonwabisabi.com\/collection-personnelle\/#primaryimage"},"image":{"@id":"https:\/\/www.maisonwabisabi.com\/collection-personnelle\/#primaryimage"},"thumbnailUrl":"https:\/\/www.maisonwabisabi.com\/wp-content\/uploads\/2024\/05\/Ceramistes-du-Japon.jpg","datePublished":"2021-06-22T18:38:22+00:00","dateModified":"2026-02-26T18:01:18+00:00","description":"Collection Personnelle. Utsuwa ou C\u00e9ramiques d'utilisation quotidienne. R\u00e9cent au vintage. Moderne au traditionnel. C\u00e9ramique japonaise.","breadcrumb":{"@id":"https:\/\/www.maisonwabisabi.com\/collection-personnelle\/#breadcrumb"},"inLanguage":"en-GB","potentialAction":[{"@type":"ReadAction","target":["https:\/\/www.maisonwabisabi.com\/collection-personnelle\/"]}]},{"@type":"ImageObject","inLanguage":"en-GB","@id":"https:\/\/www.maisonwabisabi.com\/collection-personnelle\/#primaryimage","url":"https:\/\/www.maisonwabisabi.com\/wp-content\/uploads\/2024\/05\/Ceramistes-du-Japon.jpg","contentUrl":"https:\/\/www.maisonwabisabi.com\/wp-content\/uploads\/2024\/05\/Ceramistes-du-Japon.jpg"},{"@type":"BreadcrumbList","@id":"https:\/\/www.maisonwabisabi.com\/collection-personnelle\/#breadcrumb","itemListElement":[{"@type":"ListItem","position":1,"name":"Bienvenue","item":"https:\/\/www.maisonwabisabi.com\/"},{"@type":"ListItem","position":2,"name":"Collection Personnelle"}]},{"@type":"WebSite","@id":"https:\/\/www.maisonwabisabi.com\/#website","url":"https:\/\/www.maisonwabisabi.com\/","name":"Maison Wabi-Sabi","description":"","publisher":{"@id":"https:\/\/www.maisonwabisabi.com\/#organization"},"potentialAction":[{"@type":"SearchAction","target":{"@type":"EntryPoint","urlTemplate":"https:\/\/www.maisonwabisabi.com\/?s={search_term_string}"},"query-input":{"@type":"PropertyValueSpecification","valueRequired":true,"valueName":"search_term_string"}}],"inLanguage":"en-GB"},{"@type":"Organization","@id":"https:\/\/www.maisonwabisabi.com\/#organization","name":"Maison Wabi-Sabi","url":"https:\/\/www.maisonwabisabi.com\/","logo":{"@type":"ImageObject","inLanguage":"en-GB","@id":"https:\/\/www.maisonwabisabi.com\/#\/schema\/logo\/image\/","url":"https:\/\/www.maisonwabisabi.com\/wp-content\/uploads\/2021\/11\/Logo-de-maison-Wabi-Sabi.jpg","contentUrl":"https:\/\/www.maisonwabisabi.com\/wp-content\/uploads\/2021\/11\/Logo-de-maison-Wabi-Sabi.jpg","width":1024,"height":1024,"caption":"Maison Wabi-Sabi"},"image":{"@id":"https:\/\/www.maisonwabisabi.com\/#\/schema\/logo\/image\/"},"sameAs":["https:\/\/www.facebook.com\/MaisonWabiSabi","https:\/\/www.instagram.com\/maison.wabi.sabi\/?hl=fr","https:\/\/www.linkedin.com\/company\/69088467"]}]}},"_links":{"self":[{"href":"https:\/\/www.maisonwabisabi.com\/en\/wp-json\/wp\/v2\/pages\/33","targetHints":{"allow":["GET"]}}],"collection":[{"href":"https:\/\/www.maisonwabisabi.com\/en\/wp-json\/wp\/v2\/pages"}],"about":[{"href":"https:\/\/www.maisonwabisabi.com\/en\/wp-json\/wp\/v2\/types\/page"}],"author":[{"embeddable":true,"href":"https:\/\/www.maisonwabisabi.com\/en\/wp-json\/wp\/v2\/users\/1"}],"replies":[{"embeddable":true,"href":"https:\/\/www.maisonwabisabi.com\/en\/wp-json\/wp\/v2\/comments?post=33"}],"version-history":[{"count":2,"href":"https:\/\/www.maisonwabisabi.com\/en\/wp-json\/wp\/v2\/pages\/33\/revisions"}],"predecessor-version":[{"id":39674,"href":"https:\/\/www.maisonwabisabi.com\/en\/wp-json\/wp\/v2\/pages\/33\/revisions\/39674"}],"wp:attachment":[{"href":"https:\/\/www.maisonwabisabi.com\/en\/wp-json\/wp\/v2\/media?parent=33"}],"curies":[{"name":"wp","href":"https:\/\/api.w.org\/{rel}","templated":true}]}}