{"id":252,"date":"2021-10-14T17:47:01","date_gmt":"2021-10-14T15:47:01","guid":{"rendered":"https:\/\/www.maisonwabisabi.com\/?page_id=252"},"modified":"2025-07-04T18:25:53","modified_gmt":"2025-07-04T16:25:53","slug":"the-et-cafe","status":"publish","type":"page","link":"https:\/\/www.maisonwabisabi.com\/en\/utsuwa\/the-et-cafe\/","title":{"rendered":"Tea and Coffee"},"content":{"rendered":"<div style=\"height:20px\" aria-hidden=\"true\" class=\"wp-block-spacer\"><\/div>\n\n\n\n<div class=\"wp-block-media-text is-stacked-on-mobile\"><figure class=\"wp-block-media-text__media\"><a href=\"https:\/\/www.maisonwabisabi.com\/en\/product-category\/gamme-pour-le-the-et-le-cafe\/\" target=\"_blank\" rel=\"noreferrer noopener\"><img loading=\"lazy\" decoding=\"async\" width=\"1024\" height=\"1024\" src=\"https:\/\/www.maisonwabisabi.com\/wp-content\/uploads\/2022\/02\/Le-The\u0301-ou-le-cafe\u0301-1024x1024.jpg\" alt=\"Gamme pour le Th\u00e9 et le Caf\u00e9\" class=\"wp-image-2599 size-full\" srcset=\"https:\/\/www.maisonwabisabi.com\/wp-content\/uploads\/2022\/02\/Le-The\u0301-ou-le-cafe\u0301.jpg 1024w, https:\/\/www.maisonwabisabi.com\/wp-content\/uploads\/2022\/02\/Le-The\u0301-ou-le-cafe\u0301-300x300.jpg 300w, https:\/\/www.maisonwabisabi.com\/wp-content\/uploads\/2022\/02\/Le-The\u0301-ou-le-cafe\u0301-100x100.jpg 100w, https:\/\/www.maisonwabisabi.com\/wp-content\/uploads\/2022\/02\/Le-The\u0301-ou-le-cafe\u0301-600x600.jpg 600w, https:\/\/www.maisonwabisabi.com\/wp-content\/uploads\/2022\/02\/Le-The\u0301-ou-le-cafe\u0301-150x150.jpg 150w, https:\/\/www.maisonwabisabi.com\/wp-content\/uploads\/2022\/02\/Le-The\u0301-ou-le-cafe\u0301-768x768.jpg 768w\" sizes=\"auto, (max-width: 1024px) 100vw, 1024px\" \/><\/a><\/figure><div class=\"wp-block-media-text__content\">\n<p><\/p>\n\n\n\n<p class=\"has-black-color has-text-color\" style=\"font-size:17px\">Th\u00e9i\u00e8res, tasses, mugs et bols \u00e0 th\u00e9 sont des formes importantes pour les potiers en dehors du Japon. Les c\u00e9ramistes en Occident utilisent leur simplicit\u00e9 trompeuse pour explorer leurs comp\u00e9tences et leur cr\u00e9ativit\u00e9. Elles incarnent toujours les fonctions d&rsquo;origine en tant que pi\u00e8ces de poterie utilis\u00e9es et aim\u00e9es de tous les jours. Cylindrique avec un pied tourn\u00e9 et id\u00e9al pour savourer l&rsquo;ar\u00f4me de votre th\u00e9 ou votre caf\u00e9. Une longue tradition \u00e9voluant dans une vari\u00e9t\u00e9 de styles et de formes.<\/p>\n\n\n\n<p class=\"has-black-color has-text-color\" style=\"font-size:17px\">Le sh\u014dgun <a href=\"https:\/\/www.persee.fr\/doc\/befeo_0336-1519_1966_num_53_1_3753\" target=\"_blank\" rel=\"noreferrer noopener\"><mark style=\"background-color:rgba(0, 0, 0, 0);color:#8d9a83\" class=\"has-inline-color\">Hideyoshi TOYOTOMI<\/mark><\/a> \u8c4a\u81e3\u79c0\u5409(1537-1598) est un des 3 grands artisans de l\u2019unification du Japon. Il \u00e9tait un pratiquant assidu de la voie du th\u00e9. En 1592, il a ramen\u00e9 au Japon des potiers cor\u00e9ens, construit des fours dans l\u2019\u00eele de Ky\u016bsh\u016b et fabriqu\u00e9 des objets en gr\u00e8s pour le <a href=\"https:\/\/chanoyu.fr\/\" target=\"_blank\" rel=\"noreferrer noopener\"><mark style=\"background-color:rgba(0, 0, 0, 0);color:#8d9a83\" class=\"has-inline-color\">Chanoyu<\/mark><\/a> \u8336\u306e\u6e6f. Mettant en \u0153uvre de nouvelles techniques appr\u00e9ci\u00e9es par <a href=\"https:\/\/www.ceremonie-du-the.info\/sen-no-rikyu.htm\" target=\"_blank\" rel=\"noreferrer noopener\"><mark style=\"background-color:rgba(0, 0, 0, 0);color:#8d9a83\" class=\"has-inline-color\">Sen no Riky\u016b<\/mark><\/a> \u5343\u5229\u4f11 (1522-1591).<\/p>\n\n\n\n<p class=\"has-black-color has-text-color\" style=\"font-size:17px\">Au d\u00e9but des ann\u00e9es 1990, les jeunes japonais ont commenc\u00e9 \u00e0 rechercher des objets adapt\u00e9s \u00e0 un usage courant. La production de c\u00e9ramique est en train de se diversifier en m\u00eame temps que le go\u00fbt des consommateurs. L\u2019artisanat japonais a longtemps \u00e9t\u00e9 v\u00e9n\u00e9r\u00e9 pour sa qualit\u00e9 et sa beaut\u00e9. L\u2019artisanat qualifi\u00e9 reste une partie importante de la vie japonaise.<\/p>\n<\/div><\/div>\n\n\n\n<div style=\"height:50px\" aria-hidden=\"true\" class=\"wp-block-spacer\"><\/div>\n\n\n\n<h2 class=\"wp-block-heading has-text-align-center has-black-color has-text-color has-background\" style=\"background-color:#8d9a83;font-size:21px\"><strong>Les formes disponibles pour le Th\u00e9 et le Caf\u00e9<\/strong><\/h2>\n\n\n\n<div style=\"height:20px\" aria-hidden=\"true\" class=\"wp-block-spacer\"><\/div>\n\n\n\n<figure class=\"wp-block-gallery has-nested-images columns-3 is-cropped wp-block-gallery-1 is-layout-flex wp-block-gallery-is-layout-flex\">\n<figure class=\"wp-block-image size-full\"><a href=\"https:\/\/www.maisonwabisabi.com\/en\/theiere\/\" target=\"_blank\" rel=\"noreferrer noopener\"><img loading=\"lazy\" decoding=\"async\" width=\"1024\" height=\"1024\" data-id=\"31252\" src=\"https:\/\/www.maisonwabisabi.com\/wp-content\/uploads\/2024\/10\/Utsuwa-Theiere.jpg\" alt=\"Utsuwa - Th\u00e9i\u00e8re - Ky\u016bsu - \u6025\u9808\" class=\"wp-image-31252\" srcset=\"https:\/\/www.maisonwabisabi.com\/wp-content\/uploads\/2024\/10\/Utsuwa-Theiere.jpg 1024w, https:\/\/www.maisonwabisabi.com\/wp-content\/uploads\/2024\/10\/Utsuwa-Theiere-300x300.jpg 300w, https:\/\/www.maisonwabisabi.com\/wp-content\/uploads\/2024\/10\/Utsuwa-Theiere-150x150.jpg 150w, https:\/\/www.maisonwabisabi.com\/wp-content\/uploads\/2024\/10\/Utsuwa-Theiere-768x768.jpg 768w, https:\/\/www.maisonwabisabi.com\/wp-content\/uploads\/2024\/10\/Utsuwa-Theiere-600x600.jpg 600w, https:\/\/www.maisonwabisabi.com\/wp-content\/uploads\/2024\/10\/Utsuwa-Theiere-100x100.jpg 100w\" sizes=\"auto, (max-width: 1024px) 100vw, 1024px\" \/><\/a><\/figure>\n\n\n\n<figure class=\"wp-block-image size-full\"><a href=\"https:\/\/www.maisonwabisabi.com\/en\/tasse-the-cafe\/\" target=\"_blank\" rel=\"noreferrer noopener\"><img loading=\"lazy\" decoding=\"async\" width=\"1024\" height=\"1024\" data-id=\"31251\" src=\"https:\/\/www.maisonwabisabi.com\/wp-content\/uploads\/2024\/10\/Utsuwa-Tasse.jpg\" alt=\"Utsuwa - Tasse \u00e0 th\u00e9 et caf\u00e9 - Yunomi - \u6e6f\u306e\u307f\" class=\"wp-image-31251\" srcset=\"https:\/\/www.maisonwabisabi.com\/wp-content\/uploads\/2024\/10\/Utsuwa-Tasse.jpg 1024w, https:\/\/www.maisonwabisabi.com\/wp-content\/uploads\/2024\/10\/Utsuwa-Tasse-300x300.jpg 300w, https:\/\/www.maisonwabisabi.com\/wp-content\/uploads\/2024\/10\/Utsuwa-Tasse-150x150.jpg 150w, https:\/\/www.maisonwabisabi.com\/wp-content\/uploads\/2024\/10\/Utsuwa-Tasse-768x768.jpg 768w, https:\/\/www.maisonwabisabi.com\/wp-content\/uploads\/2024\/10\/Utsuwa-Tasse-600x600.jpg 600w, https:\/\/www.maisonwabisabi.com\/wp-content\/uploads\/2024\/10\/Utsuwa-Tasse-100x100.jpg 100w\" sizes=\"auto, (max-width: 1024px) 100vw, 1024px\" \/><\/a><\/figure>\n\n\n\n<figure class=\"wp-block-image size-full\"><a href=\"https:\/\/www.maisonwabisabi.com\/en\/bol-the\/\" target=\"_blank\" rel=\"noreferrer noopener\"><img loading=\"lazy\" decoding=\"async\" width=\"1024\" height=\"1024\" data-id=\"31248\" src=\"https:\/\/www.maisonwabisabi.com\/wp-content\/uploads\/2024\/10\/Utsuwa-Bol-a-the.jpg\" alt=\"Utsuwa - Bol \u00e0 th\u00e9 - Chawan - \u8336\u7897\" class=\"wp-image-31248\" srcset=\"https:\/\/www.maisonwabisabi.com\/wp-content\/uploads\/2024\/10\/Utsuwa-Bol-a-the.jpg 1024w, https:\/\/www.maisonwabisabi.com\/wp-content\/uploads\/2024\/10\/Utsuwa-Bol-a-the-300x300.jpg 300w, https:\/\/www.maisonwabisabi.com\/wp-content\/uploads\/2024\/10\/Utsuwa-Bol-a-the-150x150.jpg 150w, https:\/\/www.maisonwabisabi.com\/wp-content\/uploads\/2024\/10\/Utsuwa-Bol-a-the-768x768.jpg 768w, https:\/\/www.maisonwabisabi.com\/wp-content\/uploads\/2024\/10\/Utsuwa-Bol-a-the-600x600.jpg 600w, https:\/\/www.maisonwabisabi.com\/wp-content\/uploads\/2024\/10\/Utsuwa-Bol-a-the-100x100.jpg 100w\" sizes=\"auto, (max-width: 1024px) 100vw, 1024px\" \/><\/a><\/figure>\n\n\n\n<figure class=\"wp-block-image size-full\"><a href=\"https:\/\/www.maisonwabisabi.com\/en\/mug-tasse-the-cafe\/\" target=\"_blank\" rel=\"noreferrer noopener\"><img loading=\"lazy\" decoding=\"async\" width=\"1024\" height=\"1024\" data-id=\"31249\" src=\"https:\/\/www.maisonwabisabi.com\/wp-content\/uploads\/2024\/10\/Utsuwa-Mug.jpg\" alt=\"Utsuwa - Mug - Kappu - \u30ab\u30c3\u30d7\" class=\"wp-image-31249\" srcset=\"https:\/\/www.maisonwabisabi.com\/wp-content\/uploads\/2024\/10\/Utsuwa-Mug.jpg 1024w, https:\/\/www.maisonwabisabi.com\/wp-content\/uploads\/2024\/10\/Utsuwa-Mug-300x300.jpg 300w, https:\/\/www.maisonwabisabi.com\/wp-content\/uploads\/2024\/10\/Utsuwa-Mug-150x150.jpg 150w, https:\/\/www.maisonwabisabi.com\/wp-content\/uploads\/2024\/10\/Utsuwa-Mug-768x768.jpg 768w, https:\/\/www.maisonwabisabi.com\/wp-content\/uploads\/2024\/10\/Utsuwa-Mug-600x600.jpg 600w, https:\/\/www.maisonwabisabi.com\/wp-content\/uploads\/2024\/10\/Utsuwa-Mug-100x100.jpg 100w\" sizes=\"auto, (max-width: 1024px) 100vw, 1024px\" \/><\/a><\/figure>\n\n\n\n<figure class=\"wp-block-image size-full\"><a href=\"https:\/\/www.maisonwabisabi.com\/en\/recipient-sauce\/\" target=\"_blank\" rel=\"noreferrer noopener\"><img loading=\"lazy\" decoding=\"async\" width=\"1024\" height=\"1024\" data-id=\"31250\" src=\"https:\/\/www.maisonwabisabi.com\/wp-content\/uploads\/2024\/10\/Utsuwa-Petite-tasse.jpg\" alt=\"Utsuwa - Petite tasse ou R\u00e9cipient \u00e0 sauce - Soba choko - \u305d\u3070\u732a\u53e3\" class=\"wp-image-31250\" srcset=\"https:\/\/www.maisonwabisabi.com\/wp-content\/uploads\/2024\/10\/Utsuwa-Petite-tasse.jpg 1024w, https:\/\/www.maisonwabisabi.com\/wp-content\/uploads\/2024\/10\/Utsuwa-Petite-tasse-300x300.jpg 300w, https:\/\/www.maisonwabisabi.com\/wp-content\/uploads\/2024\/10\/Utsuwa-Petite-tasse-150x150.jpg 150w, https:\/\/www.maisonwabisabi.com\/wp-content\/uploads\/2024\/10\/Utsuwa-Petite-tasse-768x768.jpg 768w, https:\/\/www.maisonwabisabi.com\/wp-content\/uploads\/2024\/10\/Utsuwa-Petite-tasse-600x600.jpg 600w, https:\/\/www.maisonwabisabi.com\/wp-content\/uploads\/2024\/10\/Utsuwa-Petite-tasse-100x100.jpg 100w\" sizes=\"auto, (max-width: 1024px) 100vw, 1024px\" \/><\/a><\/figure>\n<\/figure>\n\n\n\n<p class=\"has-text-align-center has-black-color has-text-color\" style=\"font-size:15px\">Source des photos : Yann san de Maison Wabi-Sabi<\/p>\n\n\n\n<div style=\"height:100px\" aria-hidden=\"true\" class=\"wp-block-spacer\"><\/div>","protected":false},"excerpt":{"rendered":"<p>Th\u00e9i\u00e8res, tasses, mugs et bols \u00e0 th\u00e9 sont des formes importantes pour les potiers en dehors du Japon. Les c\u00e9ramistes [&hellip;]<\/p>\n","protected":false},"author":1,"featured_media":0,"parent":34,"menu_order":3,"comment_status":"closed","ping_status":"closed","template":"","meta":{"site-sidebar-layout":"default","site-content-layout":"","ast-site-content-layout":"default","site-content-style":"default","site-sidebar-style":"default","ast-global-header-display":"","ast-banner-title-visibility":"","ast-main-header-display":"","ast-hfb-above-header-display":"","ast-hfb-below-header-display":"","ast-hfb-mobile-header-display":"","site-post-title":"disabled","ast-breadcrumbs-content":"","ast-featured-img":"","footer-sml-layout":"","ast-disable-related-posts":"","theme-transparent-header-meta":"","adv-header-id-meta":"","stick-header-meta":"","header-above-stick-meta":"","header-main-stick-meta":"","header-below-stick-meta":"","astra-migrate-meta-layouts":"default","ast-page-background-enabled":"default","ast-page-background-meta":{"desktop":{"background-color":"var(--ast-global-color-5)","background-image":"","background-repeat":"repeat","background-position":"center center","background-size":"auto","background-attachment":"scroll","background-type":"","background-media":"","overlay-type":"","overlay-color":"","overlay-opacity":"","overlay-gradient":""},"tablet":{"background-color":"","background-image":"","background-repeat":"repeat","background-position":"center center","background-size":"auto","background-attachment":"scroll","background-type":"","background-media":"","overlay-type":"","overlay-color":"","overlay-opacity":"","overlay-gradient":""},"mobile":{"background-color":"","background-image":"","background-repeat":"repeat","background-position":"center center","background-size":"auto","background-attachment":"scroll","background-type":"","background-media":"","overlay-type":"","overlay-color":"","overlay-opacity":"","overlay-gradient":""}},"ast-content-background-meta":{"desktop":{"background-color":"var(--ast-global-color-4)","background-image":"","background-repeat":"repeat","background-position":"center center","background-size":"auto","background-attachment":"scroll","background-type":"","background-media":"","overlay-type":"","overlay-color":"","overlay-opacity":"","overlay-gradient":""},"tablet":{"background-color":"var(--ast-global-color-4)","background-image":"","background-repeat":"repeat","background-position":"center center","background-size":"auto","background-attachment":"scroll","background-type":"","background-media":"","overlay-type":"","overlay-color":"","overlay-opacity":"","overlay-gradient":""},"mobile":{"background-color":"var(--ast-global-color-4)","background-image":"","background-repeat":"repeat","background-position":"center center","background-size":"auto","background-attachment":"scroll","background-type":"","background-media":"","overlay-type":"","overlay-color":"","overlay-opacity":"","overlay-gradient":""}},"footnotes":""},"class_list":["post-252","page","type-page","status-publish","hentry"],"yoast_head":"<!-- This site is optimized with the Yoast SEO plugin v27.4 - https:\/\/yoast.com\/product\/yoast-seo-wordpress\/ -->\n<title>Th\u00e9 et Caf\u00e9 - Maison Wabi-Sabi - C\u00e9ramique du quotidien<\/title>\n<meta name=\"description\" content=\"Th\u00e9 et Caf\u00e9. Les formes pour appr\u00e9cier le th\u00e9 et le caf\u00e9 s\u00e9lectionn\u00e9es pour les amateurs de boissons chaudes ou froides. C\u00e9ramique japonaise.\" \/>\n<meta name=\"robots\" content=\"index, follow, max-snippet:-1, max-image-preview:large, max-video-preview:-1\" \/>\n<link rel=\"canonical\" href=\"https:\/\/www.maisonwabisabi.com\/en\/utsuwa\/the-et-cafe\/\" \/>\n<meta property=\"og:locale\" content=\"en_GB\" \/>\n<meta property=\"og:type\" content=\"article\" \/>\n<meta property=\"og:title\" content=\"Th\u00e9 et Caf\u00e9 - Maison Wabi-Sabi - C\u00e9ramique du quotidien\" \/>\n<meta property=\"og:description\" content=\"Th\u00e9 et Caf\u00e9. Les formes pour appr\u00e9cier le th\u00e9 et le caf\u00e9 s\u00e9lectionn\u00e9es pour les amateurs de boissons chaudes ou froides. C\u00e9ramique japonaise.\" \/>\n<meta property=\"og:url\" content=\"https:\/\/www.maisonwabisabi.com\/en\/utsuwa\/the-et-cafe\/\" \/>\n<meta property=\"og:site_name\" content=\"Maison Wabi-Sabi\" \/>\n<meta property=\"article:publisher\" content=\"https:\/\/www.facebook.com\/MaisonWabiSabi\" \/>\n<meta property=\"article:modified_time\" content=\"2025-07-04T16:25:53+00:00\" \/>\n<meta property=\"og:image\" content=\"https:\/\/www.maisonwabisabi.com\/wp-content\/uploads\/2024\/10\/Utsuwa-Petite-tasse.jpg\" \/>\n<meta name=\"twitter:card\" content=\"summary_large_image\" \/>\n<meta name=\"twitter:label1\" content=\"Estimated reading time\" \/>\n\t<meta name=\"twitter:data1\" content=\"3 minutes\" \/>\n<script type=\"application\/ld+json\" class=\"yoast-schema-graph\">{\"@context\":\"https:\\\/\\\/schema.org\",\"@graph\":[{\"@type\":\"WebPage\",\"@id\":\"https:\\\/\\\/www.maisonwabisabi.com\\\/utsuwa\\\/the-et-cafe\\\/\",\"url\":\"https:\\\/\\\/www.maisonwabisabi.com\\\/utsuwa\\\/the-et-cafe\\\/\",\"name\":\"Th\u00e9 et Caf\u00e9 - Maison Wabi-Sabi - C\u00e9ramique du quotidien\",\"isPartOf\":{\"@id\":\"https:\\\/\\\/www.maisonwabisabi.com\\\/#website\"},\"primaryImageOfPage\":{\"@id\":\"https:\\\/\\\/www.maisonwabisabi.com\\\/utsuwa\\\/the-et-cafe\\\/#primaryimage\"},\"image\":{\"@id\":\"https:\\\/\\\/www.maisonwabisabi.com\\\/utsuwa\\\/the-et-cafe\\\/#primaryimage\"},\"thumbnailUrl\":\"https:\\\/\\\/www.maisonwabisabi.com\\\/wp-content\\\/uploads\\\/2024\\\/10\\\/Utsuwa-Petite-tasse.jpg\",\"datePublished\":\"2021-10-14T15:47:01+00:00\",\"dateModified\":\"2025-07-04T16:25:53+00:00\",\"description\":\"Th\u00e9 et Caf\u00e9. Les formes pour appr\u00e9cier le th\u00e9 et le caf\u00e9 s\u00e9lectionn\u00e9es pour les amateurs de boissons chaudes ou froides. C\u00e9ramique japonaise.\",\"breadcrumb\":{\"@id\":\"https:\\\/\\\/www.maisonwabisabi.com\\\/utsuwa\\\/the-et-cafe\\\/#breadcrumb\"},\"inLanguage\":\"en-GB\",\"potentialAction\":[{\"@type\":\"ReadAction\",\"target\":[\"https:\\\/\\\/www.maisonwabisabi.com\\\/utsuwa\\\/the-et-cafe\\\/\"]}]},{\"@type\":\"ImageObject\",\"inLanguage\":\"en-GB\",\"@id\":\"https:\\\/\\\/www.maisonwabisabi.com\\\/utsuwa\\\/the-et-cafe\\\/#primaryimage\",\"url\":\"https:\\\/\\\/www.maisonwabisabi.com\\\/wp-content\\\/uploads\\\/2024\\\/10\\\/Utsuwa-Petite-tasse.jpg\",\"contentUrl\":\"https:\\\/\\\/www.maisonwabisabi.com\\\/wp-content\\\/uploads\\\/2024\\\/10\\\/Utsuwa-Petite-tasse.jpg\"},{\"@type\":\"BreadcrumbList\",\"@id\":\"https:\\\/\\\/www.maisonwabisabi.com\\\/utsuwa\\\/the-et-cafe\\\/#breadcrumb\",\"itemListElement\":[{\"@type\":\"ListItem\",\"position\":1,\"name\":\"Bienvenue\",\"item\":\"https:\\\/\\\/www.maisonwabisabi.com\\\/\"},{\"@type\":\"ListItem\",\"position\":2,\"name\":\"Utsuwa\",\"item\":\"https:\\\/\\\/www.maisonwabisabi.com\\\/utsuwa\\\/\"},{\"@type\":\"ListItem\",\"position\":3,\"name\":\"Le Th\u00e9 et le Caf\u00e9\"}]},{\"@type\":\"WebSite\",\"@id\":\"https:\\\/\\\/www.maisonwabisabi.com\\\/#website\",\"url\":\"https:\\\/\\\/www.maisonwabisabi.com\\\/\",\"name\":\"Maison Wabi-Sabi\",\"description\":\"\",\"publisher\":{\"@id\":\"https:\\\/\\\/www.maisonwabisabi.com\\\/#organization\"},\"potentialAction\":[{\"@type\":\"SearchAction\",\"target\":{\"@type\":\"EntryPoint\",\"urlTemplate\":\"https:\\\/\\\/www.maisonwabisabi.com\\\/?s={search_term_string}\"},\"query-input\":{\"@type\":\"PropertyValueSpecification\",\"valueRequired\":true,\"valueName\":\"search_term_string\"}}],\"inLanguage\":\"en-GB\"},{\"@type\":\"Organization\",\"@id\":\"https:\\\/\\\/www.maisonwabisabi.com\\\/#organization\",\"name\":\"Maison Wabi-Sabi\",\"url\":\"https:\\\/\\\/www.maisonwabisabi.com\\\/\",\"logo\":{\"@type\":\"ImageObject\",\"inLanguage\":\"en-GB\",\"@id\":\"https:\\\/\\\/www.maisonwabisabi.com\\\/#\\\/schema\\\/logo\\\/image\\\/\",\"url\":\"https:\\\/\\\/www.maisonwabisabi.com\\\/wp-content\\\/uploads\\\/2021\\\/11\\\/Logo-de-maison-Wabi-Sabi.jpg\",\"contentUrl\":\"https:\\\/\\\/www.maisonwabisabi.com\\\/wp-content\\\/uploads\\\/2021\\\/11\\\/Logo-de-maison-Wabi-Sabi.jpg\",\"width\":1024,\"height\":1024,\"caption\":\"Maison Wabi-Sabi\"},\"image\":{\"@id\":\"https:\\\/\\\/www.maisonwabisabi.com\\\/#\\\/schema\\\/logo\\\/image\\\/\"},\"sameAs\":[\"https:\\\/\\\/www.facebook.com\\\/MaisonWabiSabi\",\"https:\\\/\\\/www.instagram.com\\\/maison.wabi.sabi\\\/?hl=fr\",\"https:\\\/\\\/www.linkedin.com\\\/company\\\/69088467\"]}]}<\/script>\n<!-- \/ Yoast SEO plugin. -->","yoast_head_json":{"title":"Th\u00e9 et Caf\u00e9 - Maison Wabi-Sabi - C\u00e9ramique du quotidien","description":"Th\u00e9 et Caf\u00e9. Les formes pour appr\u00e9cier le th\u00e9 et le caf\u00e9 s\u00e9lectionn\u00e9es pour les amateurs de boissons chaudes ou froides. C\u00e9ramique japonaise.","robots":{"index":"index","follow":"follow","max-snippet":"max-snippet:-1","max-image-preview":"max-image-preview:large","max-video-preview":"max-video-preview:-1"},"canonical":"https:\/\/www.maisonwabisabi.com\/en\/utsuwa\/the-et-cafe\/","og_locale":"en_GB","og_type":"article","og_title":"Th\u00e9 et Caf\u00e9 - Maison Wabi-Sabi - C\u00e9ramique du quotidien","og_description":"Th\u00e9 et Caf\u00e9. Les formes pour appr\u00e9cier le th\u00e9 et le caf\u00e9 s\u00e9lectionn\u00e9es pour les amateurs de boissons chaudes ou froides. C\u00e9ramique japonaise.","og_url":"https:\/\/www.maisonwabisabi.com\/en\/utsuwa\/the-et-cafe\/","og_site_name":"Maison Wabi-Sabi","article_publisher":"https:\/\/www.facebook.com\/MaisonWabiSabi","article_modified_time":"2025-07-04T16:25:53+00:00","og_image":[{"url":"https:\/\/www.maisonwabisabi.com\/wp-content\/uploads\/2024\/10\/Utsuwa-Petite-tasse.jpg","type":"","width":"","height":""}],"twitter_card":"summary_large_image","twitter_misc":{"Estimated reading time":"3 minutes"},"schema":{"@context":"https:\/\/schema.org","@graph":[{"@type":"WebPage","@id":"https:\/\/www.maisonwabisabi.com\/utsuwa\/the-et-cafe\/","url":"https:\/\/www.maisonwabisabi.com\/utsuwa\/the-et-cafe\/","name":"Th\u00e9 et Caf\u00e9 - Maison Wabi-Sabi - C\u00e9ramique du quotidien","isPartOf":{"@id":"https:\/\/www.maisonwabisabi.com\/#website"},"primaryImageOfPage":{"@id":"https:\/\/www.maisonwabisabi.com\/utsuwa\/the-et-cafe\/#primaryimage"},"image":{"@id":"https:\/\/www.maisonwabisabi.com\/utsuwa\/the-et-cafe\/#primaryimage"},"thumbnailUrl":"https:\/\/www.maisonwabisabi.com\/wp-content\/uploads\/2024\/10\/Utsuwa-Petite-tasse.jpg","datePublished":"2021-10-14T15:47:01+00:00","dateModified":"2025-07-04T16:25:53+00:00","description":"Th\u00e9 et Caf\u00e9. Les formes pour appr\u00e9cier le th\u00e9 et le caf\u00e9 s\u00e9lectionn\u00e9es pour les amateurs de boissons chaudes ou froides. C\u00e9ramique japonaise.","breadcrumb":{"@id":"https:\/\/www.maisonwabisabi.com\/utsuwa\/the-et-cafe\/#breadcrumb"},"inLanguage":"en-GB","potentialAction":[{"@type":"ReadAction","target":["https:\/\/www.maisonwabisabi.com\/utsuwa\/the-et-cafe\/"]}]},{"@type":"ImageObject","inLanguage":"en-GB","@id":"https:\/\/www.maisonwabisabi.com\/utsuwa\/the-et-cafe\/#primaryimage","url":"https:\/\/www.maisonwabisabi.com\/wp-content\/uploads\/2024\/10\/Utsuwa-Petite-tasse.jpg","contentUrl":"https:\/\/www.maisonwabisabi.com\/wp-content\/uploads\/2024\/10\/Utsuwa-Petite-tasse.jpg"},{"@type":"BreadcrumbList","@id":"https:\/\/www.maisonwabisabi.com\/utsuwa\/the-et-cafe\/#breadcrumb","itemListElement":[{"@type":"ListItem","position":1,"name":"Bienvenue","item":"https:\/\/www.maisonwabisabi.com\/"},{"@type":"ListItem","position":2,"name":"Utsuwa","item":"https:\/\/www.maisonwabisabi.com\/utsuwa\/"},{"@type":"ListItem","position":3,"name":"Le Th\u00e9 et le Caf\u00e9"}]},{"@type":"WebSite","@id":"https:\/\/www.maisonwabisabi.com\/#website","url":"https:\/\/www.maisonwabisabi.com\/","name":"Maison Wabi-Sabi","description":"","publisher":{"@id":"https:\/\/www.maisonwabisabi.com\/#organization"},"potentialAction":[{"@type":"SearchAction","target":{"@type":"EntryPoint","urlTemplate":"https:\/\/www.maisonwabisabi.com\/?s={search_term_string}"},"query-input":{"@type":"PropertyValueSpecification","valueRequired":true,"valueName":"search_term_string"}}],"inLanguage":"en-GB"},{"@type":"Organization","@id":"https:\/\/www.maisonwabisabi.com\/#organization","name":"Maison Wabi-Sabi","url":"https:\/\/www.maisonwabisabi.com\/","logo":{"@type":"ImageObject","inLanguage":"en-GB","@id":"https:\/\/www.maisonwabisabi.com\/#\/schema\/logo\/image\/","url":"https:\/\/www.maisonwabisabi.com\/wp-content\/uploads\/2021\/11\/Logo-de-maison-Wabi-Sabi.jpg","contentUrl":"https:\/\/www.maisonwabisabi.com\/wp-content\/uploads\/2021\/11\/Logo-de-maison-Wabi-Sabi.jpg","width":1024,"height":1024,"caption":"Maison Wabi-Sabi"},"image":{"@id":"https:\/\/www.maisonwabisabi.com\/#\/schema\/logo\/image\/"},"sameAs":["https:\/\/www.facebook.com\/MaisonWabiSabi","https:\/\/www.instagram.com\/maison.wabi.sabi\/?hl=fr","https:\/\/www.linkedin.com\/company\/69088467"]}]}},"_links":{"self":[{"href":"https:\/\/www.maisonwabisabi.com\/en\/wp-json\/wp\/v2\/pages\/252","targetHints":{"allow":["GET"]}}],"collection":[{"href":"https:\/\/www.maisonwabisabi.com\/en\/wp-json\/wp\/v2\/pages"}],"about":[{"href":"https:\/\/www.maisonwabisabi.com\/en\/wp-json\/wp\/v2\/types\/page"}],"author":[{"embeddable":true,"href":"https:\/\/www.maisonwabisabi.com\/en\/wp-json\/wp\/v2\/users\/1"}],"replies":[{"embeddable":true,"href":"https:\/\/www.maisonwabisabi.com\/en\/wp-json\/wp\/v2\/comments?post=252"}],"version-history":[{"count":2,"href":"https:\/\/www.maisonwabisabi.com\/en\/wp-json\/wp\/v2\/pages\/252\/revisions"}],"predecessor-version":[{"id":35800,"href":"https:\/\/www.maisonwabisabi.com\/en\/wp-json\/wp\/v2\/pages\/252\/revisions\/35800"}],"up":[{"embeddable":true,"href":"https:\/\/www.maisonwabisabi.com\/en\/wp-json\/wp\/v2\/pages\/34"}],"wp:attachment":[{"href":"https:\/\/www.maisonwabisabi.com\/en\/wp-json\/wp\/v2\/media?parent=252"}],"curies":[{"name":"wp","href":"https:\/\/api.w.org\/{rel}","templated":true}]}}