{"id":223,"date":"2021-10-14T00:10:58","date_gmt":"2021-10-13T22:10:58","guid":{"rendered":"https:\/\/www.maisonwabisabi.com\/?page_id=223"},"modified":"2025-07-04T18:12:47","modified_gmt":"2025-07-04T16:12:47","slug":"les-assiettes","status":"publish","type":"page","link":"https:\/\/www.maisonwabisabi.com\/en\/utsuwa\/les-assiettes\/","title":{"rendered":"The Plates"},"content":{"rendered":"<div style=\"height:20px\" aria-hidden=\"true\" class=\"wp-block-spacer\"><\/div>\n\n\n\n<div class=\"wp-block-media-text is-stacked-on-mobile\"><figure class=\"wp-block-media-text__media\"><a href=\"https:\/\/www.maisonwabisabi.com\/en\/product-category\/gamme-des-assiettes\/\" target=\"_blank\" rel=\"noreferrer noopener\"><img loading=\"lazy\" decoding=\"async\" width=\"1024\" height=\"1024\" src=\"https:\/\/www.maisonwabisabi.com\/wp-content\/uploads\/2022\/02\/Les-Assiettes-1024x1024.jpg\" alt=\"Gamme des Assiettes\" class=\"wp-image-2601 size-full\" srcset=\"https:\/\/www.maisonwabisabi.com\/wp-content\/uploads\/2022\/02\/Les-Assiettes.jpg 1024w, https:\/\/www.maisonwabisabi.com\/wp-content\/uploads\/2022\/02\/Les-Assiettes-300x300.jpg 300w, https:\/\/www.maisonwabisabi.com\/wp-content\/uploads\/2022\/02\/Les-Assiettes-100x100.jpg 100w, https:\/\/www.maisonwabisabi.com\/wp-content\/uploads\/2022\/02\/Les-Assiettes-600x600.jpg 600w, https:\/\/www.maisonwabisabi.com\/wp-content\/uploads\/2022\/02\/Les-Assiettes-150x150.jpg 150w, https:\/\/www.maisonwabisabi.com\/wp-content\/uploads\/2022\/02\/Les-Assiettes-768x768.jpg 768w\" sizes=\"auto, (max-width: 1024px) 100vw, 1024px\" \/><\/a><\/figure><div class=\"wp-block-media-text__content\">\n<p><\/p>\n\n\n\n<p class=\"has-black-color has-text-color\" style=\"font-size:17px\">L&rsquo;assiette en tant que pi\u00e8ce de vaisselle existe depuis l&rsquo;Antiquit\u00e9. Les arch\u00e9ologues ont ainsi retrouv\u00e9 des assiettes en terre cuite, en bois, en p\u00e2te de verre ou en m\u00e9tal. Aujourd\u2019hui elle est devenue une pi\u00e8ce essentielle du couvert. Elle est apparue sur la table en tant que vaisselle individuelle \u00e0 partir du 15\u00e8me si\u00e8cle.<\/p>\n\n\n\n<p class=\"has-black-color has-text-color\" style=\"font-size:17px\">Au Japon, le menu de base partag\u00e9 en famille suit la r\u00e8gle de l\u2019<a href=\"https:\/\/www.justonecookbook.com\/ichiju-sansai\/\" target=\"_blank\" rel=\"noreferrer noopener\"><mark style=\"background-color:rgba(0, 0, 0, 0);color:#8d9a83\" class=\"has-inline-color\">ichij\u016b sansai \u4e00\u6c41\u4e09\u83dc<\/mark><\/a>, litt\u00e9ralement \u00ab\u00a0une soupe, trois assiettes\u00a0\u00bb, soit du riz, une soupe et trois accompagnements.<\/p>\n\n\n\n<p class=\"has-black-color has-text-color\" style=\"font-size:17px\"><a href=\"https:\/\/amis-musee-cernuschi.org\/lart-de-rosenjin-genie-de-la-cuisine-japonaise\/\" target=\"_blank\" rel=\"noreferrer noopener\"><mark style=\"background-color:rgba(0, 0, 0, 0);color:#8d9a83\" class=\"has-inline-color\">Kita\u014dji ROSANJIN \u5317\u5927\u8def \u9b6f\u5c71\u4eba<\/mark><\/a> (1883-1959) a d\u00e9velopp\u00e9 un style raffin\u00e9 de c\u00e9ramique pour la cuisine Japonaise et aujourd&rsquo;hui elle est encore \u00e9tudi\u00e9e par les plus grands c\u00e9ramistes.<\/p>\n\n\n\n<p class=\"has-black-color has-text-color\" style=\"font-size:17px\">Si elle est souvent qualifi\u00e9e, par les potiers, comme \u00e9tant un objet compliqu\u00e9 \u00e0 r\u00e9aliser. L&rsquo;assiette peut cependant \u00eatre travaill\u00e9e de mille et une fa\u00e7ons. Tr\u00e8s color\u00e9es, g\u00e9om\u00e9triques ou rondes ou s&rsquo;inspirant des fleurs, des animaux, des saisons.<\/p>\n<\/div><\/div>\n\n\n\n<div style=\"height:50px\" aria-hidden=\"true\" class=\"wp-block-spacer\"><\/div>\n\n\n\n<h2 class=\"wp-block-heading has-text-align-center has-black-color has-text-color has-background\" style=\"background-color:#8d9a83;font-size:21px\"><strong>Les formes d&rsquo;assiettes disponibles<\/strong><\/h2>\n\n\n\n<div style=\"height:20px\" aria-hidden=\"true\" class=\"wp-block-spacer\"><\/div>\n\n\n\n<figure class=\"wp-block-gallery has-nested-images columns-default is-cropped wp-block-gallery-1 is-layout-flex wp-block-gallery-is-layout-flex\">\n<figure class=\"wp-block-image size-full\"><a href=\"https:\/\/www.maisonwabisabi.com\/en\/plat-accompagnement\/\" target=\"_blank\" rel=\"noreferrer noopener\"><img loading=\"lazy\" decoding=\"async\" width=\"1024\" height=\"1024\" data-id=\"31291\" src=\"https:\/\/www.maisonwabisabi.com\/wp-content\/uploads\/2021\/10\/Utsuwa-Petit-plat.jpg\" alt=\"Utsuwa - Petit plat - Muk\u014dzuke - \u5411\u4ed8\" class=\"wp-image-31291\" srcset=\"https:\/\/www.maisonwabisabi.com\/wp-content\/uploads\/2021\/10\/Utsuwa-Petit-plat.jpg 1024w, https:\/\/www.maisonwabisabi.com\/wp-content\/uploads\/2021\/10\/Utsuwa-Petit-plat-300x300.jpg 300w, https:\/\/www.maisonwabisabi.com\/wp-content\/uploads\/2021\/10\/Utsuwa-Petit-plat-150x150.jpg 150w, https:\/\/www.maisonwabisabi.com\/wp-content\/uploads\/2021\/10\/Utsuwa-Petit-plat-768x768.jpg 768w, https:\/\/www.maisonwabisabi.com\/wp-content\/uploads\/2021\/10\/Utsuwa-Petit-plat-600x600.jpg 600w, https:\/\/www.maisonwabisabi.com\/wp-content\/uploads\/2021\/10\/Utsuwa-Petit-plat-100x100.jpg 100w\" sizes=\"auto, (max-width: 1024px) 100vw, 1024px\" \/><\/a><\/figure>\n\n\n\n<figure class=\"wp-block-image size-full\"><a href=\"https:\/\/www.maisonwabisabi.com\/en\/assiette\/\" target=\"_blank\" rel=\"noreferrer noopener\"><img loading=\"lazy\" decoding=\"async\" width=\"1024\" height=\"1024\" data-id=\"31490\" src=\"https:\/\/www.maisonwabisabi.com\/wp-content\/uploads\/2024\/10\/Utsuwa-Assiette.jpg\" alt=\"Utsuwa - Assiette - Torizara - \u53d6\u308a\u76bf\" class=\"wp-image-31490\" srcset=\"https:\/\/www.maisonwabisabi.com\/wp-content\/uploads\/2024\/10\/Utsuwa-Assiette.jpg 1024w, https:\/\/www.maisonwabisabi.com\/wp-content\/uploads\/2024\/10\/Utsuwa-Assiette-300x300.jpg 300w, https:\/\/www.maisonwabisabi.com\/wp-content\/uploads\/2024\/10\/Utsuwa-Assiette-150x150.jpg 150w, https:\/\/www.maisonwabisabi.com\/wp-content\/uploads\/2024\/10\/Utsuwa-Assiette-768x768.jpg 768w, https:\/\/www.maisonwabisabi.com\/wp-content\/uploads\/2024\/10\/Utsuwa-Assiette-600x600.jpg 600w, https:\/\/www.maisonwabisabi.com\/wp-content\/uploads\/2024\/10\/Utsuwa-Assiette-100x100.jpg 100w\" sizes=\"auto, (max-width: 1024px) 100vw, 1024px\" \/><\/a><figcaption class=\"wp-element-caption\"><strong>(15 \u00e0 18cm)<\/strong><\/figcaption><\/figure>\n\n\n\n<figure class=\"wp-block-image size-full\"><a href=\"https:\/\/www.maisonwabisabi.com\/en\/grande-assiette\/\" target=\"_blank\" rel=\"noreferrer noopener\"><img loading=\"lazy\" decoding=\"async\" width=\"1024\" height=\"1024\" data-id=\"31491\" src=\"https:\/\/www.maisonwabisabi.com\/wp-content\/uploads\/2024\/10\/Utsuwa-Grande-Assiette.jpg\" alt=\"Utsuwa - Grande assiette - \u014czara - \u5927\u76bf\" class=\"wp-image-31491\" srcset=\"https:\/\/www.maisonwabisabi.com\/wp-content\/uploads\/2024\/10\/Utsuwa-Grande-Assiette.jpg 1024w, https:\/\/www.maisonwabisabi.com\/wp-content\/uploads\/2024\/10\/Utsuwa-Grande-Assiette-300x300.jpg 300w, https:\/\/www.maisonwabisabi.com\/wp-content\/uploads\/2024\/10\/Utsuwa-Grande-Assiette-150x150.jpg 150w, https:\/\/www.maisonwabisabi.com\/wp-content\/uploads\/2024\/10\/Utsuwa-Grande-Assiette-768x768.jpg 768w, https:\/\/www.maisonwabisabi.com\/wp-content\/uploads\/2024\/10\/Utsuwa-Grande-Assiette-600x600.jpg 600w, https:\/\/www.maisonwabisabi.com\/wp-content\/uploads\/2024\/10\/Utsuwa-Grande-Assiette-100x100.jpg 100w\" sizes=\"auto, (max-width: 1024px) 100vw, 1024px\" \/><\/a><figcaption class=\"wp-element-caption\"><strong>(23 \u00e0 30cm)<\/strong><\/figcaption><\/figure>\n\n\n\n<figure class=\"wp-block-image size-full\"><a href=\"https:\/\/www.maisonwabisabi.com\/en\/assiette-moyenne\/\" target=\"_blank\" rel=\"noreferrer noopener\"><img loading=\"lazy\" decoding=\"async\" width=\"1024\" height=\"1024\" data-id=\"31489\" src=\"https:\/\/www.maisonwabisabi.com\/wp-content\/uploads\/2024\/10\/Utsuwa-Assiette-Moyenne.jpg\" alt=\"Utsuwa - Assiette moyenne - Ch\u016bzara - \u4e2d\u76bf\" class=\"wp-image-31489\" srcset=\"https:\/\/www.maisonwabisabi.com\/wp-content\/uploads\/2024\/10\/Utsuwa-Assiette-Moyenne.jpg 1024w, https:\/\/www.maisonwabisabi.com\/wp-content\/uploads\/2024\/10\/Utsuwa-Assiette-Moyenne-300x300.jpg 300w, https:\/\/www.maisonwabisabi.com\/wp-content\/uploads\/2024\/10\/Utsuwa-Assiette-Moyenne-150x150.jpg 150w, https:\/\/www.maisonwabisabi.com\/wp-content\/uploads\/2024\/10\/Utsuwa-Assiette-Moyenne-768x768.jpg 768w, https:\/\/www.maisonwabisabi.com\/wp-content\/uploads\/2024\/10\/Utsuwa-Assiette-Moyenne-600x600.jpg 600w, https:\/\/www.maisonwabisabi.com\/wp-content\/uploads\/2024\/10\/Utsuwa-Assiette-Moyenne-100x100.jpg 100w\" sizes=\"auto, (max-width: 1024px) 100vw, 1024px\" \/><\/a><figcaption class=\"wp-element-caption\"><strong>(18 \u00e0 23cm)<\/strong><\/figcaption><\/figure>\n\n\n\n<figure class=\"wp-block-image size-full\"><a href=\"https:\/\/www.maisonwabisabi.com\/en\/petite-assiette\/\" target=\"_blank\" rel=\"noreferrer noopener\"><img loading=\"lazy\" decoding=\"async\" width=\"1024\" height=\"1024\" data-id=\"31296\" src=\"https:\/\/www.maisonwabisabi.com\/wp-content\/uploads\/2022\/09\/Utsuwa-Petite-assiette-2.jpg\" alt=\"Utsuwa - Petite assiette - Kozara - \u5c0f\u76bf\" class=\"wp-image-31296\" srcset=\"https:\/\/www.maisonwabisabi.com\/wp-content\/uploads\/2022\/09\/Utsuwa-Petite-assiette-2.jpg 1024w, https:\/\/www.maisonwabisabi.com\/wp-content\/uploads\/2022\/09\/Utsuwa-Petite-assiette-2-300x300.jpg 300w, https:\/\/www.maisonwabisabi.com\/wp-content\/uploads\/2022\/09\/Utsuwa-Petite-assiette-2-150x150.jpg 150w, https:\/\/www.maisonwabisabi.com\/wp-content\/uploads\/2022\/09\/Utsuwa-Petite-assiette-2-768x768.jpg 768w, https:\/\/www.maisonwabisabi.com\/wp-content\/uploads\/2022\/09\/Utsuwa-Petite-assiette-2-600x600.jpg 600w, https:\/\/www.maisonwabisabi.com\/wp-content\/uploads\/2022\/09\/Utsuwa-Petite-assiette-2-100x100.jpg 100w\" sizes=\"auto, (max-width: 1024px) 100vw, 1024px\" \/><\/a><figcaption class=\"wp-element-caption\">(<strong>12 \u00e0 15cm<\/strong>)<\/figcaption><\/figure>\n\n\n\n<figure class=\"wp-block-image size-full\"><a href=\"https:\/\/www.maisonwabisabi.com\/en\/mini-assiette\/\" target=\"_blank\" rel=\"noreferrer noopener\"><img loading=\"lazy\" decoding=\"async\" width=\"1024\" height=\"1024\" data-id=\"31290\" src=\"https:\/\/www.maisonwabisabi.com\/wp-content\/uploads\/2021\/10\/Utsuwa-Mini-Assiette.jpg\" alt=\"Utsuwa - Mini assiette - Mamezara - \u8c46\u76bf\" class=\"wp-image-31290\" srcset=\"https:\/\/www.maisonwabisabi.com\/wp-content\/uploads\/2021\/10\/Utsuwa-Mini-Assiette.jpg 1024w, https:\/\/www.maisonwabisabi.com\/wp-content\/uploads\/2021\/10\/Utsuwa-Mini-Assiette-300x300.jpg 300w, https:\/\/www.maisonwabisabi.com\/wp-content\/uploads\/2021\/10\/Utsuwa-Mini-Assiette-150x150.jpg 150w, https:\/\/www.maisonwabisabi.com\/wp-content\/uploads\/2021\/10\/Utsuwa-Mini-Assiette-768x768.jpg 768w, https:\/\/www.maisonwabisabi.com\/wp-content\/uploads\/2021\/10\/Utsuwa-Mini-Assiette-600x600.jpg 600w, https:\/\/www.maisonwabisabi.com\/wp-content\/uploads\/2021\/10\/Utsuwa-Mini-Assiette-100x100.jpg 100w\" sizes=\"auto, (max-width: 1024px) 100vw, 1024px\" \/><\/a><figcaption class=\"wp-element-caption\">(<strong>5 \u00e0 12cm<\/strong>)<\/figcaption><\/figure>\n<\/figure>\n\n\n\n<p class=\"has-text-align-center has-black-color has-text-color\" style=\"font-size:15px\">Source des photos : Yann san de Maison Wabi-Sabi<\/p>\n\n\n\n<div style=\"height:100px\" aria-hidden=\"true\" class=\"wp-block-spacer\"><\/div>","protected":false},"excerpt":{"rendered":"<p>L&rsquo;assiette en tant que pi\u00e8ce de vaisselle existe depuis l&rsquo;Antiquit\u00e9. Les arch\u00e9ologues ont ainsi retrouv\u00e9 des assiettes en terre cuite, [&hellip;]<\/p>\n","protected":false},"author":1,"featured_media":0,"parent":34,"menu_order":2,"comment_status":"closed","ping_status":"closed","template":"","meta":{"site-sidebar-layout":"default","site-content-layout":"","ast-site-content-layout":"default","site-content-style":"default","site-sidebar-style":"default","ast-global-header-display":"","ast-banner-title-visibility":"","ast-main-header-display":"","ast-hfb-above-header-display":"","ast-hfb-below-header-display":"","ast-hfb-mobile-header-display":"","site-post-title":"disabled","ast-breadcrumbs-content":"","ast-featured-img":"","footer-sml-layout":"","ast-disable-related-posts":"","theme-transparent-header-meta":"","adv-header-id-meta":"","stick-header-meta":"","header-above-stick-meta":"","header-main-stick-meta":"","header-below-stick-meta":"","astra-migrate-meta-layouts":"default","ast-page-background-enabled":"default","ast-page-background-meta":{"desktop":{"background-color":"var(--ast-global-color-5)","background-image":"","background-repeat":"repeat","background-position":"center center","background-size":"auto","background-attachment":"scroll","background-type":"","background-media":"","overlay-type":"","overlay-color":"","overlay-opacity":"","overlay-gradient":""},"tablet":{"background-color":"","background-image":"","background-repeat":"repeat","background-position":"center center","background-size":"auto","background-attachment":"scroll","background-type":"","background-media":"","overlay-type":"","overlay-color":"","overlay-opacity":"","overlay-gradient":""},"mobile":{"background-color":"","background-image":"","background-repeat":"repeat","background-position":"center center","background-size":"auto","background-attachment":"scroll","background-type":"","background-media":"","overlay-type":"","overlay-color":"","overlay-opacity":"","overlay-gradient":""}},"ast-content-background-meta":{"desktop":{"background-color":"var(--ast-global-color-4)","background-image":"","background-repeat":"repeat","background-position":"center center","background-size":"auto","background-attachment":"scroll","background-type":"","background-media":"","overlay-type":"","overlay-color":"","overlay-opacity":"","overlay-gradient":""},"tablet":{"background-color":"var(--ast-global-color-4)","background-image":"","background-repeat":"repeat","background-position":"center center","background-size":"auto","background-attachment":"scroll","background-type":"","background-media":"","overlay-type":"","overlay-color":"","overlay-opacity":"","overlay-gradient":""},"mobile":{"background-color":"var(--ast-global-color-4)","background-image":"","background-repeat":"repeat","background-position":"center center","background-size":"auto","background-attachment":"scroll","background-type":"","background-media":"","overlay-type":"","overlay-color":"","overlay-opacity":"","overlay-gradient":""}},"footnotes":""},"class_list":["post-223","page","type-page","status-publish","hentry"],"yoast_head":"<!-- This site is optimized with the Yoast SEO plugin v27.4 - https:\/\/yoast.com\/product\/yoast-seo-wordpress\/ -->\n<title>Assiettes - Maison Wabi-Sabi - C\u00e9ramique d&#039;art du quotidien<\/title>\n<meta name=\"description\" content=\"Assiettes. Les formes d&#039;assiettes s\u00e9lectionn\u00e9es pour les \u00e9picuriens, amoureux de la cuisine japonaise et fran\u00e7aise. C\u00e9ramique japonaise.\" \/>\n<meta name=\"robots\" content=\"index, follow, max-snippet:-1, max-image-preview:large, max-video-preview:-1\" \/>\n<link rel=\"canonical\" href=\"https:\/\/www.maisonwabisabi.com\/en\/utsuwa\/les-assiettes\/\" \/>\n<meta property=\"og:locale\" content=\"en_GB\" \/>\n<meta property=\"og:type\" content=\"article\" \/>\n<meta property=\"og:title\" content=\"Assiettes - Maison Wabi-Sabi - C\u00e9ramique d&#039;art du quotidien\" \/>\n<meta property=\"og:description\" content=\"Assiettes. Les formes d&#039;assiettes s\u00e9lectionn\u00e9es pour les \u00e9picuriens, amoureux de la cuisine japonaise et fran\u00e7aise. C\u00e9ramique japonaise.\" \/>\n<meta property=\"og:url\" content=\"https:\/\/www.maisonwabisabi.com\/en\/utsuwa\/les-assiettes\/\" \/>\n<meta property=\"og:site_name\" content=\"Maison Wabi-Sabi\" \/>\n<meta property=\"article:publisher\" content=\"https:\/\/www.facebook.com\/MaisonWabiSabi\" \/>\n<meta property=\"article:modified_time\" content=\"2025-07-04T16:12:47+00:00\" \/>\n<meta property=\"og:image\" content=\"https:\/\/www.maisonwabisabi.com\/wp-content\/uploads\/2022\/02\/Les-Assiettes.jpg\" \/>\n\t<meta property=\"og:image:width\" content=\"1024\" \/>\n\t<meta property=\"og:image:height\" content=\"1024\" \/>\n\t<meta property=\"og:image:type\" content=\"image\/jpeg\" \/>\n<meta name=\"twitter:card\" content=\"summary_large_image\" \/>\n<meta name=\"twitter:label1\" content=\"Estimated reading time\" \/>\n\t<meta name=\"twitter:data1\" content=\"3 minutes\" \/>\n<script type=\"application\/ld+json\" class=\"yoast-schema-graph\">{\"@context\":\"https:\\\/\\\/schema.org\",\"@graph\":[{\"@type\":\"WebPage\",\"@id\":\"https:\\\/\\\/www.maisonwabisabi.com\\\/utsuwa\\\/les-assiettes\\\/\",\"url\":\"https:\\\/\\\/www.maisonwabisabi.com\\\/utsuwa\\\/les-assiettes\\\/\",\"name\":\"Assiettes - Maison Wabi-Sabi - C\u00e9ramique d'art du quotidien\",\"isPartOf\":{\"@id\":\"https:\\\/\\\/www.maisonwabisabi.com\\\/#website\"},\"primaryImageOfPage\":{\"@id\":\"https:\\\/\\\/www.maisonwabisabi.com\\\/utsuwa\\\/les-assiettes\\\/#primaryimage\"},\"image\":{\"@id\":\"https:\\\/\\\/www.maisonwabisabi.com\\\/utsuwa\\\/les-assiettes\\\/#primaryimage\"},\"thumbnailUrl\":\"https:\\\/\\\/www.maisonwabisabi.com\\\/wp-content\\\/uploads\\\/2022\\\/02\\\/Les-Assiettes-1024x1024.jpg\",\"datePublished\":\"2021-10-13T22:10:58+00:00\",\"dateModified\":\"2025-07-04T16:12:47+00:00\",\"description\":\"Assiettes. Les formes d'assiettes s\u00e9lectionn\u00e9es pour les \u00e9picuriens, amoureux de la cuisine japonaise et fran\u00e7aise. C\u00e9ramique japonaise.\",\"breadcrumb\":{\"@id\":\"https:\\\/\\\/www.maisonwabisabi.com\\\/utsuwa\\\/les-assiettes\\\/#breadcrumb\"},\"inLanguage\":\"en-GB\",\"potentialAction\":[{\"@type\":\"ReadAction\",\"target\":[\"https:\\\/\\\/www.maisonwabisabi.com\\\/utsuwa\\\/les-assiettes\\\/\"]}]},{\"@type\":\"ImageObject\",\"inLanguage\":\"en-GB\",\"@id\":\"https:\\\/\\\/www.maisonwabisabi.com\\\/utsuwa\\\/les-assiettes\\\/#primaryimage\",\"url\":\"https:\\\/\\\/www.maisonwabisabi.com\\\/wp-content\\\/uploads\\\/2022\\\/02\\\/Les-Assiettes-1024x1024.jpg\",\"contentUrl\":\"https:\\\/\\\/www.maisonwabisabi.com\\\/wp-content\\\/uploads\\\/2022\\\/02\\\/Les-Assiettes-1024x1024.jpg\"},{\"@type\":\"BreadcrumbList\",\"@id\":\"https:\\\/\\\/www.maisonwabisabi.com\\\/utsuwa\\\/les-assiettes\\\/#breadcrumb\",\"itemListElement\":[{\"@type\":\"ListItem\",\"position\":1,\"name\":\"Bienvenue\",\"item\":\"https:\\\/\\\/www.maisonwabisabi.com\\\/\"},{\"@type\":\"ListItem\",\"position\":2,\"name\":\"Utsuwa\",\"item\":\"https:\\\/\\\/www.maisonwabisabi.com\\\/utsuwa\\\/\"},{\"@type\":\"ListItem\",\"position\":3,\"name\":\"Les Assiettes\"}]},{\"@type\":\"WebSite\",\"@id\":\"https:\\\/\\\/www.maisonwabisabi.com\\\/#website\",\"url\":\"https:\\\/\\\/www.maisonwabisabi.com\\\/\",\"name\":\"Maison Wabi-Sabi\",\"description\":\"\",\"publisher\":{\"@id\":\"https:\\\/\\\/www.maisonwabisabi.com\\\/#organization\"},\"potentialAction\":[{\"@type\":\"SearchAction\",\"target\":{\"@type\":\"EntryPoint\",\"urlTemplate\":\"https:\\\/\\\/www.maisonwabisabi.com\\\/?s={search_term_string}\"},\"query-input\":{\"@type\":\"PropertyValueSpecification\",\"valueRequired\":true,\"valueName\":\"search_term_string\"}}],\"inLanguage\":\"en-GB\"},{\"@type\":\"Organization\",\"@id\":\"https:\\\/\\\/www.maisonwabisabi.com\\\/#organization\",\"name\":\"Maison Wabi-Sabi\",\"url\":\"https:\\\/\\\/www.maisonwabisabi.com\\\/\",\"logo\":{\"@type\":\"ImageObject\",\"inLanguage\":\"en-GB\",\"@id\":\"https:\\\/\\\/www.maisonwabisabi.com\\\/#\\\/schema\\\/logo\\\/image\\\/\",\"url\":\"https:\\\/\\\/www.maisonwabisabi.com\\\/wp-content\\\/uploads\\\/2021\\\/11\\\/Logo-de-maison-Wabi-Sabi.jpg\",\"contentUrl\":\"https:\\\/\\\/www.maisonwabisabi.com\\\/wp-content\\\/uploads\\\/2021\\\/11\\\/Logo-de-maison-Wabi-Sabi.jpg\",\"width\":1024,\"height\":1024,\"caption\":\"Maison Wabi-Sabi\"},\"image\":{\"@id\":\"https:\\\/\\\/www.maisonwabisabi.com\\\/#\\\/schema\\\/logo\\\/image\\\/\"},\"sameAs\":[\"https:\\\/\\\/www.facebook.com\\\/MaisonWabiSabi\",\"https:\\\/\\\/www.instagram.com\\\/maison.wabi.sabi\\\/?hl=fr\",\"https:\\\/\\\/www.linkedin.com\\\/company\\\/69088467\"]}]}<\/script>\n<!-- \/ Yoast SEO plugin. -->","yoast_head_json":{"title":"Assiettes - Maison Wabi-Sabi - C\u00e9ramique d'art du quotidien","description":"Assiettes. Les formes d'assiettes s\u00e9lectionn\u00e9es pour les \u00e9picuriens, amoureux de la cuisine japonaise et fran\u00e7aise. C\u00e9ramique japonaise.","robots":{"index":"index","follow":"follow","max-snippet":"max-snippet:-1","max-image-preview":"max-image-preview:large","max-video-preview":"max-video-preview:-1"},"canonical":"https:\/\/www.maisonwabisabi.com\/en\/utsuwa\/les-assiettes\/","og_locale":"en_GB","og_type":"article","og_title":"Assiettes - Maison Wabi-Sabi - C\u00e9ramique d'art du quotidien","og_description":"Assiettes. Les formes d'assiettes s\u00e9lectionn\u00e9es pour les \u00e9picuriens, amoureux de la cuisine japonaise et fran\u00e7aise. C\u00e9ramique japonaise.","og_url":"https:\/\/www.maisonwabisabi.com\/en\/utsuwa\/les-assiettes\/","og_site_name":"Maison Wabi-Sabi","article_publisher":"https:\/\/www.facebook.com\/MaisonWabiSabi","article_modified_time":"2025-07-04T16:12:47+00:00","og_image":[{"width":1024,"height":1024,"url":"https:\/\/www.maisonwabisabi.com\/wp-content\/uploads\/2022\/02\/Les-Assiettes.jpg","type":"image\/jpeg"}],"twitter_card":"summary_large_image","twitter_misc":{"Estimated reading time":"3 minutes"},"schema":{"@context":"https:\/\/schema.org","@graph":[{"@type":"WebPage","@id":"https:\/\/www.maisonwabisabi.com\/utsuwa\/les-assiettes\/","url":"https:\/\/www.maisonwabisabi.com\/utsuwa\/les-assiettes\/","name":"Assiettes - Maison Wabi-Sabi - C\u00e9ramique d'art du quotidien","isPartOf":{"@id":"https:\/\/www.maisonwabisabi.com\/#website"},"primaryImageOfPage":{"@id":"https:\/\/www.maisonwabisabi.com\/utsuwa\/les-assiettes\/#primaryimage"},"image":{"@id":"https:\/\/www.maisonwabisabi.com\/utsuwa\/les-assiettes\/#primaryimage"},"thumbnailUrl":"https:\/\/www.maisonwabisabi.com\/wp-content\/uploads\/2022\/02\/Les-Assiettes-1024x1024.jpg","datePublished":"2021-10-13T22:10:58+00:00","dateModified":"2025-07-04T16:12:47+00:00","description":"Assiettes. Les formes d'assiettes s\u00e9lectionn\u00e9es pour les \u00e9picuriens, amoureux de la cuisine japonaise et fran\u00e7aise. C\u00e9ramique japonaise.","breadcrumb":{"@id":"https:\/\/www.maisonwabisabi.com\/utsuwa\/les-assiettes\/#breadcrumb"},"inLanguage":"en-GB","potentialAction":[{"@type":"ReadAction","target":["https:\/\/www.maisonwabisabi.com\/utsuwa\/les-assiettes\/"]}]},{"@type":"ImageObject","inLanguage":"en-GB","@id":"https:\/\/www.maisonwabisabi.com\/utsuwa\/les-assiettes\/#primaryimage","url":"https:\/\/www.maisonwabisabi.com\/wp-content\/uploads\/2022\/02\/Les-Assiettes-1024x1024.jpg","contentUrl":"https:\/\/www.maisonwabisabi.com\/wp-content\/uploads\/2022\/02\/Les-Assiettes-1024x1024.jpg"},{"@type":"BreadcrumbList","@id":"https:\/\/www.maisonwabisabi.com\/utsuwa\/les-assiettes\/#breadcrumb","itemListElement":[{"@type":"ListItem","position":1,"name":"Bienvenue","item":"https:\/\/www.maisonwabisabi.com\/"},{"@type":"ListItem","position":2,"name":"Utsuwa","item":"https:\/\/www.maisonwabisabi.com\/utsuwa\/"},{"@type":"ListItem","position":3,"name":"Les Assiettes"}]},{"@type":"WebSite","@id":"https:\/\/www.maisonwabisabi.com\/#website","url":"https:\/\/www.maisonwabisabi.com\/","name":"Maison Wabi-Sabi","description":"","publisher":{"@id":"https:\/\/www.maisonwabisabi.com\/#organization"},"potentialAction":[{"@type":"SearchAction","target":{"@type":"EntryPoint","urlTemplate":"https:\/\/www.maisonwabisabi.com\/?s={search_term_string}"},"query-input":{"@type":"PropertyValueSpecification","valueRequired":true,"valueName":"search_term_string"}}],"inLanguage":"en-GB"},{"@type":"Organization","@id":"https:\/\/www.maisonwabisabi.com\/#organization","name":"Maison Wabi-Sabi","url":"https:\/\/www.maisonwabisabi.com\/","logo":{"@type":"ImageObject","inLanguage":"en-GB","@id":"https:\/\/www.maisonwabisabi.com\/#\/schema\/logo\/image\/","url":"https:\/\/www.maisonwabisabi.com\/wp-content\/uploads\/2021\/11\/Logo-de-maison-Wabi-Sabi.jpg","contentUrl":"https:\/\/www.maisonwabisabi.com\/wp-content\/uploads\/2021\/11\/Logo-de-maison-Wabi-Sabi.jpg","width":1024,"height":1024,"caption":"Maison Wabi-Sabi"},"image":{"@id":"https:\/\/www.maisonwabisabi.com\/#\/schema\/logo\/image\/"},"sameAs":["https:\/\/www.facebook.com\/MaisonWabiSabi","https:\/\/www.instagram.com\/maison.wabi.sabi\/?hl=fr","https:\/\/www.linkedin.com\/company\/69088467"]}]}},"_links":{"self":[{"href":"https:\/\/www.maisonwabisabi.com\/en\/wp-json\/wp\/v2\/pages\/223","targetHints":{"allow":["GET"]}}],"collection":[{"href":"https:\/\/www.maisonwabisabi.com\/en\/wp-json\/wp\/v2\/pages"}],"about":[{"href":"https:\/\/www.maisonwabisabi.com\/en\/wp-json\/wp\/v2\/types\/page"}],"author":[{"embeddable":true,"href":"https:\/\/www.maisonwabisabi.com\/en\/wp-json\/wp\/v2\/users\/1"}],"replies":[{"embeddable":true,"href":"https:\/\/www.maisonwabisabi.com\/en\/wp-json\/wp\/v2\/comments?post=223"}],"version-history":[{"count":2,"href":"https:\/\/www.maisonwabisabi.com\/en\/wp-json\/wp\/v2\/pages\/223\/revisions"}],"predecessor-version":[{"id":35796,"href":"https:\/\/www.maisonwabisabi.com\/en\/wp-json\/wp\/v2\/pages\/223\/revisions\/35796"}],"up":[{"embeddable":true,"href":"https:\/\/www.maisonwabisabi.com\/en\/wp-json\/wp\/v2\/pages\/34"}],"wp:attachment":[{"href":"https:\/\/www.maisonwabisabi.com\/en\/wp-json\/wp\/v2\/media?parent=223"}],"curies":[{"name":"wp","href":"https:\/\/api.w.org\/{rel}","templated":true}]}}