{"id":1880,"date":"2021-12-17T17:13:56","date_gmt":"2021-12-17T16:13:56","guid":{"rendered":"https:\/\/www.maisonwabisabi.com\/?page_id=1880"},"modified":"2026-02-04T21:10:02","modified_gmt":"2026-02-04T20:10:02","slug":"collection-potiers-ailleurs","status":"publish","type":"page","link":"https:\/\/www.maisonwabisabi.com\/en\/collection-personnelle\/collection-potiers-ailleurs\/","title":{"rendered":"Potiers d&rsquo;ailleurs"},"content":{"rendered":"<div style=\"height:20px\" aria-hidden=\"true\" class=\"wp-block-spacer\"><\/div>\n\n\n\n<h1 class=\"wp-block-heading has-text-align-center has-black-color has-text-color has-background\" style=\"background-color:#8d9a83;font-size:21px\"><strong><strong>Potiers d&rsquo;ailleurs<\/strong><\/strong><\/h1>\n\n\n\n<div style=\"height:20px\" aria-hidden=\"true\" class=\"wp-block-spacer\"><\/div>\n\n\n\n<div class=\"wp-block-columns alignwide is-layout-flex wp-container-core-columns-is-layout-28f84493 wp-block-columns-is-layout-flex\">\n<div class=\"wp-block-column is-layout-flow wp-block-column-is-layout-flow\">\n<h2 class=\"wp-block-heading has-text-align-center has-black-color has-text-color\" style=\"font-size:17px\"><strong>Phil ROGERS<\/strong> \ud83c\uddec\ud83c\udde7<\/h2>\n\n\n\n<figure class=\"wp-block-image size-full\"><img loading=\"lazy\" decoding=\"async\" width=\"1024\" height=\"1024\" src=\"https:\/\/www.maisonwabisabi.com\/wp-content\/uploads\/2022\/07\/Phil-ROGERS-Yunomi-Face1.jpg\" alt=\"Phil ROGERS - Yunomi - Face1\" class=\"wp-image-7628\" srcset=\"https:\/\/www.maisonwabisabi.com\/wp-content\/uploads\/2022\/07\/Phil-ROGERS-Yunomi-Face1.jpg 1024w, https:\/\/www.maisonwabisabi.com\/wp-content\/uploads\/2022\/07\/Phil-ROGERS-Yunomi-Face1-300x300.jpg 300w, https:\/\/www.maisonwabisabi.com\/wp-content\/uploads\/2022\/07\/Phil-ROGERS-Yunomi-Face1-150x150.jpg 150w, https:\/\/www.maisonwabisabi.com\/wp-content\/uploads\/2022\/07\/Phil-ROGERS-Yunomi-Face1-768x768.jpg 768w, https:\/\/www.maisonwabisabi.com\/wp-content\/uploads\/2022\/07\/Phil-ROGERS-Yunomi-Face1-600x600.jpg 600w, https:\/\/www.maisonwabisabi.com\/wp-content\/uploads\/2022\/07\/Phil-ROGERS-Yunomi-Face1-100x100.jpg 100w\" sizes=\"auto, (max-width: 1024px) 100vw, 1024px\" \/><\/figure>\n<\/div>\n\n\n\n<div class=\"wp-block-column is-layout-flow wp-block-column-is-layout-flow\">\n<h2 class=\"wp-block-heading has-text-align-center has-black-color has-text-color\" style=\"font-size:17px\"><strong>Richard ST JOHN HEELEY<\/strong> \ud83c\uddec\ud83c\udde7<\/h2>\n\n\n\n<figure class=\"wp-block-image size-full\"><img loading=\"lazy\" decoding=\"async\" width=\"1024\" height=\"1024\" src=\"https:\/\/www.maisonwabisabi.com\/wp-content\/uploads\/2022\/07\/Richard-ST-JOHN-HEELEY-Yunomi-Face1.jpg\" alt=\"Richard ST JOHN HEELEY - Yunomi - Face1\" class=\"wp-image-7610\" srcset=\"https:\/\/www.maisonwabisabi.com\/wp-content\/uploads\/2022\/07\/Richard-ST-JOHN-HEELEY-Yunomi-Face1.jpg 1024w, https:\/\/www.maisonwabisabi.com\/wp-content\/uploads\/2022\/07\/Richard-ST-JOHN-HEELEY-Yunomi-Face1-300x300.jpg 300w, https:\/\/www.maisonwabisabi.com\/wp-content\/uploads\/2022\/07\/Richard-ST-JOHN-HEELEY-Yunomi-Face1-150x150.jpg 150w, https:\/\/www.maisonwabisabi.com\/wp-content\/uploads\/2022\/07\/Richard-ST-JOHN-HEELEY-Yunomi-Face1-768x768.jpg 768w, https:\/\/www.maisonwabisabi.com\/wp-content\/uploads\/2022\/07\/Richard-ST-JOHN-HEELEY-Yunomi-Face1-600x600.jpg 600w, https:\/\/www.maisonwabisabi.com\/wp-content\/uploads\/2022\/07\/Richard-ST-JOHN-HEELEY-Yunomi-Face1-100x100.jpg 100w\" sizes=\"auto, (max-width: 1024px) 100vw, 1024px\" \/><\/figure>\n<\/div>\n\n\n\n<div class=\"wp-block-column is-layout-flow wp-block-column-is-layout-flow\">\n<h2 class=\"wp-block-heading has-text-align-center has-black-color has-text-color\" style=\"font-size:17px\"><strong>Patricia SHONE<\/strong> \ud83c\uddec\ud83c\udde7<\/h2>\n\n\n\n<figure class=\"wp-block-image size-full\"><img decoding=\"async\" src=\"https:\/\/www.maisonwabisabi.com\/wp-content\/uploads\/2023\/07\/Patricia-SHONE-Yunomi-Face1.jpg\" alt=\"Patricia SHONE - Yunomi - Face1\" class=\"wp-image-19195\"\/><\/figure>\n<\/div>\n\n\n\n<div class=\"wp-block-column is-layout-flow wp-block-column-is-layout-flow\">\n<h2 class=\"wp-block-heading has-text-align-center has-black-color has-text-color\" style=\"font-size:17px\"><strong>Joseph LUDKIN<\/strong> \ud83c\uddec\ud83c\udde7<\/h2>\n\n\n\n<figure class=\"wp-block-image size-full\"><img loading=\"lazy\" decoding=\"async\" width=\"1024\" height=\"1024\" src=\"https:\/\/www.maisonwabisabi.com\/wp-content\/uploads\/2022\/07\/Joseph-LUDKIN-Yunomi-Face1.jpg\" alt=\"Joseph LUDKIN - Yunomi - Face1\" class=\"wp-image-7619\" srcset=\"https:\/\/www.maisonwabisabi.com\/wp-content\/uploads\/2022\/07\/Joseph-LUDKIN-Yunomi-Face1.jpg 1024w, https:\/\/www.maisonwabisabi.com\/wp-content\/uploads\/2022\/07\/Joseph-LUDKIN-Yunomi-Face1-300x300.jpg 300w, https:\/\/www.maisonwabisabi.com\/wp-content\/uploads\/2022\/07\/Joseph-LUDKIN-Yunomi-Face1-150x150.jpg 150w, https:\/\/www.maisonwabisabi.com\/wp-content\/uploads\/2022\/07\/Joseph-LUDKIN-Yunomi-Face1-768x768.jpg 768w, https:\/\/www.maisonwabisabi.com\/wp-content\/uploads\/2022\/07\/Joseph-LUDKIN-Yunomi-Face1-600x600.jpg 600w, https:\/\/www.maisonwabisabi.com\/wp-content\/uploads\/2022\/07\/Joseph-LUDKIN-Yunomi-Face1-100x100.jpg 100w\" sizes=\"auto, (max-width: 1024px) 100vw, 1024px\" \/><\/figure>\n<\/div>\n<\/div>\n\n\n\n<div class=\"wp-block-columns alignwide is-layout-flex wp-container-core-columns-is-layout-28f84493 wp-block-columns-is-layout-flex\">\n<div class=\"wp-block-column is-layout-flow wp-block-column-is-layout-flow\">\n<h2 class=\"wp-block-heading has-text-align-center has-black-color has-text-color\" style=\"font-size:17px\"><strong>Clara GEWECKE<\/strong> \ud83c\udde9\ud83c\uddf0<\/h2>\n\n\n\n<figure class=\"wp-block-image size-full\"><img loading=\"lazy\" decoding=\"async\" width=\"1024\" height=\"1024\" src=\"https:\/\/www.maisonwabisabi.com\/wp-content\/uploads\/2022\/07\/Clara-GEWECKE-Torizara-1-Face1.jpg\" alt=\"Clara GEWECKE - Torizara 1 - Face1\" class=\"wp-image-7594\" srcset=\"https:\/\/www.maisonwabisabi.com\/wp-content\/uploads\/2022\/07\/Clara-GEWECKE-Torizara-1-Face1.jpg 1024w, https:\/\/www.maisonwabisabi.com\/wp-content\/uploads\/2022\/07\/Clara-GEWECKE-Torizara-1-Face1-300x300.jpg 300w, https:\/\/www.maisonwabisabi.com\/wp-content\/uploads\/2022\/07\/Clara-GEWECKE-Torizara-1-Face1-150x150.jpg 150w, https:\/\/www.maisonwabisabi.com\/wp-content\/uploads\/2022\/07\/Clara-GEWECKE-Torizara-1-Face1-768x768.jpg 768w, https:\/\/www.maisonwabisabi.com\/wp-content\/uploads\/2022\/07\/Clara-GEWECKE-Torizara-1-Face1-600x600.jpg 600w, https:\/\/www.maisonwabisabi.com\/wp-content\/uploads\/2022\/07\/Clara-GEWECKE-Torizara-1-Face1-100x100.jpg 100w\" sizes=\"auto, (max-width: 1024px) 100vw, 1024px\" \/><\/figure>\n<\/div>\n\n\n\n<div class=\"wp-block-column is-layout-flow wp-block-column-is-layout-flow\">\n<h2 class=\"wp-block-heading has-text-align-center has-black-color has-text-color\" style=\"font-size:17px\"><strong>Clara GEWECKE<\/strong> \ud83c\udde9\ud83c\uddf0<\/h2>\n\n\n\n<figure class=\"wp-block-image size-full\"><img loading=\"lazy\" decoding=\"async\" width=\"1024\" height=\"1024\" src=\"https:\/\/www.maisonwabisabi.com\/wp-content\/uploads\/2022\/07\/Clara-GEWECKE-Torizara-2-Face1.jpg\" alt=\"Clara GEWECKE - Torizara 2 - Face1\" class=\"wp-image-7597\" srcset=\"https:\/\/www.maisonwabisabi.com\/wp-content\/uploads\/2022\/07\/Clara-GEWECKE-Torizara-2-Face1.jpg 1024w, https:\/\/www.maisonwabisabi.com\/wp-content\/uploads\/2022\/07\/Clara-GEWECKE-Torizara-2-Face1-300x300.jpg 300w, https:\/\/www.maisonwabisabi.com\/wp-content\/uploads\/2022\/07\/Clara-GEWECKE-Torizara-2-Face1-150x150.jpg 150w, https:\/\/www.maisonwabisabi.com\/wp-content\/uploads\/2022\/07\/Clara-GEWECKE-Torizara-2-Face1-768x768.jpg 768w, https:\/\/www.maisonwabisabi.com\/wp-content\/uploads\/2022\/07\/Clara-GEWECKE-Torizara-2-Face1-600x600.jpg 600w, https:\/\/www.maisonwabisabi.com\/wp-content\/uploads\/2022\/07\/Clara-GEWECKE-Torizara-2-Face1-100x100.jpg 100w\" sizes=\"auto, (max-width: 1024px) 100vw, 1024px\" \/><\/figure>\n<\/div>\n\n\n\n<div class=\"wp-block-column is-layout-flow wp-block-column-is-layout-flow\">\n<h2 class=\"wp-block-heading has-text-align-center has-black-color has-text-color\" style=\"font-size:17px\"><strong>Silke WELLMEIER<\/strong> \ud83c\udde9\ud83c\uddea<\/h2>\n\n\n\n<figure class=\"wp-block-image size-full\"><img loading=\"lazy\" decoding=\"async\" width=\"1024\" height=\"1024\" src=\"https:\/\/www.maisonwabisabi.com\/wp-content\/uploads\/2022\/07\/Silke-WELLMEIER-Yunomi-Face1.jpg\" alt=\"Silke WELLMEIER - Yunomi - Face1\" class=\"wp-image-8108\" srcset=\"https:\/\/www.maisonwabisabi.com\/wp-content\/uploads\/2022\/07\/Silke-WELLMEIER-Yunomi-Face1.jpg 1024w, https:\/\/www.maisonwabisabi.com\/wp-content\/uploads\/2022\/07\/Silke-WELLMEIER-Yunomi-Face1-300x300.jpg 300w, https:\/\/www.maisonwabisabi.com\/wp-content\/uploads\/2022\/07\/Silke-WELLMEIER-Yunomi-Face1-150x150.jpg 150w, https:\/\/www.maisonwabisabi.com\/wp-content\/uploads\/2022\/07\/Silke-WELLMEIER-Yunomi-Face1-768x768.jpg 768w, https:\/\/www.maisonwabisabi.com\/wp-content\/uploads\/2022\/07\/Silke-WELLMEIER-Yunomi-Face1-600x600.jpg 600w, https:\/\/www.maisonwabisabi.com\/wp-content\/uploads\/2022\/07\/Silke-WELLMEIER-Yunomi-Face1-100x100.jpg 100w\" sizes=\"auto, (max-width: 1024px) 100vw, 1024px\" \/><\/figure>\n<\/div>\n<\/div>\n\n\n\n<div class=\"wp-block-columns alignwide are-vertically-aligned-top has-text-color has-background is-layout-flex wp-container-core-columns-is-layout-28f84493 wp-block-columns-is-layout-flex\" style=\"color:#000000;background-color:#ffffff\">\n<div class=\"wp-block-column is-vertically-aligned-top is-layout-flow wp-block-column-is-layout-flow\">\n<h2 class=\"wp-block-heading has-text-align-center has-black-color has-text-color\" style=\"font-size:17px\"><strong>Rox DE LA ROQUE<\/strong> \ud83c\udde7\ud83c\uddf7<\/h2>\n\n\n\n<figure class=\"wp-block-image size-full\"><img loading=\"lazy\" decoding=\"async\" width=\"1024\" height=\"1024\" src=\"https:\/\/www.maisonwabisabi.com\/wp-content\/uploads\/2022\/07\/Rox-de-la-Roque-Yunomi-Face1.jpg\" alt=\"Rox de la Roque - Yunomi - Face1\" class=\"wp-image-7552\" srcset=\"https:\/\/www.maisonwabisabi.com\/wp-content\/uploads\/2022\/07\/Rox-de-la-Roque-Yunomi-Face1.jpg 1024w, https:\/\/www.maisonwabisabi.com\/wp-content\/uploads\/2022\/07\/Rox-de-la-Roque-Yunomi-Face1-300x300.jpg 300w, https:\/\/www.maisonwabisabi.com\/wp-content\/uploads\/2022\/07\/Rox-de-la-Roque-Yunomi-Face1-150x150.jpg 150w, https:\/\/www.maisonwabisabi.com\/wp-content\/uploads\/2022\/07\/Rox-de-la-Roque-Yunomi-Face1-768x768.jpg 768w, https:\/\/www.maisonwabisabi.com\/wp-content\/uploads\/2022\/07\/Rox-de-la-Roque-Yunomi-Face1-600x600.jpg 600w, https:\/\/www.maisonwabisabi.com\/wp-content\/uploads\/2022\/07\/Rox-de-la-Roque-Yunomi-Face1-100x100.jpg 100w\" sizes=\"auto, (max-width: 1024px) 100vw, 1024px\" \/><\/figure>\n<\/div>\n\n\n\n<div class=\"wp-block-column is-vertically-aligned-top is-layout-flow wp-block-column-is-layout-flow\">\n<h2 class=\"wp-block-heading has-text-align-center has-black-color has-text-color\" style=\"font-size:17px\"><strong><strong>Rox DE LA ROQUE<\/strong><\/strong> \ud83c\udde7\ud83c\uddf7<\/h2>\n\n\n\n<figure class=\"wp-block-image size-full\"><img loading=\"lazy\" decoding=\"async\" width=\"1024\" height=\"1024\" src=\"https:\/\/www.maisonwabisabi.com\/wp-content\/uploads\/2022\/07\/Rox-de-la-Roque-Yunomi-2-Face1.jpg\" alt=\"Rox de la Roque - Yunomi 2 - Face1\" class=\"wp-image-7563\" srcset=\"https:\/\/www.maisonwabisabi.com\/wp-content\/uploads\/2022\/07\/Rox-de-la-Roque-Yunomi-2-Face1.jpg 1024w, https:\/\/www.maisonwabisabi.com\/wp-content\/uploads\/2022\/07\/Rox-de-la-Roque-Yunomi-2-Face1-300x300.jpg 300w, https:\/\/www.maisonwabisabi.com\/wp-content\/uploads\/2022\/07\/Rox-de-la-Roque-Yunomi-2-Face1-150x150.jpg 150w, https:\/\/www.maisonwabisabi.com\/wp-content\/uploads\/2022\/07\/Rox-de-la-Roque-Yunomi-2-Face1-768x768.jpg 768w, https:\/\/www.maisonwabisabi.com\/wp-content\/uploads\/2022\/07\/Rox-de-la-Roque-Yunomi-2-Face1-600x600.jpg 600w, https:\/\/www.maisonwabisabi.com\/wp-content\/uploads\/2022\/07\/Rox-de-la-Roque-Yunomi-2-Face1-100x100.jpg 100w\" sizes=\"auto, (max-width: 1024px) 100vw, 1024px\" \/><\/figure>\n<\/div>\n<\/div>\n\n\n\n<div style=\"height:100px\" aria-hidden=\"true\" class=\"wp-block-spacer\"><\/div>","protected":false},"excerpt":{"rendered":"<p>Potiers d&rsquo;ailleurs Phil ROGERS \ud83c\uddec\ud83c\udde7 Richard ST JOHN HEELEY \ud83c\uddec\ud83c\udde7 Patricia SHONE \ud83c\uddec\ud83c\udde7 Joseph LUDKIN \ud83c\uddec\ud83c\udde7 Clara GEWECKE \ud83c\udde9\ud83c\uddf0 Clara [&hellip;]<\/p>\n","protected":false},"author":1,"featured_media":0,"parent":33,"menu_order":3,"comment_status":"closed","ping_status":"closed","template":"","meta":{"site-sidebar-layout":"default","site-content-layout":"","ast-site-content-layout":"default","site-content-style":"default","site-sidebar-style":"default","ast-global-header-display":"","ast-banner-title-visibility":"","ast-main-header-display":"","ast-hfb-above-header-display":"","ast-hfb-below-header-display":"","ast-hfb-mobile-header-display":"","site-post-title":"disabled","ast-breadcrumbs-content":"","ast-featured-img":"","footer-sml-layout":"","ast-disable-related-posts":"","theme-transparent-header-meta":"","adv-header-id-meta":"","stick-header-meta":"","header-above-stick-meta":"","header-main-stick-meta":"","header-below-stick-meta":"","astra-migrate-meta-layouts":"default","ast-page-background-enabled":"default","ast-page-background-meta":{"desktop":{"background-color":"var(--ast-global-color-5)","background-image":"","background-repeat":"repeat","background-position":"center center","background-size":"auto","background-attachment":"scroll","background-type":"","background-media":"","overlay-type":"","overlay-color":"","overlay-opacity":"","overlay-gradient":""},"tablet":{"background-color":"","background-image":"","background-repeat":"repeat","background-position":"center center","background-size":"auto","background-attachment":"scroll","background-type":"","background-media":"","overlay-type":"","overlay-color":"","overlay-opacity":"","overlay-gradient":""},"mobile":{"background-color":"","background-image":"","background-repeat":"repeat","background-position":"center center","background-size":"auto","background-attachment":"scroll","background-type":"","background-media":"","overlay-type":"","overlay-color":"","overlay-opacity":"","overlay-gradient":""}},"ast-content-background-meta":{"desktop":{"background-color":"var(--ast-global-color-4)","background-image":"","background-repeat":"repeat","background-position":"center center","background-size":"auto","background-attachment":"scroll","background-type":"","background-media":"","overlay-type":"","overlay-color":"","overlay-opacity":"","overlay-gradient":""},"tablet":{"background-color":"var(--ast-global-color-4)","background-image":"","background-repeat":"repeat","background-position":"center center","background-size":"auto","background-attachment":"scroll","background-type":"","background-media":"","overlay-type":"","overlay-color":"","overlay-opacity":"","overlay-gradient":""},"mobile":{"background-color":"var(--ast-global-color-4)","background-image":"","background-repeat":"repeat","background-position":"center center","background-size":"auto","background-attachment":"scroll","background-type":"","background-media":"","overlay-type":"","overlay-color":"","overlay-opacity":"","overlay-gradient":""}},"footnotes":""},"class_list":["post-1880","page","type-page","status-publish","hentry"],"yoast_head":"<!-- This site is optimized with the Yoast SEO plugin v27.5 - https:\/\/yoast.com\/product\/yoast-seo-wordpress\/ -->\n<title>Potiers d&#039;ailleurs - Maison Wabi-Sabi - Collection Personnelle<\/title>\n<meta name=\"description\" content=\"Potiers d&#039;ailleurs. Partez \u00e0 la d\u00e9couverte des potiers et des c\u00e9ramiques d&#039;autres pays de la collection personnelle de Yann san.\" \/>\n<meta name=\"robots\" content=\"index, follow, max-snippet:-1, max-image-preview:large, max-video-preview:-1\" \/>\n<link rel=\"canonical\" href=\"https:\/\/www.maisonwabisabi.com\/en\/collection-personnelle\/collection-potiers-ailleurs\/\" \/>\n<meta property=\"og:locale\" content=\"en_GB\" \/>\n<meta property=\"og:type\" content=\"article\" \/>\n<meta property=\"og:title\" content=\"Potiers d&#039;ailleurs - Maison Wabi-Sabi - Collection Personnelle\" \/>\n<meta property=\"og:description\" content=\"Potiers d&#039;ailleurs. Partez \u00e0 la d\u00e9couverte des potiers et des c\u00e9ramiques d&#039;autres pays de la collection personnelle de Yann san.\" \/>\n<meta property=\"og:url\" content=\"https:\/\/www.maisonwabisabi.com\/en\/collection-personnelle\/collection-potiers-ailleurs\/\" \/>\n<meta property=\"og:site_name\" content=\"Maison Wabi-Sabi\" \/>\n<meta property=\"article:publisher\" content=\"https:\/\/www.facebook.com\/MaisonWabiSabi\" \/>\n<meta property=\"article:modified_time\" content=\"2026-02-04T20:10:02+00:00\" \/>\n<meta property=\"og:image\" content=\"https:\/\/www.maisonwabisabi.com\/wp-content\/uploads\/2022\/07\/Phil-ROGERS-Yunomi-Face1.jpg\" \/>\n\t<meta property=\"og:image:width\" content=\"1024\" \/>\n\t<meta property=\"og:image:height\" content=\"1024\" \/>\n\t<meta property=\"og:image:type\" content=\"image\/jpeg\" \/>\n<meta name=\"twitter:card\" content=\"summary_large_image\" \/>\n<meta name=\"twitter:label1\" content=\"Estimated reading time\" \/>\n\t<meta name=\"twitter:data1\" content=\"2 minutes\" \/>\n<script type=\"application\/ld+json\" class=\"yoast-schema-graph\">{\"@context\":\"https:\\\/\\\/schema.org\",\"@graph\":[{\"@type\":\"WebPage\",\"@id\":\"https:\\\/\\\/www.maisonwabisabi.com\\\/collection-personnelle\\\/collection-potiers-ailleurs\\\/\",\"url\":\"https:\\\/\\\/www.maisonwabisabi.com\\\/collection-personnelle\\\/collection-potiers-ailleurs\\\/\",\"name\":\"Potiers d'ailleurs - Maison Wabi-Sabi - Collection Personnelle\",\"isPartOf\":{\"@id\":\"https:\\\/\\\/www.maisonwabisabi.com\\\/#website\"},\"primaryImageOfPage\":{\"@id\":\"https:\\\/\\\/www.maisonwabisabi.com\\\/collection-personnelle\\\/collection-potiers-ailleurs\\\/#primaryimage\"},\"image\":{\"@id\":\"https:\\\/\\\/www.maisonwabisabi.com\\\/collection-personnelle\\\/collection-potiers-ailleurs\\\/#primaryimage\"},\"thumbnailUrl\":\"https:\\\/\\\/www.maisonwabisabi.com\\\/wp-content\\\/uploads\\\/2022\\\/07\\\/Phil-ROGERS-Yunomi-Face1.jpg\",\"datePublished\":\"2021-12-17T16:13:56+00:00\",\"dateModified\":\"2026-02-04T20:10:02+00:00\",\"description\":\"Potiers d'ailleurs. Partez \u00e0 la d\u00e9couverte des potiers et des c\u00e9ramiques d'autres pays de la collection personnelle de Yann san.\",\"breadcrumb\":{\"@id\":\"https:\\\/\\\/www.maisonwabisabi.com\\\/collection-personnelle\\\/collection-potiers-ailleurs\\\/#breadcrumb\"},\"inLanguage\":\"en-GB\",\"potentialAction\":[{\"@type\":\"ReadAction\",\"target\":[\"https:\\\/\\\/www.maisonwabisabi.com\\\/collection-personnelle\\\/collection-potiers-ailleurs\\\/\"]}]},{\"@type\":\"ImageObject\",\"inLanguage\":\"en-GB\",\"@id\":\"https:\\\/\\\/www.maisonwabisabi.com\\\/collection-personnelle\\\/collection-potiers-ailleurs\\\/#primaryimage\",\"url\":\"https:\\\/\\\/www.maisonwabisabi.com\\\/wp-content\\\/uploads\\\/2022\\\/07\\\/Phil-ROGERS-Yunomi-Face1.jpg\",\"contentUrl\":\"https:\\\/\\\/www.maisonwabisabi.com\\\/wp-content\\\/uploads\\\/2022\\\/07\\\/Phil-ROGERS-Yunomi-Face1.jpg\"},{\"@type\":\"BreadcrumbList\",\"@id\":\"https:\\\/\\\/www.maisonwabisabi.com\\\/collection-personnelle\\\/collection-potiers-ailleurs\\\/#breadcrumb\",\"itemListElement\":[{\"@type\":\"ListItem\",\"position\":1,\"name\":\"Bienvenue\",\"item\":\"https:\\\/\\\/www.maisonwabisabi.com\\\/\"},{\"@type\":\"ListItem\",\"position\":2,\"name\":\"Collection Personnelle\",\"item\":\"https:\\\/\\\/www.maisonwabisabi.com\\\/collection-personnelle\\\/\"},{\"@type\":\"ListItem\",\"position\":3,\"name\":\"Potiers d&rsquo;ailleurs\"}]},{\"@type\":\"WebSite\",\"@id\":\"https:\\\/\\\/www.maisonwabisabi.com\\\/#website\",\"url\":\"https:\\\/\\\/www.maisonwabisabi.com\\\/\",\"name\":\"Maison Wabi-Sabi\",\"description\":\"\",\"publisher\":{\"@id\":\"https:\\\/\\\/www.maisonwabisabi.com\\\/#organization\"},\"potentialAction\":[{\"@type\":\"SearchAction\",\"target\":{\"@type\":\"EntryPoint\",\"urlTemplate\":\"https:\\\/\\\/www.maisonwabisabi.com\\\/?s={search_term_string}\"},\"query-input\":{\"@type\":\"PropertyValueSpecification\",\"valueRequired\":true,\"valueName\":\"search_term_string\"}}],\"inLanguage\":\"en-GB\"},{\"@type\":\"Organization\",\"@id\":\"https:\\\/\\\/www.maisonwabisabi.com\\\/#organization\",\"name\":\"Maison Wabi-Sabi\",\"url\":\"https:\\\/\\\/www.maisonwabisabi.com\\\/\",\"logo\":{\"@type\":\"ImageObject\",\"inLanguage\":\"en-GB\",\"@id\":\"https:\\\/\\\/www.maisonwabisabi.com\\\/#\\\/schema\\\/logo\\\/image\\\/\",\"url\":\"https:\\\/\\\/www.maisonwabisabi.com\\\/wp-content\\\/uploads\\\/2021\\\/11\\\/Logo-de-maison-Wabi-Sabi.jpg\",\"contentUrl\":\"https:\\\/\\\/www.maisonwabisabi.com\\\/wp-content\\\/uploads\\\/2021\\\/11\\\/Logo-de-maison-Wabi-Sabi.jpg\",\"width\":1024,\"height\":1024,\"caption\":\"Maison Wabi-Sabi\"},\"image\":{\"@id\":\"https:\\\/\\\/www.maisonwabisabi.com\\\/#\\\/schema\\\/logo\\\/image\\\/\"},\"sameAs\":[\"https:\\\/\\\/www.facebook.com\\\/MaisonWabiSabi\",\"https:\\\/\\\/www.instagram.com\\\/maison.wabi.sabi\\\/?hl=fr\",\"https:\\\/\\\/www.linkedin.com\\\/company\\\/69088467\"]}]}<\/script>\n<!-- \/ Yoast SEO plugin. -->","yoast_head_json":{"title":"Potiers d'ailleurs - Maison Wabi-Sabi - Collection Personnelle","description":"Potiers d'ailleurs. Partez \u00e0 la d\u00e9couverte des potiers et des c\u00e9ramiques d'autres pays de la collection personnelle de Yann san.","robots":{"index":"index","follow":"follow","max-snippet":"max-snippet:-1","max-image-preview":"max-image-preview:large","max-video-preview":"max-video-preview:-1"},"canonical":"https:\/\/www.maisonwabisabi.com\/en\/collection-personnelle\/collection-potiers-ailleurs\/","og_locale":"en_GB","og_type":"article","og_title":"Potiers d'ailleurs - Maison Wabi-Sabi - Collection Personnelle","og_description":"Potiers d'ailleurs. Partez \u00e0 la d\u00e9couverte des potiers et des c\u00e9ramiques d'autres pays de la collection personnelle de Yann san.","og_url":"https:\/\/www.maisonwabisabi.com\/en\/collection-personnelle\/collection-potiers-ailleurs\/","og_site_name":"Maison Wabi-Sabi","article_publisher":"https:\/\/www.facebook.com\/MaisonWabiSabi","article_modified_time":"2026-02-04T20:10:02+00:00","og_image":[{"width":1024,"height":1024,"url":"https:\/\/www.maisonwabisabi.com\/wp-content\/uploads\/2022\/07\/Phil-ROGERS-Yunomi-Face1.jpg","type":"image\/jpeg"}],"twitter_card":"summary_large_image","twitter_misc":{"Estimated reading time":"2 minutes"},"schema":{"@context":"https:\/\/schema.org","@graph":[{"@type":"WebPage","@id":"https:\/\/www.maisonwabisabi.com\/collection-personnelle\/collection-potiers-ailleurs\/","url":"https:\/\/www.maisonwabisabi.com\/collection-personnelle\/collection-potiers-ailleurs\/","name":"Potiers d'ailleurs - Maison Wabi-Sabi - Collection Personnelle","isPartOf":{"@id":"https:\/\/www.maisonwabisabi.com\/#website"},"primaryImageOfPage":{"@id":"https:\/\/www.maisonwabisabi.com\/collection-personnelle\/collection-potiers-ailleurs\/#primaryimage"},"image":{"@id":"https:\/\/www.maisonwabisabi.com\/collection-personnelle\/collection-potiers-ailleurs\/#primaryimage"},"thumbnailUrl":"https:\/\/www.maisonwabisabi.com\/wp-content\/uploads\/2022\/07\/Phil-ROGERS-Yunomi-Face1.jpg","datePublished":"2021-12-17T16:13:56+00:00","dateModified":"2026-02-04T20:10:02+00:00","description":"Potiers d'ailleurs. Partez \u00e0 la d\u00e9couverte des potiers et des c\u00e9ramiques d'autres pays de la collection personnelle de Yann san.","breadcrumb":{"@id":"https:\/\/www.maisonwabisabi.com\/collection-personnelle\/collection-potiers-ailleurs\/#breadcrumb"},"inLanguage":"en-GB","potentialAction":[{"@type":"ReadAction","target":["https:\/\/www.maisonwabisabi.com\/collection-personnelle\/collection-potiers-ailleurs\/"]}]},{"@type":"ImageObject","inLanguage":"en-GB","@id":"https:\/\/www.maisonwabisabi.com\/collection-personnelle\/collection-potiers-ailleurs\/#primaryimage","url":"https:\/\/www.maisonwabisabi.com\/wp-content\/uploads\/2022\/07\/Phil-ROGERS-Yunomi-Face1.jpg","contentUrl":"https:\/\/www.maisonwabisabi.com\/wp-content\/uploads\/2022\/07\/Phil-ROGERS-Yunomi-Face1.jpg"},{"@type":"BreadcrumbList","@id":"https:\/\/www.maisonwabisabi.com\/collection-personnelle\/collection-potiers-ailleurs\/#breadcrumb","itemListElement":[{"@type":"ListItem","position":1,"name":"Bienvenue","item":"https:\/\/www.maisonwabisabi.com\/"},{"@type":"ListItem","position":2,"name":"Collection Personnelle","item":"https:\/\/www.maisonwabisabi.com\/collection-personnelle\/"},{"@type":"ListItem","position":3,"name":"Potiers d&rsquo;ailleurs"}]},{"@type":"WebSite","@id":"https:\/\/www.maisonwabisabi.com\/#website","url":"https:\/\/www.maisonwabisabi.com\/","name":"Maison Wabi-Sabi","description":"","publisher":{"@id":"https:\/\/www.maisonwabisabi.com\/#organization"},"potentialAction":[{"@type":"SearchAction","target":{"@type":"EntryPoint","urlTemplate":"https:\/\/www.maisonwabisabi.com\/?s={search_term_string}"},"query-input":{"@type":"PropertyValueSpecification","valueRequired":true,"valueName":"search_term_string"}}],"inLanguage":"en-GB"},{"@type":"Organization","@id":"https:\/\/www.maisonwabisabi.com\/#organization","name":"Maison Wabi-Sabi","url":"https:\/\/www.maisonwabisabi.com\/","logo":{"@type":"ImageObject","inLanguage":"en-GB","@id":"https:\/\/www.maisonwabisabi.com\/#\/schema\/logo\/image\/","url":"https:\/\/www.maisonwabisabi.com\/wp-content\/uploads\/2021\/11\/Logo-de-maison-Wabi-Sabi.jpg","contentUrl":"https:\/\/www.maisonwabisabi.com\/wp-content\/uploads\/2021\/11\/Logo-de-maison-Wabi-Sabi.jpg","width":1024,"height":1024,"caption":"Maison Wabi-Sabi"},"image":{"@id":"https:\/\/www.maisonwabisabi.com\/#\/schema\/logo\/image\/"},"sameAs":["https:\/\/www.facebook.com\/MaisonWabiSabi","https:\/\/www.instagram.com\/maison.wabi.sabi\/?hl=fr","https:\/\/www.linkedin.com\/company\/69088467"]}]}},"_links":{"self":[{"href":"https:\/\/www.maisonwabisabi.com\/en\/wp-json\/wp\/v2\/pages\/1880","targetHints":{"allow":["GET"]}}],"collection":[{"href":"https:\/\/www.maisonwabisabi.com\/en\/wp-json\/wp\/v2\/pages"}],"about":[{"href":"https:\/\/www.maisonwabisabi.com\/en\/wp-json\/wp\/v2\/types\/page"}],"author":[{"embeddable":true,"href":"https:\/\/www.maisonwabisabi.com\/en\/wp-json\/wp\/v2\/users\/1"}],"replies":[{"embeddable":true,"href":"https:\/\/www.maisonwabisabi.com\/en\/wp-json\/wp\/v2\/comments?post=1880"}],"version-history":[{"count":2,"href":"https:\/\/www.maisonwabisabi.com\/en\/wp-json\/wp\/v2\/pages\/1880\/revisions"}],"predecessor-version":[{"id":39069,"href":"https:\/\/www.maisonwabisabi.com\/en\/wp-json\/wp\/v2\/pages\/1880\/revisions\/39069"}],"up":[{"embeddable":true,"href":"https:\/\/www.maisonwabisabi.com\/en\/wp-json\/wp\/v2\/pages\/33"}],"wp:attachment":[{"href":"https:\/\/www.maisonwabisabi.com\/en\/wp-json\/wp\/v2\/media?parent=1880"}],"curies":[{"name":"wp","href":"https:\/\/api.w.org\/{rel}","templated":true}]}}