{"id":40248,"date":"2026-04-04T08:56:36","date_gmt":"2026-04-04T06:56:36","guid":{"rendered":"https:\/\/www.maisonwabisabi.com\/?post_type=product&#038;p=40248"},"modified":"2026-04-04T14:22:59","modified_gmt":"2026-04-04T12:22:59","slug":"bol-large-1-mike-martino","status":"publish","type":"product","link":"http:\/\/www.maisonwabisabi.com\/en\/boutique\/bol-large-1-mike-martino\/","title":{"rendered":"Bol large Crevette 515ml &#8211; Mike MARTINO"},"content":{"rendered":"<p>C\u00e9ramiste : Mike MARTINO<\/p>\n<p>Localisation : Ville de Taku &#8211; Pr\u00e9fecture de Saga &#8211; R\u00e9gion de Ky\u016bsh\u016b\u00a0 &#8211; \u00cele de Ky\u016bsh\u016b<\/p>\n<p>Pays : Japon<\/p>\n<p>C\u00e9ramiste am\u00e9ricain du Nouveau-Mexique, install\u00e9 au Japon depuis 1990, o\u00f9 il d\u00e9veloppe une pratique profond\u00e9ment li\u00e9e au style Karatsu-yaki, originaire de Karatsu. Il d\u00e9couvre pleinement la c\u00e9ramique en 2002 apr\u00e8s sa rencontre avec son mentor Yoshihisa TSURUTA. En 2005, il fonde son atelier Gotanbayashi Kama (\u4e94\u53cd\u6797\u7aaf) \u00e0 Taku, puis construit en 2010 un four \u00e0 bois de type anagama\/noborigama. Son travail s\u2019inscrit dans une tradition vieille de plusieurs si\u00e8cles, caract\u00e9ris\u00e9e par des formes simples, des \u00e9maux sobres et une esth\u00e9tique marqu\u00e9e par le wabi-sabi. Il fabrique principalement des objets utilitaires \u2014 bols, plats, pi\u00e8ces pour le th\u00e9 \u2014 pens\u00e9s pour un usage quotidien. Pour Martino, une pi\u00e8ce de Karatsu n\u2019est compl\u00e8te qu\u2019\u00e0 travers son utilisation, \u00e9voluant avec le temps. Il travaille avec des argiles locales, cherchant \u00e0 cr\u00e9er des objets durables, sensibles et profond\u00e9ment ancr\u00e9s dans leur environnement.<\/p>\n<p>Pour d\u00e9couvrir plus en d\u00e9tails son univers, son m\u00e9tier et sa relation avec la c\u00e9ramique, je vous invite \u00e0 cliquer ici =&gt; <a href=\"https:\/\/www.maisonwabisabi.com\/en\/mike-martino\/\" target=\"_blank\" rel=\"noopener\">Mike MARTINO<\/a><\/p>","protected":false},"excerpt":{"rendered":"<p><span style=\"color: #000000;\"><strong>Dimensions :<\/strong> Longueur 19,8 cm x Largeur 19,7 cm x Hauteur 5,8 cm<\/span><\/p>\n<p><span style=\"color: #000000;\"><strong>Cat\u00e9gorie du produit : <\/strong><\/span><span style=\"color: #ff0000;\"><a style=\"color: #ff0000;\" href=\"https:\/\/www.maisonwabisabi.com\/en\/bol-large\/\" target=\"_blank\" rel=\"noopener\">Bol large &#8211; Donburi &#8211; <span class=\"s1\">\u3069\u3093\u3076\u308a<\/span><\/a><\/span><\/p>\n<p><span style=\"color: #000000;\"><strong style=\"color: #000000;\">Gamme du produit : <\/strong><a href=\"https:\/\/www.maisonwabisabi.com\/en\/utsuwa\/les-bols\/\" target=\"_blank\" rel=\"noopener\"><span style=\"color: #ff0000;\">The bowls<\/span><\/a><\/span><\/p>\n<p><span style=\"color: #000000;\"><strong>Message de Yann san :<\/strong> Un <span style=\"color: #ff0000;\"><a style=\"color: #ff0000;\" href=\"https:\/\/www.maisonwabisabi.com\/en\/utsuwa\/\" target=\"_blank\" rel=\"noopener\">Utsuwa<\/a><\/span> est un r\u00e9cipient d&rsquo;utilisation quotidienne. Chez <span style=\"color: #ff0000;\"><a style=\"color: #ff0000;\" href=\"https:\/\/www.maisonwabisabi.com\/en\/notre-histoire\/\" target=\"_blank\" rel=\"noopener\">Maison Wabi-Sabi<\/a><\/span>, nous vous proposons des pi\u00e8ces uniques fabriqu\u00e9es artisanalement. Et qui dit unique et artisanale signifie Wabi-Sabi et <span style=\"color: #ff0000;\"><a style=\"color: #ff0000;\" href=\"https:\/\/www.maisonwabisabi.com\/en\/utsuwa\/imperfection-artisanale\/\" target=\"_blank\" rel=\"noopener\">imperfection artisanale<\/a><\/span>. La taille, la couleur et la forme peuvent diff\u00e9rer l\u00e9g\u00e8rement selon la photo ou une autre c\u00e9ramique du m\u00eame artiste. Le travail manuel et les caract\u00e9ristiques de cette c\u00e9ramique en font une oeuvre d&rsquo;art d&rsquo;une grande qualit\u00e9. Plus d&rsquo;infos sur Maison Wabi-Sabi : c&rsquo;est par <span style=\"color: #ff0000;\"><a style=\"color: #ff0000;\" href=\"https:\/\/linktr.ee\/Maison.Wabi.Sabi\" target=\"_blank\" rel=\"noopener\">ici<\/a><\/span><\/span><\/p>\n<p><span style=\"color: #000000;\"><strong>Prendre soin :<\/strong> Nettoyer avec une \u00e9ponge douce, sans d\u00e9tergent abrasif. Ne passe pas au micro-ondes et au lave-vaisselle. Plus d&rsquo;informations : <span style=\"color: #ff0000;\"><a style=\"color: #ff0000;\" href=\"https:\/\/www.maisonwabisabi.com\/en\/utsuwa\/soin-et-manipulation-des-poteries\/\" target=\"_blank\" rel=\"noopener\">Care and handling of pottery<\/a><\/span><\/span><\/p>\n<p><span style=\"color: #000000;\"><strong>Utilisations :<\/strong> Convient pour toutes les <span style=\"color: #ff0000;\"><a style=\"color: #ff0000;\" href=\"https:\/\/www.maisonwabisabi.com\/en\/principales-categories\/\">recettes<\/a><\/span>. \u00c0 vous de vous l&rsquo;approprier et de l&rsquo;utiliser \u00e0 votre convenance.<\/span><\/p>\n<p><span style=\"color: #0000ff;\"><strong>=&gt; \u00c0 PARTIR DE 120\u20ac D&rsquo;ACHAT, LIVRAISON OFFERTE en FRANCE M\u00c9TROPOLITAINE &amp; en EUROPE.<\/strong><\/span><\/p>\n<p><span style=\"color: #000000;\"><strong>Mondial Relay en Point Relais\u00ae ou Locker :<\/strong> <span style=\"color: #ff0000;\"><a style=\"color: #ff0000;\" href=\"https:\/\/www.maisonwabisabi.com\/en\/livraisons-retours\/\">Livraison<\/a><\/span> France sous 3 \u00e0 10 jours ouvr\u00e9s et Europe, incluant la remise du colis contre signature. <\/span><span style=\"color: #000000;\"><strong>La Poste Colissimo Domicile :<\/strong> <span style=\"color: #ff0000;\"><a style=\"color: #ff0000;\" href=\"https:\/\/www.maisonwabisabi.com\/en\/livraisons-retours\/\">Livraison<\/a><\/span> France, Europe et Internationale avec suivi et remise en main propre contre signature.<\/span><\/p>","protected":false},"featured_media":40271,"comment_status":"closed","ping_status":"closed","template":"","meta":{"site-sidebar-layout":"default","site-content-layout":"","ast-site-content-layout":"default","site-content-style":"default","site-sidebar-style":"default","ast-global-header-display":"","ast-banner-title-visibility":"","ast-main-header-display":"","ast-hfb-above-header-display":"","ast-hfb-below-header-display":"","ast-hfb-mobile-header-display":"","site-post-title":"","ast-breadcrumbs-content":"","ast-featured-img":"","footer-sml-layout":"","ast-disable-related-posts":"","theme-transparent-header-meta":"default","adv-header-id-meta":"","stick-header-meta":"","header-above-stick-meta":"","header-main-stick-meta":"","header-below-stick-meta":"","astra-migrate-meta-layouts":"set","ast-page-background-enabled":"default","ast-page-background-meta":{"desktop":{"background-color":"var(--ast-global-color-5)","background-image":"","background-repeat":"repeat","background-position":"center center","background-size":"auto","background-attachment":"scroll","background-type":"","background-media":"","overlay-type":"","overlay-color":"","overlay-opacity":"","overlay-gradient":""},"tablet":{"background-color":"","background-image":"","background-repeat":"repeat","background-position":"center center","background-size":"auto","background-attachment":"scroll","background-type":"","background-media":"","overlay-type":"","overlay-color":"","overlay-opacity":"","overlay-gradient":""},"mobile":{"background-color":"","background-image":"","background-repeat":"repeat","background-position":"center center","background-size":"auto","background-attachment":"scroll","background-type":"","background-media":"","overlay-type":"","overlay-color":"","overlay-opacity":"","overlay-gradient":""}},"ast-content-background-meta":{"desktop":{"background-color":"var(--ast-global-color-4)","background-image":"","background-repeat":"repeat","background-position":"center center","background-size":"auto","background-attachment":"scroll","background-type":"","background-media":"","overlay-type":"","overlay-color":"","overlay-opacity":"","overlay-gradient":""},"tablet":{"background-color":"var(--ast-global-color-4)","background-image":"","background-repeat":"repeat","background-position":"center center","background-size":"auto","background-attachment":"scroll","background-type":"","background-media":"","overlay-type":"","overlay-color":"","overlay-opacity":"","overlay-gradient":""},"mobile":{"background-color":"var(--ast-global-color-4)","background-image":"","background-repeat":"repeat","background-position":"center center","background-size":"auto","background-attachment":"scroll","background-type":"","background-media":"","overlay-type":"","overlay-color":"","overlay-opacity":"","overlay-gradient":""}}},"product_brand":[],"product_cat":[100,193,93,289,291],"product_tag":[],"class_list":{"0":"post-40248","1":"product","2":"type-product","3":"status-publish","4":"has-post-thumbnail","6":"product_cat-bols-larges","7":"product_cat-ceramistes-du-japon","8":"product_cat-gamme-des-bols","9":"product_cat-ceramiste-mike-martino","10":"product_cat-collection-haru-2026","11":"product_shipping_class-plus-de-1-kilo","12":"desktop-align-left","13":"tablet-align-left","14":"mobile-align-left","16":"first","17":"instock","18":"sold-individually","19":"shipping-taxable","20":"purchasable","21":"product-type-simple"},"yoast_head":"<!-- This site is optimized with the Yoast SEO plugin v27.5 - https:\/\/yoast.com\/product\/yoast-seo-wordpress\/ -->\n<title>Bol large #1 Mike MARTINO - Maison Wabi-Sabi - Boutique<\/title>\n<meta name=\"description\" content=\"Bol large #1 Mike MARTINO \u30de\u30a4\u30af\u30de\u30eb\u30c6\u30a3\u30fc\u30ce. Il est situ\u00e9 \u00e0 Taku, pr\u00e9fecture de Saga, r\u00e9gion de Ky\u016bsh\u016b, au Japon. Karatsu-yaki. C\u00e9ramique japonaise.\" \/>\n<meta name=\"robots\" content=\"index, follow, max-snippet:-1, max-image-preview:large, max-video-preview:-1\" \/>\n<link rel=\"canonical\" href=\"https:\/\/www.maisonwabisabi.com\/en\/boutique\/bol-large-1-mike-martino\/\" \/>\n<meta property=\"og:locale\" content=\"en_GB\" \/>\n<meta property=\"og:type\" content=\"article\" \/>\n<meta property=\"og:title\" content=\"Bol large #1 Mike MARTINO - Maison Wabi-Sabi - Boutique\" \/>\n<meta property=\"og:description\" content=\"Bol large #1 Mike MARTINO \u30de\u30a4\u30af\u30de\u30eb\u30c6\u30a3\u30fc\u30ce. Il est situ\u00e9 \u00e0 Taku, pr\u00e9fecture de Saga, r\u00e9gion de Ky\u016bsh\u016b, au Japon. Karatsu-yaki. C\u00e9ramique japonaise.\" \/>\n<meta property=\"og:url\" content=\"https:\/\/www.maisonwabisabi.com\/en\/boutique\/bol-large-1-mike-martino\/\" \/>\n<meta property=\"og:site_name\" content=\"Maison Wabi-Sabi\" \/>\n<meta property=\"article:publisher\" content=\"https:\/\/www.facebook.com\/MaisonWabiSabi\" \/>\n<meta property=\"article:modified_time\" content=\"2026-04-04T12:22:59+00:00\" \/>\n<meta property=\"og:image\" content=\"https:\/\/www.maisonwabisabi.com\/wp-content\/uploads\/2026\/04\/H26MikMARTJPNDON1-Interieur.jpg\" \/>\n\t<meta property=\"og:image:width\" content=\"1024\" \/>\n\t<meta property=\"og:image:height\" content=\"1024\" \/>\n\t<meta property=\"og:image:type\" content=\"image\/jpeg\" \/>\n<meta name=\"twitter:card\" content=\"summary_large_image\" \/>\n<meta name=\"twitter:label1\" content=\"Estimated reading time\" \/>\n\t<meta name=\"twitter:data1\" content=\"2 minutes\" \/>\n<script type=\"application\/ld+json\" class=\"yoast-schema-graph\">{\"@context\":\"https:\\\/\\\/schema.org\",\"@graph\":[{\"@type\":\"WebPage\",\"@id\":\"https:\\\/\\\/www.maisonwabisabi.com\\\/boutique\\\/bol-large-1-mike-martino\\\/\",\"url\":\"https:\\\/\\\/www.maisonwabisabi.com\\\/boutique\\\/bol-large-1-mike-martino\\\/\",\"name\":\"Bol large #1 Mike MARTINO - Maison Wabi-Sabi - Boutique\",\"isPartOf\":{\"@id\":\"https:\\\/\\\/www.maisonwabisabi.com\\\/#website\"},\"primaryImageOfPage\":{\"@id\":\"https:\\\/\\\/www.maisonwabisabi.com\\\/boutique\\\/bol-large-1-mike-martino\\\/#primaryimage\"},\"image\":{\"@id\":\"https:\\\/\\\/www.maisonwabisabi.com\\\/boutique\\\/bol-large-1-mike-martino\\\/#primaryimage\"},\"thumbnailUrl\":\"https:\\\/\\\/www.maisonwabisabi.com\\\/wp-content\\\/uploads\\\/2026\\\/04\\\/H26MikMARTJPNDON1-Interieur.jpg\",\"datePublished\":\"2026-04-04T06:56:36+00:00\",\"dateModified\":\"2026-04-04T12:22:59+00:00\",\"description\":\"Bol large #1 Mike MARTINO \u30de\u30a4\u30af\u30de\u30eb\u30c6\u30a3\u30fc\u30ce. Il est situ\u00e9 \u00e0 Taku, pr\u00e9fecture de Saga, r\u00e9gion de Ky\u016bsh\u016b, au Japon. Karatsu-yaki. C\u00e9ramique japonaise.\",\"breadcrumb\":{\"@id\":\"https:\\\/\\\/www.maisonwabisabi.com\\\/boutique\\\/bol-large-1-mike-martino\\\/#breadcrumb\"},\"inLanguage\":\"en-GB\",\"potentialAction\":[{\"@type\":\"ReadAction\",\"target\":[\"https:\\\/\\\/www.maisonwabisabi.com\\\/boutique\\\/bol-large-1-mike-martino\\\/\"]}]},{\"@type\":\"ImageObject\",\"inLanguage\":\"en-GB\",\"@id\":\"https:\\\/\\\/www.maisonwabisabi.com\\\/boutique\\\/bol-large-1-mike-martino\\\/#primaryimage\",\"url\":\"https:\\\/\\\/www.maisonwabisabi.com\\\/wp-content\\\/uploads\\\/2026\\\/04\\\/H26MikMARTJPNDON1-Interieur.jpg\",\"contentUrl\":\"https:\\\/\\\/www.maisonwabisabi.com\\\/wp-content\\\/uploads\\\/2026\\\/04\\\/H26MikMARTJPNDON1-Interieur.jpg\",\"width\":1024,\"height\":1024,\"caption\":\"Bol large - Mike MARTINO - Int\u00e9rieur\"},{\"@type\":\"BreadcrumbList\",\"@id\":\"https:\\\/\\\/www.maisonwabisabi.com\\\/boutique\\\/bol-large-1-mike-martino\\\/#breadcrumb\",\"itemListElement\":[{\"@type\":\"ListItem\",\"position\":1,\"name\":\"Bienvenue\",\"item\":\"https:\\\/\\\/www.maisonwabisabi.com\\\/\"},{\"@type\":\"ListItem\",\"position\":2,\"name\":\"E-shop \\\/ Boutique\",\"item\":\"https:\\\/\\\/www.maisonwabisabi.com\\\/boutique\\\/\"},{\"@type\":\"ListItem\",\"position\":3,\"name\":\"Bol large Crevette 515ml &#8211; Mike MARTINO\"}]},{\"@type\":\"WebSite\",\"@id\":\"https:\\\/\\\/www.maisonwabisabi.com\\\/#website\",\"url\":\"https:\\\/\\\/www.maisonwabisabi.com\\\/\",\"name\":\"Maison Wabi-Sabi\",\"description\":\"\",\"publisher\":{\"@id\":\"https:\\\/\\\/www.maisonwabisabi.com\\\/#organization\"},\"potentialAction\":[{\"@type\":\"SearchAction\",\"target\":{\"@type\":\"EntryPoint\",\"urlTemplate\":\"https:\\\/\\\/www.maisonwabisabi.com\\\/?s={search_term_string}\"},\"query-input\":{\"@type\":\"PropertyValueSpecification\",\"valueRequired\":true,\"valueName\":\"search_term_string\"}}],\"inLanguage\":\"en-GB\"},{\"@type\":\"Organization\",\"@id\":\"https:\\\/\\\/www.maisonwabisabi.com\\\/#organization\",\"name\":\"Maison Wabi-Sabi\",\"url\":\"https:\\\/\\\/www.maisonwabisabi.com\\\/\",\"logo\":{\"@type\":\"ImageObject\",\"inLanguage\":\"en-GB\",\"@id\":\"https:\\\/\\\/www.maisonwabisabi.com\\\/#\\\/schema\\\/logo\\\/image\\\/\",\"url\":\"https:\\\/\\\/www.maisonwabisabi.com\\\/wp-content\\\/uploads\\\/2021\\\/11\\\/Logo-de-maison-Wabi-Sabi.jpg\",\"contentUrl\":\"https:\\\/\\\/www.maisonwabisabi.com\\\/wp-content\\\/uploads\\\/2021\\\/11\\\/Logo-de-maison-Wabi-Sabi.jpg\",\"width\":1024,\"height\":1024,\"caption\":\"Maison Wabi-Sabi\"},\"image\":{\"@id\":\"https:\\\/\\\/www.maisonwabisabi.com\\\/#\\\/schema\\\/logo\\\/image\\\/\"},\"sameAs\":[\"https:\\\/\\\/www.facebook.com\\\/MaisonWabiSabi\",\"https:\\\/\\\/www.instagram.com\\\/maison.wabi.sabi\\\/?hl=fr\",\"https:\\\/\\\/www.linkedin.com\\\/company\\\/69088467\"]}]}<\/script>\n<!-- \/ Yoast SEO plugin. -->","yoast_head_json":{"title":"Bol large #1 Mike MARTINO - Maison Wabi-Sabi - Boutique","description":"Bol large #1 Mike MARTINO \u30de\u30a4\u30af\u30de\u30eb\u30c6\u30a3\u30fc\u30ce. Il est situ\u00e9 \u00e0 Taku, pr\u00e9fecture de Saga, r\u00e9gion de Ky\u016bsh\u016b, au Japon. Karatsu-yaki. C\u00e9ramique japonaise.","robots":{"index":"index","follow":"follow","max-snippet":"max-snippet:-1","max-image-preview":"max-image-preview:large","max-video-preview":"max-video-preview:-1"},"canonical":"https:\/\/www.maisonwabisabi.com\/en\/boutique\/bol-large-1-mike-martino\/","og_locale":"en_GB","og_type":"article","og_title":"Bol large #1 Mike MARTINO - Maison Wabi-Sabi - Boutique","og_description":"Bol large #1 Mike MARTINO \u30de\u30a4\u30af\u30de\u30eb\u30c6\u30a3\u30fc\u30ce. Il est situ\u00e9 \u00e0 Taku, pr\u00e9fecture de Saga, r\u00e9gion de Ky\u016bsh\u016b, au Japon. Karatsu-yaki. C\u00e9ramique japonaise.","og_url":"https:\/\/www.maisonwabisabi.com\/en\/boutique\/bol-large-1-mike-martino\/","og_site_name":"Maison Wabi-Sabi","article_publisher":"https:\/\/www.facebook.com\/MaisonWabiSabi","article_modified_time":"2026-04-04T12:22:59+00:00","og_image":[{"width":1024,"height":1024,"url":"https:\/\/www.maisonwabisabi.com\/wp-content\/uploads\/2026\/04\/H26MikMARTJPNDON1-Interieur.jpg","type":"image\/jpeg"}],"twitter_card":"summary_large_image","twitter_misc":{"Estimated reading time":"2 minutes"},"schema":{"@context":"https:\/\/schema.org","@graph":[{"@type":"WebPage","@id":"https:\/\/www.maisonwabisabi.com\/boutique\/bol-large-1-mike-martino\/","url":"https:\/\/www.maisonwabisabi.com\/boutique\/bol-large-1-mike-martino\/","name":"Bol large #1 Mike MARTINO - Maison Wabi-Sabi - Boutique","isPartOf":{"@id":"https:\/\/www.maisonwabisabi.com\/#website"},"primaryImageOfPage":{"@id":"https:\/\/www.maisonwabisabi.com\/boutique\/bol-large-1-mike-martino\/#primaryimage"},"image":{"@id":"https:\/\/www.maisonwabisabi.com\/boutique\/bol-large-1-mike-martino\/#primaryimage"},"thumbnailUrl":"https:\/\/www.maisonwabisabi.com\/wp-content\/uploads\/2026\/04\/H26MikMARTJPNDON1-Interieur.jpg","datePublished":"2026-04-04T06:56:36+00:00","dateModified":"2026-04-04T12:22:59+00:00","description":"Bol large #1 Mike MARTINO \u30de\u30a4\u30af\u30de\u30eb\u30c6\u30a3\u30fc\u30ce. Il est situ\u00e9 \u00e0 Taku, pr\u00e9fecture de Saga, r\u00e9gion de Ky\u016bsh\u016b, au Japon. Karatsu-yaki. C\u00e9ramique japonaise.","breadcrumb":{"@id":"https:\/\/www.maisonwabisabi.com\/boutique\/bol-large-1-mike-martino\/#breadcrumb"},"inLanguage":"en-GB","potentialAction":[{"@type":"ReadAction","target":["https:\/\/www.maisonwabisabi.com\/boutique\/bol-large-1-mike-martino\/"]}]},{"@type":"ImageObject","inLanguage":"en-GB","@id":"https:\/\/www.maisonwabisabi.com\/boutique\/bol-large-1-mike-martino\/#primaryimage","url":"https:\/\/www.maisonwabisabi.com\/wp-content\/uploads\/2026\/04\/H26MikMARTJPNDON1-Interieur.jpg","contentUrl":"https:\/\/www.maisonwabisabi.com\/wp-content\/uploads\/2026\/04\/H26MikMARTJPNDON1-Interieur.jpg","width":1024,"height":1024,"caption":"Bol large - Mike MARTINO - Int\u00e9rieur"},{"@type":"BreadcrumbList","@id":"https:\/\/www.maisonwabisabi.com\/boutique\/bol-large-1-mike-martino\/#breadcrumb","itemListElement":[{"@type":"ListItem","position":1,"name":"Bienvenue","item":"https:\/\/www.maisonwabisabi.com\/"},{"@type":"ListItem","position":2,"name":"E-shop \/ Boutique","item":"https:\/\/www.maisonwabisabi.com\/boutique\/"},{"@type":"ListItem","position":3,"name":"Bol large Crevette 515ml &#8211; Mike MARTINO"}]},{"@type":"WebSite","@id":"https:\/\/www.maisonwabisabi.com\/#website","url":"https:\/\/www.maisonwabisabi.com\/","name":"Maison Wabi-Sabi","description":"","publisher":{"@id":"https:\/\/www.maisonwabisabi.com\/#organization"},"potentialAction":[{"@type":"SearchAction","target":{"@type":"EntryPoint","urlTemplate":"https:\/\/www.maisonwabisabi.com\/?s={search_term_string}"},"query-input":{"@type":"PropertyValueSpecification","valueRequired":true,"valueName":"search_term_string"}}],"inLanguage":"en-GB"},{"@type":"Organization","@id":"https:\/\/www.maisonwabisabi.com\/#organization","name":"Maison Wabi-Sabi","url":"https:\/\/www.maisonwabisabi.com\/","logo":{"@type":"ImageObject","inLanguage":"en-GB","@id":"https:\/\/www.maisonwabisabi.com\/#\/schema\/logo\/image\/","url":"https:\/\/www.maisonwabisabi.com\/wp-content\/uploads\/2021\/11\/Logo-de-maison-Wabi-Sabi.jpg","contentUrl":"https:\/\/www.maisonwabisabi.com\/wp-content\/uploads\/2021\/11\/Logo-de-maison-Wabi-Sabi.jpg","width":1024,"height":1024,"caption":"Maison Wabi-Sabi"},"image":{"@id":"https:\/\/www.maisonwabisabi.com\/#\/schema\/logo\/image\/"},"sameAs":["https:\/\/www.facebook.com\/MaisonWabiSabi","https:\/\/www.instagram.com\/maison.wabi.sabi\/?hl=fr","https:\/\/www.linkedin.com\/company\/69088467"]}]}},"_links":{"self":[{"href":"http:\/\/www.maisonwabisabi.com\/en\/wp-json\/wp\/v2\/product\/40248","targetHints":{"allow":["GET"]}}],"collection":[{"href":"http:\/\/www.maisonwabisabi.com\/en\/wp-json\/wp\/v2\/product"}],"about":[{"href":"http:\/\/www.maisonwabisabi.com\/en\/wp-json\/wp\/v2\/types\/product"}],"replies":[{"embeddable":true,"href":"http:\/\/www.maisonwabisabi.com\/en\/wp-json\/wp\/v2\/comments?post=40248"}],"wp:featuredmedia":[{"embeddable":true,"href":"http:\/\/www.maisonwabisabi.com\/en\/wp-json\/wp\/v2\/media\/40271"}],"wp:attachment":[{"href":"http:\/\/www.maisonwabisabi.com\/en\/wp-json\/wp\/v2\/media?parent=40248"}],"wp:term":[{"taxonomy":"product_brand","embeddable":true,"href":"http:\/\/www.maisonwabisabi.com\/en\/wp-json\/wp\/v2\/product_brand?post=40248"},{"taxonomy":"product_cat","embeddable":true,"href":"http:\/\/www.maisonwabisabi.com\/en\/wp-json\/wp\/v2\/product_cat?post=40248"},{"taxonomy":"product_tag","embeddable":true,"href":"http:\/\/www.maisonwabisabi.com\/en\/wp-json\/wp\/v2\/product_tag?post=40248"}],"curies":[{"name":"wp","href":"https:\/\/api.w.org\/{rel}","templated":true}]}}