{"id":39308,"date":"2026-02-15T20:42:18","date_gmt":"2026-02-15T19:42:18","guid":{"rendered":"https:\/\/www.maisonwabisabi.com\/?post_type=product&#038;p=39308"},"modified":"2026-03-18T11:53:57","modified_gmt":"2026-03-18T10:53:57","slug":"porte-encens-26-anne-gesret","status":"publish","type":"product","link":"http:\/\/www.maisonwabisabi.com\/en\/boutique\/porte-encens-26-anne-gesret\/","title":{"rendered":"Porte-encens rond sur pied 9,4cm \u2013 Anne GESRET"},"content":{"rendered":"<p>C\u00e9ramiste : Anne GESRET<\/p>\n<p>Localisation : Ville de Paris &#8211; D\u00e9partement de Paris &#8211;\u00a0 R\u00e9gion \u00cele de France<\/p>\n<p>Pays : France<\/p>\n<p>\u201cJe suis c\u00e9ramiste parce que je travaille la mati\u00e8re argile, mais je suis surtout poti\u00e8re : je cr\u00e9e des pots, formes famili\u00e8res qui ont un usage et qui font partie du quotidien. Ce mot, qu\u2019on peut trouver d\u00e9mod\u00e9, est le plus pr\u00e9cis selon moi. Il refl\u00e8te le mieux mon travail et j\u2019aime sa simplicit\u00e9. Je cherche \u00e0 fa\u00e7onner des pi\u00e8ces discr\u00e8tement belles et utiles, qui s\u2019installent dans le quotidien mais que l\u2019on se surprend \u00e0 admirer, et qui ne se d\u00e9modent pas. Je suis attach\u00e9e \u00e0 l\u2019ad\u00e9quation entre forme et fonction, d\u2019o\u00f9 surgit une certaine beaut\u00e9 selon moi. Mes bols, th\u00e9i\u00e8res et autres contenants sont en g\u00e9n\u00e9ral fins et l\u00e9gers, les formes et courbes sont travaill\u00e9es et les \u00e9maux privil\u00e9gient la douceur au toucher et au regard, dans des tons naturels.\u201d<\/p>\n<p>Pour d\u00e9couvrir plus en d\u00e9tails son univers, son m\u00e9tier et sa relation avec la c\u00e9ramique, je vous invite \u00e0 cliquer ici =&gt; <a href=\"https:\/\/www.maisonwabisabi.com\/en\/anne-gesret\/\" target=\"_blank\" rel=\"noopener\">Anne GESRET<\/a><\/p>","protected":false},"excerpt":{"rendered":"<p><span style=\"color: #000000;\"><strong>Dimensions :<\/strong> Longueur 9,4 cm x Largeur 9,4 cm x Hauteur 2,5 cm<\/span><\/p>\n<p><strong><span style=\"color: #000000;\">Cat\u00e9gorie du produit :<\/span><\/strong> <span style=\"color: #ff0000;\"><a style=\"color: #ff0000;\" href=\"https:\/\/www.maisonwabisabi.com\/en\/boutique\/porte-encens-des-ceramistes\/\" target=\"_blank\" rel=\"noopener\">Porte-encens &#8211; Ok\u014dro &#8211; \u304a\u9999\u7089<\/a><\/span><\/p>\n<p><strong><span style=\"color: #000000;\">Gamme du produit :<\/span><\/strong> <span style=\"color: #ff0000;\"><a style=\"color: #ff0000;\" href=\"https:\/\/www.maisonwabisabi.com\/en\/shokunin\/encens-japonais\/\" target=\"_blank\" rel=\"noopener\">Japanese incense<\/a><\/span><\/p>\n<p><span style=\"color: #000000;\"><strong>Message de Yann san :<\/strong> Un <span style=\"color: #ff0000;\"><a style=\"color: #ff0000;\" href=\"https:\/\/www.maisonwabisabi.com\/en\/utsuwa\/\" target=\"_blank\" rel=\"noopener\">Utsuwa<\/a><\/span> est un r\u00e9cipient d&rsquo;utilisation quotidienne. Chez <span style=\"color: #ff0000;\"><a style=\"color: #ff0000;\" href=\"https:\/\/www.maisonwabisabi.com\/en\/notre-histoire\/\" target=\"_blank\" rel=\"noopener\">Maison Wabi-Sabi<\/a><\/span>, nous vous proposons des pi\u00e8ces uniques fabriqu\u00e9es artisanalement. Et qui dit unique et artisanale signifie Wabi-Sabi et <span style=\"color: #ff0000;\"><a style=\"color: #ff0000;\" href=\"https:\/\/www.maisonwabisabi.com\/en\/utsuwa\/imperfection-artisanale\/\" target=\"_blank\" rel=\"noopener\">imperfection artisanale<\/a><\/span>. La taille, la couleur et la forme peuvent diff\u00e9rer l\u00e9g\u00e8rement selon la photo ou une autre c\u00e9ramique du m\u00eame artiste. Le travail manuel et les caract\u00e9ristiques de cette c\u00e9ramique en font une oeuvre d&rsquo;art d&rsquo;une grande qualit\u00e9. Plus d&rsquo;infos sur Maison Wabi-Sabi : c&rsquo;est par <span style=\"color: #ff0000;\"><a style=\"color: #ff0000;\" href=\"https:\/\/linktr.ee\/Maison.Wabi.Sabi\" target=\"_blank\" rel=\"noopener\">ici<\/a><\/span><\/span><\/p>\n<p><span style=\"color: #000000;\"><strong>Prendre soin :<\/strong> Nettoyer avec une \u00e9ponge douce, sans d\u00e9tergent abrasif. Ne passe pas au lave-vaisselle. Plus d&rsquo;informations : <span style=\"color: #ff0000;\"><a style=\"color: #ff0000;\" href=\"https:\/\/www.maisonwabisabi.com\/en\/utsuwa\/soin-et-manipulation-des-poteries\/\" target=\"_blank\" rel=\"noopener\">Care and handling of pottery<\/a><\/span><\/span><\/p>\n<p><span style=\"color: #000000;\"><strong>Utilisations :<\/strong> Convient pour tous les types d&rsquo;encens en b\u00e2tonnets ou en c\u00f4nes. \u00c0 vous de vous l&rsquo;approprier et de l&rsquo;utiliser \u00e0 votre convenance.<\/span><\/p>\n<p><span style=\"color: #0000ff;\"><strong>=&gt; \u00c0 PARTIR DE 120\u20ac D&rsquo;ACHAT, LIVRAISON OFFERTE en FRANCE M\u00c9TROPOLITAINE &amp; en EUROPE.<\/strong><\/span><\/p>\n<p><span style=\"color: #000000;\"><strong>Mondial Relay en Point Relais\u00ae ou Locker :<\/strong> <span style=\"color: #ff0000;\"><a style=\"color: #ff0000;\" href=\"https:\/\/www.maisonwabisabi.com\/en\/livraisons-retours\/\">Livraison<\/a><\/span> France sous 3 \u00e0 10 jours ouvr\u00e9s et Europe, incluant la remise du colis contre signature. <\/span><span style=\"color: #000000;\"><strong>La Poste Colissimo Domicile :<\/strong> <span style=\"color: #ff0000;\"><a style=\"color: #ff0000;\" href=\"https:\/\/www.maisonwabisabi.com\/en\/livraisons-retours\/\">Livraison<\/a><\/span> France, Europe et Internationale avec suivi et remise en main propre contre signature.<\/span><\/p>","protected":false},"featured_media":39313,"comment_status":"closed","ping_status":"closed","template":"","meta":{"site-sidebar-layout":"default","site-content-layout":"","ast-site-content-layout":"default","site-content-style":"default","site-sidebar-style":"default","ast-global-header-display":"","ast-banner-title-visibility":"","ast-main-header-display":"","ast-hfb-above-header-display":"","ast-hfb-below-header-display":"","ast-hfb-mobile-header-display":"","site-post-title":"","ast-breadcrumbs-content":"","ast-featured-img":"","footer-sml-layout":"","ast-disable-related-posts":"","theme-transparent-header-meta":"default","adv-header-id-meta":"","stick-header-meta":"","header-above-stick-meta":"","header-main-stick-meta":"","header-below-stick-meta":"","astra-migrate-meta-layouts":"set","ast-page-background-enabled":"default","ast-page-background-meta":{"desktop":{"background-color":"var(--ast-global-color-5)","background-image":"","background-repeat":"repeat","background-position":"center center","background-size":"auto","background-attachment":"scroll","background-type":"","background-media":"","overlay-type":"","overlay-color":"","overlay-opacity":"","overlay-gradient":""},"tablet":{"background-color":"","background-image":"","background-repeat":"repeat","background-position":"center center","background-size":"auto","background-attachment":"scroll","background-type":"","background-media":"","overlay-type":"","overlay-color":"","overlay-opacity":"","overlay-gradient":""},"mobile":{"background-color":"","background-image":"","background-repeat":"repeat","background-position":"center center","background-size":"auto","background-attachment":"scroll","background-type":"","background-media":"","overlay-type":"","overlay-color":"","overlay-opacity":"","overlay-gradient":""}},"ast-content-background-meta":{"desktop":{"background-color":"var(--ast-global-color-4)","background-image":"","background-repeat":"repeat","background-position":"center center","background-size":"auto","background-attachment":"scroll","background-type":"","background-media":"","overlay-type":"","overlay-color":"","overlay-opacity":"","overlay-gradient":""},"tablet":{"background-color":"var(--ast-global-color-4)","background-image":"","background-repeat":"repeat","background-position":"center center","background-size":"auto","background-attachment":"scroll","background-type":"","background-media":"","overlay-type":"","overlay-color":"","overlay-opacity":"","overlay-gradient":""},"mobile":{"background-color":"var(--ast-global-color-4)","background-image":"","background-repeat":"repeat","background-position":"center center","background-size":"auto","background-attachment":"scroll","background-type":"","background-media":"","overlay-type":"","overlay-color":"","overlay-opacity":"","overlay-gradient":""}}},"product_brand":[],"product_cat":[215,194,113,291],"product_tag":[],"class_list":{"0":"post-39308","1":"product","2":"type-product","3":"status-publish","4":"has-post-thumbnail","6":"product_cat-ceramiste-anne-gesret","7":"product_cat-ceramistes-de-france","8":"product_cat-gamme-des-porte-encens","9":"product_cat-collection-haru-2026","10":"product_shipping_class-moins-de-1-kilo","11":"desktop-align-left","12":"tablet-align-left","13":"mobile-align-left","15":"first","16":"instock","17":"sold-individually","18":"shipping-taxable","19":"purchasable","20":"product-type-simple"},"yoast_head":"<!-- This site is optimized with the Yoast SEO plugin v27.5 - https:\/\/yoast.com\/product\/yoast-seo-wordpress\/ -->\n<title>Porte-encens #26 Anne GESRET - Maison Wabi-Sabi - Boutique<\/title>\n<meta name=\"description\" content=\"Porte-encens #26 d&#039;Anne GESRET. Elle est situ\u00e9e \u00e0 Paris, dans le d\u00e9partement de Paris, r\u00e9gion \u00cele de France. Cuisson four \u00e9lectrique. C\u00e9ramique fran\u00e7aise.\" \/>\n<meta name=\"robots\" content=\"index, follow, max-snippet:-1, max-image-preview:large, max-video-preview:-1\" \/>\n<link rel=\"canonical\" href=\"https:\/\/www.maisonwabisabi.com\/en\/boutique\/porte-encens-26-anne-gesret\/\" \/>\n<meta property=\"og:locale\" content=\"en_GB\" \/>\n<meta property=\"og:type\" content=\"article\" \/>\n<meta property=\"og:title\" content=\"Porte-encens #26 Anne GESRET - Maison Wabi-Sabi - Boutique\" \/>\n<meta property=\"og:description\" content=\"Porte-encens #26 d&#039;Anne GESRET. Elle est situ\u00e9e \u00e0 Paris, dans le d\u00e9partement de Paris, r\u00e9gion \u00cele de France. Cuisson four \u00e9lectrique. C\u00e9ramique fran\u00e7aise.\" \/>\n<meta property=\"og:url\" content=\"https:\/\/www.maisonwabisabi.com\/en\/boutique\/porte-encens-26-anne-gesret\/\" \/>\n<meta property=\"og:site_name\" content=\"Maison Wabi-Sabi\" \/>\n<meta property=\"article:publisher\" content=\"https:\/\/www.facebook.com\/MaisonWabiSabi\" \/>\n<meta property=\"article:modified_time\" content=\"2026-03-18T10:53:57+00:00\" \/>\n<meta property=\"og:image\" content=\"https:\/\/www.maisonwabisabi.com\/wp-content\/uploads\/2026\/02\/H26AnnGESRFROKA26-Face1.jpg\" \/>\n\t<meta property=\"og:image:width\" content=\"1024\" \/>\n\t<meta property=\"og:image:height\" content=\"1024\" \/>\n\t<meta property=\"og:image:type\" content=\"image\/jpeg\" \/>\n<meta name=\"twitter:card\" content=\"summary_large_image\" \/>\n<meta name=\"twitter:label1\" content=\"Estimated reading time\" \/>\n\t<meta name=\"twitter:data1\" content=\"2 minutes\" \/>\n<script type=\"application\/ld+json\" class=\"yoast-schema-graph\">{\"@context\":\"https:\\\/\\\/schema.org\",\"@graph\":[{\"@type\":\"WebPage\",\"@id\":\"https:\\\/\\\/www.maisonwabisabi.com\\\/boutique\\\/porte-encens-26-anne-gesret\\\/\",\"url\":\"https:\\\/\\\/www.maisonwabisabi.com\\\/boutique\\\/porte-encens-26-anne-gesret\\\/\",\"name\":\"Porte-encens #26 Anne GESRET - Maison Wabi-Sabi - Boutique\",\"isPartOf\":{\"@id\":\"https:\\\/\\\/www.maisonwabisabi.com\\\/#website\"},\"primaryImageOfPage\":{\"@id\":\"https:\\\/\\\/www.maisonwabisabi.com\\\/boutique\\\/porte-encens-26-anne-gesret\\\/#primaryimage\"},\"image\":{\"@id\":\"https:\\\/\\\/www.maisonwabisabi.com\\\/boutique\\\/porte-encens-26-anne-gesret\\\/#primaryimage\"},\"thumbnailUrl\":\"https:\\\/\\\/www.maisonwabisabi.com\\\/wp-content\\\/uploads\\\/2026\\\/02\\\/H26AnnGESRFROKA26-Face1.jpg\",\"datePublished\":\"2026-02-15T19:42:18+00:00\",\"dateModified\":\"2026-03-18T10:53:57+00:00\",\"description\":\"Porte-encens #26 d'Anne GESRET. Elle est situ\u00e9e \u00e0 Paris, dans le d\u00e9partement de Paris, r\u00e9gion \u00cele de France. Cuisson four \u00e9lectrique. C\u00e9ramique fran\u00e7aise.\",\"breadcrumb\":{\"@id\":\"https:\\\/\\\/www.maisonwabisabi.com\\\/boutique\\\/porte-encens-26-anne-gesret\\\/#breadcrumb\"},\"inLanguage\":\"en-GB\",\"potentialAction\":[{\"@type\":\"ReadAction\",\"target\":[\"https:\\\/\\\/www.maisonwabisabi.com\\\/boutique\\\/porte-encens-26-anne-gesret\\\/\"]}]},{\"@type\":\"ImageObject\",\"inLanguage\":\"en-GB\",\"@id\":\"https:\\\/\\\/www.maisonwabisabi.com\\\/boutique\\\/porte-encens-26-anne-gesret\\\/#primaryimage\",\"url\":\"https:\\\/\\\/www.maisonwabisabi.com\\\/wp-content\\\/uploads\\\/2026\\\/02\\\/H26AnnGESRFROKA26-Face1.jpg\",\"contentUrl\":\"https:\\\/\\\/www.maisonwabisabi.com\\\/wp-content\\\/uploads\\\/2026\\\/02\\\/H26AnnGESRFROKA26-Face1.jpg\",\"width\":1024,\"height\":1024,\"caption\":\"Porte-encens - Anne GESRET - Face1\"},{\"@type\":\"BreadcrumbList\",\"@id\":\"https:\\\/\\\/www.maisonwabisabi.com\\\/boutique\\\/porte-encens-26-anne-gesret\\\/#breadcrumb\",\"itemListElement\":[{\"@type\":\"ListItem\",\"position\":1,\"name\":\"Bienvenue\",\"item\":\"https:\\\/\\\/www.maisonwabisabi.com\\\/\"},{\"@type\":\"ListItem\",\"position\":2,\"name\":\"E-shop \\\/ Boutique\",\"item\":\"https:\\\/\\\/www.maisonwabisabi.com\\\/boutique\\\/\"},{\"@type\":\"ListItem\",\"position\":3,\"name\":\"Porte-encens rond sur pied 9,4cm \u2013 Anne GESRET\"}]},{\"@type\":\"WebSite\",\"@id\":\"https:\\\/\\\/www.maisonwabisabi.com\\\/#website\",\"url\":\"https:\\\/\\\/www.maisonwabisabi.com\\\/\",\"name\":\"Maison Wabi-Sabi\",\"description\":\"\",\"publisher\":{\"@id\":\"https:\\\/\\\/www.maisonwabisabi.com\\\/#organization\"},\"potentialAction\":[{\"@type\":\"SearchAction\",\"target\":{\"@type\":\"EntryPoint\",\"urlTemplate\":\"https:\\\/\\\/www.maisonwabisabi.com\\\/?s={search_term_string}\"},\"query-input\":{\"@type\":\"PropertyValueSpecification\",\"valueRequired\":true,\"valueName\":\"search_term_string\"}}],\"inLanguage\":\"en-GB\"},{\"@type\":\"Organization\",\"@id\":\"https:\\\/\\\/www.maisonwabisabi.com\\\/#organization\",\"name\":\"Maison Wabi-Sabi\",\"url\":\"https:\\\/\\\/www.maisonwabisabi.com\\\/\",\"logo\":{\"@type\":\"ImageObject\",\"inLanguage\":\"en-GB\",\"@id\":\"https:\\\/\\\/www.maisonwabisabi.com\\\/#\\\/schema\\\/logo\\\/image\\\/\",\"url\":\"https:\\\/\\\/www.maisonwabisabi.com\\\/wp-content\\\/uploads\\\/2021\\\/11\\\/Logo-de-maison-Wabi-Sabi.jpg\",\"contentUrl\":\"https:\\\/\\\/www.maisonwabisabi.com\\\/wp-content\\\/uploads\\\/2021\\\/11\\\/Logo-de-maison-Wabi-Sabi.jpg\",\"width\":1024,\"height\":1024,\"caption\":\"Maison Wabi-Sabi\"},\"image\":{\"@id\":\"https:\\\/\\\/www.maisonwabisabi.com\\\/#\\\/schema\\\/logo\\\/image\\\/\"},\"sameAs\":[\"https:\\\/\\\/www.facebook.com\\\/MaisonWabiSabi\",\"https:\\\/\\\/www.instagram.com\\\/maison.wabi.sabi\\\/?hl=fr\",\"https:\\\/\\\/www.linkedin.com\\\/company\\\/69088467\"]}]}<\/script>\n<!-- \/ Yoast SEO plugin. -->","yoast_head_json":{"title":"Porte-encens #26 Anne GESRET - Maison Wabi-Sabi - Boutique","description":"Porte-encens #26 d'Anne GESRET. Elle est situ\u00e9e \u00e0 Paris, dans le d\u00e9partement de Paris, r\u00e9gion \u00cele de France. Cuisson four \u00e9lectrique. C\u00e9ramique fran\u00e7aise.","robots":{"index":"index","follow":"follow","max-snippet":"max-snippet:-1","max-image-preview":"max-image-preview:large","max-video-preview":"max-video-preview:-1"},"canonical":"https:\/\/www.maisonwabisabi.com\/en\/boutique\/porte-encens-26-anne-gesret\/","og_locale":"en_GB","og_type":"article","og_title":"Porte-encens #26 Anne GESRET - Maison Wabi-Sabi - Boutique","og_description":"Porte-encens #26 d'Anne GESRET. Elle est situ\u00e9e \u00e0 Paris, dans le d\u00e9partement de Paris, r\u00e9gion \u00cele de France. Cuisson four \u00e9lectrique. C\u00e9ramique fran\u00e7aise.","og_url":"https:\/\/www.maisonwabisabi.com\/en\/boutique\/porte-encens-26-anne-gesret\/","og_site_name":"Maison Wabi-Sabi","article_publisher":"https:\/\/www.facebook.com\/MaisonWabiSabi","article_modified_time":"2026-03-18T10:53:57+00:00","og_image":[{"width":1024,"height":1024,"url":"https:\/\/www.maisonwabisabi.com\/wp-content\/uploads\/2026\/02\/H26AnnGESRFROKA26-Face1.jpg","type":"image\/jpeg"}],"twitter_card":"summary_large_image","twitter_misc":{"Estimated reading time":"2 minutes"},"schema":{"@context":"https:\/\/schema.org","@graph":[{"@type":"WebPage","@id":"https:\/\/www.maisonwabisabi.com\/boutique\/porte-encens-26-anne-gesret\/","url":"https:\/\/www.maisonwabisabi.com\/boutique\/porte-encens-26-anne-gesret\/","name":"Porte-encens #26 Anne GESRET - Maison Wabi-Sabi - Boutique","isPartOf":{"@id":"https:\/\/www.maisonwabisabi.com\/#website"},"primaryImageOfPage":{"@id":"https:\/\/www.maisonwabisabi.com\/boutique\/porte-encens-26-anne-gesret\/#primaryimage"},"image":{"@id":"https:\/\/www.maisonwabisabi.com\/boutique\/porte-encens-26-anne-gesret\/#primaryimage"},"thumbnailUrl":"https:\/\/www.maisonwabisabi.com\/wp-content\/uploads\/2026\/02\/H26AnnGESRFROKA26-Face1.jpg","datePublished":"2026-02-15T19:42:18+00:00","dateModified":"2026-03-18T10:53:57+00:00","description":"Porte-encens #26 d'Anne GESRET. Elle est situ\u00e9e \u00e0 Paris, dans le d\u00e9partement de Paris, r\u00e9gion \u00cele de France. Cuisson four \u00e9lectrique. C\u00e9ramique fran\u00e7aise.","breadcrumb":{"@id":"https:\/\/www.maisonwabisabi.com\/boutique\/porte-encens-26-anne-gesret\/#breadcrumb"},"inLanguage":"en-GB","potentialAction":[{"@type":"ReadAction","target":["https:\/\/www.maisonwabisabi.com\/boutique\/porte-encens-26-anne-gesret\/"]}]},{"@type":"ImageObject","inLanguage":"en-GB","@id":"https:\/\/www.maisonwabisabi.com\/boutique\/porte-encens-26-anne-gesret\/#primaryimage","url":"https:\/\/www.maisonwabisabi.com\/wp-content\/uploads\/2026\/02\/H26AnnGESRFROKA26-Face1.jpg","contentUrl":"https:\/\/www.maisonwabisabi.com\/wp-content\/uploads\/2026\/02\/H26AnnGESRFROKA26-Face1.jpg","width":1024,"height":1024,"caption":"Porte-encens - Anne GESRET - Face1"},{"@type":"BreadcrumbList","@id":"https:\/\/www.maisonwabisabi.com\/boutique\/porte-encens-26-anne-gesret\/#breadcrumb","itemListElement":[{"@type":"ListItem","position":1,"name":"Bienvenue","item":"https:\/\/www.maisonwabisabi.com\/"},{"@type":"ListItem","position":2,"name":"E-shop \/ Boutique","item":"https:\/\/www.maisonwabisabi.com\/boutique\/"},{"@type":"ListItem","position":3,"name":"Porte-encens rond sur pied 9,4cm \u2013 Anne GESRET"}]},{"@type":"WebSite","@id":"https:\/\/www.maisonwabisabi.com\/#website","url":"https:\/\/www.maisonwabisabi.com\/","name":"Maison Wabi-Sabi","description":"","publisher":{"@id":"https:\/\/www.maisonwabisabi.com\/#organization"},"potentialAction":[{"@type":"SearchAction","target":{"@type":"EntryPoint","urlTemplate":"https:\/\/www.maisonwabisabi.com\/?s={search_term_string}"},"query-input":{"@type":"PropertyValueSpecification","valueRequired":true,"valueName":"search_term_string"}}],"inLanguage":"en-GB"},{"@type":"Organization","@id":"https:\/\/www.maisonwabisabi.com\/#organization","name":"Maison Wabi-Sabi","url":"https:\/\/www.maisonwabisabi.com\/","logo":{"@type":"ImageObject","inLanguage":"en-GB","@id":"https:\/\/www.maisonwabisabi.com\/#\/schema\/logo\/image\/","url":"https:\/\/www.maisonwabisabi.com\/wp-content\/uploads\/2021\/11\/Logo-de-maison-Wabi-Sabi.jpg","contentUrl":"https:\/\/www.maisonwabisabi.com\/wp-content\/uploads\/2021\/11\/Logo-de-maison-Wabi-Sabi.jpg","width":1024,"height":1024,"caption":"Maison Wabi-Sabi"},"image":{"@id":"https:\/\/www.maisonwabisabi.com\/#\/schema\/logo\/image\/"},"sameAs":["https:\/\/www.facebook.com\/MaisonWabiSabi","https:\/\/www.instagram.com\/maison.wabi.sabi\/?hl=fr","https:\/\/www.linkedin.com\/company\/69088467"]}]}},"_links":{"self":[{"href":"http:\/\/www.maisonwabisabi.com\/en\/wp-json\/wp\/v2\/product\/39308","targetHints":{"allow":["GET"]}}],"collection":[{"href":"http:\/\/www.maisonwabisabi.com\/en\/wp-json\/wp\/v2\/product"}],"about":[{"href":"http:\/\/www.maisonwabisabi.com\/en\/wp-json\/wp\/v2\/types\/product"}],"replies":[{"embeddable":true,"href":"http:\/\/www.maisonwabisabi.com\/en\/wp-json\/wp\/v2\/comments?post=39308"}],"wp:featuredmedia":[{"embeddable":true,"href":"http:\/\/www.maisonwabisabi.com\/en\/wp-json\/wp\/v2\/media\/39313"}],"wp:attachment":[{"href":"http:\/\/www.maisonwabisabi.com\/en\/wp-json\/wp\/v2\/media?parent=39308"}],"wp:term":[{"taxonomy":"product_brand","embeddable":true,"href":"http:\/\/www.maisonwabisabi.com\/en\/wp-json\/wp\/v2\/product_brand?post=39308"},{"taxonomy":"product_cat","embeddable":true,"href":"http:\/\/www.maisonwabisabi.com\/en\/wp-json\/wp\/v2\/product_cat?post=39308"},{"taxonomy":"product_tag","embeddable":true,"href":"http:\/\/www.maisonwabisabi.com\/en\/wp-json\/wp\/v2\/product_tag?post=39308"}],"curies":[{"name":"wp","href":"https:\/\/api.w.org\/{rel}","templated":true}]}}