{"id":16948,"date":"2023-06-09T17:34:59","date_gmt":"2023-06-09T15:34:59","guid":{"rendered":"https:\/\/www.maisonwabisabi.com\/?post_type=product&#038;p=16948"},"modified":"2026-02-08T15:02:05","modified_gmt":"2026-02-08T14:02:05","slug":"petit-plat-13-masahiko-ando","status":"publish","type":"product","link":"http:\/\/www.maisonwabisabi.com\/en\/boutique\/petit-plat-13-masahiko-ando\/","title":{"rendered":"Petit plat Aka Oribe 9,1cm &#8211; Masahiko ANDO"},"content":{"rendered":"<p>C\u00e9ramiste : Masahiko ANDO \u5b89\u6d1e\u96c5\u5f66<\/p>\r\n<p>Localisation : Ville de Tajimi &#8211; Pr\u00e9fecture de Gifu &#8211; R\u00e9gion du Ch\u016bbu &#8211; \u00cele de Honsh\u016b<\/p>\r\n<p>Pays : Japon<\/p>\r\n<p>Artiste c\u00e9ramiste \u9676\u82b8\u4f5c\u5bb6 autodidacte. Il est issu d&rsquo;une famille dont son p\u00e8re et son grand-p\u00e8re \u00e9taient antiquaires. Son accumulation de recherches sur le sujet, sa passion pour l&rsquo;Oribe, la collection de tessons en c\u00e9ramique trouv\u00e9e dans les Monohara, autour des c\u00e9l\u00e8bres fours de <a href=\"https:\/\/www.maisonwabisabi.com\/en\/four-de-mino\/\" target=\"_blank\" rel=\"noreferrer noopener\">Mino-yaki<\/a> : les gens le prennent pour un fou mais c&rsquo;est uniquement la passion qui l&rsquo;anime. Il reproduit fid\u00e8lement la vaisselle Oribe de l&rsquo;\u00e9poque, et se concentre \u00e9galement sur des \u0153uvres qui correspondent aux modes de vie et aux sensibilit\u00e9s modernes. Le terre utilis\u00e9e est de l&rsquo;argile de Mino. Oribe-yaki poss\u00e8de une histoire de plus de 400 ans, <a href=\"https:\/\/www.worldhistory.org\/Azuchi-Momoyama_Period\/\" target=\"_blank\" rel=\"noreferrer noopener\">\u00e9poque Azuchi Momoyama<\/a> (1573-1603). ANDO san a h\u00e9rit\u00e9 de cette tradition et a cr\u00e9\u00e9 une large gamme de c\u00e9ramiques.<\/p>\r\n<p><!-- \/wp:post-content --><\/p>\r\n<p>Pour d\u00e9couvrir plus en d\u00e9tails son univers, son m\u00e9tier et sa relation avec la c\u00e9ramique, je vous invite \u00e0 cliquer ici =&gt; <a href=\"https:\/\/www.maisonwabisabi.com\/en\/masahiko-ando\/\">Masahiko ANDO<\/a><\/p>","protected":false},"excerpt":{"rendered":"<p><span style=\"color: #000000;\"><strong>Dimensions :<\/strong> Longueur 9,1 cm x Largeur 9 cm x Hauteur 3 cm<\/span><\/p>\n<p><span style=\"color: #000000;\"><strong>Nom :<\/strong> Mame M\u016bkozuke Aka Oribe (rouge) N\u00b0123<\/span><\/p>\n<p><strong><span style=\"color: #000000;\">Cat\u00e9gorie du produit :<\/span><\/strong> <span style=\"color: #ff0000;\"><a style=\"color: #ff0000;\" href=\"https:\/\/www.maisonwabisabi.com\/en\/plat-accompagnement\/\">Plat d&rsquo;accompagnement &#8211; Muk\u014dzuke &#8211; \u5411\u4ed8<\/a><\/span><\/p>\n<p><strong><span style=\"color: #000000;\">Gamme du produit :<\/span><\/strong> <span style=\"color: #ff0000;\"><a style=\"color: #ff0000;\" href=\"https:\/\/www.maisonwabisabi.com\/en\/utsuwa\/les-assiettes\/\">The Plates<\/a><\/span><\/p>\n<p><!-- wp:paragraph {\"style\":{\"typography\":{\"fontSize\":\"17px\"}},\"textColor\":\"black\"} --><\/p>\n<p><span style=\"color: #000000;\"><strong>Message de Yann san :<\/strong> Un <span style=\"color: #ff0000;\"><a style=\"color: #ff0000;\" href=\"https:\/\/www.maisonwabisabi.com\/en\/utsuwa\/\" target=\"_blank\" rel=\"noopener\">Utsuwa<\/a><\/span> est un r\u00e9cipient d&rsquo;utilisation quotidienne. Chez <span style=\"color: #ff0000;\"><a style=\"color: #ff0000;\" href=\"https:\/\/www.maisonwabisabi.com\/en\/notre-histoire\/\" target=\"_blank\" rel=\"noopener\">Maison Wabi-Sabi<\/a><\/span>, nous vous proposons des pi\u00e8ces uniques fabriqu\u00e9es artisanalement. Et qui dit unique et artisanale signifie Wabi-Sabi et <span style=\"color: #ff0000;\"><a style=\"color: #ff0000;\" href=\"https:\/\/www.maisonwabisabi.com\/en\/utsuwa\/imperfection-artisanale\/\" target=\"_blank\" rel=\"noopener\">imperfection artisanale<\/a><\/span>. La taille, la couleur et la forme peuvent diff\u00e9rer l\u00e9g\u00e8rement selon la photo ou une autre c\u00e9ramique du m\u00eame artiste. Le travail manuel et les caract\u00e9ristiques de cette c\u00e9ramique en font une oeuvre d&rsquo;art d&rsquo;une grande qualit\u00e9. Plus d&rsquo;infos sur Maison Wabi-Sabi : c&rsquo;est par <span style=\"color: #ff0000;\"><a style=\"color: #ff0000;\" href=\"https:\/\/linktr.ee\/Maison.Wabi.Sabi\" target=\"_blank\" rel=\"noopener\">ici<\/a><\/span><\/span><\/p>\n<p><span style=\"color: #000000;\"><strong>Prendre soin :<\/strong> Nettoyer avec une \u00e9ponge douce, sans d\u00e9tergent abrasif. Ne passe pas au micro-ondes et au lave-vaisselle. Plus d&rsquo;informations : <span style=\"color: #ff0000;\"><a style=\"color: #ff0000;\" href=\"https:\/\/www.maisonwabisabi.com\/en\/utsuwa\/soin-et-manipulation-des-poteries\/\" target=\"_blank\" rel=\"noopener\">Care and handling of pottery<\/a><\/span><\/span><\/p>\n<p><span style=\"color: #000000;\"><strong>Utilisations :<\/strong> Convient pour toutes les <span style=\"color: #ff0000;\"><a style=\"color: #ff0000;\" href=\"https:\/\/www.maisonwabisabi.com\/en\/principales-categories\/\">recettes<\/a><\/span>. \u00c0 vous de vous l&rsquo;approprier et de l&rsquo;utiliser \u00e0 votre convenance.<\/span><\/p>\n<p><span style=\"color: #0000ff;\"><strong>=&gt; \u00c0 PARTIR DE 120\u20ac D&rsquo;ACHAT, LIVRAISON OFFERTE en FRANCE M\u00c9TROPOLITAINE &amp; en EUROPE.<\/strong><\/span><\/p>\n<p><span style=\"color: #000000;\"><strong>Mondial Relay en Point Relais\u00ae ou Locker :<\/strong> <span style=\"color: #ff0000;\"><a style=\"color: #ff0000;\" href=\"https:\/\/www.maisonwabisabi.com\/en\/livraisons-retours\/\">Livraison<\/a><\/span> France sous 3 \u00e0 10 jours ouvr\u00e9s et Europe, incluant la remise du colis contre signature. <\/span><span style=\"color: #000000;\"><strong>La Poste Colissimo Domicile :<\/strong> <span style=\"color: #ff0000;\"><a style=\"color: #ff0000;\" href=\"https:\/\/www.maisonwabisabi.com\/en\/livraisons-retours\/\">Livraison<\/a><\/span> France, Europe et Internationale avec suivi et remise en main propre contre signature.<\/span><\/p>","protected":false},"featured_media":16904,"comment_status":"closed","ping_status":"closed","template":"","meta":{"site-sidebar-layout":"default","site-content-layout":"","ast-site-content-layout":"default","site-content-style":"default","site-sidebar-style":"default","ast-global-header-display":"","ast-banner-title-visibility":"","ast-main-header-display":"","ast-hfb-above-header-display":"","ast-hfb-below-header-display":"","ast-hfb-mobile-header-display":"","site-post-title":"","ast-breadcrumbs-content":"","ast-featured-img":"","footer-sml-layout":"","ast-disable-related-posts":"","theme-transparent-header-meta":"default","adv-header-id-meta":"","stick-header-meta":"","header-above-stick-meta":"","header-main-stick-meta":"","header-below-stick-meta":"","astra-migrate-meta-layouts":"set","ast-page-background-enabled":"default","ast-page-background-meta":{"desktop":{"background-color":"var(--ast-global-color-5)","background-image":"","background-repeat":"repeat","background-position":"center center","background-size":"auto","background-attachment":"scroll","background-type":"","background-media":"","overlay-type":"","overlay-color":"","overlay-opacity":"","overlay-gradient":""},"tablet":{"background-color":"","background-image":"","background-repeat":"repeat","background-position":"center center","background-size":"auto","background-attachment":"scroll","background-type":"","background-media":"","overlay-type":"","overlay-color":"","overlay-opacity":"","overlay-gradient":""},"mobile":{"background-color":"","background-image":"","background-repeat":"repeat","background-position":"center center","background-size":"auto","background-attachment":"scroll","background-type":"","background-media":"","overlay-type":"","overlay-color":"","overlay-opacity":"","overlay-gradient":""}},"ast-content-background-meta":{"desktop":{"background-color":"var(--ast-global-color-4)","background-image":"","background-repeat":"repeat","background-position":"center center","background-size":"auto","background-attachment":"scroll","background-type":"","background-media":"","overlay-type":"","overlay-color":"","overlay-opacity":"","overlay-gradient":""},"tablet":{"background-color":"var(--ast-global-color-4)","background-image":"","background-repeat":"repeat","background-position":"center center","background-size":"auto","background-attachment":"scroll","background-type":"","background-media":"","overlay-type":"","overlay-color":"","overlay-opacity":"","overlay-gradient":""},"mobile":{"background-color":"var(--ast-global-color-4)","background-image":"","background-repeat":"repeat","background-position":"center center","background-size":"auto","background-attachment":"scroll","background-type":"","background-media":"","overlay-type":"","overlay-color":"","overlay-opacity":"","overlay-gradient":""}}},"product_brand":[],"product_cat":[193,241,94,167,101],"product_tag":[],"class_list":{"0":"post-16948","1":"product","2":"type-product","3":"status-publish","4":"has-post-thumbnail","6":"product_cat-ceramistes-du-japon","7":"product_cat-collections-2023","8":"product_cat-gamme-des-assiettes","9":"product_cat-ceramiste-masahiko-ando","10":"product_cat-plats-daccompagnement","11":"product_shipping_class-moins-de-1-kilo","12":"desktop-align-left","13":"tablet-align-left","14":"mobile-align-left","16":"first","17":"instock","18":"sold-individually","19":"shipping-taxable","20":"purchasable","21":"product-type-simple"},"yoast_head":"<!-- This site is optimized with the Yoast SEO plugin v27.5 - https:\/\/yoast.com\/product\/yoast-seo-wordpress\/ -->\n<title>Petit plat #13 Masahiko ANDO - Maison Wabi-Sabi - Boutique<\/title>\n<meta name=\"description\" content=\"Petit plat #13 Masahiko ANDO \u5b89\u6d1e\u96c5\u5f66. Il est situ\u00e9 \u00e0 Tajimi, pr\u00e9fecture de Gifu, r\u00e9gion du Ch\u016bbu, Japon. Cuisson sur four \u00e0 gaz. C\u00e9ramique japonaise.\" \/>\n<meta name=\"robots\" content=\"index, follow, max-snippet:-1, max-image-preview:large, max-video-preview:-1\" \/>\n<link rel=\"canonical\" href=\"https:\/\/www.maisonwabisabi.com\/en\/boutique\/petit-plat-13-masahiko-ando\/\" \/>\n<meta property=\"og:locale\" content=\"en_GB\" \/>\n<meta property=\"og:type\" content=\"article\" \/>\n<meta property=\"og:title\" content=\"Petit plat #13 Masahiko ANDO - Maison Wabi-Sabi - Boutique\" \/>\n<meta property=\"og:description\" content=\"Petit plat #13 Masahiko ANDO \u5b89\u6d1e\u96c5\u5f66. Il est situ\u00e9 \u00e0 Tajimi, pr\u00e9fecture de Gifu, r\u00e9gion du Ch\u016bbu, Japon. Cuisson sur four \u00e0 gaz. C\u00e9ramique japonaise.\" \/>\n<meta property=\"og:url\" content=\"https:\/\/www.maisonwabisabi.com\/en\/boutique\/petit-plat-13-masahiko-ando\/\" \/>\n<meta property=\"og:site_name\" content=\"Maison Wabi-Sabi\" \/>\n<meta property=\"article:publisher\" content=\"https:\/\/www.facebook.com\/MaisonWabiSabi\" \/>\n<meta property=\"article:modified_time\" content=\"2026-02-08T14:02:05+00:00\" \/>\n<meta property=\"og:image\" content=\"https:\/\/www.maisonwabisabi.com\/wp-content\/uploads\/2023\/06\/N23MasANDOJPNMUK13-Interieur.jpg\" \/>\n\t<meta property=\"og:image:width\" content=\"1024\" \/>\n\t<meta property=\"og:image:height\" content=\"1024\" \/>\n\t<meta property=\"og:image:type\" content=\"image\/jpeg\" \/>\n<meta name=\"twitter:card\" content=\"summary_large_image\" \/>\n<meta name=\"twitter:label1\" content=\"Estimated reading time\" \/>\n\t<meta name=\"twitter:data1\" content=\"2 minutes\" \/>\n<script type=\"application\/ld+json\" class=\"yoast-schema-graph\">{\"@context\":\"https:\\\/\\\/schema.org\",\"@graph\":[{\"@type\":\"WebPage\",\"@id\":\"https:\\\/\\\/www.maisonwabisabi.com\\\/boutique\\\/petit-plat-13-masahiko-ando\\\/\",\"url\":\"https:\\\/\\\/www.maisonwabisabi.com\\\/boutique\\\/petit-plat-13-masahiko-ando\\\/\",\"name\":\"Petit plat #13 Masahiko ANDO - Maison Wabi-Sabi - Boutique\",\"isPartOf\":{\"@id\":\"https:\\\/\\\/www.maisonwabisabi.com\\\/#website\"},\"primaryImageOfPage\":{\"@id\":\"https:\\\/\\\/www.maisonwabisabi.com\\\/boutique\\\/petit-plat-13-masahiko-ando\\\/#primaryimage\"},\"image\":{\"@id\":\"https:\\\/\\\/www.maisonwabisabi.com\\\/boutique\\\/petit-plat-13-masahiko-ando\\\/#primaryimage\"},\"thumbnailUrl\":\"https:\\\/\\\/www.maisonwabisabi.com\\\/wp-content\\\/uploads\\\/2023\\\/06\\\/N23MasANDOJPNMUK13-Interieur.jpg\",\"datePublished\":\"2023-06-09T15:34:59+00:00\",\"dateModified\":\"2026-02-08T14:02:05+00:00\",\"description\":\"Petit plat #13 Masahiko ANDO \u5b89\u6d1e\u96c5\u5f66. Il est situ\u00e9 \u00e0 Tajimi, pr\u00e9fecture de Gifu, r\u00e9gion du Ch\u016bbu, Japon. Cuisson sur four \u00e0 gaz. C\u00e9ramique japonaise.\",\"breadcrumb\":{\"@id\":\"https:\\\/\\\/www.maisonwabisabi.com\\\/boutique\\\/petit-plat-13-masahiko-ando\\\/#breadcrumb\"},\"inLanguage\":\"en-GB\",\"potentialAction\":[{\"@type\":\"ReadAction\",\"target\":[\"https:\\\/\\\/www.maisonwabisabi.com\\\/boutique\\\/petit-plat-13-masahiko-ando\\\/\"]}]},{\"@type\":\"ImageObject\",\"inLanguage\":\"en-GB\",\"@id\":\"https:\\\/\\\/www.maisonwabisabi.com\\\/boutique\\\/petit-plat-13-masahiko-ando\\\/#primaryimage\",\"url\":\"https:\\\/\\\/www.maisonwabisabi.com\\\/wp-content\\\/uploads\\\/2023\\\/06\\\/N23MasANDOJPNMUK13-Interieur.jpg\",\"contentUrl\":\"https:\\\/\\\/www.maisonwabisabi.com\\\/wp-content\\\/uploads\\\/2023\\\/06\\\/N23MasANDOJPNMUK13-Interieur.jpg\",\"width\":1024,\"height\":1024,\"caption\":\"Petit plat - Masahiko ANDO - Int\u00e9rieur\"},{\"@type\":\"BreadcrumbList\",\"@id\":\"https:\\\/\\\/www.maisonwabisabi.com\\\/boutique\\\/petit-plat-13-masahiko-ando\\\/#breadcrumb\",\"itemListElement\":[{\"@type\":\"ListItem\",\"position\":1,\"name\":\"Bienvenue\",\"item\":\"https:\\\/\\\/www.maisonwabisabi.com\\\/\"},{\"@type\":\"ListItem\",\"position\":2,\"name\":\"E-shop \\\/ Boutique\",\"item\":\"https:\\\/\\\/www.maisonwabisabi.com\\\/boutique\\\/\"},{\"@type\":\"ListItem\",\"position\":3,\"name\":\"Petit plat Aka Oribe 9,1cm &#8211; Masahiko ANDO\"}]},{\"@type\":\"WebSite\",\"@id\":\"https:\\\/\\\/www.maisonwabisabi.com\\\/#website\",\"url\":\"https:\\\/\\\/www.maisonwabisabi.com\\\/\",\"name\":\"Maison Wabi-Sabi\",\"description\":\"\",\"publisher\":{\"@id\":\"https:\\\/\\\/www.maisonwabisabi.com\\\/#organization\"},\"potentialAction\":[{\"@type\":\"SearchAction\",\"target\":{\"@type\":\"EntryPoint\",\"urlTemplate\":\"https:\\\/\\\/www.maisonwabisabi.com\\\/?s={search_term_string}\"},\"query-input\":{\"@type\":\"PropertyValueSpecification\",\"valueRequired\":true,\"valueName\":\"search_term_string\"}}],\"inLanguage\":\"en-GB\"},{\"@type\":\"Organization\",\"@id\":\"https:\\\/\\\/www.maisonwabisabi.com\\\/#organization\",\"name\":\"Maison Wabi-Sabi\",\"url\":\"https:\\\/\\\/www.maisonwabisabi.com\\\/\",\"logo\":{\"@type\":\"ImageObject\",\"inLanguage\":\"en-GB\",\"@id\":\"https:\\\/\\\/www.maisonwabisabi.com\\\/#\\\/schema\\\/logo\\\/image\\\/\",\"url\":\"https:\\\/\\\/www.maisonwabisabi.com\\\/wp-content\\\/uploads\\\/2021\\\/11\\\/Logo-de-maison-Wabi-Sabi.jpg\",\"contentUrl\":\"https:\\\/\\\/www.maisonwabisabi.com\\\/wp-content\\\/uploads\\\/2021\\\/11\\\/Logo-de-maison-Wabi-Sabi.jpg\",\"width\":1024,\"height\":1024,\"caption\":\"Maison Wabi-Sabi\"},\"image\":{\"@id\":\"https:\\\/\\\/www.maisonwabisabi.com\\\/#\\\/schema\\\/logo\\\/image\\\/\"},\"sameAs\":[\"https:\\\/\\\/www.facebook.com\\\/MaisonWabiSabi\",\"https:\\\/\\\/www.instagram.com\\\/maison.wabi.sabi\\\/?hl=fr\",\"https:\\\/\\\/www.linkedin.com\\\/company\\\/69088467\"]}]}<\/script>\n<!-- \/ Yoast SEO plugin. -->","yoast_head_json":{"title":"Petit plat #13 Masahiko ANDO - Maison Wabi-Sabi - Boutique","description":"Petit plat #13 Masahiko ANDO \u5b89\u6d1e\u96c5\u5f66. Il est situ\u00e9 \u00e0 Tajimi, pr\u00e9fecture de Gifu, r\u00e9gion du Ch\u016bbu, Japon. Cuisson sur four \u00e0 gaz. C\u00e9ramique japonaise.","robots":{"index":"index","follow":"follow","max-snippet":"max-snippet:-1","max-image-preview":"max-image-preview:large","max-video-preview":"max-video-preview:-1"},"canonical":"https:\/\/www.maisonwabisabi.com\/en\/boutique\/petit-plat-13-masahiko-ando\/","og_locale":"en_GB","og_type":"article","og_title":"Petit plat #13 Masahiko ANDO - Maison Wabi-Sabi - Boutique","og_description":"Petit plat #13 Masahiko ANDO \u5b89\u6d1e\u96c5\u5f66. Il est situ\u00e9 \u00e0 Tajimi, pr\u00e9fecture de Gifu, r\u00e9gion du Ch\u016bbu, Japon. Cuisson sur four \u00e0 gaz. C\u00e9ramique japonaise.","og_url":"https:\/\/www.maisonwabisabi.com\/en\/boutique\/petit-plat-13-masahiko-ando\/","og_site_name":"Maison Wabi-Sabi","article_publisher":"https:\/\/www.facebook.com\/MaisonWabiSabi","article_modified_time":"2026-02-08T14:02:05+00:00","og_image":[{"width":1024,"height":1024,"url":"https:\/\/www.maisonwabisabi.com\/wp-content\/uploads\/2023\/06\/N23MasANDOJPNMUK13-Interieur.jpg","type":"image\/jpeg"}],"twitter_card":"summary_large_image","twitter_misc":{"Estimated reading time":"2 minutes"},"schema":{"@context":"https:\/\/schema.org","@graph":[{"@type":"WebPage","@id":"https:\/\/www.maisonwabisabi.com\/boutique\/petit-plat-13-masahiko-ando\/","url":"https:\/\/www.maisonwabisabi.com\/boutique\/petit-plat-13-masahiko-ando\/","name":"Petit plat #13 Masahiko ANDO - Maison Wabi-Sabi - Boutique","isPartOf":{"@id":"https:\/\/www.maisonwabisabi.com\/#website"},"primaryImageOfPage":{"@id":"https:\/\/www.maisonwabisabi.com\/boutique\/petit-plat-13-masahiko-ando\/#primaryimage"},"image":{"@id":"https:\/\/www.maisonwabisabi.com\/boutique\/petit-plat-13-masahiko-ando\/#primaryimage"},"thumbnailUrl":"https:\/\/www.maisonwabisabi.com\/wp-content\/uploads\/2023\/06\/N23MasANDOJPNMUK13-Interieur.jpg","datePublished":"2023-06-09T15:34:59+00:00","dateModified":"2026-02-08T14:02:05+00:00","description":"Petit plat #13 Masahiko ANDO \u5b89\u6d1e\u96c5\u5f66. Il est situ\u00e9 \u00e0 Tajimi, pr\u00e9fecture de Gifu, r\u00e9gion du Ch\u016bbu, Japon. Cuisson sur four \u00e0 gaz. C\u00e9ramique japonaise.","breadcrumb":{"@id":"https:\/\/www.maisonwabisabi.com\/boutique\/petit-plat-13-masahiko-ando\/#breadcrumb"},"inLanguage":"en-GB","potentialAction":[{"@type":"ReadAction","target":["https:\/\/www.maisonwabisabi.com\/boutique\/petit-plat-13-masahiko-ando\/"]}]},{"@type":"ImageObject","inLanguage":"en-GB","@id":"https:\/\/www.maisonwabisabi.com\/boutique\/petit-plat-13-masahiko-ando\/#primaryimage","url":"https:\/\/www.maisonwabisabi.com\/wp-content\/uploads\/2023\/06\/N23MasANDOJPNMUK13-Interieur.jpg","contentUrl":"https:\/\/www.maisonwabisabi.com\/wp-content\/uploads\/2023\/06\/N23MasANDOJPNMUK13-Interieur.jpg","width":1024,"height":1024,"caption":"Petit plat - Masahiko ANDO - Int\u00e9rieur"},{"@type":"BreadcrumbList","@id":"https:\/\/www.maisonwabisabi.com\/boutique\/petit-plat-13-masahiko-ando\/#breadcrumb","itemListElement":[{"@type":"ListItem","position":1,"name":"Bienvenue","item":"https:\/\/www.maisonwabisabi.com\/"},{"@type":"ListItem","position":2,"name":"E-shop \/ Boutique","item":"https:\/\/www.maisonwabisabi.com\/boutique\/"},{"@type":"ListItem","position":3,"name":"Petit plat Aka Oribe 9,1cm &#8211; Masahiko ANDO"}]},{"@type":"WebSite","@id":"https:\/\/www.maisonwabisabi.com\/#website","url":"https:\/\/www.maisonwabisabi.com\/","name":"Maison Wabi-Sabi","description":"","publisher":{"@id":"https:\/\/www.maisonwabisabi.com\/#organization"},"potentialAction":[{"@type":"SearchAction","target":{"@type":"EntryPoint","urlTemplate":"https:\/\/www.maisonwabisabi.com\/?s={search_term_string}"},"query-input":{"@type":"PropertyValueSpecification","valueRequired":true,"valueName":"search_term_string"}}],"inLanguage":"en-GB"},{"@type":"Organization","@id":"https:\/\/www.maisonwabisabi.com\/#organization","name":"Maison Wabi-Sabi","url":"https:\/\/www.maisonwabisabi.com\/","logo":{"@type":"ImageObject","inLanguage":"en-GB","@id":"https:\/\/www.maisonwabisabi.com\/#\/schema\/logo\/image\/","url":"https:\/\/www.maisonwabisabi.com\/wp-content\/uploads\/2021\/11\/Logo-de-maison-Wabi-Sabi.jpg","contentUrl":"https:\/\/www.maisonwabisabi.com\/wp-content\/uploads\/2021\/11\/Logo-de-maison-Wabi-Sabi.jpg","width":1024,"height":1024,"caption":"Maison Wabi-Sabi"},"image":{"@id":"https:\/\/www.maisonwabisabi.com\/#\/schema\/logo\/image\/"},"sameAs":["https:\/\/www.facebook.com\/MaisonWabiSabi","https:\/\/www.instagram.com\/maison.wabi.sabi\/?hl=fr","https:\/\/www.linkedin.com\/company\/69088467"]}]}},"_links":{"self":[{"href":"http:\/\/www.maisonwabisabi.com\/en\/wp-json\/wp\/v2\/product\/16948","targetHints":{"allow":["GET"]}}],"collection":[{"href":"http:\/\/www.maisonwabisabi.com\/en\/wp-json\/wp\/v2\/product"}],"about":[{"href":"http:\/\/www.maisonwabisabi.com\/en\/wp-json\/wp\/v2\/types\/product"}],"replies":[{"embeddable":true,"href":"http:\/\/www.maisonwabisabi.com\/en\/wp-json\/wp\/v2\/comments?post=16948"}],"wp:featuredmedia":[{"embeddable":true,"href":"http:\/\/www.maisonwabisabi.com\/en\/wp-json\/wp\/v2\/media\/16904"}],"wp:attachment":[{"href":"http:\/\/www.maisonwabisabi.com\/en\/wp-json\/wp\/v2\/media?parent=16948"}],"wp:term":[{"taxonomy":"product_brand","embeddable":true,"href":"http:\/\/www.maisonwabisabi.com\/en\/wp-json\/wp\/v2\/product_brand?post=16948"},{"taxonomy":"product_cat","embeddable":true,"href":"http:\/\/www.maisonwabisabi.com\/en\/wp-json\/wp\/v2\/product_cat?post=16948"},{"taxonomy":"product_tag","embeddable":true,"href":"http:\/\/www.maisonwabisabi.com\/en\/wp-json\/wp\/v2\/product_tag?post=16948"}],"curies":[{"name":"wp","href":"https:\/\/api.w.org\/{rel}","templated":true}]}}